{"id":22876,"date":"2024-11-07T14:41:00","date_gmt":"2024-11-07T13:41:00","guid":{"rendered":"https:\/\/pilluwear.com\/produkt\/skier-unisex-bio-raglan-hoodie\/"},"modified":"2024-11-07T14:44:15","modified_gmt":"2024-11-07T13:44:15","slug":"skier-unisex-ekologisk-raglan-hoodie","status":"publish","type":"product","link":"https:\/\/pilluwear.com\/sv\/produkt\/skier-unisex-ekologisk-raglan-hoodie\/","title":{"rendered":"Skier - Ekologisk raglanhoodie f\u00f6r unisex"},"content":{"rendered":"<p>Om det finns en moderegel som du b\u00f6r ta till dig s\u00e5 \u00e4r det att du inte beh\u00f6ver offra komfort f\u00f6r stil. Kombinera den supermjuka unisex raglanhoodie i ekologiskt material med ett par joggers f\u00f6r en avslappnad look eller uppgradera outfiten med en kjol, oversized blazer eller klassiska byxor. Den borstade insidan av huvtr\u00f6jan g\u00f6r den bekv\u00e4m och mysig att b\u00e4ra och h\u00e5ller dig varm \u00e4ven under kallare dagar.<\/p>\n<p> - Yttertyg: 100 % ekologisk bomull<br \/>\n - Antracitf\u00e4rgat blandat tyg best\u00e5ende av 60 % bomull och 40 % \u00e5tervunnen polyester<br \/>\n - Insida f\u00f6r alla f\u00e4rger: 80 % ekologisk bomull, 20 % \u00e5tervunnen polyester<br \/>\n - Borstat innertyg<br \/>\n - Normal passform<br \/>\n - Raglan\u00e4rmar<br \/>\n - Ribbade \u00e4rmslut och ribbad nederkant<br \/>\n - Sladd med metall\u00f6glor och proppar<br \/>\n - Innerhuva i trik\u00e5<br \/>\n - R\u00e5varan kommer fr\u00e5n Bangladesh<\/p>","protected":false},"excerpt":{"rendered":"<p>Om det finns en moderegel som du b\u00f6r ta till dig s\u00e5 \u00e4r det att du inte beh\u00f6ver offra komfort f\u00f6r stil. Kombinera den supermjuka unisex ekologiska raglanhoodien med ett par joggers f\u00f6r en avslappnad look eller uppgradera outfiten med en kjol, oversized blazer eller klassiska byxor. Den borstade insidan av [...]<\/p>","protected":false},"featured_media":22921,"comment_status":"open","ping_status":"closed","template":"","meta":{"_uag_custom_page_level_css":"","_uf_show_specific_survey":0,"_uf_disable_surveys":false,"_themeisle_gutenberg_block_has_review":false},"product_brand":[],"product_cat":[122,282],"product_tag":[],"class_list":{"0":"post-22876","1":"product","2":"type-product","3":"status-publish","4":"has-post-thumbnail","6":"product_cat-kollektionen","7":"product_cat-skier","8":"pa_farbe-bottle-green","9":"pa_farbe-burgundy","10":"pa_farbe-charcoal-melange","11":"pa_farbe-gebrannte-orange","12":"pa_farbe-schwarz","13":"pa_farbe-weiss","14":"pa_grosse-2xl","15":"pa_grosse-3xl","16":"pa_grosse-l","17":"pa_grosse-m","18":"pa_grosse-s","19":"pa_grosse-xl","20":"pa_grosse-xs","22":"first","23":"instock","24":"taxable","25":"shipping-taxable","26":"purchasable","27":"product-type-variable"},"aioseo_notices":[],"uagb_featured_image_src":{"full":["https:\/\/i0.wp.com\/pilluwear.com\/wp-content\/uploads\/2024\/11\/unisex-eco-raglan-hoodie-bottle-green-front-672cc16848fe5.jpg?fit=2000%2C2000&ssl=1",2000,2000,false],"thumbnail":["https:\/\/i0.wp.com\/pilluwear.com\/wp-content\/uploads\/2024\/11\/unisex-eco-raglan-hoodie-bottle-green-front-672cc16848fe5.jpg?resize=150%2C150&ssl=1",150,150,true],"medium":["https:\/\/i0.wp.com\/pilluwear.com\/wp-content\/uploads\/2024\/11\/unisex-eco-raglan-hoodie-bottle-green-front-672cc16848fe5.jpg?fit=300%2C300&ssl=1",300,300,true],"medium_large":["https:\/\/i0.wp.com\/pilluwear.com\/wp-content\/uploads\/2024\/11\/unisex-eco-raglan-hoodie-bottle-green-front-672cc16848fe5.jpg?fit=768%2C768&ssl=1",768,768,true],"large":["https:\/\/i0.wp.com\/pilluwear.com\/wp-content\/uploads\/2024\/11\/unisex-eco-raglan-hoodie-bottle-green-front-672cc16848fe5.jpg?fit=1024%2C1024&ssl=1",1024,1024,true],"1536x1536":["https:\/\/i0.wp.com\/pilluwear.com\/wp-content\/uploads\/2024\/11\/unisex-eco-raglan-hoodie-bottle-green-front-672cc16848fe5.jpg?fit=1536%2C1536&ssl=1",1536,1536,true],"2048x2048":["https:\/\/i0.wp.com\/pilluwear.com\/wp-content\/uploads\/2024\/11\/unisex-eco-raglan-hoodie-bottle-green-front-672cc16848fe5.jpg?fit=2000%2C2000&ssl=1",2000,2000,true],"trp-custom-language-flag":["https:\/\/i0.wp.com\/pilluwear.com\/wp-content\/uploads\/2024\/11\/unisex-eco-raglan-hoodie-bottle-green-front-672cc16848fe5.jpg?fit=12%2C12&ssl=1",12,12,true],"woocommerce_thumbnail":["https:\/\/i0.wp.com\/pilluwear.com\/wp-content\/uploads\/2024\/11\/unisex-eco-raglan-hoodie-bottle-green-front-672cc16848fe5.jpg?resize=300%2C300&ssl=1",300,300,true],"woocommerce_single":["https:\/\/i0.wp.com\/pilluwear.com\/wp-content\/uploads\/2024\/11\/unisex-eco-raglan-hoodie-bottle-green-front-672cc16848fe5.jpg?fit=600%2C600&ssl=1",600,600,true],"woocommerce_gallery_thumbnail":["https:\/\/i0.wp.com\/pilluwear.com\/wp-content\/uploads\/2024\/11\/unisex-eco-raglan-hoodie-bottle-green-front-672cc16848fe5.jpg?resize=100%2C100&ssl=1",100,100,true]},"uagb_author_info":{"display_name":"pilluwear.com","author_link":"https:\/\/pilluwear.com\/sv\/author\/"},"uagb_comment_info":0,"uagb_excerpt":"Wenn es eine Mode-Regel gibt, die man sich zu Herzen nehmen sollte, dann die, dass man dem Stil zuliebe nicht auf Komfort verzichten muss. Kombiniere den super-weichen Unisex Bio-Raglan-Hoodie mit einer Jogginghose f\u00fcr einen l\u00e4ssigen Look oder werte das Outfit mit einem Rock, einem Oversize Blazer oder einer klassischen Hose auf. Die angeraute Innenseite des&hellip;","jetpack_sharing_enabled":true,"_links":{"self":[{"href":"https:\/\/pilluwear.com\/sv\/wp-json\/wp\/v2\/product\/22876","targetHints":{"allow":["GET"]}}],"collection":[{"href":"https:\/\/pilluwear.com\/sv\/wp-json\/wp\/v2\/product"}],"about":[{"href":"https:\/\/pilluwear.com\/sv\/wp-json\/wp\/v2\/types\/product"}],"replies":[{"embeddable":true,"href":"https:\/\/pilluwear.com\/sv\/wp-json\/wp\/v2\/comments?post=22876"}],"wp:featuredmedia":[{"embeddable":true,"href":"https:\/\/pilluwear.com\/sv\/wp-json\/wp\/v2\/media\/22921"}],"wp:attachment":[{"href":"https:\/\/pilluwear.com\/sv\/wp-json\/wp\/v2\/media?parent=22876"}],"wp:term":[{"taxonomy":"product_brand","embeddable":true,"href":"https:\/\/pilluwear.com\/sv\/wp-json\/wp\/v2\/product_brand?post=22876"},{"taxonomy":"product_cat","embeddable":true,"href":"https:\/\/pilluwear.com\/sv\/wp-json\/wp\/v2\/product_cat?post=22876"},{"taxonomy":"product_tag","embeddable":true,"href":"https:\/\/pilluwear.com\/sv\/wp-json\/wp\/v2\/product_tag?post=22876"}],"curies":[{"name":"wp","href":"https:\/\/api.w.org\/{rel}","templated":true}]}}