{"id":22676,"date":"2024-11-07T14:30:46","date_gmt":"2024-11-07T13:30:46","guid":{"rendered":"https:\/\/pilluwear.com\/produkt\/skier-unisex-kapuzenpullover\/"},"modified":"2024-11-07T14:38:11","modified_gmt":"2024-11-07T13:38:11","slug":"skidakare-unisex-hoodie","status":"publish","type":"product","link":"https:\/\/pilluwear.com\/sv\/produkt\/skidakare-unisex-hoodie\/","title":{"rendered":"Skier - Luvtr\u00f6ja med huva f\u00f6r unisex"},"content":{"rendered":"<p>Alla beh\u00f6ver en mysig hoodie att krypa upp i, s\u00e5 v\u00e4lj en som \u00e4r mjuk, snygg och stilren. Det \u00e4r det perfekta valet f\u00f6r svalare kv\u00e4llar!<\/p>\n<p>- 50 % f\u00f6rkrympt bomull, 50 % polyester<br \/>\n- Tygvikt: 271,25 g\/m\u00b2 (8,0 oz\/yd\u00b2)<br \/>\n- Luftspunnet garn med mjuk k\u00e4nsla och l\u00e5g knutbildning<br \/>\n- Dubbelfodrad huva med matchande dragsko<br \/>\n- Kvartv\u00e4nd \u00f6verkropp f\u00f6r att undvika veck i mitten<br \/>\n- 1 \u00d7 1 atletiska ribbade muddar och midjeband med elastan<br \/>\n- Fr\u00e4mre p\u00e5sficka<br \/>\n- Krage, axlar, \u00e4rmh\u00e5l, muddar och f\u00e5ll dubbelsydda<br \/>\n- R\u00e5vara fr\u00e5n Bangladesh, Nicaragua, Honduras eller El Salvador<\/p>\n<p>- Sp\u00e5rbarhet:<br \/>\n- Stickning - Honduras, Bangladesh<br \/>\n- F\u00e4rgning - Honduras, Bangladesh<br \/>\n- Tillverkning - Nicaragua, Honduras, Bangladesh eller El Salvador<br \/>\n- Inneh\u00e5ller 0 % \u00e5tervunnen polyester<br \/>\n- Inneh\u00e5ller 0 % farliga \u00e4mnen<br \/>\n- Denna produkt sl\u00e4pper ut plastmikrofibrer i milj\u00f6n under tv\u00e4tt.<\/p>","protected":false},"excerpt":{"rendered":"<p>Alla beh\u00f6ver en mysig hoodie att krypa upp i, s\u00e5 v\u00e4lj en som \u00e4r mjuk, snygg och stilren. Det \u00e4r det perfekta valet f\u00f6r svalare kv\u00e4llar! - 50 % f\u00f6rkrympt bomull, 50 % polyester - Tygvikt: 271,25 g\/m\u00b2 (8,0 oz\/yd\u00b2) - Luftspunnet garn med mjuk hand och l\u00e5g snagging - Dubbelfodrad [...]]<\/p>","protected":false},"featured_media":22777,"comment_status":"open","ping_status":"closed","template":"","meta":{"_uag_custom_page_level_css":"","_uf_show_specific_survey":0,"_uf_disable_surveys":false,"_themeisle_gutenberg_block_has_review":false},"product_brand":[],"product_cat":[122,282],"product_tag":[],"class_list":{"0":"post-22676","1":"product","2":"type-product","3":"status-publish","4":"has-post-thumbnail","6":"product_cat-kollektionen","7":"product_cat-skier","8":"pa_farbe-dunkle-schokolade","9":"pa_farbe-dunkles-heather","10":"pa_farbe-heather-sport-dark-navy","11":"pa_farbe-hellblau","12":"pa_farbe-hellpink","13":"pa_farbe-indigoblau","14":"pa_farbe-irisches-gruen","15":"pa_farbe-kastanienbraun","16":"pa_farbe-militaergruen","17":"pa_farbe-navy","18":"pa_farbe-royal","19":"pa_farbe-sand","20":"pa_farbe-schwarz","21":"pa_farbe-sportgrau","22":"pa_farbe-weiss","23":"pa_grosse-2xl","24":"pa_grosse-3xl","25":"pa_grosse-4xl","26":"pa_grosse-l","27":"pa_grosse-m","28":"pa_grosse-s","29":"pa_grosse-xl","31":"first","32":"instock","33":"taxable","34":"shipping-taxable","35":"purchasable","36":"product-type-variable"},"aioseo_notices":[],"uagb_featured_image_src":{"full":["https:\/\/i0.wp.com\/pilluwear.com\/wp-content\/uploads\/2024\/11\/unisex-heavy-blend-hoodie-heather-sport-dark-navy-front-672cc0cf8ad05.jpg?fit=2000%2C2000&ssl=1",2000,2000,false],"thumbnail":["https:\/\/i0.wp.com\/pilluwear.com\/wp-content\/uploads\/2024\/11\/unisex-heavy-blend-hoodie-heather-sport-dark-navy-front-672cc0cf8ad05.jpg?resize=150%2C150&ssl=1",150,150,true],"medium":["https:\/\/i0.wp.com\/pilluwear.com\/wp-content\/uploads\/2024\/11\/unisex-heavy-blend-hoodie-heather-sport-dark-navy-front-672cc0cf8ad05.jpg?fit=300%2C300&ssl=1",300,300,true],"medium_large":["https:\/\/i0.wp.com\/pilluwear.com\/wp-content\/uploads\/2024\/11\/unisex-heavy-blend-hoodie-heather-sport-dark-navy-front-672cc0cf8ad05.jpg?fit=768%2C768&ssl=1",768,768,true],"large":["https:\/\/i0.wp.com\/pilluwear.com\/wp-content\/uploads\/2024\/11\/unisex-heavy-blend-hoodie-heather-sport-dark-navy-front-672cc0cf8ad05.jpg?fit=1024%2C1024&ssl=1",1024,1024,true],"1536x1536":["https:\/\/i0.wp.com\/pilluwear.com\/wp-content\/uploads\/2024\/11\/unisex-heavy-blend-hoodie-heather-sport-dark-navy-front-672cc0cf8ad05.jpg?fit=1536%2C1536&ssl=1",1536,1536,true],"2048x2048":["https:\/\/i0.wp.com\/pilluwear.com\/wp-content\/uploads\/2024\/11\/unisex-heavy-blend-hoodie-heather-sport-dark-navy-front-672cc0cf8ad05.jpg?fit=2000%2C2000&ssl=1",2000,2000,true],"trp-custom-language-flag":["https:\/\/i0.wp.com\/pilluwear.com\/wp-content\/uploads\/2024\/11\/unisex-heavy-blend-hoodie-heather-sport-dark-navy-front-672cc0cf8ad05.jpg?fit=12%2C12&ssl=1",12,12,true],"woocommerce_thumbnail":["https:\/\/i0.wp.com\/pilluwear.com\/wp-content\/uploads\/2024\/11\/unisex-heavy-blend-hoodie-heather-sport-dark-navy-front-672cc0cf8ad05.jpg?resize=300%2C300&ssl=1",300,300,true],"woocommerce_single":["https:\/\/i0.wp.com\/pilluwear.com\/wp-content\/uploads\/2024\/11\/unisex-heavy-blend-hoodie-heather-sport-dark-navy-front-672cc0cf8ad05.jpg?fit=600%2C600&ssl=1",600,600,true],"woocommerce_gallery_thumbnail":["https:\/\/i0.wp.com\/pilluwear.com\/wp-content\/uploads\/2024\/11\/unisex-heavy-blend-hoodie-heather-sport-dark-navy-front-672cc0cf8ad05.jpg?resize=100%2C100&ssl=1",100,100,true]},"uagb_author_info":{"display_name":"pilluwear.com","author_link":"https:\/\/pilluwear.com\/sv\/author\/"},"uagb_comment_info":0,"uagb_excerpt":"Jeder braucht einen gem\u00fctlichen Hoodie, in den man sich einkuscheln kann, also entscheide dich f\u00fcr einen, der weich, glatt und stylisch ist. Er ist die perfekte Wahl f\u00fcr k\u00fchlere Abende! \u2022 50 % vorgeschrumpfte Baumwolle, 50\u00a0% Polyester \u2022 Stoffgewicht: 271,25 g\/m\u00b2 (8,0 oz\/yd\u00b2) \u2022 Luftgesponnenes Garn mit weichem Griff und geringer Kn\u00f6tchenbildung \u2022 Doppelt gef\u00fctterte&hellip;","jetpack_sharing_enabled":true,"_links":{"self":[{"href":"https:\/\/pilluwear.com\/sv\/wp-json\/wp\/v2\/product\/22676","targetHints":{"allow":["GET"]}}],"collection":[{"href":"https:\/\/pilluwear.com\/sv\/wp-json\/wp\/v2\/product"}],"about":[{"href":"https:\/\/pilluwear.com\/sv\/wp-json\/wp\/v2\/types\/product"}],"replies":[{"embeddable":true,"href":"https:\/\/pilluwear.com\/sv\/wp-json\/wp\/v2\/comments?post=22676"}],"wp:featuredmedia":[{"embeddable":true,"href":"https:\/\/pilluwear.com\/sv\/wp-json\/wp\/v2\/media\/22777"}],"wp:attachment":[{"href":"https:\/\/pilluwear.com\/sv\/wp-json\/wp\/v2\/media?parent=22676"}],"wp:term":[{"taxonomy":"product_brand","embeddable":true,"href":"https:\/\/pilluwear.com\/sv\/wp-json\/wp\/v2\/product_brand?post=22676"},{"taxonomy":"product_cat","embeddable":true,"href":"https:\/\/pilluwear.com\/sv\/wp-json\/wp\/v2\/product_cat?post=22676"},{"taxonomy":"product_tag","embeddable":true,"href":"https:\/\/pilluwear.com\/sv\/wp-json\/wp\/v2\/product_tag?post=22676"}],"curies":[{"name":"wp","href":"https:\/\/api.w.org\/{rel}","templated":true}]}}