{"id":22449,"date":"2024-11-07T14:18:03","date_gmt":"2024-11-07T13:18:03","guid":{"rendered":"https:\/\/pilluwear.com\/produkt\/cozy-companion-unisex-bio-baumwoll-t-shirt\/"},"modified":"2024-11-07T14:25:12","modified_gmt":"2024-11-07T13:25:12","slug":"cozy-companion-unisex-t-shirt-i-ekologisk-bomull","status":"publish","type":"product","link":"https:\/\/pilluwear.com\/sv\/produkt\/cozy-companion-unisex-t-shirt-i-ekologisk-bomull\/","title":{"rendered":"Cozy Companion - T-shirt i ekologisk bomull, unisex"},"content":{"rendered":"<p>Denna unisex T-shirt tillverkad av 100 % ringspunnen ekologisk bomull \u00e4r ett absolut m\u00e5ste. Den \u00e4r av h\u00f6g kvalitet, superbekv\u00e4m och b\u00e4st av allt - milj\u00f6v\u00e4nlig. <\/p>\n<p> - 100 % ringspunnen ekologisk bomull <br \/>\n - Tygvikt: 180 g\/m\u00b2 (5,3 oz.\/yd.\u00b2) <br \/>\n - Enkel tr\u00f6ja <br \/>\n - Medium passform <br \/>\n - Justerade \u00e4rmar <br \/>\n - 1 \u00d7 1 ribbstickning p\u00e5 kragen <br \/>\n - Breda dubbels\u00f6mmar p\u00e5 \u00e4rmar och nederkant <br \/>\n - Sj\u00e4lvv\u00e4vt halsband (insidan, baksidan av nacken) <br \/>\n - R\u00e5vara fr\u00e5n Bangladesh <\/p>\n<p> Storlekarna motsvarar en mindre storlek p\u00e5 den amerikanska marknaden, s\u00e5 amerikanska kunder b\u00f6r best\u00e4lla en storlek st\u00f6rre.<\/p>\n<p>- Sp\u00e5rbarhet:<br \/>\n- V\u00e4vning - Bangladesh<br \/>\n- F\u00e4rgning - Bangladesh<br \/>\n- Produktion - Bangladesh<br \/>\n- Inneh\u00e5ller 0 % \u00e5tervunnen polyester<br \/>\n- Inneh\u00e5ller 0 % farliga \u00e4mnen<\/p>","protected":false},"excerpt":{"rendered":"<p>Denna unisex-T-shirt tillverkad av 100 % ringspunnen ekologisk bomull \u00e4r ett absolut m\u00e5ste. Den \u00e4r av h\u00f6g kvalitet, superbekv\u00e4m och b\u00e4st av allt - milj\u00f6v\u00e4nlig. - 100 % ringspunnen ekologisk bomull - Tygvikt: 180 g\/m\u00b2 (5.3 oz.\/yd.\u00b2) - Single jersey - Medium passform - Instickade \u00e4rmar - 1 \u00d7 1 ribbstickning p\u00e5 krage - Breda dubbels\u00f6mmar p\u00e5 \u00e4rmar och [...]].<\/p>","protected":false},"featured_media":22526,"comment_status":"open","ping_status":"closed","template":"","meta":{"_uag_custom_page_level_css":"","_uf_show_specific_survey":0,"_uf_disable_surveys":false,"_themeisle_gutenberg_block_has_review":false},"product_brand":[],"product_cat":[116,122],"product_tag":[],"class_list":{"0":"post-22449","1":"product","2":"type-product","3":"status-publish","4":"has-post-thumbnail","6":"product_cat-dog","7":"product_cat-kollektionen","8":"pa_farbe-anthracite","9":"pa_farbe-burgundy","10":"pa_farbe-cotton-pink","11":"pa_farbe-dark-heather-blue","12":"pa_farbe-desert-dust","13":"pa_farbe-dunkles-heather-grau","14":"pa_farbe-fraiche-peche","15":"pa_farbe-french-navy","16":"pa_farbe-heather-grau","17":"pa_farbe-khaki","18":"pa_farbe-lavendel","19":"pa_farbe-schwarz","20":"pa_farbe-stargazer","21":"pa_farbe-weiss","22":"pa_grosse-2xl","23":"pa_grosse-3xl","24":"pa_grosse-l","25":"pa_grosse-m","26":"pa_grosse-s","27":"pa_grosse-xl","29":"first","30":"instock","31":"taxable","32":"shipping-taxable","33":"purchasable","34":"product-type-variable"},"aioseo_notices":[],"uagb_featured_image_src":{"full":["https:\/\/i0.wp.com\/pilluwear.com\/wp-content\/uploads\/2024\/11\/unisex-organic-cotton-t-shirt-desert-dust-front-672cbc1da3506.jpg?fit=2000%2C2000&ssl=1",2000,2000,false],"thumbnail":["https:\/\/i0.wp.com\/pilluwear.com\/wp-content\/uploads\/2024\/11\/unisex-organic-cotton-t-shirt-desert-dust-front-672cbc1da3506.jpg?resize=150%2C150&ssl=1",150,150,true],"medium":["https:\/\/i0.wp.com\/pilluwear.com\/wp-content\/uploads\/2024\/11\/unisex-organic-cotton-t-shirt-desert-dust-front-672cbc1da3506.jpg?fit=300%2C300&ssl=1",300,300,true],"medium_large":["https:\/\/i0.wp.com\/pilluwear.com\/wp-content\/uploads\/2024\/11\/unisex-organic-cotton-t-shirt-desert-dust-front-672cbc1da3506.jpg?fit=768%2C768&ssl=1",768,768,true],"large":["https:\/\/i0.wp.com\/pilluwear.com\/wp-content\/uploads\/2024\/11\/unisex-organic-cotton-t-shirt-desert-dust-front-672cbc1da3506.jpg?fit=1024%2C1024&ssl=1",1024,1024,true],"1536x1536":["https:\/\/i0.wp.com\/pilluwear.com\/wp-content\/uploads\/2024\/11\/unisex-organic-cotton-t-shirt-desert-dust-front-672cbc1da3506.jpg?fit=1536%2C1536&ssl=1",1536,1536,true],"2048x2048":["https:\/\/i0.wp.com\/pilluwear.com\/wp-content\/uploads\/2024\/11\/unisex-organic-cotton-t-shirt-desert-dust-front-672cbc1da3506.jpg?fit=2000%2C2000&ssl=1",2000,2000,true],"trp-custom-language-flag":["https:\/\/i0.wp.com\/pilluwear.com\/wp-content\/uploads\/2024\/11\/unisex-organic-cotton-t-shirt-desert-dust-front-672cbc1da3506.jpg?fit=12%2C12&ssl=1",12,12,true],"woocommerce_thumbnail":["https:\/\/i0.wp.com\/pilluwear.com\/wp-content\/uploads\/2024\/11\/unisex-organic-cotton-t-shirt-desert-dust-front-672cbc1da3506.jpg?resize=300%2C300&ssl=1",300,300,true],"woocommerce_single":["https:\/\/i0.wp.com\/pilluwear.com\/wp-content\/uploads\/2024\/11\/unisex-organic-cotton-t-shirt-desert-dust-front-672cbc1da3506.jpg?fit=600%2C600&ssl=1",600,600,true],"woocommerce_gallery_thumbnail":["https:\/\/i0.wp.com\/pilluwear.com\/wp-content\/uploads\/2024\/11\/unisex-organic-cotton-t-shirt-desert-dust-front-672cbc1da3506.jpg?resize=100%2C100&ssl=1",100,100,true]},"uagb_author_info":{"display_name":"pilluwear.com","author_link":"https:\/\/pilluwear.com\/sv\/author\/"},"uagb_comment_info":0,"uagb_excerpt":"Dieses Unisex-T-Shirt aus 100 % ringgesponnener Bio-Baumwolle ist ein absolutes Muss. Es ist hochwertig, super bequem und das Beste von allem \u2013 umweltfreundlich. \u2022 100 % ringgesponnene Bio-Baumwolle \u2022 Stoffgewicht: 180 g\/m\u00b2 (5,3 oz.\/yd.\u00b2) \u2022 Single-Jersey \u2022 Mittlere Passform \u2022 Eingestellte \u00c4rmel \u2022 1 \u00d7 1 Rippung am Kragen \u2022 Breite Doppeln\u00e4hte an \u00c4rmeln und&hellip;","jetpack_sharing_enabled":true,"_links":{"self":[{"href":"https:\/\/pilluwear.com\/sv\/wp-json\/wp\/v2\/product\/22449","targetHints":{"allow":["GET"]}}],"collection":[{"href":"https:\/\/pilluwear.com\/sv\/wp-json\/wp\/v2\/product"}],"about":[{"href":"https:\/\/pilluwear.com\/sv\/wp-json\/wp\/v2\/types\/product"}],"replies":[{"embeddable":true,"href":"https:\/\/pilluwear.com\/sv\/wp-json\/wp\/v2\/comments?post=22449"}],"wp:featuredmedia":[{"embeddable":true,"href":"https:\/\/pilluwear.com\/sv\/wp-json\/wp\/v2\/media\/22526"}],"wp:attachment":[{"href":"https:\/\/pilluwear.com\/sv\/wp-json\/wp\/v2\/media?parent=22449"}],"wp:term":[{"taxonomy":"product_brand","embeddable":true,"href":"https:\/\/pilluwear.com\/sv\/wp-json\/wp\/v2\/product_brand?post=22449"},{"taxonomy":"product_cat","embeddable":true,"href":"https:\/\/pilluwear.com\/sv\/wp-json\/wp\/v2\/product_cat?post=22449"},{"taxonomy":"product_tag","embeddable":true,"href":"https:\/\/pilluwear.com\/sv\/wp-json\/wp\/v2\/product_tag?post=22449"}],"curies":[{"name":"wp","href":"https:\/\/api.w.org\/{rel}","templated":true}]}}