{"id":22035,"date":"2024-11-07T13:53:17","date_gmt":"2024-11-07T12:53:17","guid":{"rendered":"https:\/\/pilluwear.com\/produkt\/cozy-companion-unisex-bio-pullover\/"},"modified":"2024-11-07T13:56:48","modified_gmt":"2024-11-07T12:56:48","slug":"cozy-companion-unisex-organisk-pullover","status":"publish","type":"product","link":"https:\/\/pilluwear.com\/sv\/produkt\/cozy-companion-unisex-organisk-pullover\/","title":{"rendered":"Cozy Companion - Ekologisk tr\u00f6ja f\u00f6r unisex"},"content":{"rendered":"<p>Denna ekologiska unisex-jumper \u00e4r tillverkad av ekologiska och \u00e5tervunna material och k\u00e4nns mjuk och sk\u00f6n. Den har inf\u00e4llda \u00e4rmar, 2\u00d72 ribbstickning i kragen och ett halsband av sj\u00e4lvh\u00e4ftande tyg. Best\u00e4ll ditt n\u00e4sta milj\u00f6v\u00e4nliga favoritplagg och er\u00f6vra gatorna med stil!<\/p>\n<p>- 80% ekologisk bomull, 20% \u00e5tervunnen polyester<br \/>\n- Yttertyg 100% ekologisk bomull<br \/>\n- Stickad fransk frott\u00e9 <br \/>\n- Inst\u00e4llda \u00e4rmar<br \/>\n- 2\u00d72 ribbor p\u00e5 kragen<br \/>\n- Sj\u00e4lvh\u00e4ftande nacktejp<br \/>\n- Blankett fr\u00e5n Bangladesh<\/p>\n<p>Disclaimer: Kunder i USA b\u00f6r best\u00e4lla en storlek st\u00f6rre eftersom denna leverant\u00f6rs EU-storlekar motsvarar en mindre storlek i USA.<\/p>","protected":false},"excerpt":{"rendered":"<p>Denna ekologiska unisex-jumper \u00e4r tillverkad av ekologiska och \u00e5tervunna material och k\u00e4nns mjuk och sk\u00f6n. Den har inf\u00e4llda \u00e4rmar, 2\u00d72 ribbstickning i kragen och ett halsband av sj\u00e4lvh\u00e4ftande tyg. Best\u00e4ll ditt n\u00e4sta milj\u00f6v\u00e4nliga favoritplagg och er\u00f6vra gatorna med stil! - 80% ekologisk bomull, 20% \u00e5tervunnen polyester - Yttertyg i 100% ekologisk bomull - Fransk frott\u00e9stickning - Inst\u00e4llda \u00e4rmar [...]<\/p>","protected":false},"featured_media":22073,"comment_status":"open","ping_status":"closed","template":"","meta":{"_uag_custom_page_level_css":"","_uf_show_specific_survey":0,"_uf_disable_surveys":false,"_themeisle_gutenberg_block_has_review":false},"product_brand":[],"product_cat":[116,122],"product_tag":[],"class_list":{"0":"post-22035","1":"product","2":"type-product","3":"status-publish","4":"has-post-thumbnail","6":"product_cat-dog","7":"product_cat-kollektionen","8":"pa_farbe-bottle-green","9":"pa_farbe-deep-charcoal-grey","10":"pa_farbe-french-navy","11":"pa_farbe-grey-melange","12":"pa_farbe-koenigsblau","13":"pa_farbe-schwarz","14":"pa_farbe-weiss","15":"pa_grosse-l","16":"pa_grosse-m","17":"pa_grosse-s","18":"pa_grosse-xl","19":"pa_grosse-xxl","21":"first","22":"instock","23":"taxable","24":"shipping-taxable","25":"purchasable","26":"product-type-variable"},"aioseo_notices":[],"uagb_featured_image_src":{"full":["https:\/\/i0.wp.com\/pilluwear.com\/wp-content\/uploads\/2024\/11\/unisex-organic-sweatshirt-bottle-green-front-672cb82633239.jpg?fit=2000%2C2000&ssl=1",2000,2000,false],"thumbnail":["https:\/\/i0.wp.com\/pilluwear.com\/wp-content\/uploads\/2024\/11\/unisex-organic-sweatshirt-bottle-green-front-672cb82633239.jpg?resize=150%2C150&ssl=1",150,150,true],"medium":["https:\/\/i0.wp.com\/pilluwear.com\/wp-content\/uploads\/2024\/11\/unisex-organic-sweatshirt-bottle-green-front-672cb82633239.jpg?fit=300%2C300&ssl=1",300,300,true],"medium_large":["https:\/\/i0.wp.com\/pilluwear.com\/wp-content\/uploads\/2024\/11\/unisex-organic-sweatshirt-bottle-green-front-672cb82633239.jpg?fit=768%2C768&ssl=1",768,768,true],"large":["https:\/\/i0.wp.com\/pilluwear.com\/wp-content\/uploads\/2024\/11\/unisex-organic-sweatshirt-bottle-green-front-672cb82633239.jpg?fit=1024%2C1024&ssl=1",1024,1024,true],"1536x1536":["https:\/\/i0.wp.com\/pilluwear.com\/wp-content\/uploads\/2024\/11\/unisex-organic-sweatshirt-bottle-green-front-672cb82633239.jpg?fit=1536%2C1536&ssl=1",1536,1536,true],"2048x2048":["https:\/\/i0.wp.com\/pilluwear.com\/wp-content\/uploads\/2024\/11\/unisex-organic-sweatshirt-bottle-green-front-672cb82633239.jpg?fit=2000%2C2000&ssl=1",2000,2000,true],"trp-custom-language-flag":["https:\/\/i0.wp.com\/pilluwear.com\/wp-content\/uploads\/2024\/11\/unisex-organic-sweatshirt-bottle-green-front-672cb82633239.jpg?fit=12%2C12&ssl=1",12,12,true],"woocommerce_thumbnail":["https:\/\/i0.wp.com\/pilluwear.com\/wp-content\/uploads\/2024\/11\/unisex-organic-sweatshirt-bottle-green-front-672cb82633239.jpg?resize=300%2C300&ssl=1",300,300,true],"woocommerce_single":["https:\/\/i0.wp.com\/pilluwear.com\/wp-content\/uploads\/2024\/11\/unisex-organic-sweatshirt-bottle-green-front-672cb82633239.jpg?fit=600%2C600&ssl=1",600,600,true],"woocommerce_gallery_thumbnail":["https:\/\/i0.wp.com\/pilluwear.com\/wp-content\/uploads\/2024\/11\/unisex-organic-sweatshirt-bottle-green-front-672cb82633239.jpg?resize=100%2C100&ssl=1",100,100,true]},"uagb_author_info":{"display_name":"pilluwear.com","author_link":"https:\/\/pilluwear.com\/sv\/author\/"},"uagb_comment_info":0,"uagb_excerpt":"Dieser Unisex-Bio-Pullover besteht aus biologischen und recycelten Materialien und f\u00fchlt sich weich und kuschelig an. Es hat eingelassene \u00c4rmel, 2\u00d72 Rippen am Kragen und ein Nackenband aus Eigengewebe. Bestelle dein n\u00e4chstes umweltfreundliches Lieblingsteil und erobere die Stra\u00dfen mit Stil! \u2022 80% Bio-Baumwolle, 20% recyceltes Polyester \u2022 Au\u00dfen 100% Bio-Baumwolle \u2022 Franz\u00f6sischer Frotteestrick \u2022 Eingelassene \u00c4rmel&hellip;","jetpack_sharing_enabled":true,"_links":{"self":[{"href":"https:\/\/pilluwear.com\/sv\/wp-json\/wp\/v2\/product\/22035","targetHints":{"allow":["GET"]}}],"collection":[{"href":"https:\/\/pilluwear.com\/sv\/wp-json\/wp\/v2\/product"}],"about":[{"href":"https:\/\/pilluwear.com\/sv\/wp-json\/wp\/v2\/types\/product"}],"replies":[{"embeddable":true,"href":"https:\/\/pilluwear.com\/sv\/wp-json\/wp\/v2\/comments?post=22035"}],"wp:featuredmedia":[{"embeddable":true,"href":"https:\/\/pilluwear.com\/sv\/wp-json\/wp\/v2\/media\/22073"}],"wp:attachment":[{"href":"https:\/\/pilluwear.com\/sv\/wp-json\/wp\/v2\/media?parent=22035"}],"wp:term":[{"taxonomy":"product_brand","embeddable":true,"href":"https:\/\/pilluwear.com\/sv\/wp-json\/wp\/v2\/product_brand?post=22035"},{"taxonomy":"product_cat","embeddable":true,"href":"https:\/\/pilluwear.com\/sv\/wp-json\/wp\/v2\/product_cat?post=22035"},{"taxonomy":"product_tag","embeddable":true,"href":"https:\/\/pilluwear.com\/sv\/wp-json\/wp\/v2\/product_tag?post=22035"}],"curies":[{"name":"wp","href":"https:\/\/api.w.org\/{rel}","templated":true}]}}