{"id":21593,"date":"2024-06-22T15:30:26","date_gmt":"2024-06-22T13:30:26","guid":{"rendered":"https:\/\/pilluwear.com\/produkt\/it-nerd-umweltfreundlicher-unisex-kapuzenpullover\/"},"modified":"2025-01-03T14:36:32","modified_gmt":"2025-01-03T13:36:32","slug":"it-noerd-miljoevaenlig-unisex-huvtroeja","status":"publish","type":"product","link":"https:\/\/pilluwear.com\/sv\/produkt\/it-noerd-miljoevaenlig-unisex-huvtroeja\/","title":{"rendered":"IT Nerd - Milj\u00f6v\u00e4nlig huvtr\u00f6ja i unisexmodell"},"content":{"rendered":"<p>Den klassiska unisex ekologiska huvtr\u00f6jan \u00e4r ett bra k\u00f6p f\u00f6r milj\u00f6medvetna mode\u00e4lskare tack vare sina ekologiska material. Den bekv\u00e4ma huvtr\u00f6jan med normal passform har en huva med dubbla lager, inf\u00e4llda \u00e4rmar och en p\u00e5seficka framtill.<\/p>\n<p>- 100% Ekologisk bomull<br \/>\n- Tygvikt: 350 g\/m\u00b2 (10,32 oz.\/yd.\u00b2)<br \/>\n- Normal passform<br \/>\n- Inst\u00e4llda \u00e4rmar<br \/>\n- Huva i dubbla lager tillverkad av eget tyg<br \/>\n- Fr\u00e4mre p\u00e5sficka<br \/>\n- 1\u00d71-ribb p\u00e5 \u00e4rmslut och nederkant<br \/>\n- Enn\u00e5lslocks\u00f6m i halsringningen och l\u00e4ngs huv\u00f6ppningen<br \/>\n- \u00d6glor i metall<br \/>\n- Inre ligament i nacken<br \/>\n- Sj\u00e4lvstickad halvm\u00e5ne i nacken<br \/>\n- Ladda ner certifikat f\u00f6r milj\u00f6v\u00e4nliga produkter<br \/>\n- Blankett fr\u00e5n Bangladesh<\/p>\n<p>Storlekarna motsvarar en mindre storlek p\u00e5 den amerikanska marknaden, s\u00e5 amerikanska kunder b\u00f6r best\u00e4lla en storlek st\u00f6rre.<\/p>\n<p>- Sp\u00e5rbarhet:<br \/>\n- V\u00e4vning - Bangladesh<br \/>\n- F\u00e4rgning - Bangladesh<br \/>\n- Produktion - Bangladesh<br \/>\n- Tillverkad av 100 % ekologisk bomull<br \/>\n- Inneh\u00e5ller 0 % farliga \u00e4mnen<\/p>","protected":false},"excerpt":{"rendered":"<p>Den klassiska unisex ekologiska huvtr\u00f6jan \u00e4r ett bra k\u00f6p f\u00f6r milj\u00f6medvetna mode\u00e4lskare tack vare sina ekologiska material. Den bekv\u00e4ma huvtr\u00f6jan med normal passform har en huva med dubbla lager, inf\u00e4llda \u00e4rmar och en p\u00e5sficka framtill. - 100% ekologisk bomull - Tygvikt: 10.32 oz.\/yd.\u00b2 (350 g\/m\u00b2) - Normal passform - Instickade \u00e4rmar - Huva i dubbla lager med sj\u00e4lvh\u00e4ftande tyg - Ficka framtill - 1\u00d71 [...].<\/p>","protected":false},"featured_media":21616,"comment_status":"open","ping_status":"closed","template":"","meta":{"_uag_custom_page_level_css":"","_uf_show_specific_survey":0,"_uf_disable_surveys":false,"_themeisle_gutenberg_block_has_review":false},"product_brand":[],"product_cat":[34,279],"product_tag":[294,302,286,299,287,303,289,292,298,291,285,301,304,300,297,295,296,288,290,293],"class_list":{"0":"post-21593","1":"product","2":"type-product","3":"status-publish","4":"has-post-thumbnail","6":"product_cat-hoodies","7":"product_cat-it-nerd","8":"product_tag-bedruckte-hoodies","9":"product_tag-bio-baumwolle","10":"product_tag-bio-mode","11":"product_tag-casual-streetwear","12":"product_tag-fair-fashion","13":"product_tag-faire-herstellung","14":"product_tag-gots-zertifiziert","15":"product_tag-hochwertige-hoodies","16":"product_tag-kapuzenpullover-fuer-maenner-und-frauen","17":"product_tag-minimalistisches-design","18":"product_tag-nachhaltige-kleidung","19":"product_tag-nachhaltige-streetwear","20":"product_tag-oekologisch","21":"product_tag-premium-qualitaet","22":"product_tag-recycelte-materialien","23":"product_tag-stickerei-pullover","24":"product_tag-umweltfreundliche-mode","25":"product_tag-unisex-kapuzenpullover","26":"product_tag-vegane-mode","27":"product_tag-weiche-kapuzenpullover","28":"pa_farbe-desert-dust","29":"pa_farbe-french-navy","30":"pa_farbe-schwarz","31":"pa_farbe-weiss","32":"pa_grosse-2xl","33":"pa_grosse-l","34":"pa_grosse-m","35":"pa_grosse-s","36":"pa_grosse-xl","38":"first","39":"instock","40":"taxable","41":"shipping-taxable","42":"purchasable","43":"product-type-variable"},"aioseo_notices":[],"uagb_featured_image_src":{"full":["https:\/\/i0.wp.com\/pilluwear.com\/wp-content\/uploads\/2024\/06\/unisex-essential-eco-hoodie-desert-dust-left-front-6676d1a04a258.jpg?fit=2000%2C2000&ssl=1",2000,2000,false],"thumbnail":["https:\/\/i0.wp.com\/pilluwear.com\/wp-content\/uploads\/2024\/06\/unisex-essential-eco-hoodie-desert-dust-left-front-6676d1a04a258.jpg?resize=150%2C150&ssl=1",150,150,true],"medium":["https:\/\/i0.wp.com\/pilluwear.com\/wp-content\/uploads\/2024\/06\/unisex-essential-eco-hoodie-desert-dust-left-front-6676d1a04a258.jpg?fit=300%2C300&ssl=1",300,300,true],"medium_large":["https:\/\/i0.wp.com\/pilluwear.com\/wp-content\/uploads\/2024\/06\/unisex-essential-eco-hoodie-desert-dust-left-front-6676d1a04a258.jpg?fit=768%2C768&ssl=1",768,768,true],"large":["https:\/\/i0.wp.com\/pilluwear.com\/wp-content\/uploads\/2024\/06\/unisex-essential-eco-hoodie-desert-dust-left-front-6676d1a04a258.jpg?fit=1024%2C1024&ssl=1",1024,1024,true],"1536x1536":["https:\/\/i0.wp.com\/pilluwear.com\/wp-content\/uploads\/2024\/06\/unisex-essential-eco-hoodie-desert-dust-left-front-6676d1a04a258.jpg?fit=1536%2C1536&ssl=1",1536,1536,true],"2048x2048":["https:\/\/i0.wp.com\/pilluwear.com\/wp-content\/uploads\/2024\/06\/unisex-essential-eco-hoodie-desert-dust-left-front-6676d1a04a258.jpg?fit=2000%2C2000&ssl=1",2000,2000,true],"trp-custom-language-flag":["https:\/\/i0.wp.com\/pilluwear.com\/wp-content\/uploads\/2024\/06\/unisex-essential-eco-hoodie-desert-dust-left-front-6676d1a04a258.jpg?fit=12%2C12&ssl=1",12,12,true],"woocommerce_thumbnail":["https:\/\/i0.wp.com\/pilluwear.com\/wp-content\/uploads\/2024\/06\/unisex-essential-eco-hoodie-desert-dust-left-front-6676d1a04a258.jpg?resize=300%2C300&ssl=1",300,300,true],"woocommerce_single":["https:\/\/i0.wp.com\/pilluwear.com\/wp-content\/uploads\/2024\/06\/unisex-essential-eco-hoodie-desert-dust-left-front-6676d1a04a258.jpg?fit=600%2C600&ssl=1",600,600,true],"woocommerce_gallery_thumbnail":["https:\/\/i0.wp.com\/pilluwear.com\/wp-content\/uploads\/2024\/06\/unisex-essential-eco-hoodie-desert-dust-left-front-6676d1a04a258.jpg?resize=100%2C100&ssl=1",100,100,true]},"uagb_author_info":{"display_name":"pilluwear.com","author_link":"https:\/\/pilluwear.com\/sv\/author\/"},"uagb_comment_info":0,"uagb_excerpt":"Der Klassischer Unisex Bio-Hoodie ist dank seiner Bio-Materialien ein guter Kauf f\u00fcr umweltbewusste Modeliebhaber. Der bequeme Kapuzenpullover mit normaler Passform hat eine doppellagige Kapuze, angesetzte \u00c4rmel und eine Beuteltasche vorne. \u2022 100% Bio-Baumwolle \u2022 Stoffgewicht: 10,32 oz.\/yd.\u00b2 (350 g\/m\u00b2) \u2022 Normale Passform \u2022 Eingesetzte \u00c4rmel \u2022 Doppellagige Kapuze aus Eigengewebe \u2022 Beuteltasche vorne \u2022 1\u00d71&hellip;","jetpack_sharing_enabled":true,"_links":{"self":[{"href":"https:\/\/pilluwear.com\/sv\/wp-json\/wp\/v2\/product\/21593","targetHints":{"allow":["GET"]}}],"collection":[{"href":"https:\/\/pilluwear.com\/sv\/wp-json\/wp\/v2\/product"}],"about":[{"href":"https:\/\/pilluwear.com\/sv\/wp-json\/wp\/v2\/types\/product"}],"replies":[{"embeddable":true,"href":"https:\/\/pilluwear.com\/sv\/wp-json\/wp\/v2\/comments?post=21593"}],"wp:featuredmedia":[{"embeddable":true,"href":"https:\/\/pilluwear.com\/sv\/wp-json\/wp\/v2\/media\/21616"}],"wp:attachment":[{"href":"https:\/\/pilluwear.com\/sv\/wp-json\/wp\/v2\/media?parent=21593"}],"wp:term":[{"taxonomy":"product_brand","embeddable":true,"href":"https:\/\/pilluwear.com\/sv\/wp-json\/wp\/v2\/product_brand?post=21593"},{"taxonomy":"product_cat","embeddable":true,"href":"https:\/\/pilluwear.com\/sv\/wp-json\/wp\/v2\/product_cat?post=21593"},{"taxonomy":"product_tag","embeddable":true,"href":"https:\/\/pilluwear.com\/sv\/wp-json\/wp\/v2\/product_tag?post=21593"}],"curies":[{"name":"wp","href":"https:\/\/api.w.org\/{rel}","templated":true}]}}