{"id":19952,"date":"2024-05-29T16:34:53","date_gmt":"2024-05-29T14:34:53","guid":{"rendered":"https:\/\/pilluwear.com\/produkt\/unisex-organic-cotton-t-shirt\/"},"modified":"2024-05-29T16:38:45","modified_gmt":"2024-05-29T14:38:45","slug":"unisex-t-shirt-i-ekologisk-bomull","status":"publish","type":"product","link":"https:\/\/pilluwear.com\/sv\/produkt\/unisex-t-shirt-i-ekologisk-bomull\/","title":{"rendered":"T-shirt i ekologisk bomull, unisex"},"content":{"rendered":"<p>Den h\u00e4r unisex-t-shirten \u00e4r tillverkad av 100% ekologisk ringspunnen bomull och \u00e4r ett m\u00e5ste. Den \u00e4r av h\u00f6g kvalitet, superbekv\u00e4m och b\u00e4st av allt - milj\u00f6v\u00e4nlig.<\/p>\n<p>- 100% ekologisk ringspunnen bomull<br \/>\n- Tygvikt: 180 g\/m\u00b2 (5,3 oz.\/yd.\u00b2)<br \/>\n- Enkel tr\u00f6ja<br \/>\n- Medium passform<br \/>\n- Inst\u00e4llda \u00e4rmar<br \/>\n- 1 \u00d7 1 ribb vid krage<br \/>\n- Bred dubbeln\u00e5lss\u00f6m p\u00e5 \u00e4rmarna och i nederkanten<br \/>\n- Halsband av sj\u00e4lvv\u00e4vt tyg (insidan, baksidan av nacken)<br \/>\n- Blank produkt som h\u00e4rr\u00f6r fr\u00e5n Bangladesh<\/p>\n<p>Storlekarna motsvarar en mindre storlek p\u00e5 den amerikanska marknaden, s\u00e5 amerikanska kunder b\u00f6r best\u00e4lla en storlek st\u00f6rre.<\/p>\n<p>Denna produkt tillverkas speciellt f\u00f6r dig s\u00e5 snart du g\u00f6r en best\u00e4llning, vilket \u00e4r anledningen till att det tar lite l\u00e4ngre tid f\u00f6r oss att leverera den till dig. Att tillverka produkter p\u00e5 beg\u00e4ran ist\u00e4llet f\u00f6r i bulk bidrar till att minska \u00f6verproduktionen, s\u00e5 tack f\u00f6r att du fattar genomt\u00e4nkta k\u00f6pbeslut!<\/p>","protected":false},"excerpt":{"rendered":"<p>Den h\u00e4r unisex-t-shirten \u00e4r tillverkad av 100% ekologisk ringspunnen bomull och \u00e4r ett m\u00e5ste. Den \u00e4r av h\u00f6g kvalitet, superbekv\u00e4m och b\u00e4st av allt - milj\u00f6v\u00e4nlig. - 100% ekologisk ringspunnen bomull - Tygvikt: 5.3 oz.\/yd.\u00b2 (180 g\/m\u00b2) - Single jersey - Medium passform - Inst\u00e4llda \u00e4rmar - 1 \u00d7 1 ribbstickning i kragen - Bred dubbeln\u00e5lad s\u00f6msm\u00e5n p\u00e5 [...]]<\/p>","protected":false},"featured_media":20029,"comment_status":"open","ping_status":"closed","template":"","meta":{"_uag_custom_page_level_css":"","_uf_show_specific_survey":0,"_uf_disable_surveys":false,"_themeisle_gutenberg_block_has_review":false},"product_brand":[],"product_cat":[122],"product_tag":[],"class_list":{"0":"post-19952","1":"product","2":"type-product","3":"status-publish","4":"has-post-thumbnail","6":"product_cat-kollektionen","7":"pa_size-2xl","8":"pa_size-3xl","9":"pa_size-l","10":"pa_size-m","11":"pa_size-s","12":"pa_size-xl","14":"first","15":"instock","16":"taxable","17":"shipping-taxable","18":"purchasable","19":"product-type-variable"},"aioseo_notices":[],"uagb_featured_image_src":{"full":["https:\/\/i0.wp.com\/pilluwear.com\/wp-content\/uploads\/2024\/05\/unisex-organic-cotton-t-shirt-black-front-66573c912d393.jpg?fit=2000%2C2000&ssl=1",2000,2000,false],"thumbnail":["https:\/\/i0.wp.com\/pilluwear.com\/wp-content\/uploads\/2024\/05\/unisex-organic-cotton-t-shirt-black-front-66573c912d393.jpg?resize=150%2C150&ssl=1",150,150,true],"medium":["https:\/\/i0.wp.com\/pilluwear.com\/wp-content\/uploads\/2024\/05\/unisex-organic-cotton-t-shirt-black-front-66573c912d393.jpg?fit=300%2C300&ssl=1",300,300,true],"medium_large":["https:\/\/i0.wp.com\/pilluwear.com\/wp-content\/uploads\/2024\/05\/unisex-organic-cotton-t-shirt-black-front-66573c912d393.jpg?fit=768%2C768&ssl=1",768,768,true],"large":["https:\/\/i0.wp.com\/pilluwear.com\/wp-content\/uploads\/2024\/05\/unisex-organic-cotton-t-shirt-black-front-66573c912d393.jpg?fit=1024%2C1024&ssl=1",1024,1024,true],"1536x1536":["https:\/\/i0.wp.com\/pilluwear.com\/wp-content\/uploads\/2024\/05\/unisex-organic-cotton-t-shirt-black-front-66573c912d393.jpg?fit=1536%2C1536&ssl=1",1536,1536,true],"2048x2048":["https:\/\/i0.wp.com\/pilluwear.com\/wp-content\/uploads\/2024\/05\/unisex-organic-cotton-t-shirt-black-front-66573c912d393.jpg?fit=2000%2C2000&ssl=1",2000,2000,true],"trp-custom-language-flag":["https:\/\/i0.wp.com\/pilluwear.com\/wp-content\/uploads\/2024\/05\/unisex-organic-cotton-t-shirt-black-front-66573c912d393.jpg?fit=12%2C12&ssl=1",12,12,true],"woocommerce_thumbnail":["https:\/\/i0.wp.com\/pilluwear.com\/wp-content\/uploads\/2024\/05\/unisex-organic-cotton-t-shirt-black-front-66573c912d393.jpg?resize=300%2C300&ssl=1",300,300,true],"woocommerce_single":["https:\/\/i0.wp.com\/pilluwear.com\/wp-content\/uploads\/2024\/05\/unisex-organic-cotton-t-shirt-black-front-66573c912d393.jpg?fit=600%2C600&ssl=1",600,600,true],"woocommerce_gallery_thumbnail":["https:\/\/i0.wp.com\/pilluwear.com\/wp-content\/uploads\/2024\/05\/unisex-organic-cotton-t-shirt-black-front-66573c912d393.jpg?resize=100%2C100&ssl=1",100,100,true]},"uagb_author_info":{"display_name":"pilluwear.com","author_link":"https:\/\/pilluwear.com\/sv\/author\/"},"uagb_comment_info":0,"uagb_excerpt":"Made from 100% organic ring-spun cotton, this unisex t-shirt is a total must-have. It&#8217;s high-quality, super comfy, and best of all\u2014eco-friendly. \u2022 100% organic ring-spun cotton \u2022 Fabric weight: 5.3 oz.\/yd.\u00b2 (180 g\/m\u00b2) \u2022 Single jersey \u2022 Medium fit \u2022 Set-in sleeves \u2022 1 \u00d7 1 rib at collar \u2022 Wide double-needle topstitch on the&hellip;","jetpack_sharing_enabled":true,"_links":{"self":[{"href":"https:\/\/pilluwear.com\/sv\/wp-json\/wp\/v2\/product\/19952","targetHints":{"allow":["GET"]}}],"collection":[{"href":"https:\/\/pilluwear.com\/sv\/wp-json\/wp\/v2\/product"}],"about":[{"href":"https:\/\/pilluwear.com\/sv\/wp-json\/wp\/v2\/types\/product"}],"replies":[{"embeddable":true,"href":"https:\/\/pilluwear.com\/sv\/wp-json\/wp\/v2\/comments?post=19952"}],"wp:featuredmedia":[{"embeddable":true,"href":"https:\/\/pilluwear.com\/sv\/wp-json\/wp\/v2\/media\/20029"}],"wp:attachment":[{"href":"https:\/\/pilluwear.com\/sv\/wp-json\/wp\/v2\/media?parent=19952"}],"wp:term":[{"taxonomy":"product_brand","embeddable":true,"href":"https:\/\/pilluwear.com\/sv\/wp-json\/wp\/v2\/product_brand?post=19952"},{"taxonomy":"product_cat","embeddable":true,"href":"https:\/\/pilluwear.com\/sv\/wp-json\/wp\/v2\/product_cat?post=19952"},{"taxonomy":"product_tag","embeddable":true,"href":"https:\/\/pilluwear.com\/sv\/wp-json\/wp\/v2\/product_tag?post=19952"}],"curies":[{"name":"wp","href":"https:\/\/api.w.org\/{rel}","templated":true}]}}