{"id":19219,"date":"2024-05-27T20:33:28","date_gmt":"2024-05-27T18:33:28","guid":{"rendered":"https:\/\/pilluwear.com\/produkt\/reader-unisex-bio-pullover\/"},"modified":"2024-05-27T20:34:06","modified_gmt":"2024-05-27T18:34:06","slug":"reader-unisex-bio-pullover","status":"publish","type":"product","link":"https:\/\/pilluwear.com\/sv\/produkt\/reader-unisex-bio-pullover\/","title":{"rendered":"Reader - Ekologisk tr\u00f6ja f\u00f6r unisex"},"content":{"rendered":"<p>Piffa upp din stil med denna unisex eco-jumper. Tr\u00f6jan har en chic, krispig look och passar bra till b\u00e5de avslappnade och smarta outfits. Denna sweatshirt i ekologisk bomull \u00e4r slitstark, bekv\u00e4m och s\u00e4rskilt mjuk.<\/p>\n<p>- 100% ekologisk, ringspunnen, kammad bomull<br \/>\n- Tygvikt: 350 g\/m\u00b2 (10,3 oz.\/yd.\u00b2)<br \/>\n- Normal passform<br \/>\n- Inst\u00e4llda \u00e4rmar<br \/>\n- 1\u00d71-ribb i halskrage, \u00e4rmslut och nederkant<br \/>\n- Dubbelstickade s\u00f6mmar p\u00e5 halskrage, \u00e4rmar och nederkant<br \/>\n- Halsband med fiskbensm\u00f6nster p\u00e5 insidan<br \/>\n- Sj\u00e4lvstickad halvm\u00e5ne i nacken<br \/>\n- Blankett fr\u00e5n Bangladesh<\/p>\n<p>Storlekarna motsvarar en mindre storlek p\u00e5 den amerikanska marknaden, s\u00e5 amerikanska kunder b\u00f6r best\u00e4lla en storlek st\u00f6rre.<\/p>\n<p>- Sp\u00e5rbarhet:<br \/>\n- V\u00e4vning - Bangladesh<br \/>\n- F\u00e4rgning - Bangladesh<br \/>\n- Produktion - Bangladesh<br \/>\n- Inneh\u00e5ller 15 % \u00e5tervunnen polyester<br \/>\n- Inneh\u00e5ller 0 % farliga \u00e4mnen<\/p>","protected":false},"excerpt":{"rendered":"<p>Piffa upp din stil med denna unisex eco-jumper. Tr\u00f6jan har en chic, krispig look och passar bra till b\u00e5de avslappnade och smarta outfits. Denna sweatshirt i ekologisk bomull \u00e4r slitstark, bekv\u00e4m och s\u00e4rskilt mjuk. - 100% ekologisk, ringspunnen, kammad bomull - Tygvikt: 10.3 oz.\/yd.\u00b2 (350 g\/m\u00b2) - Vanlig passform - Inst\u00e4llda \u00e4rmar - 1\u00d71 [...]<\/p>","protected":false},"featured_media":19237,"comment_status":"open","ping_status":"closed","template":"","meta":{"_uag_custom_page_level_css":"","_uf_show_specific_survey":0,"_uf_disable_surveys":false,"_themeisle_gutenberg_block_has_review":false},"product_brand":[],"product_cat":[121,118],"product_tag":[],"class_list":{"0":"post-19219","1":"product","2":"type-product","3":"status-publish","4":"has-post-thumbnail","6":"product_cat-pullover","7":"product_cat-reader","8":"pa_farbe-french-navy","9":"pa_farbe-schwarz","10":"pa_farbe-weiss","11":"pa_grosse-2xl","12":"pa_grosse-l","13":"pa_grosse-m","14":"pa_grosse-s","15":"pa_grosse-xl","17":"first","18":"instock","19":"taxable","20":"shipping-taxable","21":"purchasable","22":"product-type-variable"},"aioseo_notices":[],"uagb_featured_image_src":{"full":["https:\/\/i0.wp.com\/pilluwear.com\/wp-content\/uploads\/2024\/05\/unisex-eco-sweatshirt-black-left-front-6654d1e3ee543.jpg?fit=2000%2C2000&ssl=1",2000,2000,false],"thumbnail":["https:\/\/i0.wp.com\/pilluwear.com\/wp-content\/uploads\/2024\/05\/unisex-eco-sweatshirt-black-left-front-6654d1e3ee543.jpg?resize=150%2C150&ssl=1",150,150,true],"medium":["https:\/\/i0.wp.com\/pilluwear.com\/wp-content\/uploads\/2024\/05\/unisex-eco-sweatshirt-black-left-front-6654d1e3ee543.jpg?fit=300%2C300&ssl=1",300,300,true],"medium_large":["https:\/\/i0.wp.com\/pilluwear.com\/wp-content\/uploads\/2024\/05\/unisex-eco-sweatshirt-black-left-front-6654d1e3ee543.jpg?fit=768%2C768&ssl=1",768,768,true],"large":["https:\/\/i0.wp.com\/pilluwear.com\/wp-content\/uploads\/2024\/05\/unisex-eco-sweatshirt-black-left-front-6654d1e3ee543.jpg?fit=1024%2C1024&ssl=1",1024,1024,true],"1536x1536":["https:\/\/i0.wp.com\/pilluwear.com\/wp-content\/uploads\/2024\/05\/unisex-eco-sweatshirt-black-left-front-6654d1e3ee543.jpg?fit=1536%2C1536&ssl=1",1536,1536,true],"2048x2048":["https:\/\/i0.wp.com\/pilluwear.com\/wp-content\/uploads\/2024\/05\/unisex-eco-sweatshirt-black-left-front-6654d1e3ee543.jpg?fit=2000%2C2000&ssl=1",2000,2000,true],"trp-custom-language-flag":["https:\/\/i0.wp.com\/pilluwear.com\/wp-content\/uploads\/2024\/05\/unisex-eco-sweatshirt-black-left-front-6654d1e3ee543.jpg?fit=12%2C12&ssl=1",12,12,true],"woocommerce_thumbnail":["https:\/\/i0.wp.com\/pilluwear.com\/wp-content\/uploads\/2024\/05\/unisex-eco-sweatshirt-black-left-front-6654d1e3ee543.jpg?resize=300%2C300&ssl=1",300,300,true],"woocommerce_single":["https:\/\/i0.wp.com\/pilluwear.com\/wp-content\/uploads\/2024\/05\/unisex-eco-sweatshirt-black-left-front-6654d1e3ee543.jpg?fit=600%2C600&ssl=1",600,600,true],"woocommerce_gallery_thumbnail":["https:\/\/i0.wp.com\/pilluwear.com\/wp-content\/uploads\/2024\/05\/unisex-eco-sweatshirt-black-left-front-6654d1e3ee543.jpg?resize=100%2C100&ssl=1",100,100,true]},"uagb_author_info":{"display_name":"pilluwear.com","author_link":"https:\/\/pilluwear.com\/sv\/author\/"},"uagb_comment_info":0,"uagb_excerpt":"Mit diesem Unisex-\u00d6ko-Pullover kannst du deinen Stil aufpeppen. Das Shirt hat einen schicken, knackigen Look und passt sowohl zu legeren als auch zu schickeren Outfits. Dieses Sweatshirt aus Bio-Baumwolle ist strapazierf\u00e4hig, bequem und besonders weich. \u2022 100% organische, ringgesponnene, gek\u00e4mmte Baumwolle \u2022 Stoffgewicht: 10,3 oz.\/yd.\u00b2 (350 g\/m\u00b2) \u2022 Normale Passform \u2022 Eingesetzte \u00c4rmel \u2022 1\u00d71&hellip;","jetpack_sharing_enabled":true,"_links":{"self":[{"href":"https:\/\/pilluwear.com\/sv\/wp-json\/wp\/v2\/product\/19219","targetHints":{"allow":["GET"]}}],"collection":[{"href":"https:\/\/pilluwear.com\/sv\/wp-json\/wp\/v2\/product"}],"about":[{"href":"https:\/\/pilluwear.com\/sv\/wp-json\/wp\/v2\/types\/product"}],"replies":[{"embeddable":true,"href":"https:\/\/pilluwear.com\/sv\/wp-json\/wp\/v2\/comments?post=19219"}],"wp:featuredmedia":[{"embeddable":true,"href":"https:\/\/pilluwear.com\/sv\/wp-json\/wp\/v2\/media\/19237"}],"wp:attachment":[{"href":"https:\/\/pilluwear.com\/sv\/wp-json\/wp\/v2\/media?parent=19219"}],"wp:term":[{"taxonomy":"product_brand","embeddable":true,"href":"https:\/\/pilluwear.com\/sv\/wp-json\/wp\/v2\/product_brand?post=19219"},{"taxonomy":"product_cat","embeddable":true,"href":"https:\/\/pilluwear.com\/sv\/wp-json\/wp\/v2\/product_cat?post=19219"},{"taxonomy":"product_tag","embeddable":true,"href":"https:\/\/pilluwear.com\/sv\/wp-json\/wp\/v2\/product_tag?post=19219"}],"curies":[{"name":"wp","href":"https:\/\/api.w.org\/{rel}","templated":true}]}}