{"id":18708,"date":"2024-05-24T18:25:08","date_gmt":"2024-05-24T16:25:08","guid":{"rendered":"https:\/\/pilluwear.com\/produkt\/cuffed-beanie\/"},"modified":"2024-05-24T18:27:09","modified_gmt":"2024-05-24T16:27:09","slug":"moessa-med-manschetter","status":"publish","type":"product","link":"https:\/\/pilluwear.com\/sv\/produkt\/moessa-med-manschetter\/","title":{"rendered":"M\u00f6ssa med mudd"},"content":{"rendered":"<p>En \u00e5tsittande m\u00f6ssa. Den \u00e4r inte bara bra f\u00f6r att v\u00e4rma huvudet utan \u00e4r ocks\u00e5 en viktig accessoar i garderoben.<\/p>\n<p>- 100% Turbo Akryl<br \/>\n- 12\u2033 (30 cm) i l\u00e4ngd<br \/>\n- Allergiv\u00e4nlig\u00a0<br \/>\n- Unisex-stil<br \/>\n- Handtv\u00e4ttbar<br \/>\n- Blank produkt som h\u00e4rr\u00f6r fr\u00e5n Vietnam, Bangladesh eller Republiken Korea<\/p>\n<p>Denna produkt tillverkas speciellt f\u00f6r dig s\u00e5 snart du g\u00f6r en best\u00e4llning, vilket \u00e4r anledningen till att det tar lite l\u00e4ngre tid f\u00f6r oss att leverera den till dig. Att tillverka produkter p\u00e5 beg\u00e4ran ist\u00e4llet f\u00f6r i bulk bidrar till att minska \u00f6verproduktionen, s\u00e5 tack f\u00f6r att du fattar genomt\u00e4nkta k\u00f6pbeslut!<\/p>\n<p>- Sp\u00e5rbarhet:<br \/>\n- F\u00e4rgning-Indonesien<br \/>\n- Tillverkning - Republiken Korea<br \/>\n- Inneh\u00e5ller 0% \u00e5tervunnen polyester<br \/>\n- Inneh\u00e5ller 0% farliga \u00e4mnen<br \/>\n- Detta f\u00f6rem\u00e5l sl\u00e4pper ut plastmikrofibrer i milj\u00f6n under tv\u00e4tt<\/p>","protected":false},"excerpt":{"rendered":"<p>En \u00e5tsittande m\u00f6ssa. Den v\u00e4rmer inte bara huvudet utan \u00e4r ocks\u00e5 en viktig accessoar i garderoben. - 100% Turbo Akryl - 12\u2033 (30 cm) l\u00e5ng - Allergiv\u00e4nlig - Unisex - Handtv\u00e4ttbar - Blank produkt som h\u00e4rr\u00f6r fr\u00e5n Vietnam, Bangladesh eller Republiken Korea Denna produkt \u00e4r speciellt framtagen f\u00f6r dig [...]<\/p>","protected":false},"featured_media":18722,"comment_status":"open","ping_status":"closed","template":"","meta":{"_uag_custom_page_level_css":"","_uf_show_specific_survey":0,"_uf_disable_surveys":false,"_themeisle_gutenberg_block_has_review":false},"product_brand":[],"product_cat":[36,253],"product_tag":[],"class_list":{"0":"post-18708","1":"product","2":"type-product","3":"status-publish","4":"has-post-thumbnail","6":"product_cat-beany","7":"product_cat-biker","9":"first","10":"instock","11":"taxable","12":"shipping-taxable","13":"purchasable","14":"product-type-variable"},"aioseo_notices":[],"uagb_featured_image_src":{"full":["https:\/\/i0.wp.com\/pilluwear.com\/wp-content\/uploads\/2024\/05\/cuffed-beanie-black-front-6650bcd0e22cf.jpg?fit=2000%2C2000&ssl=1",2000,2000,false],"thumbnail":["https:\/\/i0.wp.com\/pilluwear.com\/wp-content\/uploads\/2024\/05\/cuffed-beanie-black-front-6650bcd0e22cf.jpg?resize=150%2C150&ssl=1",150,150,true],"medium":["https:\/\/i0.wp.com\/pilluwear.com\/wp-content\/uploads\/2024\/05\/cuffed-beanie-black-front-6650bcd0e22cf.jpg?fit=300%2C300&ssl=1",300,300,true],"medium_large":["https:\/\/i0.wp.com\/pilluwear.com\/wp-content\/uploads\/2024\/05\/cuffed-beanie-black-front-6650bcd0e22cf.jpg?fit=768%2C768&ssl=1",768,768,true],"large":["https:\/\/i0.wp.com\/pilluwear.com\/wp-content\/uploads\/2024\/05\/cuffed-beanie-black-front-6650bcd0e22cf.jpg?fit=1024%2C1024&ssl=1",1024,1024,true],"1536x1536":["https:\/\/i0.wp.com\/pilluwear.com\/wp-content\/uploads\/2024\/05\/cuffed-beanie-black-front-6650bcd0e22cf.jpg?fit=1536%2C1536&ssl=1",1536,1536,true],"2048x2048":["https:\/\/i0.wp.com\/pilluwear.com\/wp-content\/uploads\/2024\/05\/cuffed-beanie-black-front-6650bcd0e22cf.jpg?fit=2000%2C2000&ssl=1",2000,2000,true],"trp-custom-language-flag":["https:\/\/i0.wp.com\/pilluwear.com\/wp-content\/uploads\/2024\/05\/cuffed-beanie-black-front-6650bcd0e22cf.jpg?fit=12%2C12&ssl=1",12,12,true],"woocommerce_thumbnail":["https:\/\/i0.wp.com\/pilluwear.com\/wp-content\/uploads\/2024\/05\/cuffed-beanie-black-front-6650bcd0e22cf.jpg?resize=300%2C300&ssl=1",300,300,true],"woocommerce_single":["https:\/\/i0.wp.com\/pilluwear.com\/wp-content\/uploads\/2024\/05\/cuffed-beanie-black-front-6650bcd0e22cf.jpg?fit=600%2C600&ssl=1",600,600,true],"woocommerce_gallery_thumbnail":["https:\/\/i0.wp.com\/pilluwear.com\/wp-content\/uploads\/2024\/05\/cuffed-beanie-black-front-6650bcd0e22cf.jpg?resize=100%2C100&ssl=1",100,100,true]},"uagb_author_info":{"display_name":"pilluwear.com","author_link":"https:\/\/pilluwear.com\/sv\/author\/"},"uagb_comment_info":0,"uagb_excerpt":"A snug, form-fitting beanie. It&#8217;s not only a great head-warming piece but a staple accessory in anyone&#8217;s wardrobe. \u2022 100% Turbo Acrylic \u2022 12\u2033 (30 cm) in length \u2022 Hypoallergenic\u00a0 \u2022 Unisex style \u2022 Hand washable \u2022 Blank product sourced from Vietnam, Bangladesh or the Republic of Korea This product is made especially for you&hellip;","jetpack_sharing_enabled":true,"_links":{"self":[{"href":"https:\/\/pilluwear.com\/sv\/wp-json\/wp\/v2\/product\/18708","targetHints":{"allow":["GET"]}}],"collection":[{"href":"https:\/\/pilluwear.com\/sv\/wp-json\/wp\/v2\/product"}],"about":[{"href":"https:\/\/pilluwear.com\/sv\/wp-json\/wp\/v2\/types\/product"}],"replies":[{"embeddable":true,"href":"https:\/\/pilluwear.com\/sv\/wp-json\/wp\/v2\/comments?post=18708"}],"wp:featuredmedia":[{"embeddable":true,"href":"https:\/\/pilluwear.com\/sv\/wp-json\/wp\/v2\/media\/18722"}],"wp:attachment":[{"href":"https:\/\/pilluwear.com\/sv\/wp-json\/wp\/v2\/media?parent=18708"}],"wp:term":[{"taxonomy":"product_brand","embeddable":true,"href":"https:\/\/pilluwear.com\/sv\/wp-json\/wp\/v2\/product_brand?post=18708"},{"taxonomy":"product_cat","embeddable":true,"href":"https:\/\/pilluwear.com\/sv\/wp-json\/wp\/v2\/product_cat?post=18708"},{"taxonomy":"product_tag","embeddable":true,"href":"https:\/\/pilluwear.com\/sv\/wp-json\/wp\/v2\/product_tag?post=18708"}],"curies":[{"name":"wp","href":"https:\/\/api.w.org\/{rel}","templated":true}]}}