{"id":6146,"date":"2024-05-17T11:11:19","date_gmt":"2024-05-17T09:11:19","guid":{"rendered":"https:\/\/pilluwear.com\/impressum-2\/"},"modified":"2024-05-17T11:11:19","modified_gmt":"2024-05-17T09:11:19","slug":"avtryck-2","status":"publish","type":"page","link":"https:\/\/pilluwear.com\/sv\/avtryck-2\/","title":{"rendered":"Avtryck"},"content":{"rendered":"<!-- Legal document generated by Complianz | GDPR\/CCPA Cookie Consent https:\/\/wordpress.org\/plugins\/complianz-gdpr -->\n<div id=\"cmplz-document\" class=\"cmplz-document impressum cmplz-document-all\"><p><i>Det h\u00e4r avtrycket uppdaterades senast den 21. september 2025.<\/i><\/p><p class=\"cmplz-subtitle\">Allt handlar om webbplatsen:<\/p><p>pilluwear e.U. e.U<br>Handelskajen 98a<br \/>\n1200 Wien<br>\u00d6sterrike<br>E-post:&nbsp;<span class=\"cmplz-obfuscate\">&#114;u&#115;&#108;a&#110;@<span class=\"cmplz-fmail-domain\">ex.com<\/span>&#112;illu&#119;&#101;&#097;r.&#099;&#111;m<\/span><br>Telefonnummer: +4367762418750<br><\/p><p class=\"cmplz-subtitle\">Den lagliga f\u00f6retr\u00e4daren (de lagliga f\u00f6retr\u00e4darna) f\u00f6r pilluwear e.U. e.U:<\/p><p>Ruslan Wacker<\/p><h2>1. allm\u00e4nst<\/h2><p>Vi varken vill eller kan tillhandah\u00e5lla information om konsumentbeteende i omr\u00e5det f\u00f6r servicel\u00f6sningen.<\/p><h2>2. tillhandah\u00e5llandet av information \u00e4r obligatoriskt enligt till\u00e4mplig lagstiftning.<\/h2><\/div>","protected":false},"excerpt":{"rendered":"","protected":false},"author":1,"featured_media":0,"parent":0,"menu_order":0,"comment_status":"closed","ping_status":"closed","template":"","meta":{"_uag_custom_page_level_css":"","_uf_show_specific_survey":0,"_uf_disable_surveys":false,"_themeisle_gutenberg_block_has_review":false,"footnotes":""},"class_list":["post-6146","page","type-page","status-publish","hentry"],"aioseo_notices":[],"uagb_featured_image_src":{"full":false,"thumbnail":false,"medium":false,"medium_large":false,"large":false,"1536x1536":false,"2048x2048":false,"trp-custom-language-flag":false,"woocommerce_thumbnail":false,"woocommerce_single":false,"woocommerce_gallery_thumbnail":false},"uagb_author_info":{"display_name":"pilluwear.com","author_link":"https:\/\/pilluwear.com\/sv\/author\/pilluwear-com\/"},"uagb_comment_info":0,"uagb_excerpt":null,"jetpack_sharing_enabled":true,"_links":{"self":[{"href":"https:\/\/pilluwear.com\/sv\/wp-json\/wp\/v2\/pages\/6146","targetHints":{"allow":["GET"]}}],"collection":[{"href":"https:\/\/pilluwear.com\/sv\/wp-json\/wp\/v2\/pages"}],"about":[{"href":"https:\/\/pilluwear.com\/sv\/wp-json\/wp\/v2\/types\/page"}],"author":[{"embeddable":true,"href":"https:\/\/pilluwear.com\/sv\/wp-json\/wp\/v2\/users\/1"}],"replies":[{"embeddable":true,"href":"https:\/\/pilluwear.com\/sv\/wp-json\/wp\/v2\/comments?post=6146"}],"version-history":[{"count":0,"href":"https:\/\/pilluwear.com\/sv\/wp-json\/wp\/v2\/pages\/6146\/revisions"}],"wp:attachment":[{"href":"https:\/\/pilluwear.com\/sv\/wp-json\/wp\/v2\/media?parent=6146"}],"curies":[{"name":"wp","href":"https:\/\/api.w.org\/{rel}","templated":true}]}}