{"id":6145,"date":"2024-05-17T11:11:19","date_gmt":"2024-05-17T09:11:19","guid":{"rendered":"https:\/\/pilluwear.com\/datenschutzerklaerung-eu\/"},"modified":"2024-05-17T11:11:19","modified_gmt":"2024-05-17T09:11:19","slug":"dataskyddsdeklaration-eu","status":"publish","type":"page","link":"https:\/\/pilluwear.com\/sv\/dataskyddsdeklaration-eu\/","title":{"rendered":"Integritetspolicy (EU)"},"content":{"rendered":"<!-- Legal document generated by Complianz | GDPR\/CCPA Cookie Consent https:\/\/wordpress.org\/plugins\/complianz-gdpr -->\n<div id=\"cmplz-document\" class=\"cmplz-document privacy-statement cmplz-document-eu\"><h2>1. syfte, uppgifter och lagringsperiod<\/h2>Du kan samla in eller l\u00e4mna personuppgifter f\u00f6r ett alternativt system som \u00e4r kopplat till din aff\u00e4rsverksamhet och som kan omfatta: (klicka f\u00f6r att expandera)<details class=\"cmplz-dropdown dropdown-privacy-statement\"><summary><div><h3>1.1 Kontakt - via telefon, post, e-post och\/eller webbformul\u00e4r<\/h3><\/div><\/summary><p class=\"cmplz-subtitle\">F\u00f6r detta system \u00e4ndrar vi f\u00f6ljande data:<\/p><p><ul><li>Ett f\u00f6r-och efternamn<\/li><li>Kontonamn eller alias<\/li><li>En hemvist eller annan fysisk adress inklusive namn och adress i staden<\/li><li>En e-postadress<\/li><li>Ett telefonnummer<\/li><li>Datum f\u00f6r publicering<\/li><\/ul><\/p><p class=\"cmplz-subtitle\">Anledningen till detta \u00e4r att vi kan behandla dessa substanser:<\/p><p><a target=\"_blank\" rel=\"noopener noreferrer nofollow\" href=\"https:\/\/cookiedatabase.org\/legal-bases\/#agreement\">Det \u00e4r n\u00f6dv\u00e4ndigt f\u00f6r att ing\u00e5 ett avtal eller l\u00e4mna in en ans\u00f6kan i samband med ett avtal som den registrerade parten \u00e4r inblandad i<\/a><\/p><p class=\"cmplz-subtitle\">Lagringsperiod<\/p><p>Vi h\u00e5ller denna information s\u00e4ker.<\/p><\/details><details class=\"cmplz-dropdown dropdown-privacy-statement\"><summary><div><h3>1.2 Betalningar<\/h3><\/div><\/summary><p class=\"cmplz-subtitle\">F\u00f6r detta system \u00e4ndrar vi f\u00f6ljande data:<\/p><p><ul><li>Ett f\u00f6r-och efternamn<\/li><li>En hemvist eller annan fysisk adress inklusive namn och adress i staden<\/li><li>Kontonamn eller alias<\/li><li>En e-postadress<\/li><li>Finansiell information s\u00e5som bankkontonummer eller kreditkortsnummer<\/li><\/ul><\/p><p class=\"cmplz-subtitle\">Anledningen till detta \u00e4r att vi kan behandla dessa substanser:<\/p><p><a target=\"_blank\" rel=\"noopener noreferrer nofollow\" href=\"https:\/\/cookiedatabase.org\/legal-bases\/#agreement\">Det \u00e4r n\u00f6dv\u00e4ndigt f\u00f6r att ing\u00e5 ett avtal eller l\u00e4mna in en ans\u00f6kan i samband med ett avtal som den registrerade parten \u00e4r inblandad i<\/a><\/p><p class=\"cmplz-subtitle\">Lagringsperiod<\/p><p>Vi h\u00e5ller denna information s\u00e4ker.<\/p><\/details><details class=\"cmplz-dropdown dropdown-privacy-statement\"><summary><div><h3>1.3 Registrera ett konto<\/h3><\/div><\/summary><p class=\"cmplz-subtitle\">F\u00f6r detta system \u00e4ndrar vi f\u00f6ljande data:<\/p><p><ul><li>Ett f\u00f6r-och efternamn<\/li><li>Kontonamn eller alias<\/li><li>En hemvist eller annan fysisk adress inklusive namn och adress i staden<\/li><li>En e-postadress<\/li><li>Ett telefonnummer<\/li><li>Finansiell information s\u00e5som bankkontonummer eller kreditkortsnummer<\/li><li>IP-adress<\/li><\/ul><\/p><p class=\"cmplz-subtitle\">Anledningen till detta \u00e4r att vi kan behandla dessa substanser:<\/p><p><a target=\"_blank\" rel=\"noopener noreferrer nofollow\" href=\"https:\/\/cookiedatabase.org\/legal-bases\/#agreement\">Det \u00e4r n\u00f6dv\u00e4ndigt f\u00f6r att ing\u00e5 ett avtal eller l\u00e4mna in en ans\u00f6kan i samband med ett avtal som den registrerade parten \u00e4r inblandad i<\/a><\/p><p class=\"cmplz-subtitle\">Lagringsperiod<\/p><p>Vi h\u00e5ller denna information s\u00e4ker.<\/p><\/details><details class=\"cmplz-dropdown dropdown-privacy-statement\"><summary><div><h3>1,4 Nyhetsbrev<\/h3><\/div><\/summary><p class=\"cmplz-subtitle\">F\u00f6r detta system \u00e4ndrar vi f\u00f6ljande data:<\/p><p><ul><li>Ett f\u00f6r-och efternamn<\/li><li>En e-postadress<\/li><\/ul><\/p><p class=\"cmplz-subtitle\">Anledningen till detta \u00e4r att vi kan behandla dessa substanser:<\/p><p><a target=\"_blank\" rel=\"noopener noreferrer nofollow\" href=\"https:\/\/cookiedatabase.org\/legal-bases\/#agreement\">Det \u00e4r n\u00f6dv\u00e4ndigt f\u00f6r att ing\u00e5 ett avtal eller l\u00e4mna in en ans\u00f6kan i samband med ett avtal som den registrerade parten \u00e4r inblandad i<\/a><\/p><p class=\"cmplz-subtitle\">Lagringsperiod<\/p><p>Vi h\u00e5ller denna information s\u00e4ker.<\/p><\/details><details class=\"cmplz-dropdown dropdown-privacy-statement\"><summary><div><h3>1.5 I syfte att ange namnet p\u00e5 kunden eller den produkt som en kund kan eller har k\u00f6pt<\/h3><\/div><\/summary><p class=\"cmplz-subtitle\">F\u00f6r detta system \u00e4ndrar vi f\u00f6ljande data:<\/p><p><ul><li>Ett f\u00f6r-och efternamn<\/li><li>Kontonamn eller alias<\/li><li>En hemvist eller annan fysisk adress inklusive namn och adress i staden<\/li><li>En e-postadress<\/li><li>Kungar<\/li><li>Finansiell information s\u00e5som bankkontonummer eller kreditkortsnummer<\/li><\/ul><\/p><p class=\"cmplz-subtitle\">Anledningen till detta \u00e4r att vi kan behandla dessa substanser:<\/p><p><a target=\"_blank\" rel=\"noopener noreferrer nofollow\" href=\"https:\/\/cookiedatabase.org\/legal-bases\/#agreement\">Det \u00e4r n\u00f6dv\u00e4ndigt f\u00f6r att ing\u00e5 ett avtal eller l\u00e4mna in en ans\u00f6kan i samband med ett avtal som den registrerade parten \u00e4r inblandad i<\/a><\/p><p class=\"cmplz-subtitle\">Lagringsperiod<\/p><p>Vi h\u00e5ller denna information s\u00e4ker.<\/p><\/details><details class=\"cmplz-dropdown dropdown-privacy-statement\"><summary><div><h3>1.6 Samla in och analysera statistik f\u00f6r webbplatsen.<\/h3><\/div><\/summary><p class=\"cmplz-subtitle\">F\u00f6r detta system \u00e4ndrar vi f\u00f6ljande data:<\/p><p><ul><li>Geolokaliseringsdata<\/li><li>Kommersiell information, inklusive register \u00f6ver personuppgifter, produkter eller tj\u00e4nster som k\u00f6pts, mottagits eller s\u00e5lts<\/li><li>IP-adress<\/li><\/ul><\/p><p class=\"cmplz-subtitle\">Anledningen till detta \u00e4r att vi kan behandla dessa substanser:<\/p><p><a target=\"_blank\" rel=\"noopener noreferrer nofollow\" href=\"https:\/\/cookiedatabase.org\/legal-bases\/#consent\">Efter att insamlingen har slutf\u00f6rts.<\/a><\/p><p class=\"cmplz-subtitle\">Lagringsperiod<\/p><p>Vi h\u00e5ller denna information s\u00e4ker.<\/p><\/details><details class=\"cmplz-dropdown dropdown-privacy-statement\"><summary><div><h3>1.7 Bilagor eller data med tre delar<\/h3><\/div><\/summary><p class=\"cmplz-subtitle\">F\u00f6r detta system \u00e4ndrar vi f\u00f6ljande data:<\/p><p><ul><li>Ett f\u00f6r-och efternamn<\/li><li>En hemvist eller annan fysisk adress inklusive namn och adress i staden<\/li><li>En e-postadress<\/li><li>Finansiell information s\u00e5som bankkontonummer eller kreditkortsnummer<\/li><li>Kommersiell information, inklusive register \u00f6ver personuppgifter, produkter eller tj\u00e4nster som k\u00f6pts, mottagits eller s\u00e5lts<\/li><\/ul><\/p><p class=\"cmplz-subtitle\">Anledningen till detta \u00e4r att vi kan behandla dessa substanser:<\/p><p><a target=\"_blank\" rel=\"noopener noreferrer nofollow\" href=\"https:\/\/cookiedatabase.org\/legal-bases\/#agreement\">Det \u00e4r n\u00f6dv\u00e4ndigt f\u00f6r att ing\u00e5 ett avtal eller l\u00e4mna in en ans\u00f6kan i samband med ett avtal som den registrerade parten \u00e4r inblandad i<\/a><\/p><p class=\"cmplz-subtitle\">Lagringsperiod<\/p><p>Vi lagrar denna information i f\u00f6ljande dimensioner: 6<\/p><\/details><details class=\"cmplz-dropdown dropdown-privacy-statement\"><summary><div><h3>1,8 Leveranser<\/h3><\/div><\/summary><p class=\"cmplz-subtitle\">F\u00f6r detta system \u00e4ndrar vi f\u00f6ljande data:<\/p><p><ul><li>Ett f\u00f6r-och efternamn<\/li><li>En hemvist eller annan fysisk adress inklusive namn och adress i staden<\/li><li>En e-postadress<\/li><li>Ett telefonnummer<\/li><li>Kommersiell information, inklusive register \u00f6ver personuppgifter, produkter eller tj\u00e4nster som k\u00f6pts, mottagits eller s\u00e5lts<\/li><\/ul><\/p><p class=\"cmplz-subtitle\">Anledningen till detta \u00e4r att vi kan behandla dessa substanser:<\/p><p><a target=\"_blank\" rel=\"noopener noreferrer nofollow\" href=\"https:\/\/cookiedatabase.org\/legal-bases\/#agreement\">Det \u00e4r n\u00f6dv\u00e4ndigt f\u00f6r att ing\u00e5 ett avtal eller l\u00e4mna in en ans\u00f6kan i samband med ett avtal som den registrerade parten \u00e4r inblandad i<\/a><\/p><p class=\"cmplz-subtitle\">Lagringsperiod<\/p><p>Vi h\u00e5ller denna information s\u00e4ker.<\/p><\/details><\/div>","protected":false},"excerpt":{"rendered":"","protected":false},"author":1,"featured_media":0,"parent":0,"menu_order":0,"comment_status":"closed","ping_status":"closed","template":"","meta":{"_uag_custom_page_level_css":"","_uf_show_specific_survey":0,"_uf_disable_surveys":false,"_themeisle_gutenberg_block_has_review":false,"footnotes":""},"class_list":["post-6145","page","type-page","status-publish","hentry"],"aioseo_notices":[],"uagb_featured_image_src":{"full":false,"thumbnail":false,"medium":false,"medium_large":false,"large":false,"1536x1536":false,"2048x2048":false,"trp-custom-language-flag":false,"woocommerce_thumbnail":false,"woocommerce_single":false,"woocommerce_gallery_thumbnail":false},"uagb_author_info":{"display_name":"pilluwear.com","author_link":"https:\/\/pilluwear.com\/sv\/author\/pilluwear-com\/"},"uagb_comment_info":0,"uagb_excerpt":null,"jetpack_sharing_enabled":true,"_links":{"self":[{"href":"https:\/\/pilluwear.com\/sv\/wp-json\/wp\/v2\/pages\/6145","targetHints":{"allow":["GET"]}}],"collection":[{"href":"https:\/\/pilluwear.com\/sv\/wp-json\/wp\/v2\/pages"}],"about":[{"href":"https:\/\/pilluwear.com\/sv\/wp-json\/wp\/v2\/types\/page"}],"author":[{"embeddable":true,"href":"https:\/\/pilluwear.com\/sv\/wp-json\/wp\/v2\/users\/1"}],"replies":[{"embeddable":true,"href":"https:\/\/pilluwear.com\/sv\/wp-json\/wp\/v2\/comments?post=6145"}],"version-history":[{"count":0,"href":"https:\/\/pilluwear.com\/sv\/wp-json\/wp\/v2\/pages\/6145\/revisions"}],"wp:attachment":[{"href":"https:\/\/pilluwear.com\/sv\/wp-json\/wp\/v2\/media?parent=6145"}],"curies":[{"name":"wp","href":"https:\/\/api.w.org\/{rel}","templated":true}]}}