{"id":6123,"date":"2024-05-17T09:15:49","date_gmt":"2024-05-17T07:15:49","guid":{"rendered":"https:\/\/pilluwear.com\/widerrufsbelehrung\/"},"modified":"2025-03-16T11:36:28","modified_gmt":"2025-03-16T10:36:28","slug":"avbokningsregler","status":"publish","type":"page","link":"https:\/\/pilluwear.com\/sv\/avbokningsregler\/","title":{"rendered":"Avbokningsregler"},"content":{"rendered":"<h3>\u00c5ngerr\u00e4tt f\u00f6r konsumenter<\/h3>\n<p>(En konsument \u00e4r en fysisk person som ing\u00e5r en r\u00e4ttshandling f\u00f6r \u00e4ndam\u00e5l som faller utanf\u00f6r den egna n\u00e4rings- eller yrkesverksamheten).<\/p>\n<h1>Avbokningsregler<\/h1>\n<h3>R\u00e4tt till avbest\u00e4llning<\/h3>\n<p>Du har r\u00e4tt att s\u00e4ga upp detta avtal inom fjorton dagar utan att ange n\u00e5got sk\u00e4l.<\/p>\n<p>Avbest\u00e4llningsperioden \u00e4r fjorton dagar fr\u00e5n datumet,<\/p>\n<ul>\n<li>d\u00e4r du eller en av dig utsedd tredje part, som inte \u00e4r transport\u00f6r, har eller har tagit godset i besittning, f\u00f6rutsatt att du har best\u00e4llt ett eller flera gods som en del av en enda best\u00e4llning och att dessa levereras eller kommer att levereras enhetligt, eller<\/li>\n<li>d\u00e5 du eller en tredje part som du har utsett och som inte \u00e4r transport\u00f6r har tagit det sista godset i besittning, f\u00f6rutsatt att du har best\u00e4llt flera varor som en del av en enda best\u00e4llning och dessa levereras separat, eller<\/li>\n<li>d\u00e5 du eller en av dig utsedd tredje part, som inte \u00e4r transport\u00f6r, har tagit den sista delf\u00f6rs\u00e4ndelsen eller den sista styckningen i besittning, om du har best\u00e4llt gods som levereras i flera delf\u00f6rs\u00e4ndelser eller styckningar, eller<\/li>\n<li>d\u00e5 du eller en tredje part som du har utsett och som inte \u00e4r transport\u00f6r har tagit det f\u00f6rsta godset i besittning, f\u00f6rutsatt att ni har ing\u00e5tt ett avtal om regelbunden leverans av gods under en best\u00e4md tidsperiod.<\/li>\n<\/ul>\n<p>\nF\u00f6r att ut\u00f6va \u00e5ngerr\u00e4tten m\u00e5ste du informera oss (pilluwear e.U, Handelskai 98a\/59, 1200 Wien, \u00d6sterrike, telefonnummer: +4367762418750, e-postadress: ruslan@pilluwear.com) om ditt beslut att s\u00e4ga upp detta avtal genom ett tydligt uttalande (t.ex. ett brev som skickas med post, e-post). Du kan anv\u00e4nda det bifogade formul\u00e4ret f\u00f6r upps\u00e4gning, men det \u00e4r inte obligatoriskt.<\/p>\n<p>F\u00f6r att iaktta \u00e5ngerfristen r\u00e4cker det att du skickar ditt meddelande om att du utnyttjar din \u00e5ngerr\u00e4tt innan \u00e5ngerfristen l\u00f6per ut.<\/p>\n<h3>Konsekvenser av upps\u00e4gning<\/h3>\n<p>Om du fr\u00e5ntr\u00e4der detta avtal ska vi \u00e5terbetala alla betalningar som vi mottagit fr\u00e5n dig, inklusive leveranskostnader (med undantag f\u00f6r extra kostnader till f\u00f6ljd av ditt val av en annan typ av leverans \u00e4n den billigaste typen av standardleverans som vi erbjuder), utan on\u00f6digt dr\u00f6jsm\u00e5l och under alla omst\u00e4ndigheter senast 14 dagar fr\u00e5n den dag d\u00e5 vi informerades om ditt beslut att fr\u00e5ntr\u00e4da detta avtal. Vid denna \u00e5terbetalning anv\u00e4nder vi samma betalningsmedel som du anv\u00e4nde vid den ursprungliga transaktionen, s\u00e5vida vi inte uttryckligen kommit \u00f6verens om n\u00e5got annat med dig; du debiteras inte i n\u00e5got fall n\u00e5gra avgifter f\u00f6r denna \u00e5terbetalning.<\/p>\n<p>Vi kan v\u00e4gra att \u00e5terbetala dig f\u00f6rr\u00e4n vi har f\u00e5tt tillbaka varorna eller tills du har l\u00e4mnat bevis p\u00e5 att du har returnerat varorna, beroende p\u00e5 vilket som intr\u00e4ffar tidigast.<\/p>\n<\/p>\n<p>Du ska omedelbart och senast fjorton dagar fr\u00e5n den dag d\u00e5 du informerar oss om att du fr\u00e5ntr\u00e4der detta avtal returnera eller l\u00e4mna \u00f6ver varorna till adressen p\u00e5 returetiketten. Tidsfristen \u00e4r uppfylld om du skickar varorna innan perioden p\u00e5 fjorton dagar har l\u00f6pt ut.<\/p>\n<\/p>\n<p>Vi st\u00e5r f\u00f6r kostnaderna f\u00f6r att returnera varan. <\/p>\n<p>Du beh\u00f6ver endast betala f\u00f6r eventuell v\u00e4rdeminskning p\u00e5 varorna om v\u00e4rdeminskningen beror p\u00e5 hantering av varorna som inte \u00e4r n\u00f6dv\u00e4ndig f\u00f6r att kontrollera deras skick, egenskaper och funktionalitet.<\/p>\n<\/ul>\n<h2>Exempel p\u00e5 avbokningsformul\u00e4r<\/h2>\n<p>(Om du vill s\u00e4ga upp avtalet, v\u00e4nligen fyll i och returnera detta formul\u00e4r).<\/p>\n<p>- Till<\/p>\n<p>pilluwear e.U, Handelskai 98a\/59, 1200 Wien, \u00d6sterrike, telefonnummer: +4367762418750, e-postadress: ruslan@pilluwear.com<\/p>\n<p>- Jag\/vi (*) h\u00e4ver h\u00e4rmed det avtal som ing\u00e5tts av mig\/oss (*) om k\u00f6p av f\u00f6ljande varor (*)\/tillhandah\u00e5llande av f\u00f6ljande tj\u00e4nster (*)<\/p>\n<p>- Best\u00e4lld den (*) \/ mottagen den (*)<\/p>\n<p>- Konsumentens\/konsumenternas namn<\/p>\n<p>- Konsumentens\/konsumenternas adress<\/p>\n<p>- Konsumentens\/konsumenternas namnteckning (endast f\u00f6r anm\u00e4lan p\u00e5 papper)<\/p>\n<p>- datum<\/p>\n<p>___________<br \/>\n(*) Stryk det som inte \u00e4r till\u00e4mpligt.<\/p>","protected":false},"excerpt":{"rendered":"<p>Widerrufsrecht f\u00fcr Verbraucher (Verbraucher ist jede nat\u00fcrliche Person, die ein Rechtsgesch\u00e4ft zu Zwecken abschlie\u00dft, die \u00fcberwiegend weder ihrer gewerblichen noch ihrer selbstst\u00e4ndigen beruflichen T\u00e4tigkeit zugerechnet werden kann.) Widerrufsbelehrung Widerrufsrecht Sie haben das Recht, binnen vierzehn Tagen ohne Angabe von Gr\u00fcnden diesen Vertrag zu widerrufen. Die Widerrufsfrist betr\u00e4gt vierzehn Tage ab dem Tag, an dem Sie [&hellip;]<\/p>","protected":false},"author":1,"featured_media":0,"parent":0,"menu_order":0,"comment_status":"closed","ping_status":"closed","template":"","meta":{"_uag_custom_page_level_css":"","_uf_show_specific_survey":0,"_uf_disable_surveys":false,"_themeisle_gutenberg_block_has_review":false,"footnotes":""},"class_list":["post-6123","page","type-page","status-publish","hentry"],"aioseo_notices":[],"uagb_featured_image_src":{"full":false,"thumbnail":false,"medium":false,"medium_large":false,"large":false,"1536x1536":false,"2048x2048":false,"trp-custom-language-flag":false,"woocommerce_thumbnail":false,"woocommerce_single":false,"woocommerce_gallery_thumbnail":false},"uagb_author_info":{"display_name":"pilluwear.com","author_link":"https:\/\/pilluwear.com\/sv\/author\/pilluwear-com\/"},"uagb_comment_info":0,"uagb_excerpt":"Widerrufsrecht f\u00fcr Verbraucher (Verbraucher ist jede nat\u00fcrliche Person, die ein Rechtsgesch\u00e4ft zu Zwecken abschlie\u00dft, die \u00fcberwiegend weder ihrer gewerblichen noch ihrer selbstst\u00e4ndigen beruflichen T\u00e4tigkeit zugerechnet werden kann.) Widerrufsbelehrung Widerrufsrecht Sie haben das Recht, binnen vierzehn Tagen ohne Angabe von Gr\u00fcnden diesen Vertrag zu widerrufen. Die Widerrufsfrist betr\u00e4gt vierzehn Tage ab dem Tag, an dem Sie&hellip;","jetpack_sharing_enabled":true,"_links":{"self":[{"href":"https:\/\/pilluwear.com\/sv\/wp-json\/wp\/v2\/pages\/6123","targetHints":{"allow":["GET"]}}],"collection":[{"href":"https:\/\/pilluwear.com\/sv\/wp-json\/wp\/v2\/pages"}],"about":[{"href":"https:\/\/pilluwear.com\/sv\/wp-json\/wp\/v2\/types\/page"}],"author":[{"embeddable":true,"href":"https:\/\/pilluwear.com\/sv\/wp-json\/wp\/v2\/users\/1"}],"replies":[{"embeddable":true,"href":"https:\/\/pilluwear.com\/sv\/wp-json\/wp\/v2\/comments?post=6123"}],"version-history":[{"count":2,"href":"https:\/\/pilluwear.com\/sv\/wp-json\/wp\/v2\/pages\/6123\/revisions"}],"predecessor-version":[{"id":23766,"href":"https:\/\/pilluwear.com\/sv\/wp-json\/wp\/v2\/pages\/6123\/revisions\/23766"}],"wp:attachment":[{"href":"https:\/\/pilluwear.com\/sv\/wp-json\/wp\/v2\/media?parent=6123"}],"curies":[{"name":"wp","href":"https:\/\/api.w.org\/{rel}","templated":true}]}}