{"id":6122,"date":"2024-05-17T09:15:49","date_gmt":"2024-05-17T07:15:49","guid":{"rendered":"https:\/\/pilluwear.com\/agb\/"},"modified":"2024-05-19T16:21:08","modified_gmt":"2024-05-19T14:21:08","slug":"agb","status":"publish","type":"page","link":"https:\/\/pilluwear.com\/sv\/agb\/","title":{"rendered":"GTC"},"content":{"rendered":"<h1>Allm\u00e4nna villkor och best\u00e4mmelser<\/h1>\n<h3>1 \u00a7 Giltighet, definitioner av begrepp<\/h3>\n<p>(1) Pilluwear e.U., Handelskai 98a\/59, 1200 Wien, \u00d6sterrike (nedan kallad \"vi\" eller \"pilluwear\") driver en onlinebutik f\u00f6r varor p\u00e5 webbplatsen https:\/\/pilluwear.com. F\u00f6ljande allm\u00e4nna villkor g\u00e4ller f\u00f6r alla tj\u00e4nster mellan oss och v\u00e5ra kunder (nedan: \"kund\" eller \"du\") i den version som g\u00e4ller vid best\u00e4llningstillf\u00e4llet, s\u00e5vida inte annat uttryckligen avtalats.<\/p>\n<p>(2) \"Konsument\" i den mening som avses i dessa villkor \u00e4r varje fysisk person som ing\u00e5r en juridisk transaktion f\u00f6r \u00e4ndam\u00e5l som huvudsakligen ligger utanf\u00f6r deras handel, verksamhet eller yrke. \"Entrepren\u00f6r\" \u00e4r en fysisk eller juridisk person eller ett partnerskap med juridisk kapacitet som, n\u00e4r de ing\u00e5r en juridisk transaktion, agerar i ut\u00f6vandet av sin kommersiella eller oberoende yrkesverksamhet, varvid ett partnerskap med juridisk kapacitet \u00e4r ett partnerskap med kapacitet att f\u00f6rv\u00e4rva r\u00e4ttigheter och ing\u00e5 skyldigheter.<\/p>\n<h3>2 \u00a7 Ing\u00e5ende av avtal, lagring av avtalstexten<\/h3>\n<p>(1) F\u00f6ljande best\u00e4mmelser om ing\u00e5ende av avtal g\u00e4ller f\u00f6r best\u00e4llningar som g\u00f6rs via v\u00e5r webbshop p\u00e5 https:\/\/pilluwear.com.<\/p>\n<p>(2) V\u00e5ra produktpresentationer p\u00e5 Internet \u00e4r icke-bindande och utg\u00f6r inte ett bindande erbjudande om att ing\u00e5 ett avtal.<\/p>\n<p>(3) Vid mottagande av en best\u00e4llning i v\u00e5r webbutik g\u00e4ller f\u00f6ljande best\u00e4mmelser: Kunden l\u00e4mnar ett bindande avtalserbjudande genom att framg\u00e5ngsrikt slutf\u00f6ra det best\u00e4llningsf\u00f6rfarande som tillhandah\u00e5lls i v\u00e5r onlinebutik. Best\u00e4llningen g\u00f6rs i f\u00f6ljande steg:<\/p>\n<ol>\n<li>Urval av \u00f6nskade varor,<\/li>\n<li>L\u00e4gg till produkterna genom att klicka p\u00e5 motsvarande knapp (t.ex. \"L\u00e4gg till i varukorgen\", \"L\u00e4gg till i shoppingv\u00e4skan\" eller liknande),<\/li>\n<li>Kontrollera uppgifterna i kundkorgen,<\/li>\n<li>H\u00e4mta order\u00f6versikten genom att klicka p\u00e5 motsvarande knapp (t.ex. \"Forts\u00e4tt till kassan\", \"Forts\u00e4tt till betalning\", \"Till order\u00f6versikt\" eller liknande),<\/li>\n<li>Inmatning\/verifiering av adress- och kontaktuppgifter, val av betalningsmetod, bekr\u00e4ftelse av allm\u00e4nna villkor och avbokningsregler,<\/li>\n<li>Om den avtalade kvaliteten p\u00e5 varorna avviker fr\u00e5n deras vanliga kvalitet och anv\u00e4ndningsf\u00f6rh\u00e5llanden, bekr\u00e4ftelse av ett negativt kvalitetsavtal,<\/li>\n<li>Slutf\u00f6ra best\u00e4llningen genom att trycka p\u00e5 knappen \"K\u00f6p nu\". Detta utg\u00f6r din bindande best\u00e4llning.<\/li>\n<li>Avtalet ing\u00e5s n\u00e4r du inom tre arbetsdagar f\u00e5r en orderbekr\u00e4ftelse fr\u00e5n oss till den e-postadress som du har angett.<\/li>\n<\/ol>\n<p>(4) Om avtalet ing\u00e5s, ing\u00e5s avtalet med Pilluwear e.U., Handelskai 98a\/59, 1200 Wien, \u00d6sterrike.<\/p>\n<p>(5) Innan best\u00e4llningen g\u00f6rs kan avtalsuppgifterna skrivas ut eller sparas elektroniskt med hj\u00e4lp av webbl\u00e4sarens utskriftsfunktion. Behandlingen av best\u00e4llningen och \u00f6verf\u00f6ringen av all information som kr\u00e4vs i samband med ing\u00e5endet av avtalet, s\u00e4rskilt best\u00e4llningsuppgifterna, de allm\u00e4nna villkoren och avbokningsreglerna, sker via e-post efter att du har lagt best\u00e4llningen, i vissa fall automatiskt. Vi sparar inte avtalstexten efter det att avtalet har ing\u00e5tts.<\/p>\n<p>(6) Inmatningsfel kan korrigeras med hj\u00e4lp av vanliga tangentbords-, mus- och webbl\u00e4sarfunktioner (t.ex. webbl\u00e4sarens \"bak\u00e5tknapp\"). De kan ocks\u00e5 korrigeras genom att orderprocessen avbryts i f\u00f6rtid, webbl\u00e4sarf\u00f6nstret st\u00e4ngs och processen upprepas.<\/p>\n<p>(7) Behandlingen av best\u00e4llningen och \u00f6verf\u00f6ringen av all information som kr\u00e4vs i samband med ing\u00e5endet av avtalet \u00e4r delvis automatiserad via e-post. Du m\u00e5ste d\u00e4rf\u00f6r se till att den e-postadress du har angett till oss \u00e4r korrekt, att mottagandet av e-postmeddelanden \u00e4r tekniskt s\u00e4kerst\u00e4llt och i synnerhet att det inte f\u00f6rhindras av SPAM-filter.<\/p>\n<h3>3 \u00a7 Avtalsf\u00f6rem\u00e5l och produkternas v\u00e4sentliga egenskaper<\/h3>\n<p>(1) F\u00f6rem\u00e5let f\u00f6r avtalet \u00e4r v\u00e5r onlinebutik:<\/p>\n<ol style=\"list-style-type: lower-alpha\">\n<li>F\u00f6rs\u00e4ljning av varor. De specifika varor som erbjuds finns p\u00e5 v\u00e5ra produktsidor.<\/li>\n<\/ol>\n<p>(2) Varans v\u00e4sentliga egenskaper framg\u00e5r av varubeskrivningen. Om den avtalade kvaliteten p\u00e5 varorna avviker fr\u00e5n deras vanliga kvalitet och anv\u00e4ndningsf\u00f6rh\u00e5llanden, ska detta uttryckligen anges i artikelbeskrivningen (negativt kvalitetsavtal). I den m\u00e5n kunden har gett sitt uttryckliga samtycke till den negativa kvalitetsavvikelsen, definierar detta avtalsf\u00f6rem\u00e5let.<\/p>\n<h3>4 \u00a7 Priser, fraktkostnader och leverans<\/h3>\n<p>(1) De priser som anges i respektive erbjudande samt fraktkostnaderna \u00e4r totalpriser och inkluderar alla priskomponenter inklusive alla till\u00e4mpliga skatter.<\/p>\n<p>(2) K\u00f6peskillingen ska betalas f\u00f6re leverans av varan (f\u00f6rskottsbetalning), s\u00e5vida vi inte uttryckligen erbjuder k\u00f6p p\u00e5 faktura. De betalningsmetoder som \u00e4r tillg\u00e4ngliga f\u00f6r dig visas under en motsvarande m\u00e4rkt knapp i onlinebutiken eller i respektive erbjudande. Om inte annat anges f\u00f6r de enskilda betalningsmetoderna f\u00f6rfaller betalningskraven till betalning omedelbart.<\/p>\n<p>(3) Ut\u00f6ver de angivna priserna kan fraktkostnader tillkomma f\u00f6r leverans av produkter, s\u00e5vida inte respektive artikel \u00e4r m\u00e4rkt som fraktfri. Fraktkostnaderna kommer att kommuniceras tydligt till dig igen p\u00e5 erbjudandena, om till\u00e4mpligt i kundkorgssystemet och p\u00e5 order\u00f6versikten.<\/p>\n<p>(4) Alla produkter som erbjuds behandlas vanligtvis inom 3-7 dagar, varefter de skickas. Leveranstider f\u00f6r varor:<\/p>\n<p>Leveranstiden beror p\u00e5 var du befinner dig och ber\u00e4knas enligt f\u00f6ljande:<\/p>\n<ul>\n<li>Europa: 6 - 8 arbetsdagar<\/li>\n<li>USA: 3 - 4 arbetsdagar<\/li>\n<li>Australien: 2 - 14 arbetsdagar<\/li>\n<li>Japan: 4 - 8 arbetsdagar<\/li>\n<li>Internationellt: 10 - 20 arbetsdagar<\/li>\n<\/ul>\n<p>(5) F\u00f6ljande begr\u00e4nsningar f\u00f6r leveransomr\u00e5den g\u00e4ller: Leverans sker till f\u00f6ljande l\u00e4nder: \u00d6sterrike, Belgien, Bulgarien, Cypern, Tjeckien, Tyskland, Danmark, Estland, Spanien, Finland, Frankrike, Grekland, Kroatien, Ungern, Irland, Italien, Litauen, Luxemburg, Lettland, Malta, Nederl\u00e4nderna, Polen, Portugal, Rum\u00e4nien, Sverige, Slovenien, Slovakien.<\/p>\n<h3>5 \u00a7 \u00c5terl\u00e4mningsr\u00e4tt<\/h3>\n<p>(1) Vi arbetar med en print-on-demand-leverant\u00f6r som producerar artiklarna f\u00f6rst,<br \/>\nn\u00e4r de best\u00e4lls. F\u00f6r att undvika \u00f6verproduktion ber vi dig att skicka milj\u00f6- och<br \/>\noch att inte best\u00e4lla on\u00f6diga produkter.<br \/>\nOm det \u00e4r n\u00e5got fel p\u00e5 din best\u00e4llning kan du avbest\u00e4lla den inom 14 dagar.<br \/>\nreturneras. V\u00e4nligen meddela oss om det \u00e4r n\u00e5got fel p\u00e5 din best\u00e4llning eller om du vill returnera den.<br \/>\nom du \u00e4r missn\u00f6jd genom att kontakta oss p\u00e5 ruslan@pilluwear.com.<\/p>\n<h3>6 \u00a7 Kvarh\u00e5llander\u00e4tt, \u00e4gander\u00e4ttsf\u00f6rbeh\u00e5ll<\/h3>\n<p>(1) Du kan endast ut\u00f6va en retentionsr\u00e4tt i den m\u00e5n den avser fordringar som h\u00e4rr\u00f6r fr\u00e5n samma avtalsf\u00f6rh\u00e5llande.<\/p>\n<p>(2) Varan f\u00f6rblir v\u00e5r egendom till dess att k\u00f6peskillingen har betalats i sin helhet.<\/p>\n<h3>7 \u00a7 \u00c5ngerr\u00e4tt<\/h3>\n<p>Som konsument har du \u00e5ngerr\u00e4tt. Detta \u00e4r baserat p\u00e5 v\u00e5r <a href=\"https:\/\/pilluwear.com\/sv\/avbokningsregler\/\">Avbokningsregler<\/a>.<\/p>\n<h3>\u00a7 8 Avtalsspr\u00e5k<\/h3>\n<p>Avtalsspr\u00e5ket \u00e4r uteslutande tyska.<\/p>\n<h3>9 \u00a7 Ansvar<\/h3>\n<p>(1) Med f\u00f6rbeh\u00e5ll f\u00f6r f\u00f6ljande undantag \u00e4r v\u00e5rt ansvar f\u00f6r avtalsbrott och obeh\u00f6riga handlingar begr\u00e4nsat till upps\u00e5t eller grov v\u00e5rdsl\u00f6shet.<\/p>\n<p>(2) Vid ringa v\u00e5rdsl\u00f6shet har vi ett obegr\u00e4nsat ansvar f\u00f6r skada p\u00e5 liv, lem eller h\u00e4lsa eller vid brott mot en v\u00e4sentlig avtalsf\u00f6rpliktelse. Om vi \u00e4r i dr\u00f6jsm\u00e5l med fullg\u00f6randet p\u00e5 grund av l\u00e4tt v\u00e5rdsl\u00f6shet, om fullg\u00f6randet har blivit om\u00f6jligt eller om vi har brutit mot en v\u00e4sentlig avtalsf\u00f6rpliktelse, ska ansvaret f\u00f6r sakskador och ekonomiska f\u00f6rluster som uppst\u00e5r till f\u00f6ljd av detta begr\u00e4nsas till skadebeloppet. <strong>f\u00f6rutsebara skador som \u00e4r typiska f\u00f6r kontraktet<\/strong> begr\u00e4nsad. En v\u00e4sentlig avtalsf\u00f6rpliktelse \u00e4r en skyldighet vars uppfyllande \u00e4r avg\u00f6rande f\u00f6r att avtalet ska kunna fullg\u00f6ras korrekt, vars brott \u00e4ventyrar uppn\u00e5endet av avtalets syfte och vars uppfyllande du regelbundet kan f\u00f6rlita dig p\u00e5. Detta omfattar i synnerhet v\u00e5r skyldighet att vidta \u00e5tg\u00e4rder och fullg\u00f6ra den avtalsenliga tj\u00e4nsten, som beskrivs i \u00a7 3.<\/p>\n<h3>\u00a7 10 Garanti<\/h3>\n<p>(1) Garantin ska regleras av de lagstadgade best\u00e4mmelserna.<\/p>\n<p>(2) Garantitiden f\u00f6r varor som levereras till entrepren\u00f6rer \u00e4r 12 m\u00e5nader.<\/p>\n<p>(3) Som konsument \u00e4r du skyldig att omedelbart efter avtalets fullg\u00f6rande kontrollera varan\/den digitala varan eller den tillhandah\u00e5llna tj\u00e4nsten med avseende p\u00e5 fullst\u00e4ndighet, uppenbara fel och transportskador samt att snarast m\u00f6jligt meddela oss och transport\u00f6ren om eventuella anm\u00e4rkningar. Om du underl\u00e5ter att g\u00f6ra detta har det naturligtvis ingen inverkan p\u00e5 dina lagstadgade garantianspr\u00e5k.<\/p>\n<h3>11 \u00a7 Slutbest\u00e4mmelser\/tvistl\u00f6sning<\/h3>\n<p>(1) Tysk lag ska till\u00e4mpas. F\u00f6r konsumenter g\u00e4ller detta lagval endast i den m\u00e5n som det skydd som ges av tvingande best\u00e4mmelser i lagen i den stat d\u00e4r konsumenten har sin vanliga vistelseort inte upph\u00e4vs (f\u00f6rm\u00e5nlighetsprincipen).<\/p>\n<p>(2) Best\u00e4mmelserna i FN:s konvention om avtal vid internationella k\u00f6p av varor skall uttryckligen inte till\u00e4mpas.<\/p>\n<p>(3) Om kunden \u00e4r en n\u00e4ringsidkare, en offentligr\u00e4ttslig juridisk person eller en offentligr\u00e4ttslig specialfond, \u00e4r leverant\u00f6rens s\u00e4te beh\u00f6rig domstol f\u00f6r alla tvister som uppst\u00e5r p\u00e5 grund av avtalsf\u00f6rh\u00e5llanden mellan kunden och leverant\u00f6ren.<\/p>\n<p>(4)\n\nVi \u00e4r inte skyldiga eller villiga att delta i ett tvistl\u00f6sningsf\u00f6rfarande inf\u00f6r en konsumentskiljedomstol.<\/p>","protected":false},"excerpt":{"rendered":"<p>Allgemeine Gesch\u00e4ftsbedingungen \u00a7 1 Geltung, Begriffsdefinitionen (1) Pilluwear e.U., Handelskai 98a\/59, 1200 Wien, \u00d6sterreich (im Folgenden: \u201ewir\u201c oder \u201epilluwear\u201c) betreibt unter der Webseite https:\/\/pilluwear.com einen Online-Shop f\u00fcr Waren. Die nachfolgenden allgemeinen Gesch\u00e4ftsbedingungen gelten f\u00fcr alle Leistungen zwischen uns und unseren Kunden (im Folgenden: \u201eKunde\u201c oder \u201eSie\u201c) in ihrer zum Zeitpunkt der Bestellung g\u00fcltigen Fassung, soweit [&hellip;]<\/p>","protected":false},"author":1,"featured_media":0,"parent":0,"menu_order":0,"comment_status":"closed","ping_status":"closed","template":"","meta":{"_uag_custom_page_level_css":"","_uf_show_specific_survey":0,"_uf_disable_surveys":false,"_themeisle_gutenberg_block_has_review":false,"footnotes":""},"class_list":["post-6122","page","type-page","status-publish","hentry"],"aioseo_notices":[],"uagb_featured_image_src":{"full":false,"thumbnail":false,"medium":false,"medium_large":false,"large":false,"1536x1536":false,"2048x2048":false,"trp-custom-language-flag":false,"woocommerce_thumbnail":false,"woocommerce_single":false,"woocommerce_gallery_thumbnail":false},"uagb_author_info":{"display_name":"pilluwear.com","author_link":"https:\/\/pilluwear.com\/sv\/author\/pilluwear-com\/"},"uagb_comment_info":0,"uagb_excerpt":"Allgemeine Gesch\u00e4ftsbedingungen \u00a7 1 Geltung, Begriffsdefinitionen (1) Pilluwear e.U., Handelskai 98a\/59, 1200 Wien, \u00d6sterreich (im Folgenden: \u201ewir\u201c oder \u201epilluwear\u201c) betreibt unter der Webseite https:\/\/pilluwear.com einen Online-Shop f\u00fcr Waren. Die nachfolgenden allgemeinen Gesch\u00e4ftsbedingungen gelten f\u00fcr alle Leistungen zwischen uns und unseren Kunden (im Folgenden: \u201eKunde\u201c oder \u201eSie\u201c) in ihrer zum Zeitpunkt der Bestellung g\u00fcltigen Fassung, soweit&hellip;","jetpack_sharing_enabled":true,"_links":{"self":[{"href":"https:\/\/pilluwear.com\/sv\/wp-json\/wp\/v2\/pages\/6122","targetHints":{"allow":["GET"]}}],"collection":[{"href":"https:\/\/pilluwear.com\/sv\/wp-json\/wp\/v2\/pages"}],"about":[{"href":"https:\/\/pilluwear.com\/sv\/wp-json\/wp\/v2\/types\/page"}],"author":[{"embeddable":true,"href":"https:\/\/pilluwear.com\/sv\/wp-json\/wp\/v2\/users\/1"}],"replies":[{"embeddable":true,"href":"https:\/\/pilluwear.com\/sv\/wp-json\/wp\/v2\/comments?post=6122"}],"version-history":[{"count":4,"href":"https:\/\/pilluwear.com\/sv\/wp-json\/wp\/v2\/pages\/6122\/revisions"}],"predecessor-version":[{"id":15940,"href":"https:\/\/pilluwear.com\/sv\/wp-json\/wp\/v2\/pages\/6122\/revisions\/15940"}],"wp:attachment":[{"href":"https:\/\/pilluwear.com\/sv\/wp-json\/wp\/v2\/media?parent=6122"}],"curies":[{"name":"wp","href":"https:\/\/api.w.org\/{rel}","templated":true}]}}