{"id":23401,"date":"2024-11-07T15:09:52","date_gmt":"2024-11-07T14:09:52","guid":{"rendered":"https:\/\/pilluwear.com\/produkt\/skier-unisex-bio-pullover-2\/"},"modified":"2024-11-07T15:13:31","modified_gmt":"2024-11-07T14:13:31","slug":"%d0%be%d1%80%d0%b3%d0%b0%d0%bd%d0%b8%d1%87%d0%b5%d1%81%d0%ba%d0%b8%d0%b9-%d0%bf%d1%83%d0%bb%d0%be%d0%b2%d0%b5%d1%80-%d1%83%d0%bd%d0%b8%d1%81%d0%b5%d0%ba%d1%81-skier-2","status":"publish","type":"product","link":"https:\/\/pilluwear.com\/ru\/%d0%bf%d1%80%d0%be%d0%b4%d1%83%d0%ba%d1%82\/%d0%be%d1%80%d0%b3%d0%b0%d0%bd%d0%b8%d1%87%d0%b5%d1%81%d0%ba%d0%b8%d0%b9-%d0%bf%d1%83%d0%bb%d0%be%d0%b2%d0%b5%d1%80-%d1%83%d0%bd%d0%b8%d1%81%d0%b5%d0%ba%d1%81-skier-2\/","title":{"rendered":"Skier - \u043e\u0440\u0433\u0430\u043d\u0438\u0447\u0435\u0441\u043a\u0438\u0439 \u0434\u0436\u0435\u043c\u043f\u0435\u0440 \u0443\u043d\u0438\u0441\u0435\u043a\u0441"},"content":{"rendered":"<p>\u042d\u0442\u043e\u0442 \u043e\u0440\u0433\u0430\u043d\u0438\u0447\u0435\u0441\u043a\u0438\u0439 \u0434\u0436\u0435\u043c\u043f\u0435\u0440 \u0443\u043d\u0438\u0441\u0435\u043a\u0441 \u0438\u0437\u0433\u043e\u0442\u043e\u0432\u043b\u0435\u043d \u0438\u0437 \u043e\u0440\u0433\u0430\u043d\u0438\u0447\u0435\u0441\u043a\u0438\u0445 \u0438 \u043f\u0435\u0440\u0435\u0440\u0430\u0431\u043e\u0442\u0430\u043d\u043d\u044b\u0445 \u043c\u0430\u0442\u0435\u0440\u0438\u0430\u043b\u043e\u0432 \u0438 \u043a\u0430\u0436\u0435\u0442\u0441\u044f \u043c\u044f\u0433\u043a\u0438\u043c \u0438 \u0443\u044e\u0442\u043d\u044b\u043c. \u0423 \u043d\u0435\u0433\u043e \u0432\u0442\u0430\u0447\u043d\u044b\u0435 \u0440\u0443\u043a\u0430\u0432\u0430, 2\u00d72 \u0440\u0435\u0431\u0440\u0430 \u043d\u0430 \u0432\u043e\u0440\u043e\u0442\u043d\u0438\u043a\u0435 \u0438 \u0441\u0430\u043c\u043e\u0432\u044f\u0437\u0430\u043d\u0430\u044f \u043b\u0435\u043d\u0442\u0430 \u043d\u0430 \u0448\u0435\u0435. \u0417\u0430\u043a\u0430\u0436\u0438\u0442\u0435 \u0441\u0432\u043e\u044e \u0441\u043b\u0435\u0434\u0443\u044e\u0449\u0443\u044e \u043b\u044e\u0431\u0438\u043c\u0443\u044e \u044d\u043a\u043e\u043b\u043e\u0433\u0438\u0447\u043d\u0443\u044e \u0432\u0435\u0449\u044c \u0438 \u0441\u0442\u0438\u043b\u044c\u043d\u043e \u043f\u043e\u043a\u043e\u0440\u044f\u0439\u0442\u0435 \u0443\u043b\u0438\u0446\u044b!<\/p>\n<p>- 80% \u043e\u0440\u0433\u0430\u043d\u0438\u0447\u0435\u0441\u043a\u0438\u0439 \u0445\u043b\u043e\u043f\u043e\u043a, 20% \u043f\u0435\u0440\u0435\u0440\u0430\u0431\u043e\u0442\u0430\u043d\u043d\u044b\u0439 \u043f\u043e\u043b\u0438\u044d\u0441\u0442\u0435\u0440<br \/>\n- \u0412\u043d\u0435\u0448\u043d\u044f\u044f \u0441\u0442\u043e\u0440\u043e\u043d\u0430 100% \u043e\u0440\u0433\u0430\u043d\u0438\u0447\u0435\u0441\u043a\u0438\u0439 \u0445\u043b\u043e\u043f\u043e\u043a<br \/>\n- \u0424\u0440\u0430\u043d\u0446\u0443\u0437\u0441\u043a\u0438\u0439 \u043c\u0430\u0445\u0440\u043e\u0432\u044b\u0439 \u0442\u0440\u0438\u043a\u043e\u0442\u0430\u0436 <br \/>\n- \u0412\u0442\u0430\u0447\u043d\u044b\u0435 \u0440\u0443\u043a\u0430\u0432\u0430<br \/>\n- \u0420\u0435\u0431\u0440\u0430 2\u00d72 \u043d\u0430 \u0432\u043e\u0440\u043e\u0442\u043d\u0438\u043a\u0435<br \/>\n- \u0421\u0430\u043c\u043e\u043a\u043b\u0435\u044f\u0449\u0430\u044f\u0441\u044f \u043b\u0435\u043d\u0442\u0430 \u0434\u043b\u044f \u0448\u0435\u0438<br \/>\n- \u0411\u043b\u0430\u043d\u043a \u0438\u0437 \u0411\u0430\u043d\u0433\u043b\u0430\u0434\u0435\u0448<\/p>\n<p>\u041e\u0442\u043a\u0430\u0437 \u043e\u0442 \u043e\u0442\u0432\u0435\u0442\u0441\u0442\u0432\u0435\u043d\u043d\u043e\u0441\u0442\u0438: \u043f\u043e\u043a\u0443\u043f\u0430\u0442\u0435\u043b\u044f\u043c \u0438\u0437 \u0421\u0428\u0410 \u0441\u043b\u0435\u0434\u0443\u0435\u0442 \u0437\u0430\u043a\u0430\u0437\u044b\u0432\u0430\u0442\u044c \u043d\u0430 \u043e\u0434\u0438\u043d \u0440\u0430\u0437\u043c\u0435\u0440 \u0431\u043e\u043b\u044c\u0448\u0435, \u0442\u0430\u043a \u043a\u0430\u043a \u0440\u0430\u0437\u043c\u0435\u0440\u044b \u044d\u0442\u043e\u0433\u043e \u043f\u043e\u0441\u0442\u0430\u0432\u0449\u0438\u043a\u0430 \u0432 \u0415\u0421 \u0441\u043e\u043e\u0442\u0432\u0435\u0442\u0441\u0442\u0432\u0443\u044e\u0442 \u043c\u0435\u043d\u044c\u0448\u0438\u043c \u0440\u0430\u0437\u043c\u0435\u0440\u0430\u043c \u0432 \u0421\u0428\u0410.<\/p>","protected":false},"excerpt":{"rendered":"<p>\u042d\u0442\u043e\u0442 \u043e\u0440\u0433\u0430\u043d\u0438\u0447\u0435\u0441\u043a\u0438\u0439 \u0434\u0436\u0435\u043c\u043f\u0435\u0440 \u0443\u043d\u0438\u0441\u0435\u043a\u0441 \u0438\u0437\u0433\u043e\u0442\u043e\u0432\u043b\u0435\u043d \u0438\u0437 \u043e\u0440\u0433\u0430\u043d\u0438\u0447\u0435\u0441\u043a\u0438\u0445 \u0438 \u043f\u0435\u0440\u0435\u0440\u0430\u0431\u043e\u0442\u0430\u043d\u043d\u044b\u0445 \u043c\u0430\u0442\u0435\u0440\u0438\u0430\u043b\u043e\u0432 \u0438 \u043a\u0430\u0436\u0435\u0442\u0441\u044f \u043c\u044f\u0433\u043a\u0438\u043c \u0438 \u0443\u044e\u0442\u043d\u044b\u043c. \u0423 \u043d\u0435\u0433\u043e \u0432\u0442\u0430\u0447\u043d\u044b\u0435 \u0440\u0443\u043a\u0430\u0432\u0430, 2\u00d72 \u0440\u0435\u0431\u0440\u0430 \u043d\u0430 \u0432\u043e\u0440\u043e\u0442\u043d\u0438\u043a\u0435 \u0438 \u0441\u0430\u043c\u043e\u0432\u044f\u0437\u0430\u043d\u0430\u044f \u043b\u0435\u043d\u0442\u0430 \u043d\u0430 \u0448\u0435\u0435. \u0417\u0430\u043a\u0430\u0436\u0438\u0442\u0435 \u0441\u0432\u043e\u044e \u0441\u043b\u0435\u0434\u0443\u044e\u0449\u0443\u044e \u043b\u044e\u0431\u0438\u043c\u0443\u044e \u044d\u043a\u043e\u043b\u043e\u0433\u0438\u0447\u043d\u0443\u044e \u0432\u0435\u0449\u044c \u0438 \u0441\u0442\u0438\u043b\u044c\u043d\u043e \u043f\u043e\u043a\u043e\u0440\u044f\u0439\u0442\u0435 \u0443\u043b\u0438\u0446\u044b! - 80% \u043e\u0440\u0433\u0430\u043d\u0438\u0447\u0435\u0441\u043a\u0438\u0439 \u0445\u043b\u043e\u043f\u043e\u043a, 20% \u043f\u0435\u0440\u0435\u0440\u0430\u0431\u043e\u0442\u0430\u043d\u043d\u044b\u0439 \u043f\u043e\u043b\u0438\u044d\u0441\u0442\u0435\u0440 - 100% \u043e\u0440\u0433\u0430\u043d\u0438\u0447\u0435\u0441\u043a\u0438\u0439 \u0445\u043b\u043e\u043f\u043e\u043a \u0441\u043d\u0430\u0440\u0443\u0436\u0438 - \u0424\u0440\u0430\u043d\u0446\u0443\u0437\u0441\u043a\u0438\u0439 \u043c\u0430\u0445\u0440\u043e\u0432\u044b\u0439 \u0442\u0440\u0438\u043a\u043e\u0442\u0430\u0436 - \u0412\u0442\u0430\u0447\u043d\u044b\u0435 \u0440\u0443\u043a\u0430\u0432\u0430 [...].<\/p>","protected":false},"featured_media":23439,"comment_status":"open","ping_status":"closed","template":"","meta":{"_uag_custom_page_level_css":"","_uf_show_specific_survey":0,"_uf_disable_surveys":false,"_themeisle_gutenberg_block_has_review":false},"product_brand":[],"product_cat":[122,282],"product_tag":[],"class_list":{"0":"post-23401","1":"product","2":"type-product","3":"status-publish","4":"has-post-thumbnail","6":"product_cat-kollektionen","7":"product_cat-skier","8":"pa_farbe-bottle-green","9":"pa_farbe-deep-charcoal-grey","10":"pa_farbe-french-navy","11":"pa_farbe-grey-melange","12":"pa_farbe-koenigsblau","13":"pa_farbe-schwarz","14":"pa_farbe-weiss","15":"pa_grosse-l","16":"pa_grosse-m","17":"pa_grosse-s","18":"pa_grosse-xl","19":"pa_grosse-xxl","21":"first","22":"instock","23":"taxable","24":"shipping-taxable","25":"purchasable","26":"product-type-variable"},"aioseo_notices":[],"uagb_featured_image_src":{"full":["https:\/\/i0.wp.com\/pilluwear.com\/wp-content\/uploads\/2024\/11\/unisex-organic-sweatshirt-royal-blue-front-672cc68952e0e.jpg?fit=2000%2C2000&ssl=1",2000,2000,false],"thumbnail":["https:\/\/i0.wp.com\/pilluwear.com\/wp-content\/uploads\/2024\/11\/unisex-organic-sweatshirt-royal-blue-front-672cc68952e0e.jpg?resize=150%2C150&ssl=1",150,150,true],"medium":["https:\/\/i0.wp.com\/pilluwear.com\/wp-content\/uploads\/2024\/11\/unisex-organic-sweatshirt-royal-blue-front-672cc68952e0e.jpg?fit=300%2C300&ssl=1",300,300,true],"medium_large":["https:\/\/i0.wp.com\/pilluwear.com\/wp-content\/uploads\/2024\/11\/unisex-organic-sweatshirt-royal-blue-front-672cc68952e0e.jpg?fit=768%2C768&ssl=1",768,768,true],"large":["https:\/\/i0.wp.com\/pilluwear.com\/wp-content\/uploads\/2024\/11\/unisex-organic-sweatshirt-royal-blue-front-672cc68952e0e.jpg?fit=1024%2C1024&ssl=1",1024,1024,true],"1536x1536":["https:\/\/i0.wp.com\/pilluwear.com\/wp-content\/uploads\/2024\/11\/unisex-organic-sweatshirt-royal-blue-front-672cc68952e0e.jpg?fit=1536%2C1536&ssl=1",1536,1536,true],"2048x2048":["https:\/\/i0.wp.com\/pilluwear.com\/wp-content\/uploads\/2024\/11\/unisex-organic-sweatshirt-royal-blue-front-672cc68952e0e.jpg?fit=2000%2C2000&ssl=1",2000,2000,true],"trp-custom-language-flag":["https:\/\/i0.wp.com\/pilluwear.com\/wp-content\/uploads\/2024\/11\/unisex-organic-sweatshirt-royal-blue-front-672cc68952e0e.jpg?fit=12%2C12&ssl=1",12,12,true],"woocommerce_thumbnail":["https:\/\/i0.wp.com\/pilluwear.com\/wp-content\/uploads\/2024\/11\/unisex-organic-sweatshirt-royal-blue-front-672cc68952e0e.jpg?resize=300%2C300&ssl=1",300,300,true],"woocommerce_single":["https:\/\/i0.wp.com\/pilluwear.com\/wp-content\/uploads\/2024\/11\/unisex-organic-sweatshirt-royal-blue-front-672cc68952e0e.jpg?fit=600%2C600&ssl=1",600,600,true],"woocommerce_gallery_thumbnail":["https:\/\/i0.wp.com\/pilluwear.com\/wp-content\/uploads\/2024\/11\/unisex-organic-sweatshirt-royal-blue-front-672cc68952e0e.jpg?resize=100%2C100&ssl=1",100,100,true]},"uagb_author_info":{"display_name":"pilluwear.com","author_link":"https:\/\/pilluwear.com\/ru\/author\/"},"uagb_comment_info":0,"uagb_excerpt":"Dieser Unisex-Bio-Pullover besteht aus biologischen und recycelten Materialien und f\u00fchlt sich weich und kuschelig an. Es hat eingelassene \u00c4rmel, 2\u00d72 Rippen am Kragen und ein Nackenband aus Eigengewebe. Bestelle dein n\u00e4chstes umweltfreundliches Lieblingsteil und erobere die Stra\u00dfen mit Stil! \u2022 80% Bio-Baumwolle, 20% recyceltes Polyester \u2022 Au\u00dfen 100% Bio-Baumwolle \u2022 Franz\u00f6sischer Frotteestrick \u2022 Eingelassene \u00c4rmel&hellip;","jetpack_sharing_enabled":true,"_links":{"self":[{"href":"https:\/\/pilluwear.com\/ru\/wp-json\/wp\/v2\/product\/23401","targetHints":{"allow":["GET"]}}],"collection":[{"href":"https:\/\/pilluwear.com\/ru\/wp-json\/wp\/v2\/product"}],"about":[{"href":"https:\/\/pilluwear.com\/ru\/wp-json\/wp\/v2\/types\/product"}],"replies":[{"embeddable":true,"href":"https:\/\/pilluwear.com\/ru\/wp-json\/wp\/v2\/comments?post=23401"}],"wp:featuredmedia":[{"embeddable":true,"href":"https:\/\/pilluwear.com\/ru\/wp-json\/wp\/v2\/media\/23439"}],"wp:attachment":[{"href":"https:\/\/pilluwear.com\/ru\/wp-json\/wp\/v2\/media?parent=23401"}],"wp:term":[{"taxonomy":"product_brand","embeddable":true,"href":"https:\/\/pilluwear.com\/ru\/wp-json\/wp\/v2\/product_brand?post=23401"},{"taxonomy":"product_cat","embeddable":true,"href":"https:\/\/pilluwear.com\/ru\/wp-json\/wp\/v2\/product_cat?post=23401"},{"taxonomy":"product_tag","embeddable":true,"href":"https:\/\/pilluwear.com\/ru\/wp-json\/wp\/v2\/product_tag?post=23401"}],"curies":[{"name":"wp","href":"https:\/\/api.w.org\/{rel}","templated":true}]}}