{"id":22582,"date":"2024-11-07T14:25:50","date_gmt":"2024-11-07T13:25:50","guid":{"rendered":"https:\/\/pilluwear.com\/produkt\/cozy-companion-unisex-premium-pullover\/"},"modified":"2024-11-07T14:28:14","modified_gmt":"2024-11-07T13:28:14","slug":"cozy-companion-unisex-premium-pullover","status":"publish","type":"product","link":"https:\/\/pilluwear.com\/ru\/%d0%bf%d1%80%d0%be%d0%b4%d1%83%d0%ba%d1%82\/cozy-companion-unisex-premium-pullover\/","title":{"rendered":"\u0423\u044e\u0442\u043d\u044b\u0439 \u043a\u043e\u043c\u043f\u0430\u043d\u044c\u043e\u043d - \u0443\u043d\u0438\u0441\u0435\u043a\u0441 \u0434\u0436\u0435\u043c\u043f\u0435\u0440 \u043f\u0440\u0435\u043c\u0438\u0443\u043c-\u043a\u043b\u0430\u0441\u0441\u0430"},"content":{"rendered":"<p>\u041a\u043b\u0430\u0441\u0441\u0438\u0447\u0435\u0441\u043a\u0438\u0439 \u0441\u0432\u0438\u0442\u0448\u043e\u0442 \u0441 \u043a\u0440\u0443\u0433\u043b\u044b\u043c \u0432\u044b\u0440\u0435\u0437\u043e\u043c, \u0434\u043b\u0438\u043d\u043d\u044b\u043c\u0438 \u043c\u0430\u043d\u0436\u0435\u0442\u0430\u043c\u0438 \u0438 \u043f\u043b\u043e\u0441\u043a\u0438\u043c \u043f\u043e\u0434\u043e\u043b\u043e\u043c. \u0412\u044b \u043c\u043e\u0436\u0435\u0442\u0435 \u0441\u043e\u0447\u0435\u0442\u0430\u0442\u044c \u0435\u0433\u043e \u0441 \u0434\u0440\u0443\u0433\u0438\u043c\u0438 \u0432\u0435\u0449\u0430\u043c\u0438 \u0438\u043b\u0438 \u043d\u043e\u0441\u0438\u0442\u044c \u0441\u0430\u043c\u043e\u0441\u0442\u043e\u044f\u0442\u0435\u043b\u044c\u043d\u043e, \u0447\u0442\u043e\u0431\u044b \u0441\u043e\u0437\u0434\u0430\u0442\u044c \u043c\u043e\u0434\u043d\u044b\u0439 \u043e\u0431\u0440\u0430\u0437 \u0432 \u0441\u0442\u0438\u043b\u0435 streetwear. \u041c\u044f\u0433\u043a\u0438\u0439 \u0444\u043b\u0438\u0441 \u0432\u043d\u0443\u0442\u0440\u0438 \u0438 \u0443\u0434\u043e\u0431\u043d\u044b\u0439 \u043a\u0440\u043e\u0439 \u0441\u0434\u0435\u043b\u0430\u044e\u0442 \u044d\u0442\u043e\u0442 \u0434\u0436\u0435\u043c\u043f\u0435\u0440 \u0432\u0430\u0448\u0438\u043c \u043b\u044e\u0431\u0438\u043c\u044b\u043c \u043f\u043e\u0432\u0441\u0435\u0434\u043d\u0435\u0432\u043d\u044b\u043c \u0434\u0436\u0435\u043c\u043f\u0435\u0440\u043e\u043c!<\/p>\n<p>- \u0412\u0435\u0440\u0445\u043d\u044f\u044f \u0441\u0442\u043e\u0440\u043e\u043d\u0430 100% \u0445\u043b\u043e\u043f\u043e\u043a<br \/>\n- 65% \u0445\u043b\u043e\u043f\u043e\u043a, 35% \u043f\u043e\u043b\u0438\u044d\u0441\u0442\u0435\u0440<br \/>\n- Charcoal Heather: 55% \u0445\u043b\u043e\u043f\u043e\u043a, 45% \u043f\u043e\u043b\u0438\u044d\u0441\u0442\u0435\u0440<br \/>\n- \u0412\u0435\u0441 \u0442\u043a\u0430\u043d\u0438: 288,2 \u0433\/\u043c\u00b2 (8,5 \u0443\u043d\u0446\u0438\u0439\/\u0433\u00b2)<br \/>\n- \u0424\u043b\u0438\u0441 \u043f\u043b\u043e\u0442\u043d\u043e\u0439 \u0432\u044f\u0437\u043a\u0438 \u0438\u0437 3 \u043a\u043e\u043d\u0446\u043e\u0432 <br \/>\n- \u0411\u043e\u043a\u043e\u0432\u044b\u0435 \u0448\u0432\u044b<br \/>\n- \u0412\u044f\u0437\u0430\u043d\u0430\u044f \u043d\u0430\u0448\u0438\u0432\u043a\u0430 \u043d\u0430 \u0441\u043f\u0438\u043d\u0435<br \/>\n- \u0412\u043e\u0440\u043e\u0442\u043d\u0438\u043a, \u043c\u0430\u043d\u0436\u0435\u0442\u044b \u0438 \u043f\u043e\u0434\u043e\u043b \u0441 \u0434\u0432\u043e\u0439\u043d\u043e\u0439 \u0441\u0442\u0440\u043e\u0447\u043a\u043e\u0439<br \/>\n- \u0411\u043b\u0430\u043d\u043a \u0438\u0437 \u041f\u0430\u043a\u0438\u0441\u0442\u0430\u043d\u0430 <\/p>\n<p>\u041e\u0442\u043a\u0430\u0437 \u043e\u0442 \u043e\u0442\u0432\u0435\u0442\u0441\u0442\u0432\u0435\u043d\u043d\u043e\u0441\u0442\u0438: \u042d\u0442\u0430 \u0442\u043e\u043b\u0441\u0442\u043e\u0432\u043a\u0430 \u043c\u0430\u043b\u043e\u043c\u0435\u0440\u0438\u0442. \u0414\u043b\u044f \u0438\u0434\u0435\u0430\u043b\u044c\u043d\u043e\u0439 \u043f\u043e\u0441\u0430\u0434\u043a\u0438 \u043c\u044b \u0440\u0435\u043a\u043e\u043c\u0435\u043d\u0434\u0443\u0435\u043c \u0437\u0430\u043a\u0430\u0437\u044b\u0432\u0430\u0442\u044c \u043d\u0430 \u043e\u0434\u0438\u043d \u0440\u0430\u0437\u043c\u0435\u0440 \u0431\u043e\u043b\u044c\u0448\u0435, \u0447\u0435\u043c \u0432\u0430\u0448 \u043e\u0431\u044b\u0447\u043d\u044b\u0439 \u0440\u0430\u0437\u043c\u0435\u0440.<\/p>\n<p>- \u041f\u0440\u043e\u0441\u043b\u0435\u0436\u0438\u0432\u0430\u0435\u043c\u043e\u0441\u0442\u044c:<br \/>\n- \u0422\u043a\u0430\u0447\u0435\u0441\u0442\u0432\u043e - \u041f\u0430\u043a\u0438\u0441\u0442\u0430\u043d<br \/>\n- \u0420\u0430\u0441\u043a\u0440\u0430\u0441\u043a\u0430 - \u041f\u0430\u043a\u0438\u0441\u0442\u0430\u043d<br \/>\n- \u041f\u0440\u043e\u0438\u0437\u0432\u043e\u0434\u0441\u0442\u0432\u043e - \u041f\u0430\u043a\u0438\u0441\u0442\u0430\u043d<br \/>\n- \u0421\u043e\u0434\u0435\u0440\u0436\u0438\u0442 0 % \u043f\u0435\u0440\u0435\u0440\u0430\u0431\u043e\u0442\u0430\u043d\u043d\u043e\u0433\u043e \u043f\u043e\u043b\u0438\u044d\u0441\u0442\u0435\u0440\u0430<br \/>\n- \u0421\u043e\u0434\u0435\u0440\u0436\u0438\u0442 0 % \u043e\u043f\u0430\u0441\u043d\u044b\u0445 \u0432\u0435\u0449\u0435\u0441\u0442\u0432<\/p>","protected":false},"excerpt":{"rendered":"<p>\u041a\u043b\u0430\u0441\u0441\u0438\u0447\u0435\u0441\u043a\u0438\u0439 \u0441\u0432\u0438\u0442\u0448\u043e\u0442 \u0441 \u043a\u0440\u0443\u0433\u043b\u044b\u043c \u0432\u044b\u0440\u0435\u0437\u043e\u043c, \u0434\u043b\u0438\u043d\u043d\u044b\u043c\u0438 \u043c\u0430\u043d\u0436\u0435\u0442\u0430\u043c\u0438 \u0438 \u043f\u043b\u043e\u0441\u043a\u0438\u043c \u043f\u043e\u0434\u043e\u043b\u043e\u043c. \u0412\u044b \u043c\u043e\u0436\u0435\u0442\u0435 \u0441\u043e\u0447\u0435\u0442\u0430\u0442\u044c \u0435\u0433\u043e \u0441 \u0434\u0440\u0443\u0433\u0438\u043c\u0438 \u0432\u0435\u0449\u0430\u043c\u0438 \u0438\u043b\u0438 \u043d\u043e\u0441\u0438\u0442\u044c \u0441\u0430\u043c\u043e\u0441\u0442\u043e\u044f\u0442\u0435\u043b\u044c\u043d\u043e, \u0447\u0442\u043e\u0431\u044b \u0441\u043e\u0437\u0434\u0430\u0442\u044c \u043c\u043e\u0434\u043d\u044b\u0439 \u043e\u0431\u0440\u0430\u0437 \u0432 \u0441\u0442\u0438\u043b\u0435 streetwear. \u041c\u044f\u0433\u043a\u0438\u0439 \u0444\u043b\u0438\u0441 \u0432\u043d\u0443\u0442\u0440\u0438 \u0438 \u0443\u0434\u043e\u0431\u043d\u044b\u0439 \u043a\u0440\u043e\u0439 \u0441\u0434\u0435\u043b\u0430\u044e\u0442 \u044d\u0442\u043e\u0442 \u0434\u0436\u0435\u043c\u043f\u0435\u0440 \u0432\u0430\u0448\u0438\u043c \u043b\u044e\u0431\u0438\u043c\u044b\u043c \u043f\u043e\u0432\u0441\u0435\u0434\u043d\u0435\u0432\u043d\u044b\u043c \u0434\u0436\u0435\u043c\u043f\u0435\u0440\u043e\u043c! - \u0412\u0435\u0440\u0445 100% \u0445\u043b\u043e\u043f\u043e\u043a - 65% \u0445\u043b\u043e\u043f\u043e\u043a, 35% \u043f\u043e\u043b\u0438\u044d\u0441\u0442\u0435\u0440 - Charcoal Heather: 55% \u0445\u043b\u043e\u043f\u043e\u043a, 45% \u043f\u043e\u043b\u0438\u044d\u0441\u0442\u0435\u0440 - [...].<\/p>","protected":false},"featured_media":22633,"comment_status":"open","ping_status":"closed","template":"","meta":{"_uag_custom_page_level_css":"","_uf_show_specific_survey":0,"_uf_disable_surveys":false,"_themeisle_gutenberg_block_has_review":false},"product_brand":[],"product_cat":[116,122],"product_tag":[],"class_list":{"0":"post-22582","1":"product","2":"type-product","3":"status-publish","4":"has-post-thumbnail","6":"product_cat-dog","7":"product_cat-kollektionen","8":"pa_farbe-carbon-grey","9":"pa_farbe-charcoal-heather","10":"pa_farbe-dusty-rose","11":"pa_farbe-navy-blazer","12":"pa_farbe-schwarz","13":"pa_farbe-team-royal","14":"pa_farbe-waldgruen","15":"pa_farbe-weiss","16":"pa_grosse-2xl","17":"pa_grosse-3xl","18":"pa_grosse-l","19":"pa_grosse-m","20":"pa_grosse-s","21":"pa_grosse-xl","23":"first","24":"instock","25":"taxable","26":"shipping-taxable","27":"purchasable","28":"product-type-variable"},"aioseo_notices":[],"uagb_featured_image_src":{"full":["https:\/\/i0.wp.com\/pilluwear.com\/wp-content\/uploads\/2024\/11\/unisex-premium-sweatshirt-charcoal-heather-front-672cbcb527cbc.jpg?fit=2000%2C2000&ssl=1",2000,2000,false],"thumbnail":["https:\/\/i0.wp.com\/pilluwear.com\/wp-content\/uploads\/2024\/11\/unisex-premium-sweatshirt-charcoal-heather-front-672cbcb527cbc.jpg?resize=150%2C150&ssl=1",150,150,true],"medium":["https:\/\/i0.wp.com\/pilluwear.com\/wp-content\/uploads\/2024\/11\/unisex-premium-sweatshirt-charcoal-heather-front-672cbcb527cbc.jpg?fit=300%2C300&ssl=1",300,300,true],"medium_large":["https:\/\/i0.wp.com\/pilluwear.com\/wp-content\/uploads\/2024\/11\/unisex-premium-sweatshirt-charcoal-heather-front-672cbcb527cbc.jpg?fit=768%2C768&ssl=1",768,768,true],"large":["https:\/\/i0.wp.com\/pilluwear.com\/wp-content\/uploads\/2024\/11\/unisex-premium-sweatshirt-charcoal-heather-front-672cbcb527cbc.jpg?fit=1024%2C1024&ssl=1",1024,1024,true],"1536x1536":["https:\/\/i0.wp.com\/pilluwear.com\/wp-content\/uploads\/2024\/11\/unisex-premium-sweatshirt-charcoal-heather-front-672cbcb527cbc.jpg?fit=1536%2C1536&ssl=1",1536,1536,true],"2048x2048":["https:\/\/i0.wp.com\/pilluwear.com\/wp-content\/uploads\/2024\/11\/unisex-premium-sweatshirt-charcoal-heather-front-672cbcb527cbc.jpg?fit=2000%2C2000&ssl=1",2000,2000,true],"trp-custom-language-flag":["https:\/\/i0.wp.com\/pilluwear.com\/wp-content\/uploads\/2024\/11\/unisex-premium-sweatshirt-charcoal-heather-front-672cbcb527cbc.jpg?fit=12%2C12&ssl=1",12,12,true],"woocommerce_thumbnail":["https:\/\/i0.wp.com\/pilluwear.com\/wp-content\/uploads\/2024\/11\/unisex-premium-sweatshirt-charcoal-heather-front-672cbcb527cbc.jpg?resize=300%2C300&ssl=1",300,300,true],"woocommerce_single":["https:\/\/i0.wp.com\/pilluwear.com\/wp-content\/uploads\/2024\/11\/unisex-premium-sweatshirt-charcoal-heather-front-672cbcb527cbc.jpg?fit=600%2C600&ssl=1",600,600,true],"woocommerce_gallery_thumbnail":["https:\/\/i0.wp.com\/pilluwear.com\/wp-content\/uploads\/2024\/11\/unisex-premium-sweatshirt-charcoal-heather-front-672cbcb527cbc.jpg?resize=100%2C100&ssl=1",100,100,true]},"uagb_author_info":{"display_name":"pilluwear.com","author_link":"https:\/\/pilluwear.com\/ru\/author\/"},"uagb_comment_info":0,"uagb_excerpt":"Die klassische Sweatshirtform mit geripptem Rundhalsausschnitt, langen \u00c4rmelb\u00fcndchen und einem flachen Saum. Du kannst es kombinieren oder als Einzelst\u00fcck f\u00fcr einen angesagten Streetwear-Look verwenden. Die weiche Fleece-Innenseite und die bequeme Passform machen es zu deinem Lieblingspulli im Alltag! \u2022 Oberseite 100% Baumwolle \u2022 65% Baumwolle, 35% Polyester \u2022 Charcoal Heather: 55% Baumwolle, 45% Polyester \u2022&hellip;","jetpack_sharing_enabled":true,"_links":{"self":[{"href":"https:\/\/pilluwear.com\/ru\/wp-json\/wp\/v2\/product\/22582","targetHints":{"allow":["GET"]}}],"collection":[{"href":"https:\/\/pilluwear.com\/ru\/wp-json\/wp\/v2\/product"}],"about":[{"href":"https:\/\/pilluwear.com\/ru\/wp-json\/wp\/v2\/types\/product"}],"replies":[{"embeddable":true,"href":"https:\/\/pilluwear.com\/ru\/wp-json\/wp\/v2\/comments?post=22582"}],"wp:featuredmedia":[{"embeddable":true,"href":"https:\/\/pilluwear.com\/ru\/wp-json\/wp\/v2\/media\/22633"}],"wp:attachment":[{"href":"https:\/\/pilluwear.com\/ru\/wp-json\/wp\/v2\/media?parent=22582"}],"wp:term":[{"taxonomy":"product_brand","embeddable":true,"href":"https:\/\/pilluwear.com\/ru\/wp-json\/wp\/v2\/product_brand?post=22582"},{"taxonomy":"product_cat","embeddable":true,"href":"https:\/\/pilluwear.com\/ru\/wp-json\/wp\/v2\/product_cat?post=22582"},{"taxonomy":"product_tag","embeddable":true,"href":"https:\/\/pilluwear.com\/ru\/wp-json\/wp\/v2\/product_tag?post=22582"}],"curies":[{"name":"wp","href":"https:\/\/api.w.org\/{rel}","templated":true}]}}