{"id":22127,"date":"2024-11-07T14:00:44","date_gmt":"2024-11-07T13:00:44","guid":{"rendered":"https:\/\/pilluwear.com\/produkt\/cozy-companion-unisex-kapuzenpullover\/"},"modified":"2024-11-07T14:08:22","modified_gmt":"2024-11-07T13:08:22","slug":"cozy-companion-unisex-kapuzenpullover","status":"publish","type":"product","link":"https:\/\/pilluwear.com\/ru\/%d0%bf%d1%80%d0%be%d0%b4%d1%83%d0%ba%d1%82\/cozy-companion-unisex-kapuzenpullover\/","title":{"rendered":"\u0423\u044e\u0442\u043d\u044b\u0439 \u043a\u043e\u043c\u043f\u0430\u043d\u044c\u043e\u043d - \u0434\u0436\u0435\u043c\u043f\u0435\u0440 \u0441 \u043a\u0430\u043f\u044e\u0448\u043e\u043d\u043e\u043c \u0443\u043d\u0438\u0441\u0435\u043a\u0441"},"content":{"rendered":"<p>\u0412\u0441\u0435\u043c \u043d\u0443\u0436\u043d\u0430 \u0443\u044e\u0442\u043d\u0430\u044f \u0442\u043e\u043b\u0441\u0442\u043e\u0432\u043a\u0430, \u0432 \u043a\u043e\u0442\u043e\u0440\u0443\u044e \u043c\u043e\u0436\u043d\u043e \u0437\u0430\u043a\u0443\u0442\u0430\u0442\u044c\u0441\u044f, \u043f\u043e\u044d\u0442\u043e\u043c\u0443 \u0432\u044b\u0431\u0438\u0440\u0430\u0439\u0442\u0435 \u043c\u044f\u0433\u043a\u0443\u044e, \u0433\u043b\u0430\u0434\u043a\u0443\u044e \u0438 \u0441\u0442\u0438\u043b\u044c\u043d\u0443\u044e. \u042d\u0442\u043e \u0438\u0434\u0435\u0430\u043b\u044c\u043d\u044b\u0439 \u0432\u044b\u0431\u043e\u0440 \u0434\u043b\u044f \u043f\u0440\u043e\u0445\u043b\u0430\u0434\u043d\u044b\u0445 \u0432\u0435\u0447\u0435\u0440\u043e\u0432!<\/p>\n<p>- 50 % \u0445\u043b\u043e\u043f\u043e\u043a \u0434\u043e \u043e\u0431\u0440\u0435\u0437\u043a\u0438, 50 % \u043f\u043e\u043b\u0438\u044d\u0441\u0442\u0435\u0440<br \/>\n- \u0412\u0435\u0441 \u0442\u043a\u0430\u043d\u0438: 271,25 \u0433\/\u043c\u00b2 (8,0 \u0443\u043d\u0446\u0438\u0439\/yd\u00b2)<br \/>\n- \u041f\u0440\u044f\u0436\u0430 \u0432\u043e\u0437\u0434\u0443\u0448\u043d\u043e\u0433\u043e \u043f\u0440\u044f\u0434\u0435\u043d\u0438\u044f, \u043c\u044f\u0433\u043a\u0430\u044f \u043d\u0430 \u043e\u0449\u0443\u043f\u044c \u0438 \u0441 \u043d\u0438\u0437\u043a\u0438\u043c \u043e\u0431\u0440\u0430\u0437\u043e\u0432\u0430\u043d\u0438\u0435\u043c \u0443\u0437\u043b\u043e\u0432<br \/>\n- \u041a\u0430\u043f\u044e\u0448\u043e\u043d \u0441 \u0434\u0432\u043e\u0439\u043d\u043e\u0439 \u043f\u043e\u0434\u043a\u043b\u0430\u0434\u043a\u043e\u0439 \u0438 \u0443\u0442\u044f\u0433\u0438\u0432\u0430\u044e\u0449\u0438\u043c \u0448\u043d\u0443\u0440\u043a\u043e\u043c<br \/>\n- \u0427\u0435\u0442\u0432\u0435\u0440\u0442\u044c \u043e\u0431\u043e\u0440\u043e\u0442\u0430 \u0432\u0435\u0440\u0445\u043d\u0435\u0439 \u0447\u0430\u0441\u0442\u0438 \u0442\u0435\u043b\u0430, \u0447\u0442\u043e\u0431\u044b \u0438\u0437\u0431\u0435\u0436\u0430\u0442\u044c \u0441\u043a\u043b\u0430\u0434\u043e\u043a \u0432 \u0446\u0435\u043d\u0442\u0440\u0435<br \/>\n- \u0421\u043f\u043e\u0440\u0442\u0438\u0432\u043d\u044b\u0435 \u043c\u0430\u043d\u0436\u0435\u0442\u044b \u0438 \u043f\u043e\u044f\u0441 \u0441 \u044d\u043b\u0430\u0441\u0442\u0430\u043d\u043e\u043c 1 \u00d7 1<br \/>\n- \u041a\u0430\u0440\u043c\u0430\u043d \u0441\u043f\u0435\u0440\u0435\u0434\u0438<br \/>\n- \u0412\u043e\u0440\u043e\u0442\u043d\u0438\u043a, \u043f\u043b\u0435\u0447\u0438, \u043f\u0440\u043e\u0439\u043c\u044b, \u043c\u0430\u043d\u0436\u0435\u0442\u044b \u0438 \u043f\u043e\u0434\u043e\u043b \u043f\u0440\u043e\u0448\u0438\u0442\u044b \u0434\u0432\u043e\u0439\u043d\u043e\u0439 \u0441\u0442\u0440\u043e\u0447\u043a\u043e\u0439<br \/>\n- \u0421\u044b\u0440\u044c\u0435 \u0438\u0437 \u0411\u0430\u043d\u0433\u043b\u0430\u0434\u0435\u0448, \u041d\u0438\u043a\u0430\u0440\u0430\u0433\u0443\u0430, \u0413\u043e\u043d\u0434\u0443\u0440\u0430\u0441\u0430 \u0438\u043b\u0438 \u0421\u0430\u043b\u044c\u0432\u0430\u0434\u043e\u0440\u0430<\/p>\n<p>- \u041f\u0440\u043e\u0441\u043b\u0435\u0436\u0438\u0432\u0430\u0435\u043c\u043e\u0441\u0442\u044c:<br \/>\n- \u0412\u044f\u0437\u0430\u043d\u0438\u0435 - \u0413\u043e\u043d\u0434\u0443\u0440\u0430\u0441, \u0411\u0430\u043d\u0433\u043b\u0430\u0434\u0435\u0448<br \/>\n- \u041a\u0440\u0430\u0448\u0435\u043d\u0438\u0435 - \u0413\u043e\u043d\u0434\u0443\u0440\u0430\u0441, \u0411\u0430\u043d\u0433\u043b\u0430\u0434\u0435\u0448<br \/>\n- \u041f\u0440\u043e\u0438\u0437\u0432\u043e\u0434\u0441\u0442\u0432\u043e - \u041d\u0438\u043a\u0430\u0440\u0430\u0433\u0443\u0430, \u0413\u043e\u043d\u0434\u0443\u0440\u0430\u0441, \u0411\u0430\u043d\u0433\u043b\u0430\u0434\u0435\u0448 \u0438\u043b\u0438 \u0421\u0430\u043b\u044c\u0432\u0430\u0434\u043e\u0440<br \/>\n- \u0421\u043e\u0434\u0435\u0440\u0436\u0438\u0442 0 % \u043f\u0435\u0440\u0435\u0440\u0430\u0431\u043e\u0442\u0430\u043d\u043d\u043e\u0433\u043e \u043f\u043e\u043b\u0438\u044d\u0441\u0442\u0435\u0440\u0430<br \/>\n- \u0421\u043e\u0434\u0435\u0440\u0436\u0438\u0442 0 % \u043e\u043f\u0430\u0441\u043d\u044b\u0445 \u0432\u0435\u0449\u0435\u0441\u0442\u0432<br \/>\n- \u0412\u043e \u0432\u0440\u0435\u043c\u044f \u0441\u0442\u0438\u0440\u043a\u0438 \u044d\u0442\u043e\u0442 \u043f\u0440\u0435\u0434\u043c\u0435\u0442 \u0432\u044b\u0434\u0435\u043b\u044f\u0435\u0442 \u0432 \u043e\u043a\u0440\u0443\u0436\u0430\u044e\u0449\u0443\u044e \u0441\u0440\u0435\u0434\u0443 \u043f\u043b\u0430\u0441\u0442\u0438\u043a\u043e\u0432\u044b\u0435 \u043c\u0438\u043a\u0440\u043e\u0432\u043e\u043b\u043e\u043a\u043d\u0430.<\/p>","protected":false},"excerpt":{"rendered":"<p>\u0412\u0441\u0435\u043c \u043d\u0443\u0436\u043d\u0430 \u0443\u044e\u0442\u043d\u0430\u044f \u0442\u043e\u043b\u0441\u0442\u043e\u0432\u043a\u0430, \u0432 \u043a\u043e\u0442\u043e\u0440\u0443\u044e \u043c\u043e\u0436\u043d\u043e \u0437\u0430\u043a\u0443\u0442\u0430\u0442\u044c\u0441\u044f, \u043f\u043e\u044d\u0442\u043e\u043c\u0443 \u0432\u044b\u0431\u0438\u0440\u0430\u0439\u0442\u0435 \u043c\u044f\u0433\u043a\u0443\u044e, \u0433\u043b\u0430\u0434\u043a\u0443\u044e \u0438 \u0441\u0442\u0438\u043b\u044c\u043d\u0443\u044e. \u042d\u0442\u043e \u0438\u0434\u0435\u0430\u043b\u044c\u043d\u044b\u0439 \u0432\u044b\u0431\u043e\u0440 \u0434\u043b\u044f \u043f\u0440\u043e\u0445\u043b\u0430\u0434\u043d\u044b\u0445 \u0432\u0435\u0447\u0435\u0440\u043e\u0432! - 50 % \u0445\u043b\u043e\u043f\u043e\u043a, 50 % \u043f\u043e\u043b\u0438\u044d\u0441\u0442\u0435\u0440 - \u0412\u0435\u0441 \u0442\u043a\u0430\u043d\u0438: 271,25 \u0433\/\u043c\u00b2 (8,0 \u0443\u043d\u0446\u0438\u0439\/\u0433\u043e\u0434\u00b2) - \u041f\u0440\u044f\u0436\u0430 \u0432\u043e\u0437\u0434\u0443\u0448\u043d\u043e\u0433\u043e \u043f\u0440\u044f\u0434\u0435\u043d\u0438\u044f \u0441 \u043c\u044f\u0433\u043a\u043e\u0439 \u043f\u043e\u0432\u0435\u0440\u0445\u043d\u043e\u0441\u0442\u044c\u044e \u0438 \u043d\u0438\u0437\u043a\u0438\u043c \u0443\u0440\u043e\u0432\u043d\u0435\u043c \u0437\u0430\u0446\u0435\u043f\u043b\u044f\u0435\u043c\u043e\u0441\u0442\u0438 - \u0414\u0432\u043e\u0439\u043d\u0430\u044f \u043f\u043e\u0434\u043a\u043b\u0430\u0434\u043a\u0430 [...].<\/p>","protected":false},"featured_media":22228,"comment_status":"open","ping_status":"closed","template":"","meta":{"_uag_custom_page_level_css":"","_uf_show_specific_survey":0,"_uf_disable_surveys":false,"_themeisle_gutenberg_block_has_review":false},"product_brand":[],"product_cat":[116,122],"product_tag":[],"class_list":{"0":"post-22127","1":"product","2":"type-product","3":"status-publish","4":"has-post-thumbnail","6":"product_cat-dog","7":"product_cat-kollektionen","8":"pa_farbe-dunkle-schokolade","9":"pa_farbe-dunkles-heather","10":"pa_farbe-heather-sport-dark-navy","11":"pa_farbe-hellblau","12":"pa_farbe-hellpink","13":"pa_farbe-indigoblau","14":"pa_farbe-irisches-gruen","15":"pa_farbe-kastanienbraun","16":"pa_farbe-militaergruen","17":"pa_farbe-navy","18":"pa_farbe-royal","19":"pa_farbe-sand","20":"pa_farbe-schwarz","21":"pa_farbe-sportgrau","22":"pa_farbe-weiss","23":"pa_grosse-2xl","24":"pa_grosse-3xl","25":"pa_grosse-4xl","26":"pa_grosse-l","27":"pa_grosse-m","28":"pa_grosse-s","29":"pa_grosse-xl","31":"first","32":"instock","33":"taxable","34":"shipping-taxable","35":"purchasable","36":"product-type-variable"},"aioseo_notices":[],"uagb_featured_image_src":{"full":["https:\/\/i0.wp.com\/pilluwear.com\/wp-content\/uploads\/2024\/11\/unisex-heavy-blend-hoodie-sport-grey-front-672cb9cc15f99.jpg?fit=2000%2C2000&ssl=1",2000,2000,false],"thumbnail":["https:\/\/i0.wp.com\/pilluwear.com\/wp-content\/uploads\/2024\/11\/unisex-heavy-blend-hoodie-sport-grey-front-672cb9cc15f99.jpg?resize=150%2C150&ssl=1",150,150,true],"medium":["https:\/\/i0.wp.com\/pilluwear.com\/wp-content\/uploads\/2024\/11\/unisex-heavy-blend-hoodie-sport-grey-front-672cb9cc15f99.jpg?fit=300%2C300&ssl=1",300,300,true],"medium_large":["https:\/\/i0.wp.com\/pilluwear.com\/wp-content\/uploads\/2024\/11\/unisex-heavy-blend-hoodie-sport-grey-front-672cb9cc15f99.jpg?fit=768%2C768&ssl=1",768,768,true],"large":["https:\/\/i0.wp.com\/pilluwear.com\/wp-content\/uploads\/2024\/11\/unisex-heavy-blend-hoodie-sport-grey-front-672cb9cc15f99.jpg?fit=1024%2C1024&ssl=1",1024,1024,true],"1536x1536":["https:\/\/i0.wp.com\/pilluwear.com\/wp-content\/uploads\/2024\/11\/unisex-heavy-blend-hoodie-sport-grey-front-672cb9cc15f99.jpg?fit=1536%2C1536&ssl=1",1536,1536,true],"2048x2048":["https:\/\/i0.wp.com\/pilluwear.com\/wp-content\/uploads\/2024\/11\/unisex-heavy-blend-hoodie-sport-grey-front-672cb9cc15f99.jpg?fit=2000%2C2000&ssl=1",2000,2000,true],"trp-custom-language-flag":["https:\/\/i0.wp.com\/pilluwear.com\/wp-content\/uploads\/2024\/11\/unisex-heavy-blend-hoodie-sport-grey-front-672cb9cc15f99.jpg?fit=12%2C12&ssl=1",12,12,true],"woocommerce_thumbnail":["https:\/\/i0.wp.com\/pilluwear.com\/wp-content\/uploads\/2024\/11\/unisex-heavy-blend-hoodie-sport-grey-front-672cb9cc15f99.jpg?resize=300%2C300&ssl=1",300,300,true],"woocommerce_single":["https:\/\/i0.wp.com\/pilluwear.com\/wp-content\/uploads\/2024\/11\/unisex-heavy-blend-hoodie-sport-grey-front-672cb9cc15f99.jpg?fit=600%2C600&ssl=1",600,600,true],"woocommerce_gallery_thumbnail":["https:\/\/i0.wp.com\/pilluwear.com\/wp-content\/uploads\/2024\/11\/unisex-heavy-blend-hoodie-sport-grey-front-672cb9cc15f99.jpg?resize=100%2C100&ssl=1",100,100,true]},"uagb_author_info":{"display_name":"pilluwear.com","author_link":"https:\/\/pilluwear.com\/ru\/author\/"},"uagb_comment_info":0,"uagb_excerpt":"Jeder braucht einen gem\u00fctlichen Hoodie, in den man sich einkuscheln kann, also entscheide dich f\u00fcr einen, der weich, glatt und stylisch ist. Er ist die perfekte Wahl f\u00fcr k\u00fchlere Abende! \u2022 50 % vorgeschrumpfte Baumwolle, 50\u00a0% Polyester \u2022 Stoffgewicht: 271,25 g\/m\u00b2 (8,0 oz\/yd\u00b2) \u2022 Luftgesponnenes Garn mit weichem Griff und geringer Kn\u00f6tchenbildung \u2022 Doppelt gef\u00fctterte&hellip;","jetpack_sharing_enabled":true,"_links":{"self":[{"href":"https:\/\/pilluwear.com\/ru\/wp-json\/wp\/v2\/product\/22127","targetHints":{"allow":["GET"]}}],"collection":[{"href":"https:\/\/pilluwear.com\/ru\/wp-json\/wp\/v2\/product"}],"about":[{"href":"https:\/\/pilluwear.com\/ru\/wp-json\/wp\/v2\/types\/product"}],"replies":[{"embeddable":true,"href":"https:\/\/pilluwear.com\/ru\/wp-json\/wp\/v2\/comments?post=22127"}],"wp:featuredmedia":[{"embeddable":true,"href":"https:\/\/pilluwear.com\/ru\/wp-json\/wp\/v2\/media\/22228"}],"wp:attachment":[{"href":"https:\/\/pilluwear.com\/ru\/wp-json\/wp\/v2\/media?parent=22127"}],"wp:term":[{"taxonomy":"product_brand","embeddable":true,"href":"https:\/\/pilluwear.com\/ru\/wp-json\/wp\/v2\/product_brand?post=22127"},{"taxonomy":"product_cat","embeddable":true,"href":"https:\/\/pilluwear.com\/ru\/wp-json\/wp\/v2\/product_cat?post=22127"},{"taxonomy":"product_tag","embeddable":true,"href":"https:\/\/pilluwear.com\/ru\/wp-json\/wp\/v2\/product_tag?post=22127"}],"curies":[{"name":"wp","href":"https:\/\/api.w.org\/{rel}","templated":true}]}}