{"id":17411,"date":"2024-05-23T10:44:56","date_gmt":"2024-05-23T08:44:56","guid":{"rendered":"https:\/\/pilluwear.com\/produkt\/camper-cuffed-beanie\/"},"modified":"2024-05-23T10:47:01","modified_gmt":"2024-05-23T08:47:01","slug":"%d0%b1%d0%b8%d0%bd%d0%b8-%d1%81-%d0%bc%d0%b0%d0%bd%d0%b6%d0%b5%d1%82%d0%b0%d0%bc%d0%b8","status":"publish","type":"product","link":"https:\/\/pilluwear.com\/ru\/%d0%bf%d1%80%d0%be%d0%b4%d1%83%d0%ba%d1%82\/%d0%b1%d0%b8%d0%bd%d0%b8-%d1%81-%d0%bc%d0%b0%d0%bd%d0%b6%d0%b5%d1%82%d0%b0%d0%bc%d0%b8\/","title":{"rendered":"Camper - \u0411\u0438\u043d\u0438 \u0441 \u043c\u0430\u043d\u0436\u0435\u0442\u0430\u043c\u0438"},"content":{"rendered":"<p>\u041f\u043b\u043e\u0442\u043d\u043e \u043f\u0440\u0438\u043b\u0435\u0433\u0430\u044e\u0449\u0430\u044f \u0443\u044e\u0442\u043d\u0430\u044f \u0448\u0430\u043f\u043e\u0447\u043a\u0430 \u0441 \u043e\u0442\u0432\u043e\u0440\u043e\u0442\u043e\u043c. \u0421\u043e\u0445\u0440\u0430\u043d\u0438\u0442 \u0432\u0430\u0448\u0443 \u0433\u043e\u043b\u043e\u0432\u0443 \u0432 \u0442\u0435\u043f\u043b\u0435 \u0438 \u0434\u043e\u0431\u0430\u0432\u0438\u0442 \u0448\u0430\u0440\u043c\u0430 \u0432\u0430\u0448\u0435\u043c\u0443 \u0433\u0430\u0440\u0434\u0435\u0440\u043e\u0431\u0443.<\/p>\n<p>- 100 % \u0422\u0443\u0440\u0431\u043e \u0430\u043a\u0440\u0438\u043b<br \/>\n- \u0414\u043b\u0438\u043d\u0430: 30 \u0441\u043c<br \/>\n- \u0413\u0438\u043f\u043e\u0430\u043b\u043b\u0435\u0440\u0433\u0435\u043d\u043d\u044b\u0439<br \/>\n- \u0423\u043d\u0438\u0441\u0435\u043a\u0441<br \/>\n- \u0412\u043e\u0437\u043c\u043e\u0436\u043d\u0430 \u0440\u0443\u0447\u043d\u0430\u044f \u0441\u0442\u0438\u0440\u043a\u0430<br \/>\n- \u0421\u044b\u0440\u044c\u0435 \u043f\u043e\u0441\u0442\u0430\u0432\u043b\u044f\u0435\u0442\u0441\u044f \u0438\u0437 \u0412\u044c\u0435\u0442\u043d\u0430\u043c\u0430 \u0438\u043b\u0438 \u0411\u0430\u043d\u0433\u043b\u0430\u0434\u0435\u0448<\/p>\n<p>\u041f\u0440\u043e\u0441\u043b\u0435\u0436\u0438\u0432\u0430\u0435\u043c\u043e\u0441\u0442\u044c:<br \/>\n- \u0420\u0430\u0441\u043a\u0440\u0430\u0441\u043a\u0430 - \u0418\u043d\u0434\u043e\u043d\u0435\u0437\u0438\u044f<br \/>\n- \u041f\u0440\u043e\u0438\u0437\u0432\u043e\u0434\u0441\u0442\u0432\u043e - \u0420\u0435\u0441\u043f\u0443\u0431\u043b\u0438\u043a\u0430 \u041a\u043e\u0440\u0435\u044f<br \/>\n- \u0421\u043e\u0434\u0435\u0440\u0436\u0438\u0442 0 % \u043f\u0435\u0440\u0435\u0440\u0430\u0431\u043e\u0442\u0430\u043d\u043d\u043e\u0433\u043e \u043f\u043e\u043b\u0438\u044d\u0441\u0442\u0435\u0440\u0430<br \/>\n- \u0421\u043e\u0434\u0435\u0440\u0436\u0438\u0442 0 % \u043e\u043f\u0430\u0441\u043d\u044b\u0445 \u0432\u0435\u0449\u0435\u0441\u0442\u0432<br \/>\n- \u042d\u0442\u043e\u0442 \u043f\u0440\u0435\u0434\u043c\u0435\u0442 \u0432\u044b\u0434\u0435\u043b\u044f\u0435\u0442 \u043f\u043b\u0430\u0441\u0442\u0438\u043a\u043e\u0432\u044b\u0435 \u043c\u0438\u043a\u0440\u043e\u0432\u043e\u043b\u043e\u043a\u043d\u0430 \u0432 \u043e\u043a\u0440\u0443\u0436\u0430\u044e\u0449\u0443\u044e \u0441\u0440\u0435\u0434\u0443 \u0432\u043e \u0432\u0440\u0435\u043c\u044f \u0441\u0442\u0438\u0440\u043a\u0438<\/p>","protected":false},"excerpt":{"rendered":"<p>\u041f\u043b\u043e\u0442\u043d\u043e \u043f\u0440\u0438\u043b\u0435\u0433\u0430\u044e\u0449\u0430\u044f \u0443\u044e\u0442\u043d\u0430\u044f \u0448\u0430\u043f\u043e\u0447\u043a\u0430 \u0441 \u043e\u0442\u0432\u043e\u0440\u043e\u0442\u043e\u043c. \u0421\u043e\u0445\u0440\u0430\u043d\u0438\u0442 \u0432\u0430\u0448\u0443 \u0433\u043e\u043b\u043e\u0432\u0443 \u0432 \u0442\u0435\u043f\u043b\u0435 \u0438 \u0434\u043e\u0431\u0430\u0432\u0438\u0442 \u0448\u0430\u0440\u043c\u0430 \u0432\u0430\u0448\u0435\u043c\u0443 \u0433\u0430\u0440\u0434\u0435\u0440\u043e\u0431\u0443. - 100 % turbo acrylic - \u0414\u043b\u0438\u043d\u0430: 30 \u0441\u043c - \u0413\u0438\u043f\u043e\u0430\u043b\u043b\u0435\u0440\u0433\u0435\u043d\u043d\u044b\u0439 - \u0423\u043d\u0438\u0441\u0435\u043a\u0441 - \u0420\u0443\u0447\u043d\u0430\u044f \u0441\u0442\u0438\u0440\u043a\u0430 - \u0421\u044b\u0440\u044c\u0435 \u043f\u043e\u043b\u0443\u0447\u0435\u043d\u043e \u0438\u0437 \u0412\u044c\u0435\u0442\u043d\u0430\u043c\u0430 \u0438\u043b\u0438 \u0411\u0430\u043d\u0433\u043b\u0430\u0434\u0435\u0448 \u041f\u0440\u043e\u0441\u043b\u0435\u0436\u0438\u0432\u0430\u0435\u043c\u043e\u0441\u0442\u044c: - \u041a\u0440\u0430\u0448\u0435\u043d\u0438\u0435 - \u0418\u043d\u0434\u043e\u043d\u0435\u0437\u0438\u044f - \u041f\u0440\u043e\u0438\u0437\u0432\u043e\u0434\u0441\u0442\u0432\u043e - \u0420\u0435\u0441\u043f\u0443\u0431\u043b\u0438\u043a\u0430 \u041a\u043e\u0440\u0435\u044f - \u0421\u043e\u0434\u0435\u0440\u0436\u0438\u0442 0 % \u043f\u0435\u0440\u0435\u0440\u0430\u0431\u043e\u0442\u0430\u043d\u043d\u043e\u0433\u043e \u043f\u043e\u043b\u0438\u044d\u0441\u0442\u0435\u0440\u0430 - \u0421\u043e\u0434\u0435\u0440\u0436\u0438\u0442 0 % \u043e\u043f\u0430\u0441\u043d\u044b\u0445 \u0432\u0435\u0449\u0435\u0441\u0442\u0432 - [...]...<\/p>","protected":false},"featured_media":17425,"comment_status":"open","ping_status":"closed","template":"","meta":{"_uag_custom_page_level_css":"","_uf_show_specific_survey":0,"_uf_disable_surveys":false,"_themeisle_gutenberg_block_has_review":false},"product_brand":[],"product_cat":[36,111],"product_tag":[],"class_list":{"0":"post-17411","1":"product","2":"type-product","3":"status-publish","4":"has-post-thumbnail","6":"product_cat-beany","7":"product_cat-camper","8":"pa_farbe-baby-pink","9":"pa_farbe-braun","10":"pa_farbe-dunkelgrau","11":"pa_farbe-fichte","12":"pa_farbe-gold","13":"pa_farbe-heather-grau","14":"pa_farbe-navy","15":"pa_farbe-olive","16":"pa_farbe-rot","17":"pa_farbe-royal","18":"pa_farbe-schwarz","19":"pa_farbe-weiss","21":"first","22":"instock","23":"taxable","24":"shipping-taxable","25":"purchasable","26":"product-type-variable"},"aioseo_notices":[],"uagb_featured_image_src":{"full":["https:\/\/i0.wp.com\/pilluwear.com\/wp-content\/uploads\/2024\/05\/cuffed-beanie-black-front-664efa0f1fe7a.jpg?fit=2000%2C2000&ssl=1",2000,2000,false],"thumbnail":["https:\/\/i0.wp.com\/pilluwear.com\/wp-content\/uploads\/2024\/05\/cuffed-beanie-black-front-664efa0f1fe7a.jpg?resize=150%2C150&ssl=1",150,150,true],"medium":["https:\/\/i0.wp.com\/pilluwear.com\/wp-content\/uploads\/2024\/05\/cuffed-beanie-black-front-664efa0f1fe7a.jpg?fit=300%2C300&ssl=1",300,300,true],"medium_large":["https:\/\/i0.wp.com\/pilluwear.com\/wp-content\/uploads\/2024\/05\/cuffed-beanie-black-front-664efa0f1fe7a.jpg?fit=768%2C768&ssl=1",768,768,true],"large":["https:\/\/i0.wp.com\/pilluwear.com\/wp-content\/uploads\/2024\/05\/cuffed-beanie-black-front-664efa0f1fe7a.jpg?fit=1024%2C1024&ssl=1",1024,1024,true],"1536x1536":["https:\/\/i0.wp.com\/pilluwear.com\/wp-content\/uploads\/2024\/05\/cuffed-beanie-black-front-664efa0f1fe7a.jpg?fit=1536%2C1536&ssl=1",1536,1536,true],"2048x2048":["https:\/\/i0.wp.com\/pilluwear.com\/wp-content\/uploads\/2024\/05\/cuffed-beanie-black-front-664efa0f1fe7a.jpg?fit=2000%2C2000&ssl=1",2000,2000,true],"trp-custom-language-flag":["https:\/\/i0.wp.com\/pilluwear.com\/wp-content\/uploads\/2024\/05\/cuffed-beanie-black-front-664efa0f1fe7a.jpg?fit=12%2C12&ssl=1",12,12,true],"woocommerce_thumbnail":["https:\/\/i0.wp.com\/pilluwear.com\/wp-content\/uploads\/2024\/05\/cuffed-beanie-black-front-664efa0f1fe7a.jpg?resize=300%2C300&ssl=1",300,300,true],"woocommerce_single":["https:\/\/i0.wp.com\/pilluwear.com\/wp-content\/uploads\/2024\/05\/cuffed-beanie-black-front-664efa0f1fe7a.jpg?fit=600%2C600&ssl=1",600,600,true],"woocommerce_gallery_thumbnail":["https:\/\/i0.wp.com\/pilluwear.com\/wp-content\/uploads\/2024\/05\/cuffed-beanie-black-front-664efa0f1fe7a.jpg?resize=100%2C100&ssl=1",100,100,true]},"uagb_author_info":{"display_name":"pilluwear.com","author_link":"https:\/\/pilluwear.com\/ru\/author\/"},"uagb_comment_info":0,"uagb_excerpt":"Eine eng anliegende, kuschlige Beanie mit Umschlag. H\u00e4lt deinen Kopf warm und verleiht deiner Garderobe Charm. \u2022 100 % Turbo-Acryl \u2022 L\u00e4nge: 30 cm \u2022 Hypoallergen \u2022 Unisex \u2022 Handw\u00e4sche m\u00f6glich \u2022 Rohprodukt bezogen aus Vietnam oder Bangladesch R\u00fcckverfolgbarkeit: &#8211; F\u00e4rben-Indonesien &#8211; Herstellung-Republik Korea &#8211; Enth\u00e4lt 0\u00a0% recyceltes Polyester &#8211; Enth\u00e4lt 0\u00a0% gef\u00e4hrliche Stoffe &#8211;&hellip;","jetpack_sharing_enabled":true,"_links":{"self":[{"href":"https:\/\/pilluwear.com\/ru\/wp-json\/wp\/v2\/product\/17411","targetHints":{"allow":["GET"]}}],"collection":[{"href":"https:\/\/pilluwear.com\/ru\/wp-json\/wp\/v2\/product"}],"about":[{"href":"https:\/\/pilluwear.com\/ru\/wp-json\/wp\/v2\/types\/product"}],"replies":[{"embeddable":true,"href":"https:\/\/pilluwear.com\/ru\/wp-json\/wp\/v2\/comments?post=17411"}],"wp:featuredmedia":[{"embeddable":true,"href":"https:\/\/pilluwear.com\/ru\/wp-json\/wp\/v2\/media\/17425"}],"wp:attachment":[{"href":"https:\/\/pilluwear.com\/ru\/wp-json\/wp\/v2\/media?parent=17411"}],"wp:term":[{"taxonomy":"product_brand","embeddable":true,"href":"https:\/\/pilluwear.com\/ru\/wp-json\/wp\/v2\/product_brand?post=17411"},{"taxonomy":"product_cat","embeddable":true,"href":"https:\/\/pilluwear.com\/ru\/wp-json\/wp\/v2\/product_cat?post=17411"},{"taxonomy":"product_tag","embeddable":true,"href":"https:\/\/pilluwear.com\/ru\/wp-json\/wp\/v2\/product_tag?post=17411"}],"curies":[{"name":"wp","href":"https:\/\/api.w.org\/{rel}","templated":true}]}}