{"id":23702,"date":"2025-02-02T16:08:05","date_gmt":"2025-02-02T15:08:05","guid":{"rendered":"https:\/\/pilluwear.com\/produkt\/wanderer-unisex-bio-pullover\/"},"modified":"2025-02-02T16:08:41","modified_gmt":"2025-02-02T15:08:41","slug":"wanderer-unisex-bio-pullover","status":"publish","type":"product","link":"https:\/\/pilluwear.com\/pt\/produto\/wanderer-unisex-bio-pullover\/","title":{"rendered":"Wanderer - Camisola org\u00e2nica unissexo"},"content":{"rendered":"<p>Apimenta o teu estilo com esta camisola ecol\u00f3gica unissexo. A camisola tem um aspeto chique e elegante e combina bem com roupas casuais e elegantes. Esta camisola de algod\u00e3o org\u00e2nico \u00e9 dur\u00e1vel, confort\u00e1vel e particularmente macia.<\/p>\n<p>- 100% algod\u00e3o org\u00e2nico penteado, fiado em anel<br \/>\n- Peso do tecido: 10,3 oz.\/yd.\u00b2 (350 g\/m\u00b2)<br \/>\n- Ajuste normal<br \/>\n- Mangas de encaixe<br \/>\n- Canelado 1\u00d71 na gola, na bainha das mangas e na bainha<br \/>\n- Pesponto duplo na gola, nas mangas e na bainha inferior<br \/>\n- Faixa de pesco\u00e7o com padr\u00e3o de espinha de peixe no interior<br \/>\n- Crescente tricotado no pesco\u00e7o<br \/>\n- Em branco do Bangladesh<\/p>\n<p>Os tamanhos correspondem a um tamanho mais pequeno no mercado americano, pelo que os clientes americanos devem encomendar um tamanho maior.<\/p>\n<p>- Rastreabilidade:<br \/>\n- Tecelagem - Bangladesh<br \/>\n- Tinturaria - Bangladesh<br \/>\n- Produ\u00e7\u00e3o - Bangladesh<br \/>\n- Fabricado em 100 algod\u00e3o org\u00e2nico %<br \/>\n- Cont\u00e9m 0 % subst\u00e2ncias perigosas<\/p>\n<p>Restri\u00e7\u00f5es de idade: Para adultos<br \/>\nGarantia da UE: 2 anos<br \/>\nOutras informa\u00e7\u00f5es sobre conformidade: Cumpre os requisitos REACH da UE.<\/p>\n<p>Em conformidade com o Regulamento Geral sobre a Seguran\u00e7a dos Produtos (RGPD) <b>Pilluwear e.U<\/b>que todos os produtos de consumo oferecidos s\u00e3o seguros e cumprem as normas da UE. Se tiveres alguma d\u00favida ou preocupa\u00e7\u00e3o relativamente \u00e0 seguran\u00e7a dos produtos, contacta-nos atrav\u00e9s de <b>ruslan@pilluwear.com<\/b>ou por correio para <b>Handelskai 98a\/59<br \/>\n1200 Viena.<b \/><\/p>","protected":false},"excerpt":{"rendered":"<p>Apimenta o teu estilo com esta camisola ecol\u00f3gica unissexo. A camisola tem um aspeto chique e elegante e combina bem com roupas casuais e elegantes. Esta camisola de algod\u00e3o org\u00e2nico \u00e9 resistente, confort\u00e1vel e particularmente macia. - 100% algod\u00e3o org\u00e2nico penteado, fiado em anel - Peso do tecido: 350 g\/m\u00b2 (10,3 oz.\/yd.\u00b2) - Corte regular - Mangas ajustadas - 1\u00d71 [...]<\/p>","protected":false},"featured_media":23720,"comment_status":"open","ping_status":"closed","template":"","meta":{"_uag_custom_page_level_css":"","_uf_show_specific_survey":0,"_uf_disable_surveys":false,"_themeisle_gutenberg_block_has_review":false},"product_brand":[],"product_cat":[108,122],"product_tag":[],"class_list":{"0":"post-23702","1":"product","2":"type-product","3":"status-publish","4":"has-post-thumbnail","6":"product_cat-jogger","7":"product_cat-kollektionen","8":"pa_farbe-french-navy","9":"pa_farbe-schwarz","10":"pa_farbe-weiss","11":"pa_grosse-2xl","12":"pa_grosse-l","13":"pa_grosse-m","14":"pa_grosse-s","15":"pa_grosse-xl","17":"first","18":"instock","19":"taxable","20":"shipping-taxable","21":"purchasable","22":"product-type-variable"},"aioseo_notices":[],"uagb_featured_image_src":{"full":["https:\/\/i0.wp.com\/pilluwear.com\/wp-content\/uploads\/2025\/02\/unisex-eco-sweatshirt-white-front-679f8a060f643.jpg?fit=2000%2C2000&ssl=1",2000,2000,false],"thumbnail":["https:\/\/i0.wp.com\/pilluwear.com\/wp-content\/uploads\/2025\/02\/unisex-eco-sweatshirt-white-front-679f8a060f643.jpg?resize=150%2C150&ssl=1",150,150,true],"medium":["https:\/\/i0.wp.com\/pilluwear.com\/wp-content\/uploads\/2025\/02\/unisex-eco-sweatshirt-white-front-679f8a060f643.jpg?fit=300%2C300&ssl=1",300,300,true],"medium_large":["https:\/\/i0.wp.com\/pilluwear.com\/wp-content\/uploads\/2025\/02\/unisex-eco-sweatshirt-white-front-679f8a060f643.jpg?fit=768%2C768&ssl=1",768,768,true],"large":["https:\/\/i0.wp.com\/pilluwear.com\/wp-content\/uploads\/2025\/02\/unisex-eco-sweatshirt-white-front-679f8a060f643.jpg?fit=1024%2C1024&ssl=1",1024,1024,true],"1536x1536":["https:\/\/i0.wp.com\/pilluwear.com\/wp-content\/uploads\/2025\/02\/unisex-eco-sweatshirt-white-front-679f8a060f643.jpg?fit=1536%2C1536&ssl=1",1536,1536,true],"2048x2048":["https:\/\/i0.wp.com\/pilluwear.com\/wp-content\/uploads\/2025\/02\/unisex-eco-sweatshirt-white-front-679f8a060f643.jpg?fit=2000%2C2000&ssl=1",2000,2000,true],"trp-custom-language-flag":["https:\/\/i0.wp.com\/pilluwear.com\/wp-content\/uploads\/2025\/02\/unisex-eco-sweatshirt-white-front-679f8a060f643.jpg?fit=12%2C12&ssl=1",12,12,true],"woocommerce_thumbnail":["https:\/\/i0.wp.com\/pilluwear.com\/wp-content\/uploads\/2025\/02\/unisex-eco-sweatshirt-white-front-679f8a060f643.jpg?resize=300%2C300&ssl=1",300,300,true],"woocommerce_single":["https:\/\/i0.wp.com\/pilluwear.com\/wp-content\/uploads\/2025\/02\/unisex-eco-sweatshirt-white-front-679f8a060f643.jpg?fit=600%2C600&ssl=1",600,600,true],"woocommerce_gallery_thumbnail":["https:\/\/i0.wp.com\/pilluwear.com\/wp-content\/uploads\/2025\/02\/unisex-eco-sweatshirt-white-front-679f8a060f643.jpg?resize=100%2C100&ssl=1",100,100,true]},"uagb_author_info":{"display_name":"pilluwear.com","author_link":"https:\/\/pilluwear.com\/pt\/author\/"},"uagb_comment_info":0,"uagb_excerpt":"Mit diesem Unisex-\u00d6ko-Pullover kannst du deinen Stil aufpeppen. Das Shirt hat einen schicken, knackigen Look und passt sowohl zu legeren als auch zu schickeren Outfits. Dieses Sweatshirt aus Bio-Baumwolle ist strapazierf\u00e4hig, bequem und besonders weich. \u2022 100% organische, ringgesponnene, gek\u00e4mmte Baumwolle \u2022 Stoffgewicht: 10,3 oz.\/yd.\u00b2 (350 g\/m\u00b2) \u2022 Normale Passform \u2022 Eingesetzte \u00c4rmel \u2022 1\u00d71&hellip;","jetpack_sharing_enabled":true,"_links":{"self":[{"href":"https:\/\/pilluwear.com\/pt\/wp-json\/wp\/v2\/product\/23702","targetHints":{"allow":["GET"]}}],"collection":[{"href":"https:\/\/pilluwear.com\/pt\/wp-json\/wp\/v2\/product"}],"about":[{"href":"https:\/\/pilluwear.com\/pt\/wp-json\/wp\/v2\/types\/product"}],"replies":[{"embeddable":true,"href":"https:\/\/pilluwear.com\/pt\/wp-json\/wp\/v2\/comments?post=23702"}],"wp:featuredmedia":[{"embeddable":true,"href":"https:\/\/pilluwear.com\/pt\/wp-json\/wp\/v2\/media\/23720"}],"wp:attachment":[{"href":"https:\/\/pilluwear.com\/pt\/wp-json\/wp\/v2\/media?parent=23702"}],"wp:term":[{"taxonomy":"product_brand","embeddable":true,"href":"https:\/\/pilluwear.com\/pt\/wp-json\/wp\/v2\/product_brand?post=23702"},{"taxonomy":"product_cat","embeddable":true,"href":"https:\/\/pilluwear.com\/pt\/wp-json\/wp\/v2\/product_cat?post=23702"},{"taxonomy":"product_tag","embeddable":true,"href":"https:\/\/pilluwear.com\/pt\/wp-json\/wp\/v2\/product_tag?post=23702"}],"curies":[{"name":"wp","href":"https:\/\/api.w.org\/{rel}","templated":true}]}}