{"id":22998,"date":"2024-11-07T14:48:03","date_gmt":"2024-11-07T13:48:03","guid":{"rendered":"https:\/\/pilluwear.com\/produkt\/skier-klassisches-unisex-t-shirt\/"},"modified":"2024-11-07T14:56:04","modified_gmt":"2024-11-07T13:56:04","slug":"t-shirt-classica-unisexo-para-esquiadores","status":"publish","type":"product","link":"https:\/\/pilluwear.com\/pt\/produto\/t-shirt-classica-unisexo-para-esquiadores\/","title":{"rendered":"Esquiador - T-Shirt cl\u00e1ssica unisexo"},"content":{"rendered":"<p>A T-shirt cl\u00e1ssica unissexo em 100 algod\u00e3o % garante uma linha reta. Assenta bem, mant\u00e9m as linhas limpas nas extremidades e combina perfeitamente com conjuntos de streetwear em camadas. Al\u00e9m disso, est\u00e1 particularmente na moda neste momento! <\/p>\n<p>- 100 algod\u00e3o % <br \/>\n- O cinzento desportivo \u00e9 composto por 90 % de algod\u00e3o e 10 % de poli\u00e9ster<br \/>\n- Cinzento cinzento \u00e9 composto por 99 % de algod\u00e3o, 1 % de poli\u00e9ster<br \/>\n- As cores de urze s\u00e3o compostas por 50 algod\u00e3o % e 50 poli\u00e9ster %<br \/>\n- Peso do tecido: 170-180 g\/m\u00b2 (5,0-5,3 oz\/yd\u00b2) <br \/>\n- Fio aberto<br \/>\n- Tecido tubular<br \/>\n- Ligaduras no pesco\u00e7o e no ombro  <br \/>\n- Costura dupla nas mangas e na bainha inferior  <br \/>\n- Produto em bruto das Honduras, Nicar\u00e1gua, Haiti, Rep\u00fablica Dominicana, Bangladesh, M\u00e9xico<\/p>\n<p>- Rastreabilidade:<br \/>\n- Tricotar - Honduras, Rep\u00fablica Dominicana<br \/>\n- Colorir - Honduras, Rep\u00fablica Dominicana<br \/>\n- Produ\u00e7\u00e3o - Nicar\u00e1gua, Honduras, Haiti, El Salvador ou Rep\u00fablica Dominicana<br \/>\n- Cont\u00e9m 0 % de poli\u00e9ster reciclado<br \/>\n- Cont\u00e9m 0 % subst\u00e2ncias perigosas<\/p>","protected":false},"excerpt":{"rendered":"<p>A T-shirt cl\u00e1ssica unissexo em 100 algod\u00e3o % garante uma linha reta. Assenta bem, mant\u00e9m as linhas limpas nas extremidades e combina perfeitamente com conjuntos de streetwear em camadas. Al\u00e9m disso, est\u00e1 especialmente na moda neste momento! - 100 % Cotton - Sport Grey \u00e9 90 % algod\u00e3o e 10 % poli\u00e9ster - Ash Grey [...]<\/p>","protected":false},"featured_media":23097,"comment_status":"open","ping_status":"closed","template":"","meta":{"_uag_custom_page_level_css":"","_uf_show_specific_survey":0,"_uf_disable_surveys":false,"_themeisle_gutenberg_block_has_review":false},"product_brand":[],"product_cat":[122,282],"product_tag":[],"class_list":{"0":"post-22998","1":"product","2":"type-product","3":"status-publish","4":"has-post-thumbnail","6":"product_cat-kollektionen","7":"product_cat-skier","8":"pa_farbe-azalee","9":"pa_farbe-brown-savana","10":"pa_farbe-carolina-blau","11":"pa_farbe-dunkle-schokolade","12":"pa_farbe-dunkles-heather","13":"pa_farbe-gold","14":"pa_farbe-hellblau","15":"pa_farbe-kardinal","16":"pa_farbe-kastanienbraun","17":"pa_farbe-militaergruen","18":"pa_farbe-natuerlich","19":"pa_farbe-orange","20":"pa_farbe-royal","21":"pa_farbe-schwarz","22":"pa_farbe-sportgrau","23":"pa_farbe-weiss","24":"pa_grosse-2xl","25":"pa_grosse-3xl","26":"pa_grosse-l","27":"pa_grosse-m","28":"pa_grosse-s","29":"pa_grosse-xl","31":"first","32":"instock","33":"taxable","34":"shipping-taxable","35":"purchasable","36":"product-type-variable"},"aioseo_notices":[],"uagb_featured_image_src":{"full":["https:\/\/i0.wp.com\/pilluwear.com\/wp-content\/uploads\/2024\/11\/unisex-classic-tee-dark-chocolate-front-672cc2dc1f144.jpg?fit=2000%2C2000&ssl=1",2000,2000,false],"thumbnail":["https:\/\/i0.wp.com\/pilluwear.com\/wp-content\/uploads\/2024\/11\/unisex-classic-tee-dark-chocolate-front-672cc2dc1f144.jpg?resize=150%2C150&ssl=1",150,150,true],"medium":["https:\/\/i0.wp.com\/pilluwear.com\/wp-content\/uploads\/2024\/11\/unisex-classic-tee-dark-chocolate-front-672cc2dc1f144.jpg?fit=300%2C300&ssl=1",300,300,true],"medium_large":["https:\/\/i0.wp.com\/pilluwear.com\/wp-content\/uploads\/2024\/11\/unisex-classic-tee-dark-chocolate-front-672cc2dc1f144.jpg?fit=768%2C768&ssl=1",768,768,true],"large":["https:\/\/i0.wp.com\/pilluwear.com\/wp-content\/uploads\/2024\/11\/unisex-classic-tee-dark-chocolate-front-672cc2dc1f144.jpg?fit=1024%2C1024&ssl=1",1024,1024,true],"1536x1536":["https:\/\/i0.wp.com\/pilluwear.com\/wp-content\/uploads\/2024\/11\/unisex-classic-tee-dark-chocolate-front-672cc2dc1f144.jpg?fit=1536%2C1536&ssl=1",1536,1536,true],"2048x2048":["https:\/\/i0.wp.com\/pilluwear.com\/wp-content\/uploads\/2024\/11\/unisex-classic-tee-dark-chocolate-front-672cc2dc1f144.jpg?fit=2000%2C2000&ssl=1",2000,2000,true],"trp-custom-language-flag":["https:\/\/i0.wp.com\/pilluwear.com\/wp-content\/uploads\/2024\/11\/unisex-classic-tee-dark-chocolate-front-672cc2dc1f144.jpg?fit=12%2C12&ssl=1",12,12,true],"woocommerce_thumbnail":["https:\/\/i0.wp.com\/pilluwear.com\/wp-content\/uploads\/2024\/11\/unisex-classic-tee-dark-chocolate-front-672cc2dc1f144.jpg?resize=300%2C300&ssl=1",300,300,true],"woocommerce_single":["https:\/\/i0.wp.com\/pilluwear.com\/wp-content\/uploads\/2024\/11\/unisex-classic-tee-dark-chocolate-front-672cc2dc1f144.jpg?fit=600%2C600&ssl=1",600,600,true],"woocommerce_gallery_thumbnail":["https:\/\/i0.wp.com\/pilluwear.com\/wp-content\/uploads\/2024\/11\/unisex-classic-tee-dark-chocolate-front-672cc2dc1f144.jpg?resize=100%2C100&ssl=1",100,100,true]},"uagb_author_info":{"display_name":"pilluwear.com","author_link":"https:\/\/pilluwear.com\/pt\/author\/"},"uagb_comment_info":0,"uagb_excerpt":"Das klassische Unisex-T-Shirt aus 100 % Baumwolle sorgt f\u00fcr eine gerade Linie. Es sitzt sch\u00f6n, beh\u00e4lt klare Linien an den Kanten und passt perfekt zu mehrschichtigen Streetwear-Outfits. Au\u00dferdem ist es jetzt besonders im Trend! \u2022 100 % Baumwolle \u2022 Sport Grey besteht zu 90 % aus Baumwolle und 10 % aus Polyester \u2022 Ash Grey&hellip;","jetpack_sharing_enabled":true,"_links":{"self":[{"href":"https:\/\/pilluwear.com\/pt\/wp-json\/wp\/v2\/product\/22998","targetHints":{"allow":["GET"]}}],"collection":[{"href":"https:\/\/pilluwear.com\/pt\/wp-json\/wp\/v2\/product"}],"about":[{"href":"https:\/\/pilluwear.com\/pt\/wp-json\/wp\/v2\/types\/product"}],"replies":[{"embeddable":true,"href":"https:\/\/pilluwear.com\/pt\/wp-json\/wp\/v2\/comments?post=22998"}],"wp:featuredmedia":[{"embeddable":true,"href":"https:\/\/pilluwear.com\/pt\/wp-json\/wp\/v2\/media\/23097"}],"wp:attachment":[{"href":"https:\/\/pilluwear.com\/pt\/wp-json\/wp\/v2\/media?parent=22998"}],"wp:term":[{"taxonomy":"product_brand","embeddable":true,"href":"https:\/\/pilluwear.com\/pt\/wp-json\/wp\/v2\/product_brand?post=22998"},{"taxonomy":"product_cat","embeddable":true,"href":"https:\/\/pilluwear.com\/pt\/wp-json\/wp\/v2\/product_cat?post=22998"},{"taxonomy":"product_tag","embeddable":true,"href":"https:\/\/pilluwear.com\/pt\/wp-json\/wp\/v2\/product_tag?post=22998"}],"curies":[{"name":"wp","href":"https:\/\/api.w.org\/{rel}","templated":true}]}}