{"id":18797,"date":"2024-05-24T18:30:03","date_gmt":"2024-05-24T16:30:03","guid":{"rendered":"https:\/\/pilluwear.com\/produkt\/biker-umweltfreundlicher-unisex-kapuzenpullover\/"},"modified":"2025-01-03T14:36:33","modified_gmt":"2025-01-03T13:36:33","slug":"casaco-com-capuz-unisexo-amigo-do-ambiente","status":"publish","type":"product","link":"https:\/\/pilluwear.com\/pt\/produto\/casaco-com-capuz-unisexo-amigo-do-ambiente\/","title":{"rendered":"Biker - Casaco com capuz unissexo amigo do ambiente"},"content":{"rendered":"<p>O cl\u00e1ssico casaco com capuz org\u00e2nico unissexo \u00e9 uma boa compra para os amantes da moda com consci\u00eancia ambiental, gra\u00e7as aos seus materiais org\u00e2nicos. O confort\u00e1vel casaco com capuz de ajuste regular tem um capuz de camada dupla, mangas ajustadas e um bolso frontal.<\/p>\n<p>- 100% Algod\u00e3o org\u00e2nico<br \/>\n- Peso do tecido: 10,32 oz.\/yd.\u00b2 (350 g\/m\u00b2)<br \/>\n- Ajuste normal<br \/>\n- Mangas de encaixe<br \/>\n- Capuz de dupla camada em tecido pr\u00f3prio<br \/>\n- Bolso frontal com bolsa<br \/>\n- Canelado 1\u00d71 na bainha das mangas e na bainha inferior<br \/>\n- Pesponto com agulha \u00fanica no decote e ao longo da abertura do capuz<br \/>\n- Ilh\u00f3s de metal<br \/>\n- Ligamento interno do pesco\u00e7o<br \/>\n- Crescente tricotado no pesco\u00e7o<br \/>\n- Descarrega os certificados para produtos amigos do ambiente<br \/>\n- Em branco do Bangladesh<\/p>\n<p>Os tamanhos correspondem a um tamanho mais pequeno no mercado americano, pelo que os clientes americanos devem encomendar um tamanho acima.<\/p>\n<p>- Rastreabilidade:<br \/>\n- Tecelagem - Bangladesh<br \/>\n- Tinturaria - Bangladesh<br \/>\n- Produ\u00e7\u00e3o - Bangladesh<br \/>\n- Cont\u00e9m 15 % de poli\u00e9ster reciclado<br \/>\n- Cont\u00e9m 0 % subst\u00e2ncias perigosas<\/p>","protected":false},"excerpt":{"rendered":"<p>O cl\u00e1ssico casaco com capuz org\u00e2nico unissexo \u00e9 uma boa compra para os amantes da moda com consci\u00eancia ambiental, gra\u00e7as aos seus materiais org\u00e2nicos. O confort\u00e1vel casaco com capuz de ajuste regular tem um capuz de camada dupla, mangas ajustadas e um bolso frontal. - Algod\u00e3o org\u00e2nico 100% - Peso do tecido: 350 g\/m\u00b2 (10,32 oz.\/yd.\u00b2) - Ajuste regular - Mangas ajustadas - Capuz de camada dupla em tecido autocolante - Bolso de bolsa \u00e0 frente - 1\u00d71 [...]<\/p>","protected":false},"featured_media":18820,"comment_status":"open","ping_status":"closed","template":"","meta":{"_uag_custom_page_level_css":"","_uf_show_specific_survey":0,"_uf_disable_surveys":false,"_themeisle_gutenberg_block_has_review":false},"product_brand":[],"product_cat":[253,34],"product_tag":[294,302,286,299,287,303,289,292,298,291,285,301,304,300,297,295,296,288,290,293],"class_list":{"0":"post-18797","1":"product","2":"type-product","3":"status-publish","4":"has-post-thumbnail","6":"product_cat-biker","7":"product_cat-hoodies","8":"product_tag-bedruckte-hoodies","9":"product_tag-bio-baumwolle","10":"product_tag-bio-mode","11":"product_tag-casual-streetwear","12":"product_tag-fair-fashion","13":"product_tag-faire-herstellung","14":"product_tag-gots-zertifiziert","15":"product_tag-hochwertige-hoodies","16":"product_tag-kapuzenpullover-fuer-maenner-und-frauen","17":"product_tag-minimalistisches-design","18":"product_tag-nachhaltige-kleidung","19":"product_tag-nachhaltige-streetwear","20":"product_tag-oekologisch","21":"product_tag-premium-qualitaet","22":"product_tag-recycelte-materialien","23":"product_tag-stickerei-pullover","24":"product_tag-umweltfreundliche-mode","25":"product_tag-unisex-kapuzenpullover","26":"product_tag-vegane-mode","27":"product_tag-weiche-kapuzenpullover","28":"pa_farbe-desert-dust","29":"pa_farbe-french-navy","30":"pa_farbe-schwarz","31":"pa_farbe-weiss","32":"pa_grosse-2xl","33":"pa_grosse-l","34":"pa_grosse-m","35":"pa_grosse-s","36":"pa_grosse-xl","38":"first","39":"instock","40":"taxable","41":"shipping-taxable","42":"purchasable","43":"product-type-variable"},"aioseo_notices":[],"uagb_featured_image_src":{"full":["https:\/\/i0.wp.com\/pilluwear.com\/wp-content\/uploads\/2024\/05\/unisex-essential-eco-hoodie-desert-dust-front-6650bc2949752.jpg?fit=2000%2C2000&ssl=1",2000,2000,false],"thumbnail":["https:\/\/i0.wp.com\/pilluwear.com\/wp-content\/uploads\/2024\/05\/unisex-essential-eco-hoodie-desert-dust-front-6650bc2949752.jpg?resize=150%2C150&ssl=1",150,150,true],"medium":["https:\/\/i0.wp.com\/pilluwear.com\/wp-content\/uploads\/2024\/05\/unisex-essential-eco-hoodie-desert-dust-front-6650bc2949752.jpg?fit=300%2C300&ssl=1",300,300,true],"medium_large":["https:\/\/i0.wp.com\/pilluwear.com\/wp-content\/uploads\/2024\/05\/unisex-essential-eco-hoodie-desert-dust-front-6650bc2949752.jpg?fit=768%2C768&ssl=1",768,768,true],"large":["https:\/\/i0.wp.com\/pilluwear.com\/wp-content\/uploads\/2024\/05\/unisex-essential-eco-hoodie-desert-dust-front-6650bc2949752.jpg?fit=1024%2C1024&ssl=1",1024,1024,true],"1536x1536":["https:\/\/i0.wp.com\/pilluwear.com\/wp-content\/uploads\/2024\/05\/unisex-essential-eco-hoodie-desert-dust-front-6650bc2949752.jpg?fit=1536%2C1536&ssl=1",1536,1536,true],"2048x2048":["https:\/\/i0.wp.com\/pilluwear.com\/wp-content\/uploads\/2024\/05\/unisex-essential-eco-hoodie-desert-dust-front-6650bc2949752.jpg?fit=2000%2C2000&ssl=1",2000,2000,true],"trp-custom-language-flag":["https:\/\/i0.wp.com\/pilluwear.com\/wp-content\/uploads\/2024\/05\/unisex-essential-eco-hoodie-desert-dust-front-6650bc2949752.jpg?fit=12%2C12&ssl=1",12,12,true],"woocommerce_thumbnail":["https:\/\/i0.wp.com\/pilluwear.com\/wp-content\/uploads\/2024\/05\/unisex-essential-eco-hoodie-desert-dust-front-6650bc2949752.jpg?resize=300%2C300&ssl=1",300,300,true],"woocommerce_single":["https:\/\/i0.wp.com\/pilluwear.com\/wp-content\/uploads\/2024\/05\/unisex-essential-eco-hoodie-desert-dust-front-6650bc2949752.jpg?fit=600%2C600&ssl=1",600,600,true],"woocommerce_gallery_thumbnail":["https:\/\/i0.wp.com\/pilluwear.com\/wp-content\/uploads\/2024\/05\/unisex-essential-eco-hoodie-desert-dust-front-6650bc2949752.jpg?resize=100%2C100&ssl=1",100,100,true]},"uagb_author_info":{"display_name":"pilluwear.com","author_link":"https:\/\/pilluwear.com\/pt\/author\/"},"uagb_comment_info":0,"uagb_excerpt":"Der Klassischer Unisex Bio-Hoodie ist dank seiner Bio-Materialien ein guter Kauf f\u00fcr umweltbewusste Modeliebhaber. Der bequeme Kapuzenpullover mit normaler Passform hat eine doppellagige Kapuze, angesetzte \u00c4rmel und eine Beuteltasche vorne. \u2022 100% Bio-Baumwolle \u2022 Stoffgewicht: 10,32 oz.\/yd.\u00b2 (350 g\/m\u00b2) \u2022 Normale Passform \u2022 Eingesetzte \u00c4rmel \u2022 Doppellagige Kapuze aus Eigengewebe \u2022 Beuteltasche vorne \u2022 1\u00d71&hellip;","jetpack_sharing_enabled":true,"_links":{"self":[{"href":"https:\/\/pilluwear.com\/pt\/wp-json\/wp\/v2\/product\/18797","targetHints":{"allow":["GET"]}}],"collection":[{"href":"https:\/\/pilluwear.com\/pt\/wp-json\/wp\/v2\/product"}],"about":[{"href":"https:\/\/pilluwear.com\/pt\/wp-json\/wp\/v2\/types\/product"}],"replies":[{"embeddable":true,"href":"https:\/\/pilluwear.com\/pt\/wp-json\/wp\/v2\/comments?post=18797"}],"wp:featuredmedia":[{"embeddable":true,"href":"https:\/\/pilluwear.com\/pt\/wp-json\/wp\/v2\/media\/18820"}],"wp:attachment":[{"href":"https:\/\/pilluwear.com\/pt\/wp-json\/wp\/v2\/media?parent=18797"}],"wp:term":[{"taxonomy":"product_brand","embeddable":true,"href":"https:\/\/pilluwear.com\/pt\/wp-json\/wp\/v2\/product_brand?post=18797"},{"taxonomy":"product_cat","embeddable":true,"href":"https:\/\/pilluwear.com\/pt\/wp-json\/wp\/v2\/product_cat?post=18797"},{"taxonomy":"product_tag","embeddable":true,"href":"https:\/\/pilluwear.com\/pt\/wp-json\/wp\/v2\/product_tag?post=18797"}],"curies":[{"name":"wp","href":"https:\/\/api.w.org\/{rel}","templated":true}]}}