{"id":6145,"date":"2024-05-17T11:11:19","date_gmt":"2024-05-17T09:11:19","guid":{"rendered":"https:\/\/pilluwear.com\/datenschutzerklaerung-eu\/"},"modified":"2024-05-17T11:11:19","modified_gmt":"2024-05-17T09:11:19","slug":"declaracao-de-protecao-de-dados-ue","status":"publish","type":"page","link":"https:\/\/pilluwear.com\/pt\/declaracao-de-protecao-de-dados-ue\/","title":{"rendered":"Pol\u00edtica de privacidade (UE)"},"content":{"rendered":"<!-- Legal document generated by Complianz | GDPR\/CCPA Cookie Consent https:\/\/wordpress.org\/plugins\/complianz-gdpr -->\n<div id=\"cmplz-document\" class=\"cmplz-document privacy-statement cmplz-document-eu\"><h2>1. objetivo, dados e per\u00edodo de reten\u00e7\u00e3o<\/h2>Podemos recolher ou receber informa\u00e7\u00f5es pessoais para v\u00e1rios fins relacionados com as nossas opera\u00e7\u00f5es comerciais, que podem incluir o seguinte: (clica para expandir)<details class=\"cmplz-dropdown dropdown-privacy-statement\"><summary><div><h3>1.1 Contacto - Atrav\u00e9s de telefone, correio, e-mail e\/ou formul\u00e1rios web<\/h3><\/div><\/summary><p class=\"cmplz-subtitle\">Para isso, usamos os seguintes dados:<\/p><p><ul><li>Um nome e apelido<\/li><li>Nome da conta ou apelido<\/li><li>Uma casa ou outro endere\u00e7o f\u00edsico, incluindo nome de rua e nome da cidade<\/li><li>Um endere\u00e7o de e-mail<\/li><li>Um n\u00famero de telefone<\/li><li>Dados de nascimento<\/li><\/ul><\/p><p class=\"cmplz-subtitle\">A base na qual podemos processar esses dados \u00e9:<\/p><p><a target=\"_blank\" rel=\"noopener noreferrer nofollow\" href=\"https:\/\/cookiedatabase.org\/legal-bases\/#agreement\">\u00c9 necess\u00e1rio para a execu\u00e7\u00e3o de um contrato ou procedimentos preliminares relativos a um contrato do qual o titular dos dados seja parte.<\/a><\/p><p class=\"cmplz-subtitle\">Per\u00edodo de reten\u00e7\u00e3o<\/p><p>Retemos esses dados at\u00e9 que o servi\u00e7o seja encerrado.<\/p><\/details><details class=\"cmplz-dropdown dropdown-privacy-statement\"><summary><div><h3>1.2 Pagamentos<\/h3><\/div><\/summary><p class=\"cmplz-subtitle\">Para isso, usamos os seguintes dados:<\/p><p><ul><li>Um nome e apelido<\/li><li>Uma casa ou outro endere\u00e7o f\u00edsico, incluindo nome de rua e nome da cidade<\/li><li>Nome da conta ou apelido<\/li><li>Um endere\u00e7o de e-mail<\/li><li>Informa\u00e7\u00f5es financeiras, como n\u00famero de conta banc\u00e1ria ou n\u00famero do cart\u00e3o de cr\u00e9dito<\/li><\/ul><\/p><p class=\"cmplz-subtitle\">A base na qual podemos processar esses dados \u00e9:<\/p><p><a target=\"_blank\" rel=\"noopener noreferrer nofollow\" href=\"https:\/\/cookiedatabase.org\/legal-bases\/#agreement\">\u00c9 necess\u00e1rio para a execu\u00e7\u00e3o de um contrato ou procedimentos preliminares relativos a um contrato do qual o titular dos dados seja parte.<\/a><\/p><p class=\"cmplz-subtitle\">Per\u00edodo de reten\u00e7\u00e3o<\/p><p>Retemos esses dados at\u00e9 que o servi\u00e7o seja encerrado.<\/p><\/details><details class=\"cmplz-dropdown dropdown-privacy-statement\"><summary><div><h3>1.3 Registar uma conta<\/h3><\/div><\/summary><p class=\"cmplz-subtitle\">Para isso, usamos os seguintes dados:<\/p><p><ul><li>Um nome e apelido<\/li><li>Nome da conta ou apelido<\/li><li>Uma casa ou outro endere\u00e7o f\u00edsico, incluindo nome de rua e nome da cidade<\/li><li>Um endere\u00e7o de e-mail<\/li><li>Um n\u00famero de telefone<\/li><li>Informa\u00e7\u00f5es financeiras, como n\u00famero de conta banc\u00e1ria ou n\u00famero do cart\u00e3o de cr\u00e9dito<\/li><li>Endere\u00e7o IP<\/li><\/ul><\/p><p class=\"cmplz-subtitle\">A base na qual podemos processar esses dados \u00e9:<\/p><p><a target=\"_blank\" rel=\"noopener noreferrer nofollow\" href=\"https:\/\/cookiedatabase.org\/legal-bases\/#agreement\">\u00c9 necess\u00e1rio para a execu\u00e7\u00e3o de um contrato ou procedimentos preliminares relativos a um contrato do qual o titular dos dados seja parte.<\/a><\/p><p class=\"cmplz-subtitle\">Per\u00edodo de reten\u00e7\u00e3o<\/p><p>Retemos esses dados at\u00e9 que o servi\u00e7o seja encerrado.<\/p><\/details><details class=\"cmplz-dropdown dropdown-privacy-statement\"><summary><div><h3>1.4 Boletins informativos<\/h3><\/div><\/summary><p class=\"cmplz-subtitle\">Para isso, usamos os seguintes dados:<\/p><p><ul><li>Um nome e apelido<\/li><li>Um endere\u00e7o de e-mail<\/li><\/ul><\/p><p class=\"cmplz-subtitle\">A base na qual podemos processar esses dados \u00e9:<\/p><p><a target=\"_blank\" rel=\"noopener noreferrer nofollow\" href=\"https:\/\/cookiedatabase.org\/legal-bases\/#agreement\">\u00c9 necess\u00e1rio para a execu\u00e7\u00e3o de um contrato ou procedimentos preliminares relativos a um contrato do qual o titular dos dados seja parte.<\/a><\/p><p class=\"cmplz-subtitle\">Per\u00edodo de reten\u00e7\u00e3o<\/p><p>Retemos esses dados at\u00e9 que o servi\u00e7o seja encerrado.<\/p><\/details><details class=\"cmplz-dropdown dropdown-privacy-statement\"><summary><div><h3>1.5 Para apoiar servi\u00e7os ou produtos que um cliente quer comprar ou comprou<\/h3><\/div><\/summary><p class=\"cmplz-subtitle\">Para isso, usamos os seguintes dados:<\/p><p><ul><li>Um nome e apelido<\/li><li>Nome da conta ou apelido<\/li><li>Uma casa ou outro endere\u00e7o f\u00edsico, incluindo nome de rua e nome da cidade<\/li><li>Um endere\u00e7o de e-mail<\/li><li>Sexo<\/li><li>Informa\u00e7\u00f5es financeiras, como n\u00famero de conta banc\u00e1ria ou n\u00famero do cart\u00e3o de cr\u00e9dito<\/li><\/ul><\/p><p class=\"cmplz-subtitle\">A base na qual podemos processar esses dados \u00e9:<\/p><p><a target=\"_blank\" rel=\"noopener noreferrer nofollow\" href=\"https:\/\/cookiedatabase.org\/legal-bases\/#agreement\">\u00c9 necess\u00e1rio para a execu\u00e7\u00e3o de um contrato ou procedimentos preliminares relativos a um contrato do qual o titular dos dados seja parte.<\/a><\/p><p class=\"cmplz-subtitle\">Per\u00edodo de reten\u00e7\u00e3o<\/p><p>Retemos esses dados at\u00e9 que o servi\u00e7o seja encerrado.<\/p><\/details><details class=\"cmplz-dropdown dropdown-privacy-statement\"><summary><div><h3>1.6 Compilar e analisar estat\u00edsticas para melhoria do site.<\/h3><\/div><\/summary><p class=\"cmplz-subtitle\">Para isso, usamos os seguintes dados:<\/p><p><ul><li>Dados de geolocaliza\u00e7\u00e3o<\/li><li>Informa\u00e7\u00f5es comerciais, incluindo registos de bens pessoais, produtos ou servi\u00e7os adquiridos, obtidos ou considerados<\/li><li>Endere\u00e7o IP<\/li><\/ul><\/p><p class=\"cmplz-subtitle\">A base na qual podemos processar esses dados \u00e9:<\/p><p><a target=\"_blank\" rel=\"noopener noreferrer nofollow\" href=\"https:\/\/cookiedatabase.org\/legal-bases\/#consent\">Mediante a concess\u00e3o do consentimento.<\/a><\/p><p class=\"cmplz-subtitle\">Per\u00edodo de reten\u00e7\u00e3o<\/p><p>Retemos esses dados at\u00e9 que o servi\u00e7o seja encerrado.<\/p><\/details><details class=\"cmplz-dropdown dropdown-privacy-statement\"><summary><div><h3>1.7 Para vender ou partilhar dados com terceiros<\/h3><\/div><\/summary><p class=\"cmplz-subtitle\">Para isso, usamos os seguintes dados:<\/p><p><ul><li>Um nome e apelido<\/li><li>Uma casa ou outro endere\u00e7o f\u00edsico, incluindo nome de rua e nome da cidade<\/li><li>Um endere\u00e7o de e-mail<\/li><li>Informa\u00e7\u00f5es financeiras, como n\u00famero de conta banc\u00e1ria ou n\u00famero do cart\u00e3o de cr\u00e9dito<\/li><li>Informa\u00e7\u00f5es comerciais, incluindo registos de bens pessoais, produtos ou servi\u00e7os adquiridos, obtidos ou considerados<\/li><\/ul><\/p><p class=\"cmplz-subtitle\">A base na qual podemos processar esses dados \u00e9:<\/p><p><a target=\"_blank\" rel=\"noopener noreferrer nofollow\" href=\"https:\/\/cookiedatabase.org\/legal-bases\/#agreement\">\u00c9 necess\u00e1rio para a execu\u00e7\u00e3o de um contrato ou procedimentos preliminares relativos a um contrato do qual o titular dos dados seja parte.<\/a><\/p><p class=\"cmplz-subtitle\">Per\u00edodo de reten\u00e7\u00e3o<\/p><p>Retemos esses dados ap\u00f3s o encerramento do servi\u00e7o pelo seguinte n\u00famero de meses: 6<\/p><\/details><details class=\"cmplz-dropdown dropdown-privacy-statement\"><summary><div><h3>1.8 Degas<\/h3><\/div><\/summary><p class=\"cmplz-subtitle\">Para isso, usamos os seguintes dados:<\/p><p><ul><li>Um nome e apelido<\/li><li>Uma casa ou outro endere\u00e7o f\u00edsico, incluindo nome de rua e nome da cidade<\/li><li>Um endere\u00e7o de e-mail<\/li><li>Um n\u00famero de telefone<\/li><li>Informa\u00e7\u00f5es comerciais, incluindo registos de bens pessoais, produtos ou servi\u00e7os adquiridos, obtidos ou considerados<\/li><\/ul><\/p><p class=\"cmplz-subtitle\">A base na qual podemos processar esses dados \u00e9:<\/p><p><a target=\"_blank\" rel=\"noopener noreferrer nofollow\" href=\"https:\/\/cookiedatabase.org\/legal-bases\/#agreement\">\u00c9 necess\u00e1rio para a execu\u00e7\u00e3o de um contrato ou procedimentos preliminares relativos a um contrato do qual o titular dos dados seja parte.<\/a><\/p><p class=\"cmplz-subtitle\">Per\u00edodo de reten\u00e7\u00e3o<\/p><p>Retemos esses dados at\u00e9 que o servi\u00e7o seja encerrado.<\/p><\/details><\/div>","protected":false},"excerpt":{"rendered":"","protected":false},"author":1,"featured_media":0,"parent":0,"menu_order":0,"comment_status":"closed","ping_status":"closed","template":"","meta":{"_uag_custom_page_level_css":"","_uf_show_specific_survey":0,"_uf_disable_surveys":false,"_themeisle_gutenberg_block_has_review":false,"footnotes":""},"class_list":["post-6145","page","type-page","status-publish","hentry"],"aioseo_notices":[],"uagb_featured_image_src":{"full":false,"thumbnail":false,"medium":false,"medium_large":false,"large":false,"1536x1536":false,"2048x2048":false,"trp-custom-language-flag":false,"woocommerce_thumbnail":false,"woocommerce_single":false,"woocommerce_gallery_thumbnail":false},"uagb_author_info":{"display_name":"pilluwear.com","author_link":"https:\/\/pilluwear.com\/pt\/author\/pilluwear-com\/"},"uagb_comment_info":0,"uagb_excerpt":null,"jetpack_sharing_enabled":true,"_links":{"self":[{"href":"https:\/\/pilluwear.com\/pt\/wp-json\/wp\/v2\/pages\/6145","targetHints":{"allow":["GET"]}}],"collection":[{"href":"https:\/\/pilluwear.com\/pt\/wp-json\/wp\/v2\/pages"}],"about":[{"href":"https:\/\/pilluwear.com\/pt\/wp-json\/wp\/v2\/types\/page"}],"author":[{"embeddable":true,"href":"https:\/\/pilluwear.com\/pt\/wp-json\/wp\/v2\/users\/1"}],"replies":[{"embeddable":true,"href":"https:\/\/pilluwear.com\/pt\/wp-json\/wp\/v2\/comments?post=6145"}],"version-history":[{"count":0,"href":"https:\/\/pilluwear.com\/pt\/wp-json\/wp\/v2\/pages\/6145\/revisions"}],"wp:attachment":[{"href":"https:\/\/pilluwear.com\/pt\/wp-json\/wp\/v2\/media?parent=6145"}],"curies":[{"name":"wp","href":"https:\/\/api.w.org\/{rel}","templated":true}]}}