{"id":6123,"date":"2024-05-17T09:15:49","date_gmt":"2024-05-17T07:15:49","guid":{"rendered":"https:\/\/pilluwear.com\/widerrufsbelehrung\/"},"modified":"2025-03-16T11:36:28","modified_gmt":"2025-03-16T10:36:28","slug":"politica-de-cancelamento","status":"publish","type":"page","link":"https:\/\/pilluwear.com\/pt\/politica-de-cancelamento\/","title":{"rendered":"Pol\u00edtica de cancelamento"},"content":{"rendered":"<h3>Direito de cancelamento para os consumidores<\/h3>\n<p>(Um consumidor \u00e9 qualquer pessoa singular que celebre um neg\u00f3cio jur\u00eddico com fins predominantemente alheios \u00e0 sua atividade comercial, empresarial ou profissional).<\/p>\n<h1>Pol\u00edtica de cancelamento<\/h1>\n<h3>Direito de anula\u00e7\u00e3o<\/h3>\n<p>Tens o direito de rescindir o contrato no prazo de catorze dias, sem necessidade de indicar qualquer motivo.<\/p>\n<p>O prazo de anula\u00e7\u00e3o \u00e9 de catorze dias a contar da data,<\/p>\n<ul>\n<li>em que tu ou um terceiro por ti nomeado, que n\u00e3o seja o transportador, tenha ou tenha tomado posse dos bens, desde que tenhas encomendado um ou mais bens como parte de uma \u00fanica encomenda e estes sejam ou venham a ser entregues uniformemente, ou<\/li>\n<li>em que tu ou um terceiro por ti designado, que n\u00e3o seja o transportador, tenha tomado posse da \u00faltima mercadoria, desde que tenhas encomendado v\u00e1rias mercadorias como parte de uma \u00fanica encomenda e estas sejam entregues separadamente, ou<\/li>\n<li>em que tu ou um terceiro por ti nomeado, que n\u00e3o seja o transportador, tenha tomado posse da \u00faltima remessa parcial ou da \u00faltima pe\u00e7a, se tiveres encomendado mercadorias que sejam entregues em v\u00e1rias remessas parciais ou pe\u00e7as, ou<\/li>\n<li>em que o utilizador ou um terceiro por si designado, que n\u00e3o seja o transportador, tenha tomado posse dos primeiros bens, desde que o utilizador tenha celebrado um contrato de entrega regular de bens durante um per\u00edodo de tempo determinado.<\/li>\n<\/ul>\n<p>\nPara exercer o direito de rescis\u00e3o, tens de nos informar (pilluwear e.U, Handelskai 98a\/59, 1200 Viena, \u00c1ustria, n\u00famero de telefone: +4367762418750, endere\u00e7o de e-mail: ruslan@pilluwear.com) da tua decis\u00e3o de rescindir este contrato atrav\u00e9s de uma declara\u00e7\u00e3o clara (por exemplo, uma carta enviada por correio, e-mail). Podes utilizar o modelo de formul\u00e1rio de rescis\u00e3o em anexo, mas tal n\u00e3o \u00e9 obrigat\u00f3rio.<\/p>\n<p>Para respeitar o prazo de anula\u00e7\u00e3o, basta que envies a notifica\u00e7\u00e3o do exerc\u00edcio do teu direito de anula\u00e7\u00e3o antes do termo do per\u00edodo de anula\u00e7\u00e3o.<\/p>\n<h3>Consequ\u00eancias da anula\u00e7\u00e3o<\/h3>\n<p>Se o cliente rescindir o contrato, reembolsaremos todos os pagamentos recebidos do cliente, incluindo os custos de entrega (com exce\u00e7\u00e3o dos custos suplementares resultantes da escolha de um tipo de entrega diferente do tipo de entrega normal menos dispendioso por n\u00f3s oferecido), sem demora injustificada e, em qualquer caso, o mais tardar 14 dias a contar do dia em que formos informados da decis\u00e3o do cliente de rescindir o contrato. Para este reembolso, utilizaremos os mesmos meios de pagamento que utilizaste para a transa\u00e7\u00e3o original, salvo acordo expresso em contr\u00e1rio contigo; em caso algum te ser\u00e3o cobradas quaisquer taxas por este reembolso.<\/p>\n<p>Podemos recusar o reembolso at\u00e9 termos recebido a mercadoria de volta ou at\u00e9 teres apresentado prova de que devolveste a mercadoria, consoante o que ocorrer primeiro.<\/p>\n<\/p>\n<p>Deves devolver ou entregar a mercadoria imediatamente e, em qualquer caso, no prazo m\u00e1ximo de catorze dias a contar do dia em que nos informas da resolu\u00e7\u00e3o do presente contrato, para o endere\u00e7o indicado na etiqueta de devolu\u00e7\u00e3o. O prazo \u00e9 respeitado se expedires a mercadoria antes do termo do prazo de catorze dias.<\/p>\n<\/p>\n<p>Os custos de devolu\u00e7\u00e3o da mercadoria s\u00e3o suportados por n\u00f3s. <\/p>\n<p>S\u00f3 tens de pagar qualquer perda de valor dos bens se essa perda de valor se dever ao manuseamento dos bens que n\u00e3o seja necess\u00e1rio para verificar o seu estado, propriedades e funcionalidade.<\/p>\n<\/ul>\n<h2>Modelo de formul\u00e1rio de cancelamento<\/h2>\n<p>(Se pretenderes rescindir o contrato, preenche e devolve este formul\u00e1rio).<\/p>\n<p>- Para<\/p>\n<p>pilluwear e.U, Handelskai 98a\/59, 1200 Viena, \u00c1ustria, n\u00famero de telefone: +4367762418750, endere\u00e7o eletr\u00f3nico: ruslan@pilluwear.com<\/p>\n<p>- Eu\/n\u00f3s (*) resolvo\/resolvemos o contrato celebrado por mim\/n\u00f3s (*) para a compra dos seguintes bens (*)\/a presta\u00e7\u00e3o do seguinte servi\u00e7o (*)<\/p>\n<p>- Encomendado em (*)\/recebido em (*)<\/p>\n<p>- Nome do(s) consumidor(es)<\/p>\n<p>- Endere\u00e7o do(s) consumidor(es)<\/p>\n<p>- Assinatura do(s) consumidor(es) (apenas para notifica\u00e7\u00e3o em papel)<\/p>\n<p>- data<\/p>\n<p>___________<br \/>\n(*) Risca o que n\u00e3o interessa.<\/p>","protected":false},"excerpt":{"rendered":"<p>Widerrufsrecht f\u00fcr Verbraucher (Verbraucher ist jede nat\u00fcrliche Person, die ein Rechtsgesch\u00e4ft zu Zwecken abschlie\u00dft, die \u00fcberwiegend weder ihrer gewerblichen noch ihrer selbstst\u00e4ndigen beruflichen T\u00e4tigkeit zugerechnet werden kann.) Widerrufsbelehrung Widerrufsrecht Sie haben das Recht, binnen vierzehn Tagen ohne Angabe von Gr\u00fcnden diesen Vertrag zu widerrufen. Die Widerrufsfrist betr\u00e4gt vierzehn Tage ab dem Tag, an dem Sie [&hellip;]<\/p>","protected":false},"author":1,"featured_media":0,"parent":0,"menu_order":0,"comment_status":"closed","ping_status":"closed","template":"","meta":{"_uag_custom_page_level_css":"","_uf_show_specific_survey":0,"_uf_disable_surveys":false,"_themeisle_gutenberg_block_has_review":false,"footnotes":""},"class_list":["post-6123","page","type-page","status-publish","hentry"],"aioseo_notices":[],"uagb_featured_image_src":{"full":false,"thumbnail":false,"medium":false,"medium_large":false,"large":false,"1536x1536":false,"2048x2048":false,"trp-custom-language-flag":false,"woocommerce_thumbnail":false,"woocommerce_single":false,"woocommerce_gallery_thumbnail":false},"uagb_author_info":{"display_name":"pilluwear.com","author_link":"https:\/\/pilluwear.com\/pt\/author\/pilluwear-com\/"},"uagb_comment_info":0,"uagb_excerpt":"Widerrufsrecht f\u00fcr Verbraucher (Verbraucher ist jede nat\u00fcrliche Person, die ein Rechtsgesch\u00e4ft zu Zwecken abschlie\u00dft, die \u00fcberwiegend weder ihrer gewerblichen noch ihrer selbstst\u00e4ndigen beruflichen T\u00e4tigkeit zugerechnet werden kann.) Widerrufsbelehrung Widerrufsrecht Sie haben das Recht, binnen vierzehn Tagen ohne Angabe von Gr\u00fcnden diesen Vertrag zu widerrufen. Die Widerrufsfrist betr\u00e4gt vierzehn Tage ab dem Tag, an dem Sie&hellip;","jetpack_sharing_enabled":true,"_links":{"self":[{"href":"https:\/\/pilluwear.com\/pt\/wp-json\/wp\/v2\/pages\/6123","targetHints":{"allow":["GET"]}}],"collection":[{"href":"https:\/\/pilluwear.com\/pt\/wp-json\/wp\/v2\/pages"}],"about":[{"href":"https:\/\/pilluwear.com\/pt\/wp-json\/wp\/v2\/types\/page"}],"author":[{"embeddable":true,"href":"https:\/\/pilluwear.com\/pt\/wp-json\/wp\/v2\/users\/1"}],"replies":[{"embeddable":true,"href":"https:\/\/pilluwear.com\/pt\/wp-json\/wp\/v2\/comments?post=6123"}],"version-history":[{"count":2,"href":"https:\/\/pilluwear.com\/pt\/wp-json\/wp\/v2\/pages\/6123\/revisions"}],"predecessor-version":[{"id":23766,"href":"https:\/\/pilluwear.com\/pt\/wp-json\/wp\/v2\/pages\/6123\/revisions\/23766"}],"wp:attachment":[{"href":"https:\/\/pilluwear.com\/pt\/wp-json\/wp\/v2\/media?parent=6123"}],"curies":[{"name":"wp","href":"https:\/\/api.w.org\/{rel}","templated":true}]}}