{"id":6122,"date":"2024-05-17T09:15:49","date_gmt":"2024-05-17T07:15:49","guid":{"rendered":"https:\/\/pilluwear.com\/agb\/"},"modified":"2024-05-19T16:21:08","modified_gmt":"2024-05-19T14:21:08","slug":"agb","status":"publish","type":"page","link":"https:\/\/pilluwear.com\/pt\/agb\/","title":{"rendered":"GTC"},"content":{"rendered":"<h1>Termos e condi\u00e7\u00f5es gerais<\/h1>\n<h3>\u00a7 1 Validade, defini\u00e7\u00f5es de termos<\/h3>\n<p>(1) A Pilluwear e.U., Handelskai 98a\/59, 1200 Viena, \u00c1ustria (doravante: \"n\u00f3s\" ou \"pilluwear\") opera uma loja online de artigos no site https:\/\/pilluwear.com. Os seguintes termos e condi\u00e7\u00f5es gerais aplicam-se a todos os servi\u00e7os entre n\u00f3s e os nossos clientes (doravante: \"cliente\" ou \"tu\") na vers\u00e3o v\u00e1lida no momento da encomenda, salvo acordo expresso em contr\u00e1rio.<\/p>\n<p>(2) \"Consumidor\", na ace\u00e7\u00e3o dos presentes Termos e Condi\u00e7\u00f5es, \u00e9 qualquer pessoa singular que celebre um neg\u00f3cio jur\u00eddico para fins que n\u00e3o se enquadrem predominantemente na sua atividade comercial, empresarial ou profissional. \"Empres\u00e1rio\" \u00e9 uma pessoa singular ou colectiva ou uma sociedade com capacidade jur\u00eddica que, ao concluir um neg\u00f3cio jur\u00eddico, actua no exerc\u00edcio da sua atividade comercial ou profissional independente, sendo que uma sociedade com capacidade jur\u00eddica \u00e9 uma sociedade com capacidade para adquirir direitos e contrair obriga\u00e7\u00f5es.<\/p>\n<h3>\u00a7 2 Celebra\u00e7\u00e3o dos contratos, armazenamento do texto do contrato<\/h3>\n<p>(1) As seguintes disposi\u00e7\u00f5es relativas \u00e0 celebra\u00e7\u00e3o de contratos aplicam-se \u00e0s encomendas efectuadas atrav\u00e9s da nossa loja online em https:\/\/pilluwear.com.<\/p>\n<p>(2) As nossas apresenta\u00e7\u00f5es de produtos na Internet n\u00e3o s\u00e3o vinculativas e n\u00e3o constituem uma oferta vinculativa para a celebra\u00e7\u00e3o de um contrato.<\/p>\n<p>(3) Ap\u00f3s a rece\u00e7\u00e3o de uma encomenda na nossa loja online, aplicam-se as seguintes regras: O cliente apresenta uma proposta contratual vinculativa ao concluir com \u00eaxito o procedimento de encomenda fornecido na nossa loja online. A encomenda \u00e9 efectuada nos seguintes passos:<\/p>\n<ol>\n<li>Sele\u00e7\u00e3o das mercadorias pretendidas,<\/li>\n<li>Adiciona os produtos clicando no bot\u00e3o correspondente (por exemplo, \"Adicionar ao cesto de compras\", \"Adicionar ao saco de compras\" ou semelhante),<\/li>\n<li>Verifica os detalhes no cesto de compras,<\/li>\n<li>Acede \u00e0 s\u00edntese da encomenda clicando no bot\u00e3o correspondente (por exemplo, \"Continuar para o checkout\", \"Continuar para o pagamento\", \"Para a s\u00edntese da encomenda\" ou semelhante),<\/li>\n<li>Inscri\u00e7\u00e3o\/verifica\u00e7\u00e3o do endere\u00e7o e dos dados de contacto, sele\u00e7\u00e3o do m\u00e9todo de pagamento, confirma\u00e7\u00e3o das condi\u00e7\u00f5es gerais e da pol\u00edtica de cancelamento,<\/li>\n<li>Se a qualidade acordada dos bens se desviar da sua qualidade e condi\u00e7\u00f5es de utiliza\u00e7\u00e3o habituais, confirma um acordo de qualidade negativo,<\/li>\n<li>Conclui a encomenda clicando no bot\u00e3o \"Comprar agora\". Isto constitui a tua encomenda vinculativa.<\/li>\n<li>O contrato \u00e9 celebrado quando recebes uma confirma\u00e7\u00e3o de encomenda da nossa parte no prazo de tr\u00eas dias \u00fateis para o endere\u00e7o eletr\u00f3nico fornecido.<\/li>\n<\/ol>\n<p>(4) Se o contrato for celebrado, o contrato \u00e9 celebrado com a Pilluwear e.U., Handelskai 98a\/59, 1200 Viena, \u00c1ustria.<\/p>\n<p>(5) Antes de efetuar a encomenda, os dados do contrato podem ser impressos ou guardados eletronicamente atrav\u00e9s da fun\u00e7\u00e3o de impress\u00e3o do browser. O processamento da encomenda e a transmiss\u00e3o de todas as informa\u00e7\u00f5es necess\u00e1rias para a celebra\u00e7\u00e3o do contrato, nomeadamente os dados da encomenda, as CGV e a pol\u00edtica de anula\u00e7\u00e3o, s\u00e3o efectuados por correio eletr\u00f3nico ap\u00f3s a tua encomenda, em alguns casos automaticamente. N\u00e3o guardamos o texto do contrato depois de este ter sido celebrado.<\/p>\n<p>(6) Os erros de introdu\u00e7\u00e3o podem ser corrigidos utilizando as fun\u00e7\u00f5es habituais do teclado, do rato e do browser (por exemplo, o \"bot\u00e3o de retrocesso\" do browser). Tamb\u00e9m podem ser corrigidos cancelando prematuramente o processo de encomenda, fechando a janela do browser e repetindo o processo.<\/p>\n<p>(7) O processamento da encomenda e a transmiss\u00e3o de todas as informa\u00e7\u00f5es necess\u00e1rias para a celebra\u00e7\u00e3o do contrato s\u00e3o parcialmente automatizados por correio eletr\u00f3nico. Por conseguinte, deves certificar-te de que o endere\u00e7o de correio eletr\u00f3nico que nos forneceste est\u00e1 correto, que a rece\u00e7\u00e3o de mensagens de correio eletr\u00f3nico est\u00e1 tecnicamente assegurada e, em especial, que n\u00e3o \u00e9 impedida por filtros de SPAM.<\/p>\n<h3>\u00a7 3 Objeto do contrato e carater\u00edsticas essenciais dos produtos<\/h3>\n<p>(1) O objeto do contrato \u00e9 a nossa loja online:<\/p>\n<ol style=\"list-style-type: lower-alpha\">\n<li>A venda de mercadorias. Encontra os produtos espec\u00edficos que oferecemos nas nossas p\u00e1ginas de produtos.<\/li>\n<\/ol>\n<p>(2) As carater\u00edsticas essenciais das mercadorias constam da descri\u00e7\u00e3o do artigo. Se a qualidade acordada dos bens se desviar da sua qualidade e condi\u00e7\u00f5es de utiliza\u00e7\u00e3o habituais, este facto deve ser expressamente indicado na descri\u00e7\u00e3o do artigo (acordo de qualidade negativa). Na medida em que o cliente tenha dado o seu consentimento expresso ao desvio de qualidade negativo, este define o objeto do contrato.<\/p>\n<h3>\u00a7 4 Pre\u00e7os, custos de envio e entrega<\/h3>\n<p>(1) Os pre\u00e7os indicados nas respectivas ofertas, bem como os custos de envio, s\u00e3o pre\u00e7os totais e incluem todas as componentes do pre\u00e7o, incluindo todos os impostos aplic\u00e1veis.<\/p>\n<p>(2) O respetivo pre\u00e7o de compra tem de ser pago antes da entrega do produto (pagamento antecipado), exceto se oferecermos expressamente a compra por conta. Os m\u00e9todos de pagamento dispon\u00edveis para ti s\u00e3o apresentados num bot\u00e3o com a respectiva indica\u00e7\u00e3o na loja online ou na respectiva oferta. Salvo indica\u00e7\u00e3o em contr\u00e1rio para cada um dos m\u00e9todos de pagamento, os direitos de pagamento devem ser pagos imediatamente.<\/p>\n<p>(3) Para al\u00e9m dos pre\u00e7os indicados, podem ser incorridos custos de envio para a entrega dos produtos, a n\u00e3o ser que o respetivo artigo esteja rotulado como isento de custos de envio. Os custos de envio ser-te-\u00e3o comunicados claramente nas ofertas, se aplic\u00e1vel, no sistema do cesto de compras e na vista geral da encomenda.<\/p>\n<p>(4) Todos os produtos propostos s\u00e3o normalmente processados no prazo de 3 a 7 dias, ap\u00f3s o que s\u00e3o expedidos. Prazos de entrega:<\/p>\n<p>O prazo de entrega depende da tua localiza\u00e7\u00e3o e \u00e9 estimado da seguinte forma:<\/p>\n<ul>\n<li>Europa: 6 - 8 dias \u00fateis<\/li>\n<li>EUA: 3 - 4 dias \u00fateis<\/li>\n<li>Austr\u00e1lia: 2 - 14 dias \u00fateis<\/li>\n<li>Jap\u00e3o: 4 - 8 dias \u00fateis<\/li>\n<li>Internacional: 10 - 20 dias \u00fateis<\/li>\n<\/ul>\n<p>(5) Aplicam-se as seguintes restri\u00e7\u00f5es de \u00e1rea de entrega: A entrega \u00e9 efectuada nos seguintes pa\u00edses: \u00c1ustria, B\u00e9lgica, Bulg\u00e1ria, Chipre, Rep\u00fablica Checa, Alemanha, Dinamarca, Est\u00f3nia, Espanha, Finl\u00e2ndia, Fran\u00e7a, Gr\u00e9cia, Cro\u00e1cia, Hungria, Irlanda, It\u00e1lia, Litu\u00e2nia, Luxemburgo, Let\u00f3nia, Malta, Pa\u00edses Baixos, Pol\u00f3nia, Portugal, Rom\u00e9nia, Su\u00e9cia, Eslov\u00e9nia, Eslov\u00e1quia.<\/p>\n<h3>\u00a7 5 Direito de regresso<\/h3>\n<p>(1) Trabalhamos em conjunto com um fornecedor de impress\u00e3o a pedido que produz os artigos primeiro,<br \/>\nquando os encomendares. A fim de evitar uma sobreprodu\u00e7\u00e3o, pedimos-te que envies os dados ambientais<br \/>\ne n\u00e3o encomendares produtos desnecess\u00e1rios.<br \/>\nSe houver algum problema com a tua encomenda, podes cancel\u00e1-la no prazo de 14 dias.<br \/>\npodes ser devolvido. Por favor, avisa-nos se houver algum problema com a tua encomenda ou se pretenderes devolv\u00ea-la.<br \/>\nse n\u00e3o estiveres satisfeito, contacta-nos atrav\u00e9s do endere\u00e7o ruslan@pilluwear.com.<\/p>\n<h3>\u00a7 6 Direito de reten\u00e7\u00e3o, reten\u00e7\u00e3o do t\u00edtulo<\/h3>\n<p>(1) S\u00f3 podes exercer o direito de reten\u00e7\u00e3o na medida em que este diga respeito a cr\u00e9ditos decorrentes da mesma rela\u00e7\u00e3o contratual.<\/p>\n<p>(2) Os bens permanecem nossa propriedade at\u00e9 que o pre\u00e7o de compra tenha sido pago na totalidade.<\/p>\n<h3>\u00a7 7 Direito de anula\u00e7\u00e3o<\/h3>\n<p>Enquanto consumidor, tens o direito de anula\u00e7\u00e3o. Este direito baseia-se no nosso <a href=\"https:\/\/pilluwear.com\/pt\/politica-de-cancelamento\/\">Pol\u00edtica de cancelamento<\/a>.<\/p>\n<h3>\u00a7 8 L\u00edngua do contrato<\/h3>\n<p>A l\u00edngua do contrato \u00e9 exclusivamente o alem\u00e3o.<\/p>\n<h3>\u00a7 9 Responsabilidade civil<\/h3>\n<p>(1) Sob reserva das seguintes excep\u00e7\u00f5es, a nossa responsabilidade por incumprimento de obriga\u00e7\u00f5es contratuais e por actos n\u00e3o autorizados limita-se a dolo ou neglig\u00eancia grave.<\/p>\n<p>(2) Em caso de neglig\u00eancia ligeira, a nossa responsabilidade limita-se a danos \u00e0 vida, \u00e0 integridade f\u00edsica ou \u00e0 sa\u00fade ou em caso de incumprimento de uma obriga\u00e7\u00e3o contratual importante. Em caso de incumprimento da nossa parte devido a neglig\u00eancia ligeira, de impossibilidade de cumprimento ou de viola\u00e7\u00e3o de uma obriga\u00e7\u00e3o contratual material, a nossa responsabilidade por danos materiais e financeiros da\u00ed resultantes \u00e9 limitada ao montante dos danos. <strong>danos previs\u00edveis t\u00edpicos do contrato<\/strong> limitada. Uma obriga\u00e7\u00e3o contratual material \u00e9 aquela cujo cumprimento \u00e9 essencial para a boa execu\u00e7\u00e3o do contrato, cuja viola\u00e7\u00e3o p\u00f5e em risco a realiza\u00e7\u00e3o do objetivo do contrato e em cujo cumprimento podes confiar regularmente. Isto inclui, em particular, a nossa obriga\u00e7\u00e3o de tomar medidas e cumprir o servi\u00e7o contratualmente devido, que \u00e9 descrito no \u00a7 3.<\/p>\n<h3>\u00a7 10 Garantia<\/h3>\n<p>(1) A garantia rege-se pelas disposi\u00e7\u00f5es legais.<\/p>\n<p>(2) O per\u00edodo de garantia dos bens entregues aos empres\u00e1rios \u00e9 de 12 meses.<\/p>\n<p>(3) Como consumidor, deves verificar o artigo\/bens digitais ou o servi\u00e7o prestado imediatamente ap\u00f3s o cumprimento do contrato quanto \u00e0 sua integridade, defeitos \u00f3bvios e danos de transporte e notificar-nos a n\u00f3s e ao transportador de quaisquer reclama\u00e7\u00f5es o mais rapidamente poss\u00edvel. Se n\u00e3o o fizeres, isso n\u00e3o ter\u00e1, naturalmente, qualquer efeito sobre os teus direitos legais de garantia.<\/p>\n<h3>\u00a7 11 Disposi\u00e7\u00f5es finais\/resolu\u00e7\u00e3o de lit\u00edgios<\/h3>\n<p>(1) Aplica-se o direito alem\u00e3o. No caso dos consumidores, esta escolha de lei s\u00f3 se aplica na medida em que a prote\u00e7\u00e3o conferida por disposi\u00e7\u00f5es imperativas da lei do Estado da resid\u00eancia habitual do consumidor n\u00e3o seja assim retirada (princ\u00edpio da favorabilidade).<\/p>\n<p>(2) N\u00e3o se aplicam expressamente as disposi\u00e7\u00f5es da Conven\u00e7\u00e3o das Na\u00e7\u00f5es Unidas sobre os Contratos de Compra e Venda Internacional de Mercadorias.<\/p>\n<p>(3) Se o cliente for um comerciante, uma pessoa colectiva de direito p\u00fablico ou um fundo especial de direito p\u00fablico, o local de jurisdi\u00e7\u00e3o para todos os lit\u00edgios decorrentes de rela\u00e7\u00f5es contratuais entre o cliente e o prestador \u00e9 a sede do prestador.<\/p>\n<p>(4)\n\nN\u00e3o somos obrigados nem estamos dispostos a participar num processo de resolu\u00e7\u00e3o de lit\u00edgios perante uma comiss\u00e3o de arbitragem de consumidores.<\/p>","protected":false},"excerpt":{"rendered":"<p>Allgemeine Gesch\u00e4ftsbedingungen \u00a7 1 Geltung, Begriffsdefinitionen (1) Pilluwear e.U., Handelskai 98a\/59, 1200 Wien, \u00d6sterreich (im Folgenden: \u201ewir\u201c oder \u201epilluwear\u201c) betreibt unter der Webseite https:\/\/pilluwear.com einen Online-Shop f\u00fcr Waren. Die nachfolgenden allgemeinen Gesch\u00e4ftsbedingungen gelten f\u00fcr alle Leistungen zwischen uns und unseren Kunden (im Folgenden: \u201eKunde\u201c oder \u201eSie\u201c) in ihrer zum Zeitpunkt der Bestellung g\u00fcltigen Fassung, soweit [&hellip;]<\/p>","protected":false},"author":1,"featured_media":0,"parent":0,"menu_order":0,"comment_status":"closed","ping_status":"closed","template":"","meta":{"_uag_custom_page_level_css":"","_uf_show_specific_survey":0,"_uf_disable_surveys":false,"_themeisle_gutenberg_block_has_review":false,"footnotes":""},"class_list":["post-6122","page","type-page","status-publish","hentry"],"aioseo_notices":[],"uagb_featured_image_src":{"full":false,"thumbnail":false,"medium":false,"medium_large":false,"large":false,"1536x1536":false,"2048x2048":false,"trp-custom-language-flag":false,"woocommerce_thumbnail":false,"woocommerce_single":false,"woocommerce_gallery_thumbnail":false},"uagb_author_info":{"display_name":"pilluwear.com","author_link":"https:\/\/pilluwear.com\/pt\/author\/pilluwear-com\/"},"uagb_comment_info":0,"uagb_excerpt":"Allgemeine Gesch\u00e4ftsbedingungen \u00a7 1 Geltung, Begriffsdefinitionen (1) Pilluwear e.U., Handelskai 98a\/59, 1200 Wien, \u00d6sterreich (im Folgenden: \u201ewir\u201c oder \u201epilluwear\u201c) betreibt unter der Webseite https:\/\/pilluwear.com einen Online-Shop f\u00fcr Waren. Die nachfolgenden allgemeinen Gesch\u00e4ftsbedingungen gelten f\u00fcr alle Leistungen zwischen uns und unseren Kunden (im Folgenden: \u201eKunde\u201c oder \u201eSie\u201c) in ihrer zum Zeitpunkt der Bestellung g\u00fcltigen Fassung, soweit&hellip;","jetpack_sharing_enabled":true,"_links":{"self":[{"href":"https:\/\/pilluwear.com\/pt\/wp-json\/wp\/v2\/pages\/6122","targetHints":{"allow":["GET"]}}],"collection":[{"href":"https:\/\/pilluwear.com\/pt\/wp-json\/wp\/v2\/pages"}],"about":[{"href":"https:\/\/pilluwear.com\/pt\/wp-json\/wp\/v2\/types\/page"}],"author":[{"embeddable":true,"href":"https:\/\/pilluwear.com\/pt\/wp-json\/wp\/v2\/users\/1"}],"replies":[{"embeddable":true,"href":"https:\/\/pilluwear.com\/pt\/wp-json\/wp\/v2\/comments?post=6122"}],"version-history":[{"count":4,"href":"https:\/\/pilluwear.com\/pt\/wp-json\/wp\/v2\/pages\/6122\/revisions"}],"predecessor-version":[{"id":15940,"href":"https:\/\/pilluwear.com\/pt\/wp-json\/wp\/v2\/pages\/6122\/revisions\/15940"}],"wp:attachment":[{"href":"https:\/\/pilluwear.com\/pt\/wp-json\/wp\/v2\/media?parent=6122"}],"curies":[{"name":"wp","href":"https:\/\/api.w.org\/{rel}","templated":true}]}}