{"id":23723,"date":"2025-02-02T16:09:48","date_gmt":"2025-02-02T15:09:48","guid":{"rendered":"https:\/\/pilluwear.com\/produkt\/wanderer-umweltfreundlicher-unisex-kapuzenpullover\/"},"modified":"2025-09-20T19:08:15","modified_gmt":"2025-09-20T17:08:15","slug":"ekologiczna-bluza-z-kapturem-unisex-hiker","status":"publish","type":"product","link":"https:\/\/pilluwear.com\/pl\/produkt\/ekologiczna-bluza-z-kapturem-unisex-hiker\/","title":{"rendered":"Wanderer - Ekologiczna bluza z kapturem unisex"},"content":{"rendered":"<p>Klasyczna organiczna bluza z kapturem unisex to dobry zakup dla \u015bwiadomych ekologicznie mi\u0142o\u015bnik\u00f3w mody dzi\u0119ki organicznym materia\u0142om. Wygodna bluza z kapturem o regularnym kroju ma dwuwarstwowy kaptur, wszyte r\u0119kawy i przedni\u0105 kiesze\u0144.<\/p>\n<p>- 100% Bawe\u0142na organiczna<br \/>\n- Waga materia\u0142u: 10,32 uncji\/yd.\u00b2 (350 g\/m\u00b2)<br \/>\n- Normalne dopasowanie<br \/>\n- Osadzone r\u0119kawy<br \/>\n- Dwuwarstwowy kaptur wykonany z w\u0142asnego materia\u0142u<br \/>\n- Kiesze\u0144 z przodu<br \/>\n- \u015aci\u0105gacz 1\u00d71 na dole r\u0119kaw\u00f3w i u do\u0142u bluzy<br \/>\n- Stebn\u00f3wka jednoig\u0142owa przy dekolcie i wzd\u0142u\u017c otworu kaptura<br \/>\n- Metalowe oczka<br \/>\n- Wi\u0119zad\u0142o wewn\u0119trzne szyi<br \/>\n- Samodzielnie dziergany p\u00f3\u0142ksi\u0119\u017cyc na szyi<br \/>\n- Pobierz certyfikaty dla produkt\u00f3w przyjaznych dla \u015brodowiska<br \/>\n- Blank z Bangladeszu<\/p>\n<p>Rozmiary odpowiadaj\u0105 mniejszym rozmiarom na rynku ameryka\u0144skim, wi\u0119c klienci z USA powinni zam\u00f3wi\u0107 jeden rozmiar wi\u0119kszy.<\/p>\n<p>- Identyfikowalno\u015b\u0107:<br \/>\n- Tkactwo - Bangladesz<br \/>\n- Barwienie - Bangladesz<br \/>\n- Produkcja - Bangladesz<br \/>\n- Wykonane ze 100 bawe\u0142ny organicznej %<br \/>\n- Zawiera 0 % substancji niebezpiecznych<\/p>\n<p>Ograniczenia wiekowe: Dla doros\u0142ych<br \/>\nGwarancja UE: 2 lata<br \/>\nInne informacje dotycz\u0105ce zgodno\u015bci: Spe\u0142nia wymagania REACH UE.<\/p>\n<p>Zgodnie z og\u00f3lnym rozporz\u0105dzeniem w sprawie bezpiecze\u0144stwa produkt\u00f3w (GPSR) <b>Pilluwear e.U<\/b>\u017ce wszystkie oferowane produkty konsumenckie s\u0105 bezpieczne i zgodne z normami UE. Je\u015bli masz jakiekolwiek pytania lub w\u0105tpliwo\u015bci dotycz\u0105ce bezpiecze\u0144stwa produkt\u00f3w, skontaktuj si\u0119 z nami pod adresem <b>ruslan@pilluwear.com<\/b>lub poczt\u0105 na adres <b>Handelskai 98a\/59<br \/>\n1200 Wiede\u0144.<b \/><\/p>","protected":false},"excerpt":{"rendered":"<p>Klasyczna organiczna bluza z kapturem unisex to dobry zakup dla \u015bwiadomych ekologicznie mi\u0142o\u015bnik\u00f3w mody dzi\u0119ki organicznym materia\u0142om. Wygodna bluza z kapturem o regularnym kroju ma dwuwarstwowy kaptur, wszyte r\u0119kawy i przedni\u0105 kiesze\u0144. - Bawe\u0142na organiczna 100% - Gramatura materia\u0142u: 10,32 uncji\/yd.\u00b2 (350 g\/m\u00b2) - Regularny kr\u00f3j - Wstawiane r\u0119kawy - Dwuwarstwowy kaptur z w\u0142asnego materia\u0142u - Kiesze\u0144 z przodu - 1\u00d71 [...]<\/p>","protected":false},"featured_media":23746,"comment_status":"open","ping_status":"closed","template":"","meta":{"_uag_custom_page_level_css":"","_uf_show_specific_survey":0,"_uf_disable_surveys":false,"_themeisle_gutenberg_block_has_review":false},"product_brand":[],"product_cat":[108,122],"product_tag":[],"class_list":{"0":"post-23723","1":"product","2":"type-product","3":"status-publish","4":"has-post-thumbnail","6":"product_cat-jogger","7":"product_cat-kollektionen","8":"pa_farbe-desert-dust","9":"pa_farbe-french-navy","10":"pa_farbe-schwarz","11":"pa_farbe-weiss","12":"pa_grosse-2xl","13":"pa_grosse-l","14":"pa_grosse-m","15":"pa_grosse-s","16":"pa_grosse-xl","18":"first","19":"instock","20":"taxable","21":"shipping-taxable","22":"purchasable","23":"product-type-variable","24":"has-default-attributes"},"aioseo_notices":[],"uagb_featured_image_src":{"full":["https:\/\/i0.wp.com\/pilluwear.com\/wp-content\/uploads\/2025\/02\/unisex-essential-eco-hoodie-french-navy-front-679f8aaa791b3.jpg?fit=2000%2C2000&ssl=1",2000,2000,false],"thumbnail":["https:\/\/i0.wp.com\/pilluwear.com\/wp-content\/uploads\/2025\/02\/unisex-essential-eco-hoodie-french-navy-front-679f8aaa791b3.jpg?resize=150%2C150&ssl=1",150,150,true],"medium":["https:\/\/i0.wp.com\/pilluwear.com\/wp-content\/uploads\/2025\/02\/unisex-essential-eco-hoodie-french-navy-front-679f8aaa791b3.jpg?fit=300%2C300&ssl=1",300,300,true],"medium_large":["https:\/\/i0.wp.com\/pilluwear.com\/wp-content\/uploads\/2025\/02\/unisex-essential-eco-hoodie-french-navy-front-679f8aaa791b3.jpg?fit=768%2C768&ssl=1",768,768,true],"large":["https:\/\/i0.wp.com\/pilluwear.com\/wp-content\/uploads\/2025\/02\/unisex-essential-eco-hoodie-french-navy-front-679f8aaa791b3.jpg?fit=1024%2C1024&ssl=1",1024,1024,true],"1536x1536":["https:\/\/i0.wp.com\/pilluwear.com\/wp-content\/uploads\/2025\/02\/unisex-essential-eco-hoodie-french-navy-front-679f8aaa791b3.jpg?fit=1536%2C1536&ssl=1",1536,1536,true],"2048x2048":["https:\/\/i0.wp.com\/pilluwear.com\/wp-content\/uploads\/2025\/02\/unisex-essential-eco-hoodie-french-navy-front-679f8aaa791b3.jpg?fit=2000%2C2000&ssl=1",2000,2000,true],"trp-custom-language-flag":["https:\/\/i0.wp.com\/pilluwear.com\/wp-content\/uploads\/2025\/02\/unisex-essential-eco-hoodie-french-navy-front-679f8aaa791b3.jpg?fit=12%2C12&ssl=1",12,12,true],"woocommerce_thumbnail":["https:\/\/i0.wp.com\/pilluwear.com\/wp-content\/uploads\/2025\/02\/unisex-essential-eco-hoodie-french-navy-front-679f8aaa791b3.jpg?resize=300%2C300&ssl=1",300,300,true],"woocommerce_single":["https:\/\/i0.wp.com\/pilluwear.com\/wp-content\/uploads\/2025\/02\/unisex-essential-eco-hoodie-french-navy-front-679f8aaa791b3.jpg?fit=600%2C600&ssl=1",600,600,true],"woocommerce_gallery_thumbnail":["https:\/\/i0.wp.com\/pilluwear.com\/wp-content\/uploads\/2025\/02\/unisex-essential-eco-hoodie-french-navy-front-679f8aaa791b3.jpg?resize=100%2C100&ssl=1",100,100,true]},"uagb_author_info":{"display_name":"pilluwear.com","author_link":"https:\/\/pilluwear.com\/pl\/author\/"},"uagb_comment_info":0,"uagb_excerpt":"Der Klassischer Unisex Bio-Hoodie ist dank seiner Bio-Materialien ein guter Kauf f\u00fcr umweltbewusste Modeliebhaber. Der bequeme Kapuzenpullover mit normaler Passform hat eine doppellagige Kapuze, angesetzte \u00c4rmel und eine Beuteltasche vorne. \u2022 100% Bio-Baumwolle \u2022 Stoffgewicht: 10,32 oz.\/yd.\u00b2 (350 g\/m\u00b2) \u2022 Normale Passform \u2022 Eingesetzte \u00c4rmel \u2022 Doppellagige Kapuze aus Eigengewebe \u2022 Beuteltasche vorne \u2022 1\u00d71&hellip;","jetpack_sharing_enabled":true,"_links":{"self":[{"href":"https:\/\/pilluwear.com\/pl\/wp-json\/wp\/v2\/product\/23723","targetHints":{"allow":["GET"]}}],"collection":[{"href":"https:\/\/pilluwear.com\/pl\/wp-json\/wp\/v2\/product"}],"about":[{"href":"https:\/\/pilluwear.com\/pl\/wp-json\/wp\/v2\/types\/product"}],"replies":[{"embeddable":true,"href":"https:\/\/pilluwear.com\/pl\/wp-json\/wp\/v2\/comments?post=23723"}],"wp:featuredmedia":[{"embeddable":true,"href":"https:\/\/pilluwear.com\/pl\/wp-json\/wp\/v2\/media\/23746"}],"wp:attachment":[{"href":"https:\/\/pilluwear.com\/pl\/wp-json\/wp\/v2\/media?parent=23723"}],"wp:term":[{"taxonomy":"product_brand","embeddable":true,"href":"https:\/\/pilluwear.com\/pl\/wp-json\/wp\/v2\/product_brand?post=23723"},{"taxonomy":"product_cat","embeddable":true,"href":"https:\/\/pilluwear.com\/pl\/wp-json\/wp\/v2\/product_cat?post=23723"},{"taxonomy":"product_tag","embeddable":true,"href":"https:\/\/pilluwear.com\/pl\/wp-json\/wp\/v2\/product_tag?post=23723"}],"curies":[{"name":"wp","href":"https:\/\/api.w.org\/{rel}","templated":true}]}}