{"id":23702,"date":"2025-02-02T16:08:05","date_gmt":"2025-02-02T15:08:05","guid":{"rendered":"https:\/\/pilluwear.com\/produkt\/wanderer-unisex-bio-pullover\/"},"modified":"2025-02-02T16:08:41","modified_gmt":"2025-02-02T15:08:41","slug":"sweter-organiczny-unisex-hiker","status":"publish","type":"product","link":"https:\/\/pilluwear.com\/pl\/produkt\/sweter-organiczny-unisex-hiker\/","title":{"rendered":"Wanderer - Sweter organiczny unisex"},"content":{"rendered":"<p>Urozmai\u0107 sw\u00f3j styl tym ekologicznym swetrem unisex. Koszulka ma elegancki, wyrazisty wygl\u0105d i pasuje zar\u00f3wno do codziennych, jak i eleganckich stroj\u00f3w. Ta bluza z bawe\u0142ny organicznej jest trwa\u0142a, wygodna i wyj\u0105tkowo mi\u0119kka.<\/p>\n<p>- 100% organiczna bawe\u0142na czesana ring-spun<br \/>\n- Waga materia\u0142u: 10,3 uncji\/yd.\u00b2 (350 g\/m\u00b2)<br \/>\n- Normalne dopasowanie<br \/>\n- Osadzone r\u0119kawy<br \/>\n- \u015aci\u0105gacz 1\u00d71 na ko\u0142nierzu, u do\u0142u r\u0119kaw\u00f3w i u do\u0142u bluzy<br \/>\n- Podw\u00f3jne szwy na ko\u0142nierzu, r\u0119kawach i u do\u0142u bluzy<br \/>\n- Opaska na szyj\u0119 z wewn\u0119trznym wzorem w jode\u0142k\u0119<br \/>\n- Samodzielnie dziergany p\u00f3\u0142ksi\u0119\u017cyc na szyi<br \/>\n- Blank z Bangladeszu<\/p>\n<p>Rozmiary odpowiadaj\u0105 mniejszym rozmiarom na rynku ameryka\u0144skim, wi\u0119c klienci z USA powinni zamawia\u0107 o jeden rozmiar wi\u0119ksze.<\/p>\n<p>- Identyfikowalno\u015b\u0107:<br \/>\n- Tkactwo - Bangladesz<br \/>\n- Barwienie - Bangladesz<br \/>\n- Produkcja - Bangladesz<br \/>\n- Wykonane ze 100 bawe\u0142ny organicznej %<br \/>\n- Zawiera 0 % substancji niebezpiecznych<\/p>\n<p>Ograniczenia wiekowe: Dla doros\u0142ych<br \/>\nGwarancja UE: 2 lata<br \/>\nInne informacje dotycz\u0105ce zgodno\u015bci: Spe\u0142nia wymagania REACH UE.<\/p>\n<p>Zgodnie z og\u00f3lnym rozporz\u0105dzeniem w sprawie bezpiecze\u0144stwa produkt\u00f3w (GPSR) <b>Pilluwear e.U<\/b>\u017ce wszystkie oferowane produkty konsumenckie s\u0105 bezpieczne i zgodne z normami UE. Je\u015bli masz jakiekolwiek pytania lub w\u0105tpliwo\u015bci dotycz\u0105ce bezpiecze\u0144stwa produkt\u00f3w, skontaktuj si\u0119 z nami pod adresem <b>ruslan@pilluwear.com<\/b>lub poczt\u0105 na adres <b>Handelskai 98a\/59<br \/>\n1200 Wiede\u0144.<b \/><\/p>","protected":false},"excerpt":{"rendered":"<p>Urozmai\u0107 sw\u00f3j styl tym ekologicznym swetrem unisex. Koszulka ma elegancki, wyrazisty wygl\u0105d i pasuje zar\u00f3wno do codziennych, jak i eleganckich stroj\u00f3w. Ta bluza z bawe\u0142ny organicznej jest trwa\u0142a, wygodna i wyj\u0105tkowo mi\u0119kka. - 100% organiczna, czesana bawe\u0142na ring-spun - gramatura: 10,3 uncji\/yd.\u00b2 (350 g\/m\u00b2) - regularny kr\u00f3j - wszyte r\u0119kawy - 1\u00d71 [...]<\/p>","protected":false},"featured_media":23720,"comment_status":"open","ping_status":"closed","template":"","meta":{"_uag_custom_page_level_css":"","_uf_show_specific_survey":0,"_uf_disable_surveys":false,"_themeisle_gutenberg_block_has_review":false},"product_brand":[],"product_cat":[108,122],"product_tag":[],"class_list":{"0":"post-23702","1":"product","2":"type-product","3":"status-publish","4":"has-post-thumbnail","6":"product_cat-jogger","7":"product_cat-kollektionen","8":"pa_farbe-french-navy","9":"pa_farbe-schwarz","10":"pa_farbe-weiss","11":"pa_grosse-2xl","12":"pa_grosse-l","13":"pa_grosse-m","14":"pa_grosse-s","15":"pa_grosse-xl","17":"first","18":"instock","19":"taxable","20":"shipping-taxable","21":"purchasable","22":"product-type-variable"},"aioseo_notices":[],"uagb_featured_image_src":{"full":["https:\/\/i0.wp.com\/pilluwear.com\/wp-content\/uploads\/2025\/02\/unisex-eco-sweatshirt-white-front-679f8a060f643.jpg?fit=2000%2C2000&ssl=1",2000,2000,false],"thumbnail":["https:\/\/i0.wp.com\/pilluwear.com\/wp-content\/uploads\/2025\/02\/unisex-eco-sweatshirt-white-front-679f8a060f643.jpg?resize=150%2C150&ssl=1",150,150,true],"medium":["https:\/\/i0.wp.com\/pilluwear.com\/wp-content\/uploads\/2025\/02\/unisex-eco-sweatshirt-white-front-679f8a060f643.jpg?fit=300%2C300&ssl=1",300,300,true],"medium_large":["https:\/\/i0.wp.com\/pilluwear.com\/wp-content\/uploads\/2025\/02\/unisex-eco-sweatshirt-white-front-679f8a060f643.jpg?fit=768%2C768&ssl=1",768,768,true],"large":["https:\/\/i0.wp.com\/pilluwear.com\/wp-content\/uploads\/2025\/02\/unisex-eco-sweatshirt-white-front-679f8a060f643.jpg?fit=1024%2C1024&ssl=1",1024,1024,true],"1536x1536":["https:\/\/i0.wp.com\/pilluwear.com\/wp-content\/uploads\/2025\/02\/unisex-eco-sweatshirt-white-front-679f8a060f643.jpg?fit=1536%2C1536&ssl=1",1536,1536,true],"2048x2048":["https:\/\/i0.wp.com\/pilluwear.com\/wp-content\/uploads\/2025\/02\/unisex-eco-sweatshirt-white-front-679f8a060f643.jpg?fit=2000%2C2000&ssl=1",2000,2000,true],"trp-custom-language-flag":["https:\/\/i0.wp.com\/pilluwear.com\/wp-content\/uploads\/2025\/02\/unisex-eco-sweatshirt-white-front-679f8a060f643.jpg?fit=12%2C12&ssl=1",12,12,true],"woocommerce_thumbnail":["https:\/\/i0.wp.com\/pilluwear.com\/wp-content\/uploads\/2025\/02\/unisex-eco-sweatshirt-white-front-679f8a060f643.jpg?resize=300%2C300&ssl=1",300,300,true],"woocommerce_single":["https:\/\/i0.wp.com\/pilluwear.com\/wp-content\/uploads\/2025\/02\/unisex-eco-sweatshirt-white-front-679f8a060f643.jpg?fit=600%2C600&ssl=1",600,600,true],"woocommerce_gallery_thumbnail":["https:\/\/i0.wp.com\/pilluwear.com\/wp-content\/uploads\/2025\/02\/unisex-eco-sweatshirt-white-front-679f8a060f643.jpg?resize=100%2C100&ssl=1",100,100,true]},"uagb_author_info":{"display_name":"pilluwear.com","author_link":"https:\/\/pilluwear.com\/pl\/author\/"},"uagb_comment_info":0,"uagb_excerpt":"Mit diesem Unisex-\u00d6ko-Pullover kannst du deinen Stil aufpeppen. Das Shirt hat einen schicken, knackigen Look und passt sowohl zu legeren als auch zu schickeren Outfits. Dieses Sweatshirt aus Bio-Baumwolle ist strapazierf\u00e4hig, bequem und besonders weich. \u2022 100% organische, ringgesponnene, gek\u00e4mmte Baumwolle \u2022 Stoffgewicht: 10,3 oz.\/yd.\u00b2 (350 g\/m\u00b2) \u2022 Normale Passform \u2022 Eingesetzte \u00c4rmel \u2022 1\u00d71&hellip;","jetpack_sharing_enabled":true,"_links":{"self":[{"href":"https:\/\/pilluwear.com\/pl\/wp-json\/wp\/v2\/product\/23702","targetHints":{"allow":["GET"]}}],"collection":[{"href":"https:\/\/pilluwear.com\/pl\/wp-json\/wp\/v2\/product"}],"about":[{"href":"https:\/\/pilluwear.com\/pl\/wp-json\/wp\/v2\/types\/product"}],"replies":[{"embeddable":true,"href":"https:\/\/pilluwear.com\/pl\/wp-json\/wp\/v2\/comments?post=23702"}],"wp:featuredmedia":[{"embeddable":true,"href":"https:\/\/pilluwear.com\/pl\/wp-json\/wp\/v2\/media\/23720"}],"wp:attachment":[{"href":"https:\/\/pilluwear.com\/pl\/wp-json\/wp\/v2\/media?parent=23702"}],"wp:term":[{"taxonomy":"product_brand","embeddable":true,"href":"https:\/\/pilluwear.com\/pl\/wp-json\/wp\/v2\/product_brand?post=23702"},{"taxonomy":"product_cat","embeddable":true,"href":"https:\/\/pilluwear.com\/pl\/wp-json\/wp\/v2\/product_cat?post=23702"},{"taxonomy":"product_tag","embeddable":true,"href":"https:\/\/pilluwear.com\/pl\/wp-json\/wp\/v2\/product_tag?post=23702"}],"curies":[{"name":"wp","href":"https:\/\/api.w.org\/{rel}","templated":true}]}}