{"id":23569,"date":"2025-02-02T16:00:39","date_gmt":"2025-02-02T15:00:39","guid":{"rendered":"https:\/\/pilluwear.com\/produkt\/wanderer-unisex-bio-baumwoll-t-shirt\/"},"modified":"2025-04-13T13:46:11","modified_gmt":"2025-04-13T11:46:11","slug":"wanderer-unisex-bio-baumwoll-t-shirt","status":"publish","type":"product","link":"https:\/\/pilluwear.com\/pl\/produkt\/wanderer-unisex-bio-baumwoll-t-shirt\/","title":{"rendered":"Wanderer - Koszulka unisex z bawe\u0142ny organicznej"},"content":{"rendered":"<p>Ta koszulka unisex wykonana ze 100 bawe\u0142ny organicznej ring-spun % to absolutny must-have. Jest wysokiej jako\u015bci, super wygodny i co najwa\u017cniejsze - przyjazny dla \u015brodowiska. <\/p>\n<p> - 100 bawe\u0142na organiczna ring-spun % <br \/>\n - Waga materia\u0142u: 180 g\/m\u00b2 (5,3 uncji\/yd.\u00b2) <br \/>\n - Pojedyncza koszulka <br \/>\n - \u015arednie dopasowanie <br \/>\n - Dostosowane r\u0119kawy <br \/>\n - 1 \u00d7 1 \u015bci\u0105gacz na ko\u0142nierzu <br \/>\n - Szerokie podw\u00f3jne szwy na r\u0119kawach i u do\u0142u bluzy <br \/>\n - Samotkana ta\u015bma na szyj\u0119 (wewn\u0119trzna, z ty\u0142u szyi) <br \/>\n - Surowy produkt z Bangladeszu <\/p>\n<p> Rozmiary odpowiadaj\u0105 mniejszym rozmiarom na rynku ameryka\u0144skim, wi\u0119c klienci z USA powinni zamawia\u0107 o jeden rozmiar wi\u0119ksze.<\/p>\n<p>- Identyfikowalno\u015b\u0107:<br \/>\n- Tkactwo - Bangladesz<br \/>\n- Barwienie - Bangladesz<br \/>\n- Produkcja - Bangladesz<br \/>\n- Zawiera 0 % poliestru pochodz\u0105cego z recyklingu<br \/>\n- Zawiera 0 % substancji niebezpiecznych<\/p>\n<p>Ograniczenia wiekowe: Dla doros\u0142ych<br \/>\nGwarancja UE: 2 lata<br \/>\nInne informacje dotycz\u0105ce zgodno\u015bci: Spe\u0142nia wymagania REACH UE.<\/p>\n<p>Zgodnie z og\u00f3lnym rozporz\u0105dzeniem w sprawie bezpiecze\u0144stwa produkt\u00f3w (GPSR) <b>Pilluwear e.U<\/b>\u017ce wszystkie oferowane produkty konsumenckie s\u0105 bezpieczne i zgodne z normami UE. Je\u015bli masz jakiekolwiek pytania lub w\u0105tpliwo\u015bci dotycz\u0105ce bezpiecze\u0144stwa produkt\u00f3w, skontaktuj si\u0119 z nami pod adresem <b>ruslan@pilluwear.com<\/b>lub poczt\u0105 na adres <b>Handelskai 98a\/59<br \/>\n1200 Wiede\u0144.<b \/><\/p>","protected":false},"excerpt":{"rendered":"<p>Ta koszulka unisex wykonana ze 100 bawe\u0142ny organicznej ring-spun % to absolutny must-have. Jest wysokiej jako\u015bci, super wygodny i co najwa\u017cniejsze - przyjazny dla \u015brodowiska. - Bawe\u0142na organiczna ring-spun 100 % - Gramatura materia\u0142u: 180 g\/m\u00b2 (5,3 oz.\/yd.\u00b2) - Single jersey - \u015aredni kr\u00f3j - Wstawiane r\u0119kawy - \u015aci\u0105gacze 1 \u00d7 1 na ko\u0142nierzyku - Szerokie podw\u00f3jne szwy na r\u0119kawach i [...]<\/p>","protected":false},"featured_media":23646,"comment_status":"open","ping_status":"closed","template":"","meta":{"_uag_custom_page_level_css":"","_uf_show_specific_survey":0,"_uf_disable_surveys":false,"_themeisle_gutenberg_block_has_review":false},"product_brand":[],"product_cat":[108,122,35],"product_tag":[],"class_list":{"0":"post-23569","1":"product","2":"type-product","3":"status-publish","4":"has-post-thumbnail","6":"product_cat-jogger","7":"product_cat-kollektionen","8":"product_cat-tshirts","9":"pa_farbe-anthracite","10":"pa_farbe-burgundy","11":"pa_farbe-cotton-pink","12":"pa_farbe-dark-heather-blue","13":"pa_farbe-desert-dust","14":"pa_farbe-dunkles-heather-grau","15":"pa_farbe-fraiche-peche","16":"pa_farbe-french-navy","17":"pa_farbe-heather-grau","18":"pa_farbe-khaki","19":"pa_farbe-lavendel","20":"pa_farbe-schwarz","21":"pa_farbe-stargazer","22":"pa_farbe-weiss","23":"pa_grosse-2xl","24":"pa_grosse-3xl","25":"pa_grosse-l","26":"pa_grosse-m","27":"pa_grosse-s","28":"pa_grosse-xl","30":"first","31":"instock","32":"taxable","33":"shipping-taxable","34":"purchasable","35":"product-type-variable"},"aioseo_notices":[],"uagb_featured_image_src":{"full":["https:\/\/i0.wp.com\/pilluwear.com\/wp-content\/uploads\/2025\/02\/unisex-organic-cotton-t-shirt-khaki-front-679f887cd1be7.jpg?fit=2000%2C2000&ssl=1",2000,2000,false],"thumbnail":["https:\/\/i0.wp.com\/pilluwear.com\/wp-content\/uploads\/2025\/02\/unisex-organic-cotton-t-shirt-khaki-front-679f887cd1be7.jpg?resize=150%2C150&ssl=1",150,150,true],"medium":["https:\/\/i0.wp.com\/pilluwear.com\/wp-content\/uploads\/2025\/02\/unisex-organic-cotton-t-shirt-khaki-front-679f887cd1be7.jpg?fit=300%2C300&ssl=1",300,300,true],"medium_large":["https:\/\/i0.wp.com\/pilluwear.com\/wp-content\/uploads\/2025\/02\/unisex-organic-cotton-t-shirt-khaki-front-679f887cd1be7.jpg?fit=768%2C768&ssl=1",768,768,true],"large":["https:\/\/i0.wp.com\/pilluwear.com\/wp-content\/uploads\/2025\/02\/unisex-organic-cotton-t-shirt-khaki-front-679f887cd1be7.jpg?fit=1024%2C1024&ssl=1",1024,1024,true],"1536x1536":["https:\/\/i0.wp.com\/pilluwear.com\/wp-content\/uploads\/2025\/02\/unisex-organic-cotton-t-shirt-khaki-front-679f887cd1be7.jpg?fit=1536%2C1536&ssl=1",1536,1536,true],"2048x2048":["https:\/\/i0.wp.com\/pilluwear.com\/wp-content\/uploads\/2025\/02\/unisex-organic-cotton-t-shirt-khaki-front-679f887cd1be7.jpg?fit=2000%2C2000&ssl=1",2000,2000,true],"trp-custom-language-flag":["https:\/\/i0.wp.com\/pilluwear.com\/wp-content\/uploads\/2025\/02\/unisex-organic-cotton-t-shirt-khaki-front-679f887cd1be7.jpg?fit=12%2C12&ssl=1",12,12,true],"woocommerce_thumbnail":["https:\/\/i0.wp.com\/pilluwear.com\/wp-content\/uploads\/2025\/02\/unisex-organic-cotton-t-shirt-khaki-front-679f887cd1be7.jpg?resize=300%2C300&ssl=1",300,300,true],"woocommerce_single":["https:\/\/i0.wp.com\/pilluwear.com\/wp-content\/uploads\/2025\/02\/unisex-organic-cotton-t-shirt-khaki-front-679f887cd1be7.jpg?fit=600%2C600&ssl=1",600,600,true],"woocommerce_gallery_thumbnail":["https:\/\/i0.wp.com\/pilluwear.com\/wp-content\/uploads\/2025\/02\/unisex-organic-cotton-t-shirt-khaki-front-679f887cd1be7.jpg?resize=100%2C100&ssl=1",100,100,true]},"uagb_author_info":{"display_name":"pilluwear.com","author_link":"https:\/\/pilluwear.com\/pl\/author\/"},"uagb_comment_info":0,"uagb_excerpt":"Dieses Unisex-T-Shirt aus 100 % ringgesponnener Bio-Baumwolle ist ein absolutes Muss. Es ist hochwertig, super bequem und das Beste von allem \u2013 umweltfreundlich. \u2022 100 % ringgesponnene Bio-Baumwolle \u2022 Stoffgewicht: 180 g\/m\u00b2 (5,3 oz.\/yd.\u00b2) \u2022 Single-Jersey \u2022 Mittlere Passform \u2022 Eingestellte \u00c4rmel \u2022 1 \u00d7 1 Rippung am Kragen \u2022 Breite Doppeln\u00e4hte an \u00c4rmeln und&hellip;","jetpack_sharing_enabled":true,"_links":{"self":[{"href":"https:\/\/pilluwear.com\/pl\/wp-json\/wp\/v2\/product\/23569","targetHints":{"allow":["GET"]}}],"collection":[{"href":"https:\/\/pilluwear.com\/pl\/wp-json\/wp\/v2\/product"}],"about":[{"href":"https:\/\/pilluwear.com\/pl\/wp-json\/wp\/v2\/types\/product"}],"replies":[{"embeddable":true,"href":"https:\/\/pilluwear.com\/pl\/wp-json\/wp\/v2\/comments?post=23569"}],"wp:featuredmedia":[{"embeddable":true,"href":"https:\/\/pilluwear.com\/pl\/wp-json\/wp\/v2\/media\/23646"}],"wp:attachment":[{"href":"https:\/\/pilluwear.com\/pl\/wp-json\/wp\/v2\/media?parent=23569"}],"wp:term":[{"taxonomy":"product_brand","embeddable":true,"href":"https:\/\/pilluwear.com\/pl\/wp-json\/wp\/v2\/product_brand?post=23569"},{"taxonomy":"product_cat","embeddable":true,"href":"https:\/\/pilluwear.com\/pl\/wp-json\/wp\/v2\/product_cat?post=23569"},{"taxonomy":"product_tag","embeddable":true,"href":"https:\/\/pilluwear.com\/pl\/wp-json\/wp\/v2\/product_tag?post=23569"}],"curies":[{"name":"wp","href":"https:\/\/api.w.org\/{rel}","templated":true}]}}