{"id":22945,"date":"2024-11-07T14:44:41","date_gmt":"2024-11-07T13:44:41","guid":{"rendered":"https:\/\/pilluwear.com\/produkt\/skier-kurzaermeliges-unisex-t-shirt\/"},"modified":"2024-11-07T14:47:25","modified_gmt":"2024-11-07T13:47:25","slug":"koszulka-narciarska-unisex-z-krotkim-rekawem","status":"publish","type":"product","link":"https:\/\/pilluwear.com\/pl\/produkt\/koszulka-narciarska-unisex-z-krotkim-rekawem\/","title":{"rendered":"Skier - Koszulka unisex z kr\u00f3tkim r\u0119kawem"},"content":{"rendered":"<p>W\u0142a\u015bnie znalaz\u0142e\u015b idealn\u0105 koszulk\u0119 do swojej garderoby. Wykonana ze 100 bawe\u0142ny ring-spun % jest mi\u0119kka i wygodna w noszeniu. Podw\u00f3jne szwy na dekolcie i r\u0119kawach sprawiaj\u0105, \u017ce koszulka jest jeszcze bardziej wytrzyma\u0142a i przyci\u0105ga wzrok!  <\/p>\n<p>- 100 bawe\u0142na ring-spun %<br \/>\n- Sport Grey wykonany jest z bawe\u0142ny ring-spun 90 % i poliestru 10 %.<br \/>\n- Dark Heather: 65 % poliester, 35 % bawe\u0142na<br \/>\n- 4,5 uncji\/yd\u00b2 (153 g\/m\u00b2)<br \/>\n- Taping od ramienia do ramienia<br \/>\n- Obr\u00f3\u0107 o \u0107wier\u0107 obrotu, aby unikn\u0105\u0107 zagniece\u0144 na \u015brodku.<br \/>\n- Surowy produkt z Bangladeszu, Nikaragui, Hondurasu, Dominikany, Haiti lub Gwatemali<\/p>","protected":false},"excerpt":{"rendered":"<p>W\u0142a\u015bnie znalaz\u0142e\u015b idealn\u0105 koszulk\u0119 do swojej garderoby. Wykonana ze 100 bawe\u0142ny ring-spun % jest mi\u0119kka i wygodna w noszeniu. Podw\u00f3jne szwy na dekolcie i r\u0119kawach sprawiaj\u0105, \u017ce koszulka jest jeszcze bardziej wytrzyma\u0142a i przyci\u0105ga wzrok! - Bawe\u0142na ring-spun 100 % - Sport Grey jest wykonana z bawe\u0142ny ring-spun 90 %, 10 % [...]<\/p>","protected":false},"featured_media":22978,"comment_status":"open","ping_status":"closed","template":"","meta":{"_uag_custom_page_level_css":"","_uf_show_specific_survey":0,"_uf_disable_surveys":false,"_themeisle_gutenberg_block_has_review":false},"product_brand":[],"product_cat":[122,282],"product_tag":[],"class_list":{"0":"post-22945","1":"product","2":"type-product","3":"status-publish","4":"has-post-thumbnail","6":"product_cat-kollektionen","7":"product_cat-skier","8":"pa_farbe-dunkles-heather","9":"pa_farbe-navy","10":"pa_farbe-schwarz","11":"pa_farbe-sportgrau","12":"pa_farbe-weiss","13":"pa_grosse-2xl","14":"pa_grosse-3xl","15":"pa_grosse-l","16":"pa_grosse-m","17":"pa_grosse-s","18":"pa_grosse-xl","20":"first","21":"instock","22":"taxable","23":"shipping-taxable","24":"purchasable","25":"product-type-variable"},"aioseo_notices":[],"uagb_featured_image_src":{"full":["https:\/\/i0.wp.com\/pilluwear.com\/wp-content\/uploads\/2024\/11\/unisex-basic-softstyle-t-shirt-white-front-672cc1e8ab1b1.jpg?fit=2000%2C2000&ssl=1",2000,2000,false],"thumbnail":["https:\/\/i0.wp.com\/pilluwear.com\/wp-content\/uploads\/2024\/11\/unisex-basic-softstyle-t-shirt-white-front-672cc1e8ab1b1.jpg?resize=150%2C150&ssl=1",150,150,true],"medium":["https:\/\/i0.wp.com\/pilluwear.com\/wp-content\/uploads\/2024\/11\/unisex-basic-softstyle-t-shirt-white-front-672cc1e8ab1b1.jpg?fit=300%2C300&ssl=1",300,300,true],"medium_large":["https:\/\/i0.wp.com\/pilluwear.com\/wp-content\/uploads\/2024\/11\/unisex-basic-softstyle-t-shirt-white-front-672cc1e8ab1b1.jpg?fit=768%2C768&ssl=1",768,768,true],"large":["https:\/\/i0.wp.com\/pilluwear.com\/wp-content\/uploads\/2024\/11\/unisex-basic-softstyle-t-shirt-white-front-672cc1e8ab1b1.jpg?fit=1024%2C1024&ssl=1",1024,1024,true],"1536x1536":["https:\/\/i0.wp.com\/pilluwear.com\/wp-content\/uploads\/2024\/11\/unisex-basic-softstyle-t-shirt-white-front-672cc1e8ab1b1.jpg?fit=1536%2C1536&ssl=1",1536,1536,true],"2048x2048":["https:\/\/i0.wp.com\/pilluwear.com\/wp-content\/uploads\/2024\/11\/unisex-basic-softstyle-t-shirt-white-front-672cc1e8ab1b1.jpg?fit=2000%2C2000&ssl=1",2000,2000,true],"trp-custom-language-flag":["https:\/\/i0.wp.com\/pilluwear.com\/wp-content\/uploads\/2024\/11\/unisex-basic-softstyle-t-shirt-white-front-672cc1e8ab1b1.jpg?fit=12%2C12&ssl=1",12,12,true],"woocommerce_thumbnail":["https:\/\/i0.wp.com\/pilluwear.com\/wp-content\/uploads\/2024\/11\/unisex-basic-softstyle-t-shirt-white-front-672cc1e8ab1b1.jpg?resize=300%2C300&ssl=1",300,300,true],"woocommerce_single":["https:\/\/i0.wp.com\/pilluwear.com\/wp-content\/uploads\/2024\/11\/unisex-basic-softstyle-t-shirt-white-front-672cc1e8ab1b1.jpg?fit=600%2C600&ssl=1",600,600,true],"woocommerce_gallery_thumbnail":["https:\/\/i0.wp.com\/pilluwear.com\/wp-content\/uploads\/2024\/11\/unisex-basic-softstyle-t-shirt-white-front-672cc1e8ab1b1.jpg?resize=100%2C100&ssl=1",100,100,true]},"uagb_author_info":{"display_name":"pilluwear.com","author_link":"https:\/\/pilluwear.com\/pl\/author\/"},"uagb_comment_info":0,"uagb_excerpt":"Du hast jetzt das ideale T-Shirt f\u00fcr deine Garderobe gefunden. Es besteht aus 100 % ringgesponnener Baumwolle und ist weich und angenehm zu tragen. Die Doppeln\u00e4hte am Halsausschnitt und an den \u00c4rmeln machen das Shirt noch langlebiger und zu einem echten Hingucker! \u2022 100\u00a0% ringgesponnene Baumwolle \u2022 Sport Grey besteht aus 90\u00a0% ringgesponnener Baumwolle, 10\u00a0%&hellip;","jetpack_sharing_enabled":true,"_links":{"self":[{"href":"https:\/\/pilluwear.com\/pl\/wp-json\/wp\/v2\/product\/22945","targetHints":{"allow":["GET"]}}],"collection":[{"href":"https:\/\/pilluwear.com\/pl\/wp-json\/wp\/v2\/product"}],"about":[{"href":"https:\/\/pilluwear.com\/pl\/wp-json\/wp\/v2\/types\/product"}],"replies":[{"embeddable":true,"href":"https:\/\/pilluwear.com\/pl\/wp-json\/wp\/v2\/comments?post=22945"}],"wp:featuredmedia":[{"embeddable":true,"href":"https:\/\/pilluwear.com\/pl\/wp-json\/wp\/v2\/media\/22978"}],"wp:attachment":[{"href":"https:\/\/pilluwear.com\/pl\/wp-json\/wp\/v2\/media?parent=22945"}],"wp:term":[{"taxonomy":"product_brand","embeddable":true,"href":"https:\/\/pilluwear.com\/pl\/wp-json\/wp\/v2\/product_brand?post=22945"},{"taxonomy":"product_cat","embeddable":true,"href":"https:\/\/pilluwear.com\/pl\/wp-json\/wp\/v2\/product_cat?post=22945"},{"taxonomy":"product_tag","embeddable":true,"href":"https:\/\/pilluwear.com\/pl\/wp-json\/wp\/v2\/product_tag?post=22945"}],"curies":[{"name":"wp","href":"https:\/\/api.w.org\/{rel}","templated":true}]}}