{"id":22582,"date":"2024-11-07T14:25:50","date_gmt":"2024-11-07T13:25:50","guid":{"rendered":"https:\/\/pilluwear.com\/produkt\/cozy-companion-unisex-premium-pullover\/"},"modified":"2024-11-07T14:28:14","modified_gmt":"2024-11-07T13:28:14","slug":"cozy-companion-unisex-premium-pullover","status":"publish","type":"product","link":"https:\/\/pilluwear.com\/pl\/produkt\/cozy-companion-unisex-premium-pullover\/","title":{"rendered":"Cozy Companion - Sweter premium unisex"},"content":{"rendered":"<p>Klasyczny kr\u00f3j bluzy z pr\u0105\u017ckowanym okr\u0105g\u0142ym dekoltem, d\u0142ugimi mankietami i p\u0142askim do\u0142em. Mo\u017cesz j\u0105 \u0142\u0105czy\u0107 i dopasowywa\u0107 lub nosi\u0107 samodzielnie, aby uzyska\u0107 modny streetwearowy wygl\u0105d. Mi\u0119kki polar wewn\u0105trz i wygodne dopasowanie sprawi\u0105, \u017ce b\u0119dzie to Twoja ulubiona bluza na co dzie\u0144!<\/p>\n<p>- G\u00f3rna strona 100% bawe\u0142na<br \/>\n- 65% bawe\u0142na, 35% poliester<br \/>\n- Charcoal Heather: bawe\u0142na 55%, poliester 45%<br \/>\n- Waga tkaniny: 288,2 g\/m\u00b2 (8,5 oz\/rok\u00b2)<br \/>\n- Ciasno dzianinowy polar 3-kana\u0142owy <br \/>\n- Boczne przeszycia<br \/>\n- Naszywka z dzianiny na plecach<br \/>\n- Podw\u00f3jnie szyty pr\u0105\u017ckowany ko\u0142nierz, mankiety i d\u00f3\u0142<br \/>\n- Blank z Pakistanu <\/p>\n<p>Zastrze\u017cenie: Ta bluza ma ma\u0142y rozmiar. Aby uzyska\u0107 idealne dopasowanie, zalecamy zam\u00f3wienie bluzy o jeden rozmiar wi\u0119kszej ni\u017c Tw\u00f3j zwyk\u0142y rozmiar.<\/p>\n<p>- Identyfikowalno\u015b\u0107:<br \/>\n- Tkactwo - Pakistan<br \/>\n- Kolorowanie - Pakistan<br \/>\n- Produkcja - Pakistan<br \/>\n- Zawiera 0 % poliestru pochodz\u0105cego z recyklingu<br \/>\n- Zawiera 0 % substancji niebezpiecznych<\/p>","protected":false},"excerpt":{"rendered":"<p>Klasyczny kr\u00f3j bluzy z pr\u0105\u017ckowanym okr\u0105g\u0142ym dekoltem, d\u0142ugimi mankietami i p\u0142askim do\u0142em. Mo\u017cesz j\u0105 \u0142\u0105czy\u0107 i dopasowywa\u0107 lub nosi\u0107 samodzielnie, aby uzyska\u0107 modny streetwearowy wygl\u0105d. Mi\u0119kki polar wewn\u0105trz i wygodne dopasowanie sprawi\u0105, \u017ce b\u0119dzie to Twoja ulubiona bluza na co dzie\u0144! - Top 100% bawe\u0142na - 65% bawe\u0142na, 35% poliester - Charcoal Heather: 55% bawe\u0142na, 45% poliester - [...]<\/p>","protected":false},"featured_media":22633,"comment_status":"open","ping_status":"closed","template":"","meta":{"_uag_custom_page_level_css":"","_uf_show_specific_survey":0,"_uf_disable_surveys":false,"_themeisle_gutenberg_block_has_review":false},"product_brand":[],"product_cat":[116,122],"product_tag":[],"class_list":{"0":"post-22582","1":"product","2":"type-product","3":"status-publish","4":"has-post-thumbnail","6":"product_cat-dog","7":"product_cat-kollektionen","8":"pa_farbe-carbon-grey","9":"pa_farbe-charcoal-heather","10":"pa_farbe-dusty-rose","11":"pa_farbe-navy-blazer","12":"pa_farbe-schwarz","13":"pa_farbe-team-royal","14":"pa_farbe-waldgruen","15":"pa_farbe-weiss","16":"pa_grosse-2xl","17":"pa_grosse-3xl","18":"pa_grosse-l","19":"pa_grosse-m","20":"pa_grosse-s","21":"pa_grosse-xl","23":"first","24":"instock","25":"taxable","26":"shipping-taxable","27":"purchasable","28":"product-type-variable"},"aioseo_notices":[],"uagb_featured_image_src":{"full":["https:\/\/i0.wp.com\/pilluwear.com\/wp-content\/uploads\/2024\/11\/unisex-premium-sweatshirt-charcoal-heather-front-672cbcb527cbc.jpg?fit=2000%2C2000&ssl=1",2000,2000,false],"thumbnail":["https:\/\/i0.wp.com\/pilluwear.com\/wp-content\/uploads\/2024\/11\/unisex-premium-sweatshirt-charcoal-heather-front-672cbcb527cbc.jpg?resize=150%2C150&ssl=1",150,150,true],"medium":["https:\/\/i0.wp.com\/pilluwear.com\/wp-content\/uploads\/2024\/11\/unisex-premium-sweatshirt-charcoal-heather-front-672cbcb527cbc.jpg?fit=300%2C300&ssl=1",300,300,true],"medium_large":["https:\/\/i0.wp.com\/pilluwear.com\/wp-content\/uploads\/2024\/11\/unisex-premium-sweatshirt-charcoal-heather-front-672cbcb527cbc.jpg?fit=768%2C768&ssl=1",768,768,true],"large":["https:\/\/i0.wp.com\/pilluwear.com\/wp-content\/uploads\/2024\/11\/unisex-premium-sweatshirt-charcoal-heather-front-672cbcb527cbc.jpg?fit=1024%2C1024&ssl=1",1024,1024,true],"1536x1536":["https:\/\/i0.wp.com\/pilluwear.com\/wp-content\/uploads\/2024\/11\/unisex-premium-sweatshirt-charcoal-heather-front-672cbcb527cbc.jpg?fit=1536%2C1536&ssl=1",1536,1536,true],"2048x2048":["https:\/\/i0.wp.com\/pilluwear.com\/wp-content\/uploads\/2024\/11\/unisex-premium-sweatshirt-charcoal-heather-front-672cbcb527cbc.jpg?fit=2000%2C2000&ssl=1",2000,2000,true],"trp-custom-language-flag":["https:\/\/i0.wp.com\/pilluwear.com\/wp-content\/uploads\/2024\/11\/unisex-premium-sweatshirt-charcoal-heather-front-672cbcb527cbc.jpg?fit=12%2C12&ssl=1",12,12,true],"woocommerce_thumbnail":["https:\/\/i0.wp.com\/pilluwear.com\/wp-content\/uploads\/2024\/11\/unisex-premium-sweatshirt-charcoal-heather-front-672cbcb527cbc.jpg?resize=300%2C300&ssl=1",300,300,true],"woocommerce_single":["https:\/\/i0.wp.com\/pilluwear.com\/wp-content\/uploads\/2024\/11\/unisex-premium-sweatshirt-charcoal-heather-front-672cbcb527cbc.jpg?fit=600%2C600&ssl=1",600,600,true],"woocommerce_gallery_thumbnail":["https:\/\/i0.wp.com\/pilluwear.com\/wp-content\/uploads\/2024\/11\/unisex-premium-sweatshirt-charcoal-heather-front-672cbcb527cbc.jpg?resize=100%2C100&ssl=1",100,100,true]},"uagb_author_info":{"display_name":"pilluwear.com","author_link":"https:\/\/pilluwear.com\/pl\/author\/"},"uagb_comment_info":0,"uagb_excerpt":"Die klassische Sweatshirtform mit geripptem Rundhalsausschnitt, langen \u00c4rmelb\u00fcndchen und einem flachen Saum. Du kannst es kombinieren oder als Einzelst\u00fcck f\u00fcr einen angesagten Streetwear-Look verwenden. Die weiche Fleece-Innenseite und die bequeme Passform machen es zu deinem Lieblingspulli im Alltag! \u2022 Oberseite 100% Baumwolle \u2022 65% Baumwolle, 35% Polyester \u2022 Charcoal Heather: 55% Baumwolle, 45% Polyester \u2022&hellip;","jetpack_sharing_enabled":true,"_links":{"self":[{"href":"https:\/\/pilluwear.com\/pl\/wp-json\/wp\/v2\/product\/22582","targetHints":{"allow":["GET"]}}],"collection":[{"href":"https:\/\/pilluwear.com\/pl\/wp-json\/wp\/v2\/product"}],"about":[{"href":"https:\/\/pilluwear.com\/pl\/wp-json\/wp\/v2\/types\/product"}],"replies":[{"embeddable":true,"href":"https:\/\/pilluwear.com\/pl\/wp-json\/wp\/v2\/comments?post=22582"}],"wp:featuredmedia":[{"embeddable":true,"href":"https:\/\/pilluwear.com\/pl\/wp-json\/wp\/v2\/media\/22633"}],"wp:attachment":[{"href":"https:\/\/pilluwear.com\/pl\/wp-json\/wp\/v2\/media?parent=22582"}],"wp:term":[{"taxonomy":"product_brand","embeddable":true,"href":"https:\/\/pilluwear.com\/pl\/wp-json\/wp\/v2\/product_brand?post=22582"},{"taxonomy":"product_cat","embeddable":true,"href":"https:\/\/pilluwear.com\/pl\/wp-json\/wp\/v2\/product_cat?post=22582"},{"taxonomy":"product_tag","embeddable":true,"href":"https:\/\/pilluwear.com\/pl\/wp-json\/wp\/v2\/product_tag?post=22582"}],"curies":[{"name":"wp","href":"https:\/\/api.w.org\/{rel}","templated":true}]}}