{"id":22035,"date":"2024-11-07T13:53:17","date_gmt":"2024-11-07T12:53:17","guid":{"rendered":"https:\/\/pilluwear.com\/produkt\/cozy-companion-unisex-bio-pullover\/"},"modified":"2024-11-07T13:56:48","modified_gmt":"2024-11-07T12:56:48","slug":"organiczny-sweter-unisex-cozy-companion","status":"publish","type":"product","link":"https:\/\/pilluwear.com\/pl\/produkt\/organiczny-sweter-unisex-cozy-companion\/","title":{"rendered":"Cozy Companion - organiczny sweter unisex"},"content":{"rendered":"<p>Ten organiczny sweter unisex jest wykonany z materia\u0142\u00f3w organicznych i pochodz\u0105cych z recyklingu, dzi\u0119ki czemu jest mi\u0119kki i przytulny. Ma wszyte r\u0119kawy, \u015bci\u0105gacz 2\u00d72 na ko\u0142nierzu i ta\u015bm\u0119 wzmacniaj\u0105c\u0105 na karku. Zam\u00f3w sw\u00f3j nast\u0119pny ulubiony ekologiczny element i podbijaj ulice w dobrym stylu!<\/p>\n<p>- 80% bawe\u0142na organiczna, 20% poliester z recyklingu<br \/>\n- Bawe\u0142na organiczna na zewn\u0105trz 100%<br \/>\n- Francuska dzianina frotte <br \/>\n- Osadzone r\u0119kawy<br \/>\n- \u017bebra 2\u00d72 na ko\u0142nierzu<br \/>\n- Samoprzylepna ta\u015bma na szyj\u0119<br \/>\n- Blank z Bangladeszu<\/p>\n<p>Zastrze\u017cenie: Klienci z USA powinni zamawia\u0107 o jeden rozmiar wi\u0119ksze, poniewa\u017c rozmiary UE tego dostawcy odpowiadaj\u0105 mniejszym rozmiarom w USA.<\/p>","protected":false},"excerpt":{"rendered":"<p>Ten organiczny sweter unisex jest wykonany z materia\u0142\u00f3w organicznych i pochodz\u0105cych z recyklingu, dzi\u0119ki czemu jest mi\u0119kki i przytulny. Ma wszyte r\u0119kawy, \u015bci\u0105gacz 2\u00d72 na ko\u0142nierzu i ta\u015bm\u0119 wzmacniaj\u0105c\u0105 na karku. Zam\u00f3w sw\u00f3j nast\u0119pny ulubiony ekologiczny element i podbijaj ulice w dobrym stylu! - 80% bawe\u0142na organiczna, 20% poliester z recyklingu - 100% bawe\u0142na organiczna na zewn\u0105trz - francuska dzianina frotte - wszyte r\u0119kawy [...]<\/p>","protected":false},"featured_media":22073,"comment_status":"open","ping_status":"closed","template":"","meta":{"_uag_custom_page_level_css":"","_uf_show_specific_survey":0,"_uf_disable_surveys":false,"_themeisle_gutenberg_block_has_review":false},"product_brand":[],"product_cat":[116,122],"product_tag":[],"class_list":{"0":"post-22035","1":"product","2":"type-product","3":"status-publish","4":"has-post-thumbnail","6":"product_cat-dog","7":"product_cat-kollektionen","8":"pa_farbe-bottle-green","9":"pa_farbe-deep-charcoal-grey","10":"pa_farbe-french-navy","11":"pa_farbe-grey-melange","12":"pa_farbe-koenigsblau","13":"pa_farbe-schwarz","14":"pa_farbe-weiss","15":"pa_grosse-l","16":"pa_grosse-m","17":"pa_grosse-s","18":"pa_grosse-xl","19":"pa_grosse-xxl","21":"first","22":"instock","23":"taxable","24":"shipping-taxable","25":"purchasable","26":"product-type-variable"},"aioseo_notices":[],"uagb_featured_image_src":{"full":["https:\/\/i0.wp.com\/pilluwear.com\/wp-content\/uploads\/2024\/11\/unisex-organic-sweatshirt-bottle-green-front-672cb82633239.jpg?fit=2000%2C2000&ssl=1",2000,2000,false],"thumbnail":["https:\/\/i0.wp.com\/pilluwear.com\/wp-content\/uploads\/2024\/11\/unisex-organic-sweatshirt-bottle-green-front-672cb82633239.jpg?resize=150%2C150&ssl=1",150,150,true],"medium":["https:\/\/i0.wp.com\/pilluwear.com\/wp-content\/uploads\/2024\/11\/unisex-organic-sweatshirt-bottle-green-front-672cb82633239.jpg?fit=300%2C300&ssl=1",300,300,true],"medium_large":["https:\/\/i0.wp.com\/pilluwear.com\/wp-content\/uploads\/2024\/11\/unisex-organic-sweatshirt-bottle-green-front-672cb82633239.jpg?fit=768%2C768&ssl=1",768,768,true],"large":["https:\/\/i0.wp.com\/pilluwear.com\/wp-content\/uploads\/2024\/11\/unisex-organic-sweatshirt-bottle-green-front-672cb82633239.jpg?fit=1024%2C1024&ssl=1",1024,1024,true],"1536x1536":["https:\/\/i0.wp.com\/pilluwear.com\/wp-content\/uploads\/2024\/11\/unisex-organic-sweatshirt-bottle-green-front-672cb82633239.jpg?fit=1536%2C1536&ssl=1",1536,1536,true],"2048x2048":["https:\/\/i0.wp.com\/pilluwear.com\/wp-content\/uploads\/2024\/11\/unisex-organic-sweatshirt-bottle-green-front-672cb82633239.jpg?fit=2000%2C2000&ssl=1",2000,2000,true],"trp-custom-language-flag":["https:\/\/i0.wp.com\/pilluwear.com\/wp-content\/uploads\/2024\/11\/unisex-organic-sweatshirt-bottle-green-front-672cb82633239.jpg?fit=12%2C12&ssl=1",12,12,true],"woocommerce_thumbnail":["https:\/\/i0.wp.com\/pilluwear.com\/wp-content\/uploads\/2024\/11\/unisex-organic-sweatshirt-bottle-green-front-672cb82633239.jpg?resize=300%2C300&ssl=1",300,300,true],"woocommerce_single":["https:\/\/i0.wp.com\/pilluwear.com\/wp-content\/uploads\/2024\/11\/unisex-organic-sweatshirt-bottle-green-front-672cb82633239.jpg?fit=600%2C600&ssl=1",600,600,true],"woocommerce_gallery_thumbnail":["https:\/\/i0.wp.com\/pilluwear.com\/wp-content\/uploads\/2024\/11\/unisex-organic-sweatshirt-bottle-green-front-672cb82633239.jpg?resize=100%2C100&ssl=1",100,100,true]},"uagb_author_info":{"display_name":"pilluwear.com","author_link":"https:\/\/pilluwear.com\/pl\/author\/"},"uagb_comment_info":0,"uagb_excerpt":"Dieser Unisex-Bio-Pullover besteht aus biologischen und recycelten Materialien und f\u00fchlt sich weich und kuschelig an. Es hat eingelassene \u00c4rmel, 2\u00d72 Rippen am Kragen und ein Nackenband aus Eigengewebe. Bestelle dein n\u00e4chstes umweltfreundliches Lieblingsteil und erobere die Stra\u00dfen mit Stil! \u2022 80% Bio-Baumwolle, 20% recyceltes Polyester \u2022 Au\u00dfen 100% Bio-Baumwolle \u2022 Franz\u00f6sischer Frotteestrick \u2022 Eingelassene \u00c4rmel&hellip;","jetpack_sharing_enabled":true,"_links":{"self":[{"href":"https:\/\/pilluwear.com\/pl\/wp-json\/wp\/v2\/product\/22035","targetHints":{"allow":["GET"]}}],"collection":[{"href":"https:\/\/pilluwear.com\/pl\/wp-json\/wp\/v2\/product"}],"about":[{"href":"https:\/\/pilluwear.com\/pl\/wp-json\/wp\/v2\/types\/product"}],"replies":[{"embeddable":true,"href":"https:\/\/pilluwear.com\/pl\/wp-json\/wp\/v2\/comments?post=22035"}],"wp:featuredmedia":[{"embeddable":true,"href":"https:\/\/pilluwear.com\/pl\/wp-json\/wp\/v2\/media\/22073"}],"wp:attachment":[{"href":"https:\/\/pilluwear.com\/pl\/wp-json\/wp\/v2\/media?parent=22035"}],"wp:term":[{"taxonomy":"product_brand","embeddable":true,"href":"https:\/\/pilluwear.com\/pl\/wp-json\/wp\/v2\/product_brand?post=22035"},{"taxonomy":"product_cat","embeddable":true,"href":"https:\/\/pilluwear.com\/pl\/wp-json\/wp\/v2\/product_cat?post=22035"},{"taxonomy":"product_tag","embeddable":true,"href":"https:\/\/pilluwear.com\/pl\/wp-json\/wp\/v2\/product_tag?post=22035"}],"curies":[{"name":"wp","href":"https:\/\/api.w.org\/{rel}","templated":true}]}}