{"id":20722,"date":"2024-05-30T13:59:02","date_gmt":"2024-05-30T11:59:02","guid":{"rendered":"https:\/\/pilluwear.com\/produkt\/music-lover-unisex-eco-sweatshirt\/"},"modified":"2024-05-30T14:00:04","modified_gmt":"2024-05-30T12:00:04","slug":"bluza-ekologiczna-unisex-dla-milosnikow-muzyki","status":"publish","type":"product","link":"https:\/\/pilluwear.com\/pl\/produkt\/bluza-ekologiczna-unisex-dla-milosnikow-muzyki\/","title":{"rendered":"Meloman - bluza ekologiczna unisex"},"content":{"rendered":"<p>Podnie\u015b sw\u00f3j styl dzi\u0119ki tej ekologicznej bluzie unisex. Koszulka ma elegancki, wyrazisty wygl\u0105d i b\u0119dzie pasowa\u0107 zar\u00f3wno do codziennych, jak i bardziej strojnych stroj\u00f3w. Wykonana z bawe\u0142ny organicznej bluza jest trwa\u0142a, wygodna i wyj\u0105tkowo mi\u0119kka.<\/p>\n<p>- 100% organiczna bawe\u0142na czesana ring-spun<br \/>\n- Waga materia\u0142u: 350 g\/m\u00b2 (10,3 uncji\/yd.\u00b2)<br \/>\n- Regularny kr\u00f3j<br \/>\n- Osadzone r\u0119kawy<br \/>\n- \u015aci\u0105gacz 1\u00d71 przy ko\u0142nierzu, u do\u0142u r\u0119kaw\u00f3w i u do\u0142u bluzy<br \/>\n- Podw\u00f3jne przeszycia przy ko\u0142nierzu, r\u0119kawach i u do\u0142u bluzy<br \/>\n- Wewn\u0119trzna ta\u015bma na karku w jode\u0142k\u0119<br \/>\n- P\u00f3\u0142ksi\u0119\u017cyc z tkaniny na karku<br \/>\n- Pusty produkt pochodz\u0105cy z Bangladeszu<\/p>\n<p>Rozmiary odpowiadaj\u0105 mniejszym rozmiarom na rynku ameryka\u0144skim, wi\u0119c klienci z USA powinni zam\u00f3wi\u0107 rozmiar wi\u0119kszy.<\/p>\n<p>Ten produkt jest produkowany specjalnie dla Ciebie zaraz po z\u0142o\u017ceniu zam\u00f3wienia, dlatego jego dostarczenie zajmuje nam nieco wi\u0119cej czasu. Tworzenie produkt\u00f3w na \u017c\u0105danie zamiast hurtowo pomaga ograniczy\u0107 nadprodukcj\u0119, wi\u0119c dzi\u0119kujemy za podejmowanie przemy\u015blanych decyzji zakupowych!<\/p>\n<p>- Identyfikowalno\u015b\u0107:<br \/>\n- Tkactwo - Bangladesz<br \/>\n- Barwienie - Bangladesz<br \/>\n- Produkcja - Bangladesz<br \/>\n- Zawiera poliester z recyklingu 15%<br \/>\n- Zawiera substancje niebezpieczne 0%<\/p>","protected":false},"excerpt":{"rendered":"<p>Podnie\u015b sw\u00f3j styl dzi\u0119ki tej ekologicznej bluzie unisex. Koszulka ma elegancki, wyrazisty wygl\u0105d i b\u0119dzie pasowa\u0107 zar\u00f3wno do codziennych, jak i bardziej strojnych stroj\u00f3w. Wykonana z bawe\u0142ny organicznej bluza jest trwa\u0142a, wygodna i wyj\u0105tkowo mi\u0119kka. - 100% organiczna bawe\u0142na czesana ring-spun - Gramatura materia\u0142u: 350 g\/m\u00b2 (10,3 oz.\/yd.\u00b2) - Regularny kr\u00f3j [...]<\/p>","protected":false},"featured_media":20740,"comment_status":"open","ping_status":"closed","template":"","meta":{"_uag_custom_page_level_css":"","_uf_show_specific_survey":0,"_uf_disable_surveys":false,"_themeisle_gutenberg_block_has_review":false},"product_brand":[],"product_cat":[278,121],"product_tag":[],"class_list":{"0":"post-20722","1":"product","2":"type-product","3":"status-publish","4":"has-post-thumbnail","6":"product_cat-music-lover","7":"product_cat-pullover","8":"pa_size-2xl","9":"pa_size-l","10":"pa_size-m","11":"pa_size-s","12":"pa_size-xl","14":"first","15":"instock","16":"taxable","17":"shipping-taxable","18":"purchasable","19":"product-type-variable"},"aioseo_notices":[],"uagb_featured_image_src":{"full":["https:\/\/i0.wp.com\/pilluwear.com\/wp-content\/uploads\/2024\/05\/unisex-eco-sweatshirt-white-front-66586932b55c8.jpg?fit=2000%2C2000&ssl=1",2000,2000,false],"thumbnail":["https:\/\/i0.wp.com\/pilluwear.com\/wp-content\/uploads\/2024\/05\/unisex-eco-sweatshirt-white-front-66586932b55c8.jpg?resize=150%2C150&ssl=1",150,150,true],"medium":["https:\/\/i0.wp.com\/pilluwear.com\/wp-content\/uploads\/2024\/05\/unisex-eco-sweatshirt-white-front-66586932b55c8.jpg?fit=300%2C300&ssl=1",300,300,true],"medium_large":["https:\/\/i0.wp.com\/pilluwear.com\/wp-content\/uploads\/2024\/05\/unisex-eco-sweatshirt-white-front-66586932b55c8.jpg?fit=768%2C768&ssl=1",768,768,true],"large":["https:\/\/i0.wp.com\/pilluwear.com\/wp-content\/uploads\/2024\/05\/unisex-eco-sweatshirt-white-front-66586932b55c8.jpg?fit=1024%2C1024&ssl=1",1024,1024,true],"1536x1536":["https:\/\/i0.wp.com\/pilluwear.com\/wp-content\/uploads\/2024\/05\/unisex-eco-sweatshirt-white-front-66586932b55c8.jpg?fit=1536%2C1536&ssl=1",1536,1536,true],"2048x2048":["https:\/\/i0.wp.com\/pilluwear.com\/wp-content\/uploads\/2024\/05\/unisex-eco-sweatshirt-white-front-66586932b55c8.jpg?fit=2000%2C2000&ssl=1",2000,2000,true],"trp-custom-language-flag":["https:\/\/i0.wp.com\/pilluwear.com\/wp-content\/uploads\/2024\/05\/unisex-eco-sweatshirt-white-front-66586932b55c8.jpg?fit=12%2C12&ssl=1",12,12,true],"woocommerce_thumbnail":["https:\/\/i0.wp.com\/pilluwear.com\/wp-content\/uploads\/2024\/05\/unisex-eco-sweatshirt-white-front-66586932b55c8.jpg?resize=300%2C300&ssl=1",300,300,true],"woocommerce_single":["https:\/\/i0.wp.com\/pilluwear.com\/wp-content\/uploads\/2024\/05\/unisex-eco-sweatshirt-white-front-66586932b55c8.jpg?fit=600%2C600&ssl=1",600,600,true],"woocommerce_gallery_thumbnail":["https:\/\/i0.wp.com\/pilluwear.com\/wp-content\/uploads\/2024\/05\/unisex-eco-sweatshirt-white-front-66586932b55c8.jpg?resize=100%2C100&ssl=1",100,100,true]},"uagb_author_info":{"display_name":"pilluwear.com","author_link":"https:\/\/pilluwear.com\/pl\/author\/"},"uagb_comment_info":0,"uagb_excerpt":"Elevate your style with this unisex eco sweatshirt. The shirt has a chic, crisp look and will go great with both casual and more dressed up outfits. Made of organic cotton, this sweatshirt is durable, comfy, and extra soft. \u2022 100% organic ring-spun combed cotton \u2022 Fabric weight: 350 g\/m\u00b2 (10.3 oz.\/yd.\u00b2) \u2022 Regular fit&hellip;","jetpack_sharing_enabled":true,"_links":{"self":[{"href":"https:\/\/pilluwear.com\/pl\/wp-json\/wp\/v2\/product\/20722","targetHints":{"allow":["GET"]}}],"collection":[{"href":"https:\/\/pilluwear.com\/pl\/wp-json\/wp\/v2\/product"}],"about":[{"href":"https:\/\/pilluwear.com\/pl\/wp-json\/wp\/v2\/types\/product"}],"replies":[{"embeddable":true,"href":"https:\/\/pilluwear.com\/pl\/wp-json\/wp\/v2\/comments?post=20722"}],"wp:featuredmedia":[{"embeddable":true,"href":"https:\/\/pilluwear.com\/pl\/wp-json\/wp\/v2\/media\/20740"}],"wp:attachment":[{"href":"https:\/\/pilluwear.com\/pl\/wp-json\/wp\/v2\/media?parent=20722"}],"wp:term":[{"taxonomy":"product_brand","embeddable":true,"href":"https:\/\/pilluwear.com\/pl\/wp-json\/wp\/v2\/product_brand?post=20722"},{"taxonomy":"product_cat","embeddable":true,"href":"https:\/\/pilluwear.com\/pl\/wp-json\/wp\/v2\/product_cat?post=20722"},{"taxonomy":"product_tag","embeddable":true,"href":"https:\/\/pilluwear.com\/pl\/wp-json\/wp\/v2\/product_tag?post=20722"}],"curies":[{"name":"wp","href":"https:\/\/api.w.org\/{rel}","templated":true}]}}