{"id":19952,"date":"2024-05-29T16:34:53","date_gmt":"2024-05-29T14:34:53","guid":{"rendered":"https:\/\/pilluwear.com\/produkt\/unisex-organic-cotton-t-shirt\/"},"modified":"2024-05-29T16:38:45","modified_gmt":"2024-05-29T14:38:45","slug":"koszulka-unisex-z-bawelny-organicznej-2","status":"publish","type":"product","link":"https:\/\/pilluwear.com\/pl\/produkt\/koszulka-unisex-z-bawelny-organicznej-2\/","title":{"rendered":"Koszulka unisex z bawe\u0142ny organicznej"},"content":{"rendered":"<p>Wykonana z organicznej bawe\u0142ny ring-spun 100% koszulka unisex to absolutny must-have. Jest wysokiej jako\u015bci, super wygodny i przede wszystkim przyjazny dla \u015brodowiska.<\/p>\n<p>- 100% bawe\u0142na organiczna ring-spun<br \/>\n- Waga materia\u0142u: 5,3 uncji\/yd.\u00b2 (180 g\/m\u00b2)<br \/>\n- Pojedyncza koszulka<br \/>\n- \u015arednie dopasowanie<br \/>\n- Osadzone r\u0119kawy<br \/>\n- 1 \u00d7 1 \u015bci\u0105gacz przy ko\u0142nierzu<br \/>\n- Szeroki podw\u00f3jny \u015bcieg na r\u0119kawach i u do\u0142u bluzy<br \/>\n- Samodzielna ta\u015bma na szyj\u0119 (wewn\u0119trzna, z ty\u0142u szyi)<br \/>\n- Pusty produkt pochodz\u0105cy z Bangladeszu<\/p>\n<p>Rozmiary odpowiadaj\u0105 mniejszym rozmiarom na rynku ameryka\u0144skim, wi\u0119c klienci z USA powinni zam\u00f3wi\u0107 rozmiar wi\u0119kszy.<\/p>\n<p>Ten produkt jest produkowany specjalnie dla Ciebie zaraz po z\u0142o\u017ceniu zam\u00f3wienia, dlatego jego dostarczenie zajmuje nam nieco wi\u0119cej czasu. Tworzenie produkt\u00f3w na \u017c\u0105danie zamiast hurtowo pomaga ograniczy\u0107 nadprodukcj\u0119, wi\u0119c dzi\u0119kujemy za podejmowanie przemy\u015blanych decyzji zakupowych!<\/p>","protected":false},"excerpt":{"rendered":"<p>Wykonana z organicznej bawe\u0142ny ring-spun 100% koszulka unisex to absolutny must-have. Jest wysokiej jako\u015bci, super wygodny i przede wszystkim przyjazny dla \u015brodowiska. - Organiczna bawe\u0142na ring-spun 100% - Gramatura materia\u0142u: 5,3 uncji\/yd.\u00b2 (180 g\/m\u00b2) - Single jersey - \u015aredni kr\u00f3j - Wstawiane r\u0119kawy - \u015aci\u0105gacz 1 \u00d7 1 przy ko\u0142nierzu - Szeroki podw\u00f3jny \u015bcieg na [...]<\/p>","protected":false},"featured_media":20029,"comment_status":"open","ping_status":"closed","template":"","meta":{"_uag_custom_page_level_css":"","_uf_show_specific_survey":0,"_uf_disable_surveys":false,"_themeisle_gutenberg_block_has_review":false},"product_brand":[],"product_cat":[122],"product_tag":[],"class_list":{"0":"post-19952","1":"product","2":"type-product","3":"status-publish","4":"has-post-thumbnail","6":"product_cat-kollektionen","7":"pa_size-2xl","8":"pa_size-3xl","9":"pa_size-l","10":"pa_size-m","11":"pa_size-s","12":"pa_size-xl","14":"first","15":"instock","16":"taxable","17":"shipping-taxable","18":"purchasable","19":"product-type-variable"},"aioseo_notices":[],"uagb_featured_image_src":{"full":["https:\/\/i0.wp.com\/pilluwear.com\/wp-content\/uploads\/2024\/05\/unisex-organic-cotton-t-shirt-black-front-66573c912d393.jpg?fit=2000%2C2000&ssl=1",2000,2000,false],"thumbnail":["https:\/\/i0.wp.com\/pilluwear.com\/wp-content\/uploads\/2024\/05\/unisex-organic-cotton-t-shirt-black-front-66573c912d393.jpg?resize=150%2C150&ssl=1",150,150,true],"medium":["https:\/\/i0.wp.com\/pilluwear.com\/wp-content\/uploads\/2024\/05\/unisex-organic-cotton-t-shirt-black-front-66573c912d393.jpg?fit=300%2C300&ssl=1",300,300,true],"medium_large":["https:\/\/i0.wp.com\/pilluwear.com\/wp-content\/uploads\/2024\/05\/unisex-organic-cotton-t-shirt-black-front-66573c912d393.jpg?fit=768%2C768&ssl=1",768,768,true],"large":["https:\/\/i0.wp.com\/pilluwear.com\/wp-content\/uploads\/2024\/05\/unisex-organic-cotton-t-shirt-black-front-66573c912d393.jpg?fit=1024%2C1024&ssl=1",1024,1024,true],"1536x1536":["https:\/\/i0.wp.com\/pilluwear.com\/wp-content\/uploads\/2024\/05\/unisex-organic-cotton-t-shirt-black-front-66573c912d393.jpg?fit=1536%2C1536&ssl=1",1536,1536,true],"2048x2048":["https:\/\/i0.wp.com\/pilluwear.com\/wp-content\/uploads\/2024\/05\/unisex-organic-cotton-t-shirt-black-front-66573c912d393.jpg?fit=2000%2C2000&ssl=1",2000,2000,true],"trp-custom-language-flag":["https:\/\/i0.wp.com\/pilluwear.com\/wp-content\/uploads\/2024\/05\/unisex-organic-cotton-t-shirt-black-front-66573c912d393.jpg?fit=12%2C12&ssl=1",12,12,true],"woocommerce_thumbnail":["https:\/\/i0.wp.com\/pilluwear.com\/wp-content\/uploads\/2024\/05\/unisex-organic-cotton-t-shirt-black-front-66573c912d393.jpg?resize=300%2C300&ssl=1",300,300,true],"woocommerce_single":["https:\/\/i0.wp.com\/pilluwear.com\/wp-content\/uploads\/2024\/05\/unisex-organic-cotton-t-shirt-black-front-66573c912d393.jpg?fit=600%2C600&ssl=1",600,600,true],"woocommerce_gallery_thumbnail":["https:\/\/i0.wp.com\/pilluwear.com\/wp-content\/uploads\/2024\/05\/unisex-organic-cotton-t-shirt-black-front-66573c912d393.jpg?resize=100%2C100&ssl=1",100,100,true]},"uagb_author_info":{"display_name":"pilluwear.com","author_link":"https:\/\/pilluwear.com\/pl\/author\/"},"uagb_comment_info":0,"uagb_excerpt":"Made from 100% organic ring-spun cotton, this unisex t-shirt is a total must-have. It&#8217;s high-quality, super comfy, and best of all\u2014eco-friendly. \u2022 100% organic ring-spun cotton \u2022 Fabric weight: 5.3 oz.\/yd.\u00b2 (180 g\/m\u00b2) \u2022 Single jersey \u2022 Medium fit \u2022 Set-in sleeves \u2022 1 \u00d7 1 rib at collar \u2022 Wide double-needle topstitch on the&hellip;","jetpack_sharing_enabled":true,"_links":{"self":[{"href":"https:\/\/pilluwear.com\/pl\/wp-json\/wp\/v2\/product\/19952","targetHints":{"allow":["GET"]}}],"collection":[{"href":"https:\/\/pilluwear.com\/pl\/wp-json\/wp\/v2\/product"}],"about":[{"href":"https:\/\/pilluwear.com\/pl\/wp-json\/wp\/v2\/types\/product"}],"replies":[{"embeddable":true,"href":"https:\/\/pilluwear.com\/pl\/wp-json\/wp\/v2\/comments?post=19952"}],"wp:featuredmedia":[{"embeddable":true,"href":"https:\/\/pilluwear.com\/pl\/wp-json\/wp\/v2\/media\/20029"}],"wp:attachment":[{"href":"https:\/\/pilluwear.com\/pl\/wp-json\/wp\/v2\/media?parent=19952"}],"wp:term":[{"taxonomy":"product_brand","embeddable":true,"href":"https:\/\/pilluwear.com\/pl\/wp-json\/wp\/v2\/product_brand?post=19952"},{"taxonomy":"product_cat","embeddable":true,"href":"https:\/\/pilluwear.com\/pl\/wp-json\/wp\/v2\/product_cat?post=19952"},{"taxonomy":"product_tag","embeddable":true,"href":"https:\/\/pilluwear.com\/pl\/wp-json\/wp\/v2\/product_tag?post=19952"}],"curies":[{"name":"wp","href":"https:\/\/api.w.org\/{rel}","templated":true}]}}