{"id":18708,"date":"2024-05-24T18:25:08","date_gmt":"2024-05-24T16:25:08","guid":{"rendered":"https:\/\/pilluwear.com\/produkt\/cuffed-beanie\/"},"modified":"2024-05-24T18:27:09","modified_gmt":"2024-05-24T16:27:09","slug":"czapka-z-mankietem","status":"publish","type":"product","link":"https:\/\/pilluwear.com\/pl\/produkt\/czapka-z-mankietem\/","title":{"rendered":"Czapka z mankietami"},"content":{"rendered":"<p>Przytulna, dopasowana czapka. To nie tylko \u015bwietny element ogrzewaj\u0105cy g\u0142ow\u0119, ale tak\u017ce podstawowy dodatek w ka\u017cdej garderobie.<\/p>\n<p>- 100% Turbo Acrylic<br \/>\n- 12\u2033 (30 cm) d\u0142ugo\u015bci<br \/>\n- Hipoalergiczny\u00a0<br \/>\n- Styl unisex<br \/>\n- Mo\u017cna pra\u0107 r\u0119cznie<br \/>\n- Pusty produkt pochodz\u0105cy z Wietnamu, Bangladeszu lub Republiki Korei<\/p>\n<p>Ten produkt jest produkowany specjalnie dla Ciebie zaraz po z\u0142o\u017ceniu zam\u00f3wienia, dlatego jego dostarczenie zajmuje nam nieco wi\u0119cej czasu. Tworzenie produkt\u00f3w na \u017c\u0105danie zamiast hurtowo pomaga ograniczy\u0107 nadprodukcj\u0119, wi\u0119c dzi\u0119kujemy za podejmowanie przemy\u015blanych decyzji zakupowych!<\/p>\n<p>- Identyfikowalno\u015b\u0107:<br \/>\n- Farbowanie - Indonezja<br \/>\n- Produkcja - Republika Korei<br \/>\n- Zawiera poliester z recyklingu 0%<br \/>\n- Zawiera substancje niebezpieczne 0%<br \/>\n- Ten produkt uwalnia plastikowe mikrow\u0142\u00f3kna do \u015brodowiska podczas prania.<\/p>","protected":false},"excerpt":{"rendered":"<p>Przytulna, dopasowana czapka. To nie tylko \u015bwietny element ogrzewaj\u0105cy g\u0142ow\u0119, ale tak\u017ce podstawowy dodatek w ka\u017cdej garderobie. - 100% Turbo Acrylic - 12\u2033 (30 cm) d\u0142ugo\u015bci - Hipoalergiczny - Styl unisex - Mo\u017cna pra\u0107 r\u0119cznie - Pusty produkt pochodzi z Wietnamu, Bangladeszu lub Republiki Korei Ten produkt zosta\u0142 stworzony specjalnie dla Ciebie [...]<\/p>","protected":false},"featured_media":18722,"comment_status":"open","ping_status":"closed","template":"","meta":{"_uag_custom_page_level_css":"","_uf_show_specific_survey":0,"_uf_disable_surveys":false,"_themeisle_gutenberg_block_has_review":false},"product_brand":[],"product_cat":[36,253],"product_tag":[],"class_list":{"0":"post-18708","1":"product","2":"type-product","3":"status-publish","4":"has-post-thumbnail","6":"product_cat-beany","7":"product_cat-biker","9":"first","10":"instock","11":"taxable","12":"shipping-taxable","13":"purchasable","14":"product-type-variable"},"aioseo_notices":[],"uagb_featured_image_src":{"full":["https:\/\/i0.wp.com\/pilluwear.com\/wp-content\/uploads\/2024\/05\/cuffed-beanie-black-front-6650bcd0e22cf.jpg?fit=2000%2C2000&ssl=1",2000,2000,false],"thumbnail":["https:\/\/i0.wp.com\/pilluwear.com\/wp-content\/uploads\/2024\/05\/cuffed-beanie-black-front-6650bcd0e22cf.jpg?resize=150%2C150&ssl=1",150,150,true],"medium":["https:\/\/i0.wp.com\/pilluwear.com\/wp-content\/uploads\/2024\/05\/cuffed-beanie-black-front-6650bcd0e22cf.jpg?fit=300%2C300&ssl=1",300,300,true],"medium_large":["https:\/\/i0.wp.com\/pilluwear.com\/wp-content\/uploads\/2024\/05\/cuffed-beanie-black-front-6650bcd0e22cf.jpg?fit=768%2C768&ssl=1",768,768,true],"large":["https:\/\/i0.wp.com\/pilluwear.com\/wp-content\/uploads\/2024\/05\/cuffed-beanie-black-front-6650bcd0e22cf.jpg?fit=1024%2C1024&ssl=1",1024,1024,true],"1536x1536":["https:\/\/i0.wp.com\/pilluwear.com\/wp-content\/uploads\/2024\/05\/cuffed-beanie-black-front-6650bcd0e22cf.jpg?fit=1536%2C1536&ssl=1",1536,1536,true],"2048x2048":["https:\/\/i0.wp.com\/pilluwear.com\/wp-content\/uploads\/2024\/05\/cuffed-beanie-black-front-6650bcd0e22cf.jpg?fit=2000%2C2000&ssl=1",2000,2000,true],"trp-custom-language-flag":["https:\/\/i0.wp.com\/pilluwear.com\/wp-content\/uploads\/2024\/05\/cuffed-beanie-black-front-6650bcd0e22cf.jpg?fit=12%2C12&ssl=1",12,12,true],"woocommerce_thumbnail":["https:\/\/i0.wp.com\/pilluwear.com\/wp-content\/uploads\/2024\/05\/cuffed-beanie-black-front-6650bcd0e22cf.jpg?resize=300%2C300&ssl=1",300,300,true],"woocommerce_single":["https:\/\/i0.wp.com\/pilluwear.com\/wp-content\/uploads\/2024\/05\/cuffed-beanie-black-front-6650bcd0e22cf.jpg?fit=600%2C600&ssl=1",600,600,true],"woocommerce_gallery_thumbnail":["https:\/\/i0.wp.com\/pilluwear.com\/wp-content\/uploads\/2024\/05\/cuffed-beanie-black-front-6650bcd0e22cf.jpg?resize=100%2C100&ssl=1",100,100,true]},"uagb_author_info":{"display_name":"pilluwear.com","author_link":"https:\/\/pilluwear.com\/pl\/author\/"},"uagb_comment_info":0,"uagb_excerpt":"A snug, form-fitting beanie. It&#8217;s not only a great head-warming piece but a staple accessory in anyone&#8217;s wardrobe. \u2022 100% Turbo Acrylic \u2022 12\u2033 (30 cm) in length \u2022 Hypoallergenic\u00a0 \u2022 Unisex style \u2022 Hand washable \u2022 Blank product sourced from Vietnam, Bangladesh or the Republic of Korea This product is made especially for you&hellip;","jetpack_sharing_enabled":true,"_links":{"self":[{"href":"https:\/\/pilluwear.com\/pl\/wp-json\/wp\/v2\/product\/18708","targetHints":{"allow":["GET"]}}],"collection":[{"href":"https:\/\/pilluwear.com\/pl\/wp-json\/wp\/v2\/product"}],"about":[{"href":"https:\/\/pilluwear.com\/pl\/wp-json\/wp\/v2\/types\/product"}],"replies":[{"embeddable":true,"href":"https:\/\/pilluwear.com\/pl\/wp-json\/wp\/v2\/comments?post=18708"}],"wp:featuredmedia":[{"embeddable":true,"href":"https:\/\/pilluwear.com\/pl\/wp-json\/wp\/v2\/media\/18722"}],"wp:attachment":[{"href":"https:\/\/pilluwear.com\/pl\/wp-json\/wp\/v2\/media?parent=18708"}],"wp:term":[{"taxonomy":"product_brand","embeddable":true,"href":"https:\/\/pilluwear.com\/pl\/wp-json\/wp\/v2\/product_brand?post=18708"},{"taxonomy":"product_cat","embeddable":true,"href":"https:\/\/pilluwear.com\/pl\/wp-json\/wp\/v2\/product_cat?post=18708"},{"taxonomy":"product_tag","embeddable":true,"href":"https:\/\/pilluwear.com\/pl\/wp-json\/wp\/v2\/product_tag?post=18708"}],"curies":[{"name":"wp","href":"https:\/\/api.w.org\/{rel}","templated":true}]}}