{"id":6146,"date":"2024-05-17T11:11:19","date_gmt":"2024-05-17T09:11:19","guid":{"rendered":"https:\/\/pilluwear.com\/impressum-2\/"},"modified":"2024-05-17T11:11:19","modified_gmt":"2024-05-17T09:11:19","slug":"odcisk-2","status":"publish","type":"page","link":"https:\/\/pilluwear.com\/pl\/odcisk-2\/","title":{"rendered":"Nadruk"},"content":{"rendered":"<!-- Legal document generated by Complianz | GDPR\/CCPA Cookie Consent https:\/\/wordpress.org\/plugins\/complianz-gdpr -->\n<div id=\"cmplz-document\" class=\"cmplz-document impressum cmplz-document-all\"><p><i>Ten odcisk zosta\u0142 zaktualizowany 21. wrzesie\u0144 2025.<\/i><\/p><p class=\"cmplz-subtitle\">W\u0142a\u015bcicielem tej witryny jest:<\/p><p>pilluwear e.U. e.U<br>Handelskai 98a<br \/>\n1200 Wiede\u0144<br>Austria<br>Email:&nbsp;<span class=\"cmplz-obfuscate\">r&#117;&#115;&#108;an@<span class=\"cmplz-fmail-domain\">ex&#046;&#099;&#111;m<\/span>pill&#117;we&#097;&#114;.co&#109;<\/span><br>Numer telefonu: +4367762418750<br><\/p><p class=\"cmplz-subtitle\">Przedstawiciel prawny (przedstawiciele) pilluwear e.U. e.U:<\/p><p>Ruslan Wacker<\/p><h2>1. og\u00f3lne<\/h2><p>Nie jeste\u015bmy sk\u0142onni ani zobowi\u0105zani do uczestniczenia w procedurach rozstrzygania spor\u00f3w przed konsumenck\u0105 rad\u0105 arbitra\u017cow\u0105.<\/p><h2>2. nast\u0119puj\u0105ce informacje s\u0105 wymagane wed\u0142ug niemieckiego prawa.<\/h2><\/div>","protected":false},"excerpt":{"rendered":"","protected":false},"author":1,"featured_media":0,"parent":0,"menu_order":0,"comment_status":"closed","ping_status":"closed","template":"","meta":{"_uag_custom_page_level_css":"","_uf_show_specific_survey":0,"_uf_disable_surveys":false,"_themeisle_gutenberg_block_has_review":false,"footnotes":""},"class_list":["post-6146","page","type-page","status-publish","hentry"],"aioseo_notices":[],"uagb_featured_image_src":{"full":false,"thumbnail":false,"medium":false,"medium_large":false,"large":false,"1536x1536":false,"2048x2048":false,"trp-custom-language-flag":false,"woocommerce_thumbnail":false,"woocommerce_single":false,"woocommerce_gallery_thumbnail":false},"uagb_author_info":{"display_name":"pilluwear.com","author_link":"https:\/\/pilluwear.com\/pl\/author\/pilluwear-com\/"},"uagb_comment_info":0,"uagb_excerpt":null,"jetpack_sharing_enabled":true,"_links":{"self":[{"href":"https:\/\/pilluwear.com\/pl\/wp-json\/wp\/v2\/pages\/6146","targetHints":{"allow":["GET"]}}],"collection":[{"href":"https:\/\/pilluwear.com\/pl\/wp-json\/wp\/v2\/pages"}],"about":[{"href":"https:\/\/pilluwear.com\/pl\/wp-json\/wp\/v2\/types\/page"}],"author":[{"embeddable":true,"href":"https:\/\/pilluwear.com\/pl\/wp-json\/wp\/v2\/users\/1"}],"replies":[{"embeddable":true,"href":"https:\/\/pilluwear.com\/pl\/wp-json\/wp\/v2\/comments?post=6146"}],"version-history":[{"count":0,"href":"https:\/\/pilluwear.com\/pl\/wp-json\/wp\/v2\/pages\/6146\/revisions"}],"wp:attachment":[{"href":"https:\/\/pilluwear.com\/pl\/wp-json\/wp\/v2\/media?parent=6146"}],"curies":[{"name":"wp","href":"https:\/\/api.w.org\/{rel}","templated":true}]}}