{"id":6123,"date":"2024-05-17T09:15:49","date_gmt":"2024-05-17T07:15:49","guid":{"rendered":"https:\/\/pilluwear.com\/widerrufsbelehrung\/"},"modified":"2025-03-16T11:36:28","modified_gmt":"2025-03-16T10:36:28","slug":"polityka-anulowania","status":"publish","type":"page","link":"https:\/\/pilluwear.com\/pl\/polityka-anulowania\/","title":{"rendered":"Polityka anulowania"},"content":{"rendered":"<h3>Prawo konsument\u00f3w do odst\u0105pienia od umowy<\/h3>\n<p>(Konsumentem jest ka\u017cda osoba fizyczna, kt\u00f3ra dokonuje czynno\u015bci prawnej w celach, kt\u00f3re w przewa\u017caj\u0105cej mierze nie s\u0105 zwi\u0105zane z jej dzia\u0142alno\u015bci\u0105 handlow\u0105, gospodarcz\u0105 lub zawodow\u0105).<\/p>\n<h1>Polityka anulowania<\/h1>\n<h3>Prawo do anulowania<\/h3>\n<p>Masz prawo do odst\u0105pienia od umowy w ci\u0105gu czternastu dni bez podania przyczyny.<\/p>\n<p>Okres anulowania wynosi czterna\u015bcie dni od daty,<\/p>\n<ul>\n<li>w kt\u00f3rym Ty lub osoba trzecia wskazana przez Ciebie, kt\u00f3ra nie jest przewo\u017anikiem, wesz\u0142a lub wesz\u0142a w posiadanie towar\u00f3w, pod warunkiem, \u017ce zam\u00f3wi\u0142e\u015b jeden lub wi\u0119cej towar\u00f3w w ramach jednego zam\u00f3wienia i s\u0105 one lub b\u0119d\u0105 dostarczane jednolicie, lub<\/li>\n<li>w kt\u00f3rym Ty lub osoba trzecia wskazana przez Ciebie, kt\u00f3ra nie jest przewo\u017anikiem, wesz\u0142a w posiadanie ostatnich towar\u00f3w, pod warunkiem, \u017ce zam\u00f3wi\u0142e\u015b kilka towar\u00f3w w ramach jednego zam\u00f3wienia i s\u0105 one dostarczane oddzielnie, lub<\/li>\n<li>w kt\u00f3rym Ty lub osoba trzecia wskazana przez Ciebie, kt\u00f3ra nie jest przewo\u017anikiem, wesz\u0142a w posiadanie ostatniej cz\u0119\u015bciowej przesy\u0142ki lub ostatniej sztuki, je\u015bli zam\u00f3wi\u0142e\u015b towary, kt\u00f3re s\u0105 dostarczane w kilku cz\u0119\u015bciowych przesy\u0142kach lub sztukach, lub<\/li>\n<li>w kt\u00f3rym Ty lub wskazana przez Ciebie osoba trzecia, kt\u00f3ra nie jest przewo\u017anikiem, wesz\u0142a w posiadanie pierwszego towaru, pod warunkiem, \u017ce zawar\u0142e\u015b umow\u0119 o regularn\u0105 dostaw\u0119 towar\u00f3w przez okre\u015blony czas.<\/li>\n<\/ul>\n<p>\nAby skorzysta\u0107 z prawa do odst\u0105pienia od umowy, musisz poinformowa\u0107 nas (pilluwear e.U, Handelskai 98a\/59, 1200 Wiede\u0144, Austria, numer telefonu: +4367762418750, adres e-mail: ruslan@pilluwear.com) o swojej decyzji o odst\u0105pieniu od niniejszej umowy w drodze jednoznacznego o\u015bwiadczenia (np. list wys\u0142any poczt\u0105, e-mail). Mo\u017cesz skorzysta\u0107 z za\u0142\u0105czonego przyk\u0142adowego formularza odst\u0105pienia od umowy, ale nie jest to obowi\u0105zkowe.<\/p>\n<p>Aby dotrzyma\u0107 terminu odst\u0105pienia od umowy, wystarczy, \u017ce wy\u015blesz powiadomienie o skorzystaniu z prawa do odst\u0105pienia od umowy przed up\u0142ywem terminu odst\u0105pienia od umowy.<\/p>\n<h3>Konsekwencje anulowania<\/h3>\n<p>Je\u015bli odst\u0105pisz od niniejszej umowy, zwr\u00f3cimy Ci wszystkie otrzymane od Ciebie p\u0142atno\u015bci, w tym koszty dostawy (z wyj\u0105tkiem dodatkowych koszt\u00f3w wynikaj\u0105cych z wyboru przez Ciebie rodzaju dostawy innego ni\u017c najta\u0144szy rodzaj standardowej dostawy oferowanej przez nas), bez zb\u0119dnej zw\u0142oki, a w ka\u017cdym razie nie p\u00f3\u017aniej ni\u017c 14 dni od dnia, w kt\u00f3rym zostali\u015bmy poinformowani o Twojej decyzji o odst\u0105pieniu od niniejszej umowy. W celu dokonania zwrotu u\u017cyjemy tych samych \u015brodk\u00f3w p\u0142atno\u015bci, kt\u00f3rych u\u017cy\u0142e\u015b w pierwotnej transakcji, chyba \u017ce wyra\u017anie uzgodniono z Tob\u0105 inaczej; w \u017cadnym wypadku nie zostaniesz obci\u0105\u017cony \u017cadnymi op\u0142atami za ten zwrot.<\/p>\n<p>Mo\u017cemy odm\u00f3wi\u0107 Ci zwrotu pieni\u0119dzy do czasu otrzymania towar\u00f3w z powrotem lub do czasu dostarczenia przez Ciebie dowodu, \u017ce zwr\u00f3ci\u0142e\u015b towary, w zale\u017cno\u015bci od tego, co nast\u0105pi wcze\u015bniej.<\/p>\n<\/p>\n<p>Musisz zwr\u00f3ci\u0107 lub przekaza\u0107 towary niezw\u0142ocznie, a w ka\u017cdym razie nie p\u00f3\u017aniej ni\u017c w ci\u0105gu czternastu dni od dnia, w kt\u00f3rym poinformowa\u0142e\u015b nas o odst\u0105pieniu od niniejszej umowy, na adres podany na etykiecie zwrotnej. Termin jest zachowany, je\u015bli wy\u015blesz towary przed up\u0142ywem czternastu dni.<\/p>\n<\/p>\n<p>Ponosimy koszty zwrotu towar\u00f3w. <\/p>\n<p>Musisz zap\u0142aci\u0107 za utrat\u0119 warto\u015bci towar\u00f3w tylko wtedy, gdy utrata warto\u015bci wynika z obchodzenia si\u0119 z towarami, kt\u00f3re nie jest konieczne do sprawdzenia ich stanu, w\u0142a\u015bciwo\u015bci i funkcjonalno\u015bci.<\/p>\n<\/ul>\n<h2>Przyk\u0142adowy formularz anulowania<\/h2>\n<p>(Je\u015bli chcesz anulowa\u0107 umow\u0119, wype\u0142nij i ode\u015blij ten formularz).<\/p>\n<p>- Do<\/p>\n<p>pilluwear e.U, Handelskai 98a\/59, 1200 Wiede\u0144, Austria, numer telefonu: +4367762418750, adres e-mail: ruslan@pilluwear.com<\/p>\n<p>- Ja\/My (*) niniejszym odst\u0119puj\u0119\/odst\u0119pujemy (*) od zawartej przeze mnie\/nas (*) umowy zakupu nast\u0119puj\u0105cych towar\u00f3w (*)\/\u015bwiadczenia nast\u0119puj\u0105cej us\u0142ugi (*)<\/p>\n<p>- Zam\u00f3wiono w dniu (*)\/odebrano w dniu (*)<\/p>\n<p>- Imi\u0119 i nazwisko konsumenta(-\u00f3w)<\/p>\n<p>- Adres konsumenta(-\u00f3w)<\/p>\n<p>- Podpis konsumenta(-\u00f3w) (tylko w przypadku powiadomienia na papierze)<\/p>\n<p>- data<\/p>\n<p>___________<br \/>\n(*) Niepotrzebne skre\u015bli\u0107.<\/p>","protected":false},"excerpt":{"rendered":"<p>Widerrufsrecht f\u00fcr Verbraucher (Verbraucher ist jede nat\u00fcrliche Person, die ein Rechtsgesch\u00e4ft zu Zwecken abschlie\u00dft, die \u00fcberwiegend weder ihrer gewerblichen noch ihrer selbstst\u00e4ndigen beruflichen T\u00e4tigkeit zugerechnet werden kann.) Widerrufsbelehrung Widerrufsrecht Sie haben das Recht, binnen vierzehn Tagen ohne Angabe von Gr\u00fcnden diesen Vertrag zu widerrufen. Die Widerrufsfrist betr\u00e4gt vierzehn Tage ab dem Tag, an dem Sie [&hellip;]<\/p>","protected":false},"author":1,"featured_media":0,"parent":0,"menu_order":0,"comment_status":"closed","ping_status":"closed","template":"","meta":{"_uag_custom_page_level_css":"","_uf_show_specific_survey":0,"_uf_disable_surveys":false,"_themeisle_gutenberg_block_has_review":false,"footnotes":""},"class_list":["post-6123","page","type-page","status-publish","hentry"],"aioseo_notices":[],"uagb_featured_image_src":{"full":false,"thumbnail":false,"medium":false,"medium_large":false,"large":false,"1536x1536":false,"2048x2048":false,"trp-custom-language-flag":false,"woocommerce_thumbnail":false,"woocommerce_single":false,"woocommerce_gallery_thumbnail":false},"uagb_author_info":{"display_name":"pilluwear.com","author_link":"https:\/\/pilluwear.com\/pl\/author\/pilluwear-com\/"},"uagb_comment_info":0,"uagb_excerpt":"Widerrufsrecht f\u00fcr Verbraucher (Verbraucher ist jede nat\u00fcrliche Person, die ein Rechtsgesch\u00e4ft zu Zwecken abschlie\u00dft, die \u00fcberwiegend weder ihrer gewerblichen noch ihrer selbstst\u00e4ndigen beruflichen T\u00e4tigkeit zugerechnet werden kann.) Widerrufsbelehrung Widerrufsrecht Sie haben das Recht, binnen vierzehn Tagen ohne Angabe von Gr\u00fcnden diesen Vertrag zu widerrufen. Die Widerrufsfrist betr\u00e4gt vierzehn Tage ab dem Tag, an dem Sie&hellip;","jetpack_sharing_enabled":true,"_links":{"self":[{"href":"https:\/\/pilluwear.com\/pl\/wp-json\/wp\/v2\/pages\/6123","targetHints":{"allow":["GET"]}}],"collection":[{"href":"https:\/\/pilluwear.com\/pl\/wp-json\/wp\/v2\/pages"}],"about":[{"href":"https:\/\/pilluwear.com\/pl\/wp-json\/wp\/v2\/types\/page"}],"author":[{"embeddable":true,"href":"https:\/\/pilluwear.com\/pl\/wp-json\/wp\/v2\/users\/1"}],"replies":[{"embeddable":true,"href":"https:\/\/pilluwear.com\/pl\/wp-json\/wp\/v2\/comments?post=6123"}],"version-history":[{"count":2,"href":"https:\/\/pilluwear.com\/pl\/wp-json\/wp\/v2\/pages\/6123\/revisions"}],"predecessor-version":[{"id":23766,"href":"https:\/\/pilluwear.com\/pl\/wp-json\/wp\/v2\/pages\/6123\/revisions\/23766"}],"wp:attachment":[{"href":"https:\/\/pilluwear.com\/pl\/wp-json\/wp\/v2\/media?parent=6123"}],"curies":[{"name":"wp","href":"https:\/\/api.w.org\/{rel}","templated":true}]}}