{"id":6122,"date":"2024-05-17T09:15:49","date_gmt":"2024-05-17T07:15:49","guid":{"rendered":"https:\/\/pilluwear.com\/agb\/"},"modified":"2024-05-19T16:21:08","modified_gmt":"2024-05-19T14:21:08","slug":"agb","status":"publish","type":"page","link":"https:\/\/pilluwear.com\/pl\/agb\/","title":{"rendered":"GTC"},"content":{"rendered":"<h1>Og\u00f3lne warunki handlowe<\/h1>\n<h3>\u00a7 1 Wa\u017cno\u015b\u0107, definicje termin\u00f3w<\/h3>\n<p>(1) Pilluwear e.U., Handelskai 98a\/59, 1200 Wiede\u0144, Austria (dalej: \"my\" lub \"pilluwear\") prowadzi sklep internetowy z towarami pod adresem https:\/\/pilluwear.com. Poni\u017csze og\u00f3lne warunki maj\u0105 zastosowanie do wszystkich us\u0142ug mi\u0119dzy nami a naszymi klientami (dalej: \"klient\" lub \"Ty\") w wersji obowi\u0105zuj\u0105cej w momencie sk\u0142adania zam\u00f3wienia, chyba \u017ce wyra\u017anie uzgodniono inaczej.<\/p>\n<p>(2) \"Konsument\" w rozumieniu niniejszych Warunk\u00f3w to ka\u017cda osoba fizyczna, kt\u00f3ra dokonuje czynno\u015bci prawnej w celach, kt\u00f3re w przewa\u017caj\u0105cej mierze nie s\u0105 zwi\u0105zane z jej dzia\u0142alno\u015bci\u0105 handlow\u0105, gospodarcz\u0105 lub zawodow\u0105. \"Przedsi\u0119biorca\" to osoba fizyczna lub prawna lub sp\u00f3\u0142ka osobowa posiadaj\u0105ca zdolno\u015b\u0107 prawn\u0105, kt\u00f3ra zawieraj\u0105c transakcj\u0119 prawn\u0105, dzia\u0142a w ramach swojej dzia\u0142alno\u015bci handlowej lub niezale\u017cnej dzia\u0142alno\u015bci zawodowej, przy czym sp\u00f3\u0142ka osobowa posiadaj\u0105ca zdolno\u015b\u0107 prawn\u0105 to sp\u00f3\u0142ka osobowa posiadaj\u0105ca zdolno\u015b\u0107 do nabywania praw i zaci\u0105gania zobowi\u0105za\u0144.<\/p>\n<h3>\u00a7 2 Zawieranie um\u00f3w, przechowywanie tekstu umowy<\/h3>\n<p>(1) Poni\u017csze postanowienia dotycz\u0105ce zawierania um\u00f3w maj\u0105 zastosowanie do zam\u00f3wie\u0144 sk\u0142adanych za po\u015brednictwem naszego sklepu internetowego pod adresem https:\/\/pilluwear.com.<\/p>\n<p>(2) Nasze prezentacje produkt\u00f3w w Internecie s\u0105 niewi\u0105\u017c\u0105ce i nie stanowi\u0105 wi\u0105\u017c\u0105cej oferty zawarcia umowy.<\/p>\n<p>(3) Po otrzymaniu zam\u00f3wienia w naszym sklepie internetowym obowi\u0105zuj\u0105 nast\u0119puj\u0105ce zasady: Klient sk\u0142ada wi\u0105\u017c\u0105c\u0105 ofert\u0119 umown\u0105 poprzez pomy\u015blne zako\u0144czenie procedury sk\u0142adania zam\u00f3wienia udost\u0119pnionej w naszym sklepie internetowym. Zam\u00f3wienie jest sk\u0142adane w nast\u0119puj\u0105cych krokach:<\/p>\n<ol>\n<li>Wyb\u00f3r po\u017c\u0105danych towar\u00f3w,<\/li>\n<li>Dodaj produkty, klikaj\u0105c odpowiedni przycisk (np. \"Dodaj do koszyka\", \"Dodaj do torby na zakupy\" lub podobny),<\/li>\n<li>Sprawd\u017a szczeg\u00f3\u0142y w koszyku,<\/li>\n<li>Wywo\u0142aj przegl\u0105d zam\u00f3wienia, klikaj\u0105c odpowiedni przycisk (np. \"Przejd\u017a do kasy\", \"Przejd\u017a do p\u0142atno\u015bci\", \"Przejd\u017a do przegl\u0105du zam\u00f3wienia\" lub podobny),<\/li>\n<li>Wprowadzenie\/weryfikacja adresu i danych kontaktowych, wyb\u00f3r metody p\u0142atno\u015bci, potwierdzenie og\u00f3lnych warunk\u00f3w i zasad anulowania,<\/li>\n<li>Je\u015bli uzgodniona jako\u015b\u0107 towar\u00f3w odbiega od ich zwyk\u0142ej jako\u015bci i warunk\u00f3w u\u017cytkowania, potwierdzenie negatywnej umowy jako\u015bciowej,<\/li>\n<li>Doko\u0144cz zam\u00f3wienie, klikaj\u0105c przycisk \"Kup teraz\". Stanowi to Twoje wi\u0105\u017c\u0105ce zam\u00f3wienie.<\/li>\n<li>Umowa zostaje zawarta, gdy w ci\u0105gu trzech dni roboczych otrzymasz od nas potwierdzenie zam\u00f3wienia na podany adres e-mail.<\/li>\n<\/ol>\n<p>(4) W przypadku zawarcia umowy, umowa zostaje zawarta z Pilluwear e.U., Handelskai 98a\/59, 1200 Wiede\u0144, Austria.<\/p>\n<p>(5) Przed z\u0142o\u017ceniem zam\u00f3wienia dane zam\u00f3wienia mo\u017cna wydrukowa\u0107 lub zapisa\u0107 elektronicznie za pomoc\u0105 funkcji drukowania w przegl\u0105darce. Przetwarzanie zam\u00f3wienia i przekazywanie wszystkich informacji wymaganych w zwi\u0105zku z zawarciem umowy, w szczeg\u00f3lno\u015bci danych zam\u00f3wienia, OWH i zasad anulowania, odbywa si\u0119 poczt\u0105 elektroniczn\u0105 po z\u0142o\u017ceniu zam\u00f3wienia, w niekt\u00f3rych przypadkach automatycznie. Nie zapisujemy tekstu umowy po jej zawarciu.<\/p>\n<p>(6) B\u0142\u0119dy podczas wprowadzania danych mo\u017cna poprawi\u0107 za pomoc\u0105 zwyk\u0142ych funkcji klawiatury, myszy i przegl\u0105darki (np. przycisku \"wstecz\" przegl\u0105darki). Mo\u017cna je r\u00f3wnie\u017c skorygowa\u0107 poprzez przedwczesne anulowanie procesu zam\u00f3wienia, zamkni\u0119cie okna przegl\u0105darki i powt\u00f3rzenie procesu.<\/p>\n<p>(7) Przetwarzanie zam\u00f3wienia i przekazywanie wszystkich informacji wymaganych w zwi\u0105zku z zawarciem umowy jest cz\u0119\u015bciowo zautomatyzowane za po\u015brednictwem poczty elektronicznej. W zwi\u0105zku z tym musisz upewni\u0107 si\u0119, \u017ce adres e-mail, kt\u00f3ry nam poda\u0142e\u015b, jest prawid\u0142owy, \u017ce otrzymywanie wiadomo\u015bci e-mail jest technicznie zapewnione, a w szczeg\u00f3lno\u015bci, \u017ce nie jest blokowane przez filtry SPAM.<\/p>\n<h3>\u00a7 3 Przedmiot umowy i istotne cechy produkt\u00f3w<\/h3>\n<p>(1) Przedmiotem umowy jest nasz sklep internetowy:<\/p>\n<ol style=\"list-style-type: lower-alpha\">\n<li>Sprzeda\u017c towar\u00f3w. Konkretne oferowane towary mo\u017cna znale\u017a\u0107 na naszych stronach produkt\u00f3w.<\/li>\n<\/ol>\n<p>(2) Istotne cechy towar\u00f3w mo\u017cna znale\u017a\u0107 w opisie przedmiotu. Je\u015bli uzgodniona jako\u015b\u0107 towar\u00f3w odbiega od ich zwyk\u0142ej jako\u015bci i warunk\u00f3w u\u017cytkowania, nale\u017cy to wyra\u017anie wskaza\u0107 w opisie przedmiotu (negatywna umowa jako\u015bciowa). O ile klient wyrazi\u0142 wyra\u017an\u0105 zgod\u0119 na negatywne odchylenie jako\u015bciowe, okre\u015bla to przedmiot umowy.<\/p>\n<h3>\u00a7 4 Ceny, koszty wysy\u0142ki i dostawy<\/h3>\n<p>(1) Ceny podane w poszczeg\u00f3lnych ofertach, jak r\u00f3wnie\u017c koszty wysy\u0142ki s\u0105 cenami ca\u0142kowitymi i obejmuj\u0105 wszystkie sk\u0142adniki ceny, w tym wszystkie obowi\u0105zuj\u0105ce podatki.<\/p>\n<p>(2) Odpowiednia cena zakupu musi zosta\u0107 zap\u0142acona przed dostaw\u0105 produktu (p\u0142atno\u015b\u0107 z g\u00f3ry), chyba \u017ce wyra\u017anie oferujemy zakup na konto. Dost\u0119pne dla Ciebie metody p\u0142atno\u015bci s\u0105 wy\u015bwietlane pod odpowiednio oznaczonym przyciskiem w sklepie internetowym lub w odpowiedniej ofercie. O ile nie okre\u015blono inaczej dla poszczeg\u00f3lnych metod p\u0142atno\u015bci, roszczenia o zap\u0142at\u0119 s\u0105 wymagalne natychmiast.<\/p>\n<p>(3) Opr\u00f3cz podanych cen za dostaw\u0119 produkt\u00f3w mog\u0105 zosta\u0107 naliczone koszty wysy\u0142ki, chyba \u017ce dany produkt jest oznaczony jako wolny od koszt\u00f3w wysy\u0142ki. Koszty wysy\u0142ki zostan\u0105 ponownie wyra\u017anie podane w ofertach, w stosownych przypadkach w systemie koszyka zakup\u00f3w i w przegl\u0105dzie zam\u00f3wie\u0144.<\/p>\n<p>(4) Wszystkie oferowane produkty s\u0105 zazwyczaj przetwarzane w ci\u0105gu 3-7 dni, po czym s\u0105 wysy\u0142ane. Czas dostawy:<\/p>\n<p>Czas dostawy zale\u017cy od Twojej lokalizacji i jest szacowany w nast\u0119puj\u0105cy spos\u00f3b:<\/p>\n<ul>\n<li>Europa: 6 - 8 dni roboczych<\/li>\n<li>USA: 3 - 4 dni robocze<\/li>\n<li>Australia: 2-14 dni roboczych<\/li>\n<li>Japonia: 4 - 8 dni roboczych<\/li>\n<li>Mi\u0119dzynarodowe: 10 - 20 dni roboczych<\/li>\n<\/ul>\n<p>(5) Obowi\u0105zuj\u0105 nast\u0119puj\u0105ce ograniczenia dotycz\u0105ce obszaru dostawy: Dostawa jest realizowana do nast\u0119puj\u0105cych kraj\u00f3w: Austria, Belgia, Bu\u0142garia, Cypr, Czechy, Niemcy, Dania, Estonia, Hiszpania, Finlandia, Francja, Grecja, Chorwacja, W\u0119gry, Irlandia, W\u0142ochy, Litwa, Luksemburg, \u0141otwa, Malta, Holandia, Polska, Portugalia, Rumunia, Szwecja, S\u0142owenia, S\u0142owacja.<\/p>\n<h3>\u00a7 5 Prawo zwrotu<\/h3>\n<p>(1) Wsp\u00f3\u0142pracujemy z dostawc\u0105 us\u0142ug druku na \u017c\u0105danie, kt\u00f3ry najpierw produkuje artyku\u0142y,<br \/>\nkiedy zostan\u0105 zam\u00f3wione. Aby unikn\u0105\u0107 nadprodukcji, prosimy Ci\u0119 o przes\u0142anie informacji \u015brodowiskowej<br \/>\ni nie zamawiaj niepotrzebnych produkt\u00f3w.<br \/>\nJe\u015bli co\u015b jest nie tak z Twoim zam\u00f3wieniem, mo\u017cesz je anulowa\u0107 w ci\u0105gu 14 dni.<br \/>\npodlega zwrotowi. Daj nam zna\u0107, je\u015bli co\u015b jest nie tak z Twoim zam\u00f3wieniem lub je\u015bli chcesz je zwr\u00f3ci\u0107.<br \/>\nJe\u015bli jeste\u015b niezadowolony, skontaktuj si\u0119 z nami pod adresem ruslan@pilluwear.com.<\/p>\n<h3>\u00a7 6 Prawo zatrzymania, zastrze\u017cenie w\u0142asno\u015bci<\/h3>\n<p>(1) Mo\u017cesz skorzysta\u0107 z prawa zatrzymania tylko w zakresie, w jakim dotyczy ono roszcze\u0144 wynikaj\u0105cych z tego samego stosunku umownego.<\/p>\n<p>(2) Towary pozostaj\u0105 nasz\u0105 w\u0142asno\u015bci\u0105 do momentu ca\u0142kowitej zap\u0142aty ceny zakupu.<\/p>\n<h3>\u00a7 7 Prawo do odst\u0105pienia od umowy<\/h3>\n<p>Jako konsument masz prawo do odst\u0105pienia od umowy. Jest ono oparte na naszych <a href=\"https:\/\/pilluwear.com\/pl\/polityka-anulowania\/\">Polityka anulowania<\/a>.<\/p>\n<h3>\u00a7 8 J\u0119zyk umowy<\/h3>\n<p>J\u0119zykiem umowy jest wy\u0142\u0105cznie j\u0119zyk niemiecki.<\/p>\n<h3>\u00a7 9 Odpowiedzialno\u015b\u0107<\/h3>\n<p>(1) Z zastrze\u017ceniem poni\u017cszych wyj\u0105tk\u00f3w, nasza odpowiedzialno\u015b\u0107 za umowne naruszenia obowi\u0105zk\u00f3w i za niedozwolone dzia\u0142ania jest ograniczona do umy\u015blnego dzia\u0142ania lub ra\u017c\u0105cego niedbalstwa.<\/p>\n<p>(2) Ponosimy odpowiedzialno\u015b\u0107 bez ogranicze\u0144 w przypadku lekkiego zaniedbania w przypadku uszkodzenia \u017cycia, cia\u0142a lub zdrowia lub w przypadku naruszenia istotnego zobowi\u0105zania umownego. Je\u015bli nie wywi\u0105zujemy si\u0119 z umowy z powodu lekkiego zaniedbania, je\u015bli wykonanie umowy sta\u0142o si\u0119 niemo\u017cliwe lub je\u015bli naruszyli\u015bmy istotne zobowi\u0105zanie umowne, nasza odpowiedzialno\u015b\u0107 za szkody maj\u0105tkowe i wynikaj\u0105ce z nich straty finansowe jest ograniczona do wysoko\u015bci szkody. <strong>przewidywalne szkody typowe dla umowy<\/strong> ograniczony. Istotne zobowi\u0105zanie umowne to takie, kt\u00f3rego wype\u0142nienie jest niezb\u0119dne do prawid\u0142owego wykonania umowy, kt\u00f3rego naruszenie zagra\u017ca osi\u0105gni\u0119ciu celu umowy i na kt\u00f3rego przestrzeganiu mo\u017cesz regularnie polega\u0107. Obejmuje to w szczeg\u00f3lno\u015bci nasze zobowi\u0105zanie do podj\u0119cia dzia\u0142a\u0144 i spe\u0142nienia \u015bwiadczenia umownego, kt\u00f3re zosta\u0142o opisane w \u00a7 3.<\/p>\n<h3>\u00a7 10 Gwarancja<\/h3>\n<p>(1) Gwarancja podlega przepisom ustawowym.<\/p>\n<p>(2) Okres gwarancji na towary dostarczane przedsi\u0119biorcom wynosi 12 miesi\u0119cy.<\/p>\n<p>(3) Jako konsument jeste\u015b proszony o sprawdzenie przedmiotu\/towaru cyfrowego lub \u015bwiadczonej us\u0142ugi natychmiast po wykonaniu umowy pod k\u0105tem kompletno\u015bci, oczywistych wad i uszkodze\u0144 transportowych oraz o jak najszybsze powiadomienie nas i przewo\u017anika o wszelkich reklamacjach. Je\u015bli tego nie zrobisz, nie b\u0119dzie to oczywi\u015bcie mia\u0142o wp\u0142ywu na twoje ustawowe roszczenia gwarancyjne.<\/p>\n<h3>\u00a7 11 Postanowienia ko\u0144cowe\/rozwi\u0105zywanie spor\u00f3w<\/h3>\n<p>(1) Zastosowanie ma prawo niemieckie. W przypadku konsument\u00f3w ten wyb\u00f3r prawa ma zastosowanie tylko w takim zakresie, w jakim ochrona zapewniana przez bezwzgl\u0119dnie obowi\u0105zuj\u0105ce przepisy prawa pa\u0144stwa zwyk\u0142ego pobytu konsumenta nie jest tym samym cofni\u0119ta (zasada uprzywilejowania).<\/p>\n<p>(2) Postanowienia Konwencji Narod\u00f3w Zjednoczonych o umowach mi\u0119dzynarodowej sprzeda\u017cy towar\u00f3w wyra\u017anie nie maj\u0105 zastosowania.<\/p>\n<p>(3) Je\u015bli klient jest handlowcem, osob\u0105 prawn\u0105 prawa publicznego lub specjalnym funduszem prawa publicznego, miejscem jurysdykcji dla wszystkich spor\u00f3w wynikaj\u0105cych ze stosunk\u00f3w umownych mi\u0119dzy klientem a us\u0142ugodawc\u0105 jest siedziba us\u0142ugodawcy.<\/p>\n<p>(4)\n\nNie jeste\u015bmy zobowi\u0105zani ani ch\u0119tni do udzia\u0142u w post\u0119powaniu rozstrzygaj\u0105cym spory przed konsumenckim organem arbitra\u017cowym.<\/p>","protected":false},"excerpt":{"rendered":"<p>Allgemeine Gesch\u00e4ftsbedingungen \u00a7 1 Geltung, Begriffsdefinitionen (1) Pilluwear e.U., Handelskai 98a\/59, 1200 Wien, \u00d6sterreich (im Folgenden: \u201ewir\u201c oder \u201epilluwear\u201c) betreibt unter der Webseite https:\/\/pilluwear.com einen Online-Shop f\u00fcr Waren. Die nachfolgenden allgemeinen Gesch\u00e4ftsbedingungen gelten f\u00fcr alle Leistungen zwischen uns und unseren Kunden (im Folgenden: \u201eKunde\u201c oder \u201eSie\u201c) in ihrer zum Zeitpunkt der Bestellung g\u00fcltigen Fassung, soweit [&hellip;]<\/p>","protected":false},"author":1,"featured_media":0,"parent":0,"menu_order":0,"comment_status":"closed","ping_status":"closed","template":"","meta":{"_uag_custom_page_level_css":"","_uf_show_specific_survey":0,"_uf_disable_surveys":false,"_themeisle_gutenberg_block_has_review":false,"footnotes":""},"class_list":["post-6122","page","type-page","status-publish","hentry"],"aioseo_notices":[],"uagb_featured_image_src":{"full":false,"thumbnail":false,"medium":false,"medium_large":false,"large":false,"1536x1536":false,"2048x2048":false,"trp-custom-language-flag":false,"woocommerce_thumbnail":false,"woocommerce_single":false,"woocommerce_gallery_thumbnail":false},"uagb_author_info":{"display_name":"pilluwear.com","author_link":"https:\/\/pilluwear.com\/pl\/author\/pilluwear-com\/"},"uagb_comment_info":0,"uagb_excerpt":"Allgemeine Gesch\u00e4ftsbedingungen \u00a7 1 Geltung, Begriffsdefinitionen (1) Pilluwear e.U., Handelskai 98a\/59, 1200 Wien, \u00d6sterreich (im Folgenden: \u201ewir\u201c oder \u201epilluwear\u201c) betreibt unter der Webseite https:\/\/pilluwear.com einen Online-Shop f\u00fcr Waren. Die nachfolgenden allgemeinen Gesch\u00e4ftsbedingungen gelten f\u00fcr alle Leistungen zwischen uns und unseren Kunden (im Folgenden: \u201eKunde\u201c oder \u201eSie\u201c) in ihrer zum Zeitpunkt der Bestellung g\u00fcltigen Fassung, soweit&hellip;","jetpack_sharing_enabled":true,"_links":{"self":[{"href":"https:\/\/pilluwear.com\/pl\/wp-json\/wp\/v2\/pages\/6122","targetHints":{"allow":["GET"]}}],"collection":[{"href":"https:\/\/pilluwear.com\/pl\/wp-json\/wp\/v2\/pages"}],"about":[{"href":"https:\/\/pilluwear.com\/pl\/wp-json\/wp\/v2\/types\/page"}],"author":[{"embeddable":true,"href":"https:\/\/pilluwear.com\/pl\/wp-json\/wp\/v2\/users\/1"}],"replies":[{"embeddable":true,"href":"https:\/\/pilluwear.com\/pl\/wp-json\/wp\/v2\/comments?post=6122"}],"version-history":[{"count":4,"href":"https:\/\/pilluwear.com\/pl\/wp-json\/wp\/v2\/pages\/6122\/revisions"}],"predecessor-version":[{"id":15940,"href":"https:\/\/pilluwear.com\/pl\/wp-json\/wp\/v2\/pages\/6122\/revisions\/15940"}],"wp:attachment":[{"href":"https:\/\/pilluwear.com\/pl\/wp-json\/wp\/v2\/media?parent=6122"}],"curies":[{"name":"wp","href":"https:\/\/api.w.org\/{rel}","templated":true}]}}