{"id":23294,"date":"2024-11-07T15:04:07","date_gmt":"2024-11-07T14:04:07","guid":{"rendered":"https:\/\/pilluwear.com\/produkt\/skier-unisex-premium-pullover\/"},"modified":"2024-11-07T15:08:13","modified_gmt":"2024-11-07T14:08:13","slug":"skier-unisex-premium-pullover","status":"publish","type":"product","link":"https:\/\/pilluwear.com\/nl\/product\/skier-unisex-premium-pullover\/","title":{"rendered":"Skis - unisex premium trui"},"content":{"rendered":"<p>De klassieke sweatshirtvorm met een geribde ronde hals, lange manchetten en een platte zoom. Je kunt hem mixen en matchen of op zichzelf dragen voor een trendy streetwear look. De zachte fleece binnenkant en comfortabele pasvorm maken het je favoriete trui voor elke dag!<\/p>\n<p>- Bovenkant 100% katoen<br \/>\n- 65% katoen, 35% polyester<br \/>\n- Houtskool Heather: 55% katoen, 45% polyester<br \/>\n- Gewicht stof: 288,2 g\/m\u00b2 (8,5 oz\/y\u00b2)<br \/>\n- Dicht gebreid 3-zijdig fleece <br \/>\n- Gestikt ontwerp aan de zijkant<br \/>\n- Zelfgebreide patch op de achterkant<br \/>\n- Dubbelgestikte geribde kraag, manchetten en zoom<br \/>\n- Blanco uit Pakistan <\/p>\n<p>Disclaimer: Dit sweatshirt valt klein uit. Voor een perfecte pasvorm raden we aan een maat groter te bestellen dan je gebruikelijke maat.<\/p>\n<p>- Traceerbaarheid:<br \/>\n- Weven - Pakistan<br \/>\n- Kleuren - Pakistan<br \/>\n- Productie - Pakistan<br \/>\n- Bevat 0 % gerecycled polyester<br \/>\n- Bevat 0 % gevaarlijke stoffen<\/p>","protected":false},"excerpt":{"rendered":"<p>De klassieke sweatshirtvorm met een geribde ronde hals, lange manchetten en een platte zoom. Je kunt hem mixen en matchen of op zichzelf dragen voor een trendy streetwear look. De zachte fleece binnenkant en comfortabele pasvorm maken het je favoriete trui voor elke dag! - Top: 100% katoen - 65% katoen, 35% polyester - Charcoal Heather: 55% katoen, 45% polyester - [...]<\/p>","protected":false},"featured_media":23345,"comment_status":"open","ping_status":"closed","template":"","meta":{"_uag_custom_page_level_css":"","_uf_show_specific_survey":0,"_uf_disable_surveys":false,"_themeisle_gutenberg_block_has_review":false},"product_brand":[],"product_cat":[122,282],"product_tag":[],"class_list":{"0":"post-23294","1":"product","2":"type-product","3":"status-publish","4":"has-post-thumbnail","6":"product_cat-kollektionen","7":"product_cat-skier","8":"pa_farbe-carbon-grey","9":"pa_farbe-charcoal-heather","10":"pa_farbe-dusty-rose","11":"pa_farbe-navy-blazer","12":"pa_farbe-schwarz","13":"pa_farbe-team-royal","14":"pa_farbe-waldgruen","15":"pa_farbe-weiss","16":"pa_grosse-2xl","17":"pa_grosse-3xl","18":"pa_grosse-l","19":"pa_grosse-m","20":"pa_grosse-s","21":"pa_grosse-xl","23":"first","24":"instock","25":"taxable","26":"shipping-taxable","27":"purchasable","28":"product-type-variable"},"aioseo_notices":[],"uagb_featured_image_src":{"full":["https:\/\/i0.wp.com\/pilluwear.com\/wp-content\/uploads\/2024\/11\/unisex-premium-sweatshirt-white-front-672cc6056c685.jpg?fit=2000%2C2000&ssl=1",2000,2000,false],"thumbnail":["https:\/\/i0.wp.com\/pilluwear.com\/wp-content\/uploads\/2024\/11\/unisex-premium-sweatshirt-white-front-672cc6056c685.jpg?resize=150%2C150&ssl=1",150,150,true],"medium":["https:\/\/i0.wp.com\/pilluwear.com\/wp-content\/uploads\/2024\/11\/unisex-premium-sweatshirt-white-front-672cc6056c685.jpg?fit=300%2C300&ssl=1",300,300,true],"medium_large":["https:\/\/i0.wp.com\/pilluwear.com\/wp-content\/uploads\/2024\/11\/unisex-premium-sweatshirt-white-front-672cc6056c685.jpg?fit=768%2C768&ssl=1",768,768,true],"large":["https:\/\/i0.wp.com\/pilluwear.com\/wp-content\/uploads\/2024\/11\/unisex-premium-sweatshirt-white-front-672cc6056c685.jpg?fit=1024%2C1024&ssl=1",1024,1024,true],"1536x1536":["https:\/\/i0.wp.com\/pilluwear.com\/wp-content\/uploads\/2024\/11\/unisex-premium-sweatshirt-white-front-672cc6056c685.jpg?fit=1536%2C1536&ssl=1",1536,1536,true],"2048x2048":["https:\/\/i0.wp.com\/pilluwear.com\/wp-content\/uploads\/2024\/11\/unisex-premium-sweatshirt-white-front-672cc6056c685.jpg?fit=2000%2C2000&ssl=1",2000,2000,true],"trp-custom-language-flag":["https:\/\/i0.wp.com\/pilluwear.com\/wp-content\/uploads\/2024\/11\/unisex-premium-sweatshirt-white-front-672cc6056c685.jpg?fit=12%2C12&ssl=1",12,12,true],"woocommerce_thumbnail":["https:\/\/i0.wp.com\/pilluwear.com\/wp-content\/uploads\/2024\/11\/unisex-premium-sweatshirt-white-front-672cc6056c685.jpg?resize=300%2C300&ssl=1",300,300,true],"woocommerce_single":["https:\/\/i0.wp.com\/pilluwear.com\/wp-content\/uploads\/2024\/11\/unisex-premium-sweatshirt-white-front-672cc6056c685.jpg?fit=600%2C600&ssl=1",600,600,true],"woocommerce_gallery_thumbnail":["https:\/\/i0.wp.com\/pilluwear.com\/wp-content\/uploads\/2024\/11\/unisex-premium-sweatshirt-white-front-672cc6056c685.jpg?resize=100%2C100&ssl=1",100,100,true]},"uagb_author_info":{"display_name":"pilluwear.com","author_link":"https:\/\/pilluwear.com\/nl\/author\/"},"uagb_comment_info":0,"uagb_excerpt":"Die klassische Sweatshirtform mit geripptem Rundhalsausschnitt, langen \u00c4rmelb\u00fcndchen und einem flachen Saum. Du kannst es kombinieren oder als Einzelst\u00fcck f\u00fcr einen angesagten Streetwear-Look verwenden. Die weiche Fleece-Innenseite und die bequeme Passform machen es zu deinem Lieblingspulli im Alltag! \u2022 Oberseite 100% Baumwolle \u2022 65% Baumwolle, 35% Polyester \u2022 Charcoal Heather: 55% Baumwolle, 45% Polyester \u2022&hellip;","jetpack_sharing_enabled":true,"_links":{"self":[{"href":"https:\/\/pilluwear.com\/nl\/wp-json\/wp\/v2\/product\/23294","targetHints":{"allow":["GET"]}}],"collection":[{"href":"https:\/\/pilluwear.com\/nl\/wp-json\/wp\/v2\/product"}],"about":[{"href":"https:\/\/pilluwear.com\/nl\/wp-json\/wp\/v2\/types\/product"}],"replies":[{"embeddable":true,"href":"https:\/\/pilluwear.com\/nl\/wp-json\/wp\/v2\/comments?post=23294"}],"wp:featuredmedia":[{"embeddable":true,"href":"https:\/\/pilluwear.com\/nl\/wp-json\/wp\/v2\/media\/23345"}],"wp:attachment":[{"href":"https:\/\/pilluwear.com\/nl\/wp-json\/wp\/v2\/media?parent=23294"}],"wp:term":[{"taxonomy":"product_brand","embeddable":true,"href":"https:\/\/pilluwear.com\/nl\/wp-json\/wp\/v2\/product_brand?post=23294"},{"taxonomy":"product_cat","embeddable":true,"href":"https:\/\/pilluwear.com\/nl\/wp-json\/wp\/v2\/product_cat?post=23294"},{"taxonomy":"product_tag","embeddable":true,"href":"https:\/\/pilluwear.com\/nl\/wp-json\/wp\/v2\/product_tag?post=23294"}],"curies":[{"name":"wp","href":"https:\/\/api.w.org\/{rel}","templated":true}]}}