{"id":23468,"date":"2024-11-07T17:11:24","date_gmt":"2024-11-07T16:11:24","guid":{"rendered":"https:\/\/pilluwear.com\/produkt\/engineer-unisex-premium-pullover\/"},"modified":"2024-11-07T17:15:38","modified_gmt":"2024-11-07T16:15:38","slug":"pullover-premium-unisex-da-ingegnere","status":"publish","type":"product","link":"https:\/\/pilluwear.com\/it\/prodotto\/pullover-premium-unisex-da-ingegnere\/","title":{"rendered":"Engineer - Maglia premium unisex"},"content":{"rendered":"<p>La classica forma della felpa con scollo rotondo a coste, polsini lunghi e orlo piatto. Puoi abbinarla o indossarla da sola per un look streetwear di tendenza. L'interno in morbido pile e la vestibilit\u00e0 comoda la renderanno la tua maglia preferita di tutti i giorni!<\/p>\n<p>- Lato superiore cotone 100%<br \/>\n- 65% cotone, 35% poliestere<br \/>\n- Charcoal Heather: 55% cotone, 45% poliestere<br \/>\n- Peso del tessuto: 288,2 g\/m\u00b2 (8,5 oz\/y\u00b2)<br \/>\n- Pile a maglia stretta a 3 capi <br \/>\n- Design con cuciture laterali<br \/>\n- Toppa auto-lavorata sul retro<br \/>\n- Colletto, polsini e orlo a coste con doppia cucitura<br \/>\n- Vuoto dal Pakistan <\/p>\n<p>Disclaimer: questa felpa \u00e8 tagliata piccola. Per una vestibilit\u00e0 perfetta, ti consigliamo di ordinare una taglia in pi\u00f9 rispetto alla tua taglia abituale.<\/p>\n<p>- Tracciabilit\u00e0:<br \/>\n- Tessitura - Pakistan<br \/>\n- Colorare - Pakistan<br \/>\n- Produzione - Pakistan<br \/>\n- Contiene 0 % di poliestere riciclato<br \/>\n- Contiene 0 % sostanze pericolose<\/p>","protected":false},"excerpt":{"rendered":"<p>La classica forma della felpa con scollo rotondo a coste, polsini lunghi e orlo piatto. Puoi abbinarla o indossarla da sola per un look streetwear di tendenza. L'interno in morbido pile e la vestibilit\u00e0 comoda la renderanno la tua maglia preferita di tutti i giorni! - Top: 100% cotone - 65% cotone, 35% poliestere - Charcoal Heather: 55% cotone, 45% poliestere - [...]<\/p>","protected":false},"featured_media":23519,"comment_status":"open","ping_status":"closed","template":"","meta":{"_uag_custom_page_level_css":"","_uf_show_specific_survey":0,"_uf_disable_surveys":false,"_themeisle_gutenberg_block_has_review":false},"product_brand":[],"product_cat":[122],"product_tag":[],"class_list":{"0":"post-23468","1":"product","2":"type-product","3":"status-publish","4":"has-post-thumbnail","6":"product_cat-kollektionen","7":"pa_farbe-carbon-grey","8":"pa_farbe-charcoal-heather","9":"pa_farbe-dusty-rose","10":"pa_farbe-navy-blazer","11":"pa_farbe-schwarz","12":"pa_farbe-team-royal","13":"pa_farbe-waldgruen","14":"pa_farbe-weiss","15":"pa_grosse-2xl","16":"pa_grosse-3xl","17":"pa_grosse-l","18":"pa_grosse-m","19":"pa_grosse-s","20":"pa_grosse-xl","22":"first","23":"instock","24":"taxable","25":"shipping-taxable","26":"purchasable","27":"product-type-variable"},"aioseo_notices":[],"uagb_featured_image_src":{"full":["https:\/\/i0.wp.com\/pilluwear.com\/wp-content\/uploads\/2024\/11\/unisex-premium-sweatshirt-forest-green-front-672ce68571011.jpg?fit=2000%2C2000&ssl=1",2000,2000,false],"thumbnail":["https:\/\/i0.wp.com\/pilluwear.com\/wp-content\/uploads\/2024\/11\/unisex-premium-sweatshirt-forest-green-front-672ce68571011.jpg?resize=150%2C150&ssl=1",150,150,true],"medium":["https:\/\/i0.wp.com\/pilluwear.com\/wp-content\/uploads\/2024\/11\/unisex-premium-sweatshirt-forest-green-front-672ce68571011.jpg?fit=300%2C300&ssl=1",300,300,true],"medium_large":["https:\/\/i0.wp.com\/pilluwear.com\/wp-content\/uploads\/2024\/11\/unisex-premium-sweatshirt-forest-green-front-672ce68571011.jpg?fit=768%2C768&ssl=1",768,768,true],"large":["https:\/\/i0.wp.com\/pilluwear.com\/wp-content\/uploads\/2024\/11\/unisex-premium-sweatshirt-forest-green-front-672ce68571011.jpg?fit=1024%2C1024&ssl=1",1024,1024,true],"1536x1536":["https:\/\/i0.wp.com\/pilluwear.com\/wp-content\/uploads\/2024\/11\/unisex-premium-sweatshirt-forest-green-front-672ce68571011.jpg?fit=1536%2C1536&ssl=1",1536,1536,true],"2048x2048":["https:\/\/i0.wp.com\/pilluwear.com\/wp-content\/uploads\/2024\/11\/unisex-premium-sweatshirt-forest-green-front-672ce68571011.jpg?fit=2000%2C2000&ssl=1",2000,2000,true],"trp-custom-language-flag":["https:\/\/i0.wp.com\/pilluwear.com\/wp-content\/uploads\/2024\/11\/unisex-premium-sweatshirt-forest-green-front-672ce68571011.jpg?fit=12%2C12&ssl=1",12,12,true],"woocommerce_thumbnail":["https:\/\/i0.wp.com\/pilluwear.com\/wp-content\/uploads\/2024\/11\/unisex-premium-sweatshirt-forest-green-front-672ce68571011.jpg?resize=300%2C300&ssl=1",300,300,true],"woocommerce_single":["https:\/\/i0.wp.com\/pilluwear.com\/wp-content\/uploads\/2024\/11\/unisex-premium-sweatshirt-forest-green-front-672ce68571011.jpg?fit=600%2C600&ssl=1",600,600,true],"woocommerce_gallery_thumbnail":["https:\/\/i0.wp.com\/pilluwear.com\/wp-content\/uploads\/2024\/11\/unisex-premium-sweatshirt-forest-green-front-672ce68571011.jpg?resize=100%2C100&ssl=1",100,100,true]},"uagb_author_info":{"display_name":"pilluwear.com","author_link":"https:\/\/pilluwear.com\/it\/author\/"},"uagb_comment_info":0,"uagb_excerpt":"Die klassische Sweatshirtform mit geripptem Rundhalsausschnitt, langen \u00c4rmelb\u00fcndchen und einem flachen Saum. Du kannst es kombinieren oder als Einzelst\u00fcck f\u00fcr einen angesagten Streetwear-Look verwenden. Die weiche Fleece-Innenseite und die bequeme Passform machen es zu deinem Lieblingspulli im Alltag! \u2022 Oberseite 100% Baumwolle \u2022 65% Baumwolle, 35% Polyester \u2022 Charcoal Heather: 55% Baumwolle, 45% Polyester \u2022&hellip;","jetpack_sharing_enabled":true,"_links":{"self":[{"href":"https:\/\/pilluwear.com\/it\/wp-json\/wp\/v2\/product\/23468","targetHints":{"allow":["GET"]}}],"collection":[{"href":"https:\/\/pilluwear.com\/it\/wp-json\/wp\/v2\/product"}],"about":[{"href":"https:\/\/pilluwear.com\/it\/wp-json\/wp\/v2\/types\/product"}],"replies":[{"embeddable":true,"href":"https:\/\/pilluwear.com\/it\/wp-json\/wp\/v2\/comments?post=23468"}],"wp:featuredmedia":[{"embeddable":true,"href":"https:\/\/pilluwear.com\/it\/wp-json\/wp\/v2\/media\/23519"}],"wp:attachment":[{"href":"https:\/\/pilluwear.com\/it\/wp-json\/wp\/v2\/media?parent=23468"}],"wp:term":[{"taxonomy":"product_brand","embeddable":true,"href":"https:\/\/pilluwear.com\/it\/wp-json\/wp\/v2\/product_brand?post=23468"},{"taxonomy":"product_cat","embeddable":true,"href":"https:\/\/pilluwear.com\/it\/wp-json\/wp\/v2\/product_cat?post=23468"},{"taxonomy":"product_tag","embeddable":true,"href":"https:\/\/pilluwear.com\/it\/wp-json\/wp\/v2\/product_tag?post=23468"}],"curies":[{"name":"wp","href":"https:\/\/api.w.org\/{rel}","templated":true}]}}