{"id":6122,"date":"2024-05-17T09:15:49","date_gmt":"2024-05-17T07:15:49","guid":{"rendered":"https:\/\/pilluwear.com\/agb\/"},"modified":"2024-05-19T16:21:08","modified_gmt":"2024-05-19T14:21:08","slug":"agb","status":"publish","type":"page","link":"https:\/\/pilluwear.com\/it\/agb\/","title":{"rendered":"GTC"},"content":{"rendered":"<h1>Termini e condizioni generali<\/h1>\n<h3>\u00a7 1 Validit\u00e0, definizioni dei termini<\/h3>\n<p>(1) Pilluwear e.U., Handelskai 98a\/59, 1200 Vienna, Austria (di seguito: \"noi\" o \"pilluwear\") gestisce un negozio online di prodotti con il sito https:\/\/pilluwear.com. I seguenti termini e condizioni generali si applicano a tutti i servizi tra noi e i nostri clienti (di seguito: \"cliente\" o \"tu\") nella versione valida al momento dell'ordine, se non diversamente concordato.<\/p>\n<p>(2) \"Consumatore\" ai sensi dei presenti Termini e Condizioni \u00e8 una persona fisica che conclude un negozio giuridico per scopi prevalentemente estranei alla propria attivit\u00e0 commerciale, imprenditoriale o professionale. \"Imprenditore\" \u00e8 una persona fisica o giuridica o una societ\u00e0 di persone con capacit\u00e0 giuridica che, nel concludere un negozio giuridico, agisce nell'esercizio della propria attivit\u00e0 commerciale o professionale indipendente, laddove per societ\u00e0 di persone con capacit\u00e0 giuridica si intende una societ\u00e0 di persone con la capacit\u00e0 di acquisire diritti e di contrarre obbligazioni.<\/p>\n<h3>\u00a7 2 Conclusione dei contratti, conservazione del testo contrattuale<\/h3>\n<p>(1) Le seguenti disposizioni sulla conclusione dei contratti si applicano agli ordini effettuati tramite il nostro negozio online https:\/\/pilluwear.com.<\/p>\n<p>(2) Le nostre presentazioni dei prodotti su Internet non sono vincolanti e non costituiscono un'offerta vincolante per la conclusione di un contratto.<\/p>\n<p>(3) Al ricevimento di un ordine nel nostro negozio online, si applicano le seguenti regole: Il cliente presenta un'offerta contrattuale vincolante completando con successo la procedura d'ordine prevista nel nostro negozio online. L'ordine viene effettuato nelle seguenti fasi:<\/p>\n<ol>\n<li>Selezione della merce desiderata,<\/li>\n<li>Aggiungi i prodotti cliccando sul pulsante corrispondente (ad esempio \"Aggiungi al carrello\", \"Aggiungi alla borsa della spesa\" o simili),<\/li>\n<li>Controlla i dettagli nel carrello,<\/li>\n<li>Richiama il riepilogo dell'ordine cliccando sul pulsante corrispondente (ad esempio, \"Continua alla cassa\", \"Continua al pagamento\", \"Al riepilogo dell'ordine\" o simili),<\/li>\n<li>Inserimento\/verifica dell'indirizzo e dei dati di contatto, selezione del metodo di pagamento, conferma dei termini e delle condizioni generali e della politica di cancellazione,<\/li>\n<li>Se la qualit\u00e0 concordata dei beni si discosta dalla qualit\u00e0 e dalle condizioni d'uso abituali, la conferma di un accordo di qualit\u00e0 negativo,<\/li>\n<li>Completa l'ordine cliccando sul pulsante \"Acquista ora\". Questo costituisce un ordine vincolante.<\/li>\n<li>Il contratto \u00e8 concluso quando ricevi una conferma d'ordine da parte nostra entro tre giorni lavorativi all'indirizzo e-mail indicato.<\/li>\n<\/ol>\n<p>(4) In caso di conclusione del contratto, il contratto \u00e8 stipulato con Pilluwear e.U., Handelskai 98a\/59, 1200 Vienna, Austria.<\/p>\n<p>(5) Prima di effettuare l'ordine, i dati del contratto possono essere stampati o salvati elettronicamente utilizzando la funzione di stampa del browser. L'elaborazione dell'ordine e la trasmissione di tutte le informazioni necessarie per la conclusione del contratto, in particolare i dati dell'ordine, le CGV e la politica di cancellazione, avviene via e-mail dopo l'invio dell'ordine, in alcuni casi automaticamente. Non salviamo il testo del contratto dopo la sua conclusione.<\/p>\n<p>(6) Gli errori di inserimento possono essere corretti utilizzando le consuete funzioni della tastiera, del mouse e del browser (ad esempio il \"pulsante indietro\" del browser). Possono essere corretti anche annullando il processo d'ordine prima del tempo, chiudendo la finestra del browser e ripetendo il processo.<\/p>\n<p>(7) L'elaborazione dell'ordine e la trasmissione di tutte le informazioni richieste in relazione alla conclusione del contratto sono parzialmente automatizzate tramite e-mail. Pertanto, dovrai assicurarti che l'indirizzo e-mail che ci hai fornito sia corretto, che la ricezione delle e-mail sia tecnicamente garantita e, in particolare, che non sia impedita dai filtri SPAM.<\/p>\n<h3>\u00a7 3 Oggetto del contratto e caratteristiche essenziali dei prodotti<\/h3>\n<p>(1) L'oggetto del contratto \u00e8 il nostro negozio online:<\/p>\n<ol style=\"list-style-type: lower-alpha\">\n<li>Vendita di prodotti. I prodotti specifici offerti possono essere consultati nelle nostre pagine dei prodotti.<\/li>\n<\/ol>\n<p>(2) Le caratteristiche essenziali dei beni sono riportate nella descrizione dell'articolo. Se la qualit\u00e0 concordata dei beni si discosta dalla qualit\u00e0 e dalle condizioni d'uso abituali, ci\u00f2 deve essere espressamente indicato nella descrizione dell'articolo (accordo di qualit\u00e0 negativa). Nel caso in cui il cliente abbia dato il suo consenso esplicito allo scostamento di qualit\u00e0 negativo, questo definisce l'oggetto del contratto.<\/p>\n<h3>\u00a7 4 Prezzi, costi di spedizione e consegna<\/h3>\n<p>(1) I prezzi indicati nelle rispettive offerte e i costi di spedizione sono prezzi totali e includono tutti i componenti del prezzo, comprese le tasse applicabili.<\/p>\n<p>(2) Il rispettivo prezzo di acquisto deve essere pagato prima della consegna del prodotto (pagamento anticipato), a meno che non offriamo espressamente l'acquisto con acconto. I metodi di pagamento disponibili per l'utente sono indicati in un apposito pulsante del negozio online o nella rispettiva offerta. Se non diversamente indicato per i singoli metodi di pagamento, le richieste di pagamento devono essere pagate immediatamente.<\/p>\n<p>(3) Oltre ai prezzi indicati, possono essere sostenute spese di spedizione per la consegna dei prodotti, a meno che il rispettivo articolo non sia contrassegnato come esente da spese di spedizione. I costi di spedizione ti saranno comunicati chiaramente sulle offerte, se applicabile, nel sistema del carrello e nella panoramica dell'ordine.<\/p>\n<p>(4) Tutti i prodotti offerti vengono solitamente elaborati entro 3-7 giorni, dopodich\u00e9 vengono spediti. Tempi di consegna:<\/p>\n<p>I tempi di consegna dipendono dalla tua localit\u00e0 e sono stimati come segue:<\/p>\n<ul>\n<li>Europa: 6 - 8 giorni lavorativi<\/li>\n<li>USA: 3 - 4 giorni lavorativi<\/li>\n<li>Australia: 2 - 14 giorni lavorativi<\/li>\n<li>Giappone: 4 - 8 giorni lavorativi<\/li>\n<li>Internazionale: 10-20 giorni lavorativi<\/li>\n<\/ul>\n<p>(5) Si applicano le seguenti restrizioni relative all'area di consegna: La consegna viene effettuata nei seguenti paesi: Austria, Belgio, Bulgaria, Cipro, Repubblica Ceca, Germania, Danimarca, Estonia, Spagna, Finlandia, Francia, Grecia, Croazia, Ungheria, Irlanda, Italia, Lituania, Lussemburgo, Lettonia, Malta, Paesi Bassi, Polonia, Portogallo, Romania, Svezia, Slovenia, Slovacchia.<\/p>\n<h3>\u00a7 5 Diritto di restituzione<\/h3>\n<p>(1) Collaboriamo con un fornitore di servizi di stampa su richiesta che produce per primo gli articoli,<br \/>\nal momento dell'ordine. Al fine di evitare una sovrapproduzione, ti chiediamo di inviare il materiale ambientale<br \/>\ne di non ordinare prodotti non necessari.<br \/>\nSe qualcosa non va nel tuo ordine, puoi annullarlo entro 14 giorni.<br \/>\nessere restituito. Ti preghiamo di comunicarci se c'\u00e8 qualcosa che non va nel tuo ordine o se desideri restituirlo.<br \/>\nnon sei soddisfatto contattandoci all'indirizzo ruslan@pilluwear.com.<\/p>\n<h3>\u00a7 6 Diritto di ritenzione, riserva di propriet\u00e0<\/h3>\n<p>(1) Puoi esercitare il diritto di ritenzione solo nella misura in cui riguarda richieste di risarcimento derivanti dallo stesso rapporto contrattuale.<\/p>\n<p>(2) La merce rimarr\u00e0 di nostra propriet\u00e0 fino al completo pagamento del prezzo di acquisto.<\/p>\n<h3>\u00a7 7 Diritto di recesso<\/h3>\n<p>In qualit\u00e0 di consumatore, hai il diritto di recesso. Questo si basa sul nostro <a href=\"https:\/\/pilluwear.com\/it\/politica-di-cancellazione\/\">Politica di cancellazione<\/a>.<\/p>\n<h3>\u00a7 8 Lingua del contratto<\/h3>\n<p>La lingua del contratto \u00e8 esclusivamente il tedesco.<\/p>\n<h3>\u00a7 9 Responsabilit\u00e0<\/h3>\n<p>(1) Fatte salve le seguenti eccezioni, la nostra responsabilit\u00e0 per violazioni contrattuali e per atti non autorizzati \u00e8 limitata al dolo o alla colpa grave.<\/p>\n<p>(2) In caso di negligenza lieve, saremo responsabili senza limitazioni in caso di lesioni alla vita, all'integrit\u00e0 fisica o alla salute o in caso di violazione di un obbligo contrattuale sostanziale. Se siamo in ritardo nell'adempimento per negligenza lieve, se l'adempimento \u00e8 diventato impossibile o se abbiamo violato un obbligo contrattuale sostanziale, la responsabilit\u00e0 per i danni materiali e finanziari che ne derivano sar\u00e0 limitata all'importo del danno. <strong>danni prevedibili tipici del contratto<\/strong> limitato. Un obbligo contrattuale sostanziale \u00e8 un obbligo il cui adempimento \u00e8 essenziale per la corretta esecuzione del contratto, la cui violazione mette a rischio il raggiungimento dello scopo del contratto e sul cui rispetto puoi regolarmente fare affidamento. Ci\u00f2 include, in particolare, il nostro obbligo di agire e di adempiere al servizio contrattualmente dovuto, descritto nel \u00a7 3.<\/p>\n<h3>\u00a7 10 Garanzia<\/h3>\n<p>(1) La garanzia \u00e8 disciplinata dalle disposizioni di legge.<\/p>\n<p>(2) Il periodo di garanzia per i beni consegnati agli imprenditori \u00e8 di 12 mesi.<\/p>\n<p>(3) In qualit\u00e0 di consumatore, ti chiediamo di controllare l'articolo\/il bene digitale o il servizio fornito immediatamente dopo l'esecuzione del contratto per verificarne la completezza, i difetti evidenti e i danni da trasporto e di notificare a noi e al vettore eventuali reclami il prima possibile. In caso contrario, ci\u00f2 non avr\u00e0 alcun effetto sui tuoi diritti di garanzia previsti dalla legge.<\/p>\n<h3>\u00a7 11 Disposizioni finali\/risoluzione delle controversie<\/h3>\n<p>(1) Si applica la legge tedesca. Nel caso di consumatori, questa scelta di legge si applicher\u00e0 solo nella misura in cui la protezione offerta dalle disposizioni obbligatorie della legge dello Stato in cui il consumatore risiede abitualmente non venga revocata (principio del favor rei).<\/p>\n<p>(2) Le disposizioni della Convenzione delle Nazioni Unite sui contratti di vendita internazionale di beni mobili non si applicano espressamente.<\/p>\n<p>(3) Se il cliente \u00e8 un commerciante, una persona giuridica di diritto pubblico o un fondo speciale di diritto pubblico, il foro competente per tutte le controversie derivanti dai rapporti contrattuali tra il cliente e il fornitore \u00e8 la sede legale del fornitore.<\/p>\n<p>(4)\n\nNon siamo obbligati o disposti a partecipare a procedure di risoluzione delle controversie davanti a un collegio arbitrale dei consumatori.<\/p>","protected":false},"excerpt":{"rendered":"<p>Allgemeine Gesch\u00e4ftsbedingungen \u00a7 1 Geltung, Begriffsdefinitionen (1) Pilluwear e.U., Handelskai 98a\/59, 1200 Wien, \u00d6sterreich (im Folgenden: \u201ewir\u201c oder \u201epilluwear\u201c) betreibt unter der Webseite https:\/\/pilluwear.com einen Online-Shop f\u00fcr Waren. Die nachfolgenden allgemeinen Gesch\u00e4ftsbedingungen gelten f\u00fcr alle Leistungen zwischen uns und unseren Kunden (im Folgenden: \u201eKunde\u201c oder \u201eSie\u201c) in ihrer zum Zeitpunkt der Bestellung g\u00fcltigen Fassung, soweit [&hellip;]<\/p>","protected":false},"author":1,"featured_media":0,"parent":0,"menu_order":0,"comment_status":"closed","ping_status":"closed","template":"","meta":{"_uag_custom_page_level_css":"","_uf_show_specific_survey":0,"_uf_disable_surveys":false,"_themeisle_gutenberg_block_has_review":false,"footnotes":""},"class_list":["post-6122","page","type-page","status-publish","hentry"],"aioseo_notices":[],"uagb_featured_image_src":{"full":false,"thumbnail":false,"medium":false,"medium_large":false,"large":false,"1536x1536":false,"2048x2048":false,"trp-custom-language-flag":false,"woocommerce_thumbnail":false,"woocommerce_single":false,"woocommerce_gallery_thumbnail":false},"uagb_author_info":{"display_name":"pilluwear.com","author_link":"https:\/\/pilluwear.com\/it\/author\/pilluwear-com\/"},"uagb_comment_info":0,"uagb_excerpt":"Allgemeine Gesch\u00e4ftsbedingungen \u00a7 1 Geltung, Begriffsdefinitionen (1) Pilluwear e.U., Handelskai 98a\/59, 1200 Wien, \u00d6sterreich (im Folgenden: \u201ewir\u201c oder \u201epilluwear\u201c) betreibt unter der Webseite https:\/\/pilluwear.com einen Online-Shop f\u00fcr Waren. Die nachfolgenden allgemeinen Gesch\u00e4ftsbedingungen gelten f\u00fcr alle Leistungen zwischen uns und unseren Kunden (im Folgenden: \u201eKunde\u201c oder \u201eSie\u201c) in ihrer zum Zeitpunkt der Bestellung g\u00fcltigen Fassung, soweit&hellip;","jetpack_sharing_enabled":true,"_links":{"self":[{"href":"https:\/\/pilluwear.com\/it\/wp-json\/wp\/v2\/pages\/6122","targetHints":{"allow":["GET"]}}],"collection":[{"href":"https:\/\/pilluwear.com\/it\/wp-json\/wp\/v2\/pages"}],"about":[{"href":"https:\/\/pilluwear.com\/it\/wp-json\/wp\/v2\/types\/page"}],"author":[{"embeddable":true,"href":"https:\/\/pilluwear.com\/it\/wp-json\/wp\/v2\/users\/1"}],"replies":[{"embeddable":true,"href":"https:\/\/pilluwear.com\/it\/wp-json\/wp\/v2\/comments?post=6122"}],"version-history":[{"count":4,"href":"https:\/\/pilluwear.com\/it\/wp-json\/wp\/v2\/pages\/6122\/revisions"}],"predecessor-version":[{"id":15940,"href":"https:\/\/pilluwear.com\/it\/wp-json\/wp\/v2\/pages\/6122\/revisions\/15940"}],"wp:attachment":[{"href":"https:\/\/pilluwear.com\/it\/wp-json\/wp\/v2\/media?parent=6122"}],"curies":[{"name":"wp","href":"https:\/\/api.w.org\/{rel}","templated":true}]}}