{"id":23702,"date":"2025-02-02T16:08:05","date_gmt":"2025-02-02T15:08:05","guid":{"rendered":"https:\/\/pilluwear.com\/produkt\/wanderer-unisex-bio-pullover\/"},"modified":"2025-02-02T16:08:41","modified_gmt":"2025-02-02T15:08:41","slug":"hiker-unisex-bio-pulover","status":"publish","type":"product","link":"https:\/\/pilluwear.com\/hu\/termek\/hiker-unisex-bio-pulover\/","title":{"rendered":"Wanderer - Unisex organikus pul\u00f3ver"},"content":{"rendered":"<p>Dobja fel st\u00edlus\u00e1t ezzel az uniszex \u00f6kopul\u00f3verrel. Az ing eleg\u00e1ns, ropog\u00f3s megjelen\u00e9s\u0171, \u00e9s j\u00f3l illik mind az alkalmi, mind az eleg\u00e1ns \u00f6lt\u00f6z\u00e9khez. Ez az organikus pamut pul\u00f3ver tart\u00f3s, k\u00e9nyelmes \u00e9s k\u00fcl\u00f6n\u00f6sen puha.<\/p>\n<p>- 100% organikus, gy\u0171r\u0171sfon\u00e1s\u00fa, f\u00e9s\u00fclt pamut<br \/>\n- Sz\u00f6vet s\u00falya: 10,3 oz.\/yd.\u00b2 (350 g\/m\u00b2)<br \/>\n- Norm\u00e1l illeszked\u00e9s<br \/>\n- Be\u00e1ll\u00edtott h\u00fcvelyek<br \/>\n- 1\u00d71 borda a nyakgall\u00e9ron, az ujjak szeg\u00e9ly\u00e9n \u00e9s a szeg\u00e9lyen.<br \/>\n- Dupla varr\u00e1s a nyakgall\u00e9ron, az ujjakon \u00e9s az als\u00f3 szeg\u00e9lyen.<br \/>\n- Nyakp\u00e1nt halsz\u00e1lk\u00e1s mint\u00e1val bel\u00fcl<br \/>\n- \u00d6nk\u00f6t\u00e9s\u0171 f\u00e9lhold a nyakban<br \/>\n- \u00dcres Bangladesb\u0151l<\/p>\n<p>A m\u00e9retek megfelelnek az amerikai piac kisebb m\u00e9ret\u00e9nek, ez\u00e9rt az amerikai v\u00e1s\u00e1rl\u00f3knak egy m\u00e9rettel nagyobbat kell rendelni\u00fck.<\/p>\n<p>- Nyomonk\u00f6vethet\u0151s\u00e9g:<br \/>\n- Sz\u00f6v\u00e9s - Banglades<br \/>\n- Fest\u00e9s - Banglades<br \/>\n- Termel\u00e9s - Banglades<br \/>\n- 100 % bio pamutb\u00f3l k\u00e9sz\u00fclt<br \/>\n- 0 % vesz\u00e9lyes anyagot tartalmaz<\/p>\n<p>Korhat\u00e1r: Feln\u0151ttek sz\u00e1m\u00e1ra<br \/>\nEU garancia: 2 \u00e9v<br \/>\nEgy\u00e9b megfelel\u0151s\u00e9gre vonatkoz\u00f3 inform\u00e1ci\u00f3k: Megfelel az EU REACH-k\u00f6vetelm\u00e9nyeinek.<\/p>\n<p>Az \u00e1ltal\u00e1nos term\u00e9kbiztons\u00e1gi rendeletnek (GPSR) megfelel\u0151en <b>Pilluwear e.U<\/b>hogy a k\u00edn\u00e1lt fogyaszt\u00e1si cikkek biztons\u00e1gosak \u00e9s megfelelnek az uni\u00f3s szabv\u00e1nyoknak. Ha b\u00e1rmilyen k\u00e9rd\u00e9se vagy agg\u00e1lya van a term\u00e9kbiztons\u00e1ggal kapcsolatban, k\u00e9rj\u00fck, vegye fel vel\u00fcnk a kapcsolatot a k\u00f6vetkez\u0151 c\u00edmen <b>ruslan@pilluwear.com<\/b>vagy postai \u00faton a k\u00f6vetkez\u0151 c\u00edmre <b>Handelskai 98a\/59<br \/>\n1200 B\u00e9cs.<b \/><\/p>","protected":false},"excerpt":{"rendered":"<p>Dobd fel a st\u00edlusodat ezzel az uniszex \u00f6kopul\u00f3verrel. Az ing eleg\u00e1ns, ropog\u00f3s megjelen\u00e9s\u0171, \u00e9s j\u00f3l illik mind az alkalmi, mind az eleg\u00e1ns \u00f6lt\u00f6z\u00e9khez. Ez az organikus pamut pul\u00f3ver tart\u00f3s, k\u00e9nyelmes \u00e9s k\u00fcl\u00f6n\u00f6sen puha. - 100% organikus, gy\u0171r\u0171sfon\u00e1s\u00fa, f\u00e9s\u00fclt pamut - Sz\u00f6vets\u00faly: 10,3 oz.\/yd.\u00b2 (350 g\/m\u00b2) - Szab\u00e1lyos szab\u00e1s - Be\u00e1ll\u00f3 ujjak - 1\u00d71 [...]<\/p>","protected":false},"featured_media":23720,"comment_status":"open","ping_status":"closed","template":"","meta":{"_uag_custom_page_level_css":"","_uf_show_specific_survey":0,"_uf_disable_surveys":false,"_themeisle_gutenberg_block_has_review":false},"product_brand":[],"product_cat":[108,122],"product_tag":[],"class_list":{"0":"post-23702","1":"product","2":"type-product","3":"status-publish","4":"has-post-thumbnail","6":"product_cat-jogger","7":"product_cat-kollektionen","8":"pa_farbe-french-navy","9":"pa_farbe-schwarz","10":"pa_farbe-weiss","11":"pa_grosse-2xl","12":"pa_grosse-l","13":"pa_grosse-m","14":"pa_grosse-s","15":"pa_grosse-xl","17":"first","18":"instock","19":"taxable","20":"shipping-taxable","21":"purchasable","22":"product-type-variable"},"aioseo_notices":[],"uagb_featured_image_src":{"full":["https:\/\/i0.wp.com\/pilluwear.com\/wp-content\/uploads\/2025\/02\/unisex-eco-sweatshirt-white-front-679f8a060f643.jpg?fit=2000%2C2000&ssl=1",2000,2000,false],"thumbnail":["https:\/\/i0.wp.com\/pilluwear.com\/wp-content\/uploads\/2025\/02\/unisex-eco-sweatshirt-white-front-679f8a060f643.jpg?resize=150%2C150&ssl=1",150,150,true],"medium":["https:\/\/i0.wp.com\/pilluwear.com\/wp-content\/uploads\/2025\/02\/unisex-eco-sweatshirt-white-front-679f8a060f643.jpg?fit=300%2C300&ssl=1",300,300,true],"medium_large":["https:\/\/i0.wp.com\/pilluwear.com\/wp-content\/uploads\/2025\/02\/unisex-eco-sweatshirt-white-front-679f8a060f643.jpg?fit=768%2C768&ssl=1",768,768,true],"large":["https:\/\/i0.wp.com\/pilluwear.com\/wp-content\/uploads\/2025\/02\/unisex-eco-sweatshirt-white-front-679f8a060f643.jpg?fit=1024%2C1024&ssl=1",1024,1024,true],"1536x1536":["https:\/\/i0.wp.com\/pilluwear.com\/wp-content\/uploads\/2025\/02\/unisex-eco-sweatshirt-white-front-679f8a060f643.jpg?fit=1536%2C1536&ssl=1",1536,1536,true],"2048x2048":["https:\/\/i0.wp.com\/pilluwear.com\/wp-content\/uploads\/2025\/02\/unisex-eco-sweatshirt-white-front-679f8a060f643.jpg?fit=2000%2C2000&ssl=1",2000,2000,true],"trp-custom-language-flag":["https:\/\/i0.wp.com\/pilluwear.com\/wp-content\/uploads\/2025\/02\/unisex-eco-sweatshirt-white-front-679f8a060f643.jpg?fit=12%2C12&ssl=1",12,12,true],"woocommerce_thumbnail":["https:\/\/i0.wp.com\/pilluwear.com\/wp-content\/uploads\/2025\/02\/unisex-eco-sweatshirt-white-front-679f8a060f643.jpg?resize=300%2C300&ssl=1",300,300,true],"woocommerce_single":["https:\/\/i0.wp.com\/pilluwear.com\/wp-content\/uploads\/2025\/02\/unisex-eco-sweatshirt-white-front-679f8a060f643.jpg?fit=600%2C600&ssl=1",600,600,true],"woocommerce_gallery_thumbnail":["https:\/\/i0.wp.com\/pilluwear.com\/wp-content\/uploads\/2025\/02\/unisex-eco-sweatshirt-white-front-679f8a060f643.jpg?resize=100%2C100&ssl=1",100,100,true]},"uagb_author_info":{"display_name":"pilluwear.com","author_link":"https:\/\/pilluwear.com\/hu\/author\/"},"uagb_comment_info":0,"uagb_excerpt":"Mit diesem Unisex-\u00d6ko-Pullover kannst du deinen Stil aufpeppen. Das Shirt hat einen schicken, knackigen Look und passt sowohl zu legeren als auch zu schickeren Outfits. Dieses Sweatshirt aus Bio-Baumwolle ist strapazierf\u00e4hig, bequem und besonders weich. \u2022 100% organische, ringgesponnene, gek\u00e4mmte Baumwolle \u2022 Stoffgewicht: 10,3 oz.\/yd.\u00b2 (350 g\/m\u00b2) \u2022 Normale Passform \u2022 Eingesetzte \u00c4rmel \u2022 1\u00d71&hellip;","jetpack_sharing_enabled":true,"_links":{"self":[{"href":"https:\/\/pilluwear.com\/hu\/wp-json\/wp\/v2\/product\/23702","targetHints":{"allow":["GET"]}}],"collection":[{"href":"https:\/\/pilluwear.com\/hu\/wp-json\/wp\/v2\/product"}],"about":[{"href":"https:\/\/pilluwear.com\/hu\/wp-json\/wp\/v2\/types\/product"}],"replies":[{"embeddable":true,"href":"https:\/\/pilluwear.com\/hu\/wp-json\/wp\/v2\/comments?post=23702"}],"wp:featuredmedia":[{"embeddable":true,"href":"https:\/\/pilluwear.com\/hu\/wp-json\/wp\/v2\/media\/23720"}],"wp:attachment":[{"href":"https:\/\/pilluwear.com\/hu\/wp-json\/wp\/v2\/media?parent=23702"}],"wp:term":[{"taxonomy":"product_brand","embeddable":true,"href":"https:\/\/pilluwear.com\/hu\/wp-json\/wp\/v2\/product_brand?post=23702"},{"taxonomy":"product_cat","embeddable":true,"href":"https:\/\/pilluwear.com\/hu\/wp-json\/wp\/v2\/product_cat?post=23702"},{"taxonomy":"product_tag","embeddable":true,"href":"https:\/\/pilluwear.com\/hu\/wp-json\/wp\/v2\/product_tag?post=23702"}],"curies":[{"name":"wp","href":"https:\/\/api.w.org\/{rel}","templated":true}]}}