{"id":23569,"date":"2025-02-02T16:00:39","date_gmt":"2025-02-02T15:00:39","guid":{"rendered":"https:\/\/pilluwear.com\/produkt\/wanderer-unisex-bio-baumwoll-t-shirt\/"},"modified":"2025-04-13T13:46:11","modified_gmt":"2025-04-13T11:46:11","slug":"turazo-unisex-bio-pamut-polo","status":"publish","type":"product","link":"https:\/\/pilluwear.com\/hu\/termek\/turazo-unisex-bio-pamut-polo\/","title":{"rendered":"Wanderer - Unisex organikus pamut p\u00f3l\u00f3"},"content":{"rendered":"<p>Ez a 100 % gy\u0171r\u0171sfon\u00e1s\u00fa organikus pamutb\u00f3l k\u00e9sz\u00fclt uniszex p\u00f3l\u00f3 abszol\u00fat k\u00f6telez\u0151 darab. Kiv\u00e1l\u00f3 min\u0151s\u00e9g\u0171, szuper k\u00e9nyelmes \u00e9s ami a legjobb - k\u00f6rnyezetbar\u00e1t. <\/p>\n<p> - 100 % gy\u0171r\u0171sfon\u00e1s\u00fa organikus pamut <br \/>\n - Sz\u00f6vet s\u00falya: 180 g\/m\u00b2 (5,3 oz.\/yd.\u00b2) <br \/>\n - Egyetlen mez <br \/>\n - K\u00f6zepes m\u00e9ret <br \/>\n - Be\u00e1ll\u00edtott ujjak <br \/>\n - 1 \u00d7 1 bord\u00e1zat a gall\u00e9ron <br \/>\n - Sz\u00e9les dupla varr\u00e1s az ujjakon \u00e9s az als\u00f3 szeg\u00e9lyeken <br \/>\n - \u00d6nsz\u00f6v\u00e9s\u0171 nyakszalag (bel\u00fcl, a nyak h\u00e1ts\u00f3 r\u00e9sz\u00e9n) <br \/>\n - Bangladesb\u0151l sz\u00e1rmaz\u00f3 nyers term\u00e9k <\/p>\n<p> A m\u00e9retek megfelelnek az amerikai piac kisebb m\u00e9ret\u00e9nek, ez\u00e9rt az amerikai v\u00e1s\u00e1rl\u00f3knak egy m\u00e9rettel nagyobbat kell rendelni\u00fck.<\/p>\n<p>- Nyomonk\u00f6vethet\u0151s\u00e9g:<br \/>\n- Sz\u00f6v\u00e9s - Banglades<br \/>\n- Fest\u00e9s - Banglades<br \/>\n- Termel\u00e9s - Banglades<br \/>\n- 0 % \u00fajrahasznos\u00edtott poli\u00e9sztert tartalmaz<br \/>\n- 0 % vesz\u00e9lyes anyagot tartalmaz<\/p>\n<p>Korhat\u00e1r: Feln\u0151ttek sz\u00e1m\u00e1ra<br \/>\nEU garancia: 2 \u00e9v<br \/>\nEgy\u00e9b megfelel\u0151s\u00e9gre vonatkoz\u00f3 inform\u00e1ci\u00f3k: Megfelel az EU REACH-k\u00f6vetelm\u00e9nyeinek.<\/p>\n<p>Az \u00e1ltal\u00e1nos term\u00e9kbiztons\u00e1gi rendeletnek (GPSR) megfelel\u0151en <b>Pilluwear e.U<\/b>hogy a k\u00edn\u00e1lt fogyaszt\u00e1si cikkek biztons\u00e1gosak \u00e9s megfelelnek az uni\u00f3s szabv\u00e1nyoknak. Ha b\u00e1rmilyen k\u00e9rd\u00e9se vagy agg\u00e1lya van a term\u00e9kbiztons\u00e1ggal kapcsolatban, k\u00e9rj\u00fck, vegye fel vel\u00fcnk a kapcsolatot a k\u00f6vetkez\u0151 c\u00edmen <b>ruslan@pilluwear.com<\/b>vagy postai \u00faton a k\u00f6vetkez\u0151 c\u00edmre <b>Handelskai 98a\/59<br \/>\n1200 B\u00e9cs.<b \/><\/p>","protected":false},"excerpt":{"rendered":"<p>Ez a 100 % gy\u0171r\u0171sfon\u00e1s\u00fa organikus pamutb\u00f3l k\u00e9sz\u00fclt uniszex p\u00f3l\u00f3 abszol\u00fat k\u00f6telez\u0151 darab. Kiv\u00e1l\u00f3 min\u0151s\u00e9g\u0171, szuper k\u00e9nyelmes \u00e9s ami a legjobb - k\u00f6rnyezetbar\u00e1t. - 100 % gy\u0171r\u0171sfon\u00e1s\u00fa organikus pamut - Anyags\u00faly: 180 g\/m\u00b2 (5,3 oz.\/yd.\u00b2) - Single jersey - K\u00f6zepes szab\u00e1s - Be\u00e1ll\u00f3 ujjak - 1 \u00d7 1 bord\u00e1zat a gall\u00e9ron - Sz\u00e9les dupla varr\u00e1s az ujjakon \u00e9s a [...]<\/p>","protected":false},"featured_media":23646,"comment_status":"open","ping_status":"closed","template":"","meta":{"_uag_custom_page_level_css":"","_uf_show_specific_survey":0,"_uf_disable_surveys":false,"_themeisle_gutenberg_block_has_review":false},"product_brand":[],"product_cat":[108,122,35],"product_tag":[],"class_list":{"0":"post-23569","1":"product","2":"type-product","3":"status-publish","4":"has-post-thumbnail","6":"product_cat-jogger","7":"product_cat-kollektionen","8":"product_cat-tshirts","9":"pa_farbe-anthracite","10":"pa_farbe-burgundy","11":"pa_farbe-cotton-pink","12":"pa_farbe-dark-heather-blue","13":"pa_farbe-desert-dust","14":"pa_farbe-dunkles-heather-grau","15":"pa_farbe-fraiche-peche","16":"pa_farbe-french-navy","17":"pa_farbe-heather-grau","18":"pa_farbe-khaki","19":"pa_farbe-lavendel","20":"pa_farbe-schwarz","21":"pa_farbe-stargazer","22":"pa_farbe-weiss","23":"pa_grosse-2xl","24":"pa_grosse-3xl","25":"pa_grosse-l","26":"pa_grosse-m","27":"pa_grosse-s","28":"pa_grosse-xl","30":"first","31":"instock","32":"taxable","33":"shipping-taxable","34":"purchasable","35":"product-type-variable"},"aioseo_notices":[],"uagb_featured_image_src":{"full":["https:\/\/i0.wp.com\/pilluwear.com\/wp-content\/uploads\/2025\/02\/unisex-organic-cotton-t-shirt-khaki-front-679f887cd1be7.jpg?fit=2000%2C2000&ssl=1",2000,2000,false],"thumbnail":["https:\/\/i0.wp.com\/pilluwear.com\/wp-content\/uploads\/2025\/02\/unisex-organic-cotton-t-shirt-khaki-front-679f887cd1be7.jpg?resize=150%2C150&ssl=1",150,150,true],"medium":["https:\/\/i0.wp.com\/pilluwear.com\/wp-content\/uploads\/2025\/02\/unisex-organic-cotton-t-shirt-khaki-front-679f887cd1be7.jpg?fit=300%2C300&ssl=1",300,300,true],"medium_large":["https:\/\/i0.wp.com\/pilluwear.com\/wp-content\/uploads\/2025\/02\/unisex-organic-cotton-t-shirt-khaki-front-679f887cd1be7.jpg?fit=768%2C768&ssl=1",768,768,true],"large":["https:\/\/i0.wp.com\/pilluwear.com\/wp-content\/uploads\/2025\/02\/unisex-organic-cotton-t-shirt-khaki-front-679f887cd1be7.jpg?fit=1024%2C1024&ssl=1",1024,1024,true],"1536x1536":["https:\/\/i0.wp.com\/pilluwear.com\/wp-content\/uploads\/2025\/02\/unisex-organic-cotton-t-shirt-khaki-front-679f887cd1be7.jpg?fit=1536%2C1536&ssl=1",1536,1536,true],"2048x2048":["https:\/\/i0.wp.com\/pilluwear.com\/wp-content\/uploads\/2025\/02\/unisex-organic-cotton-t-shirt-khaki-front-679f887cd1be7.jpg?fit=2000%2C2000&ssl=1",2000,2000,true],"trp-custom-language-flag":["https:\/\/i0.wp.com\/pilluwear.com\/wp-content\/uploads\/2025\/02\/unisex-organic-cotton-t-shirt-khaki-front-679f887cd1be7.jpg?fit=12%2C12&ssl=1",12,12,true],"woocommerce_thumbnail":["https:\/\/i0.wp.com\/pilluwear.com\/wp-content\/uploads\/2025\/02\/unisex-organic-cotton-t-shirt-khaki-front-679f887cd1be7.jpg?resize=300%2C300&ssl=1",300,300,true],"woocommerce_single":["https:\/\/i0.wp.com\/pilluwear.com\/wp-content\/uploads\/2025\/02\/unisex-organic-cotton-t-shirt-khaki-front-679f887cd1be7.jpg?fit=600%2C600&ssl=1",600,600,true],"woocommerce_gallery_thumbnail":["https:\/\/i0.wp.com\/pilluwear.com\/wp-content\/uploads\/2025\/02\/unisex-organic-cotton-t-shirt-khaki-front-679f887cd1be7.jpg?resize=100%2C100&ssl=1",100,100,true]},"uagb_author_info":{"display_name":"pilluwear.com","author_link":"https:\/\/pilluwear.com\/hu\/author\/"},"uagb_comment_info":0,"uagb_excerpt":"Dieses Unisex-T-Shirt aus 100 % ringgesponnener Bio-Baumwolle ist ein absolutes Muss. Es ist hochwertig, super bequem und das Beste von allem \u2013 umweltfreundlich. \u2022 100 % ringgesponnene Bio-Baumwolle \u2022 Stoffgewicht: 180 g\/m\u00b2 (5,3 oz.\/yd.\u00b2) \u2022 Single-Jersey \u2022 Mittlere Passform \u2022 Eingestellte \u00c4rmel \u2022 1 \u00d7 1 Rippung am Kragen \u2022 Breite Doppeln\u00e4hte an \u00c4rmeln und&hellip;","jetpack_sharing_enabled":true,"_links":{"self":[{"href":"https:\/\/pilluwear.com\/hu\/wp-json\/wp\/v2\/product\/23569","targetHints":{"allow":["GET"]}}],"collection":[{"href":"https:\/\/pilluwear.com\/hu\/wp-json\/wp\/v2\/product"}],"about":[{"href":"https:\/\/pilluwear.com\/hu\/wp-json\/wp\/v2\/types\/product"}],"replies":[{"embeddable":true,"href":"https:\/\/pilluwear.com\/hu\/wp-json\/wp\/v2\/comments?post=23569"}],"wp:featuredmedia":[{"embeddable":true,"href":"https:\/\/pilluwear.com\/hu\/wp-json\/wp\/v2\/media\/23646"}],"wp:attachment":[{"href":"https:\/\/pilluwear.com\/hu\/wp-json\/wp\/v2\/media?parent=23569"}],"wp:term":[{"taxonomy":"product_brand","embeddable":true,"href":"https:\/\/pilluwear.com\/hu\/wp-json\/wp\/v2\/product_brand?post=23569"},{"taxonomy":"product_cat","embeddable":true,"href":"https:\/\/pilluwear.com\/hu\/wp-json\/wp\/v2\/product_cat?post=23569"},{"taxonomy":"product_tag","embeddable":true,"href":"https:\/\/pilluwear.com\/hu\/wp-json\/wp\/v2\/product_tag?post=23569"}],"curies":[{"name":"wp","href":"https:\/\/api.w.org\/{rel}","templated":true}]}}