{"id":23468,"date":"2024-11-07T17:11:24","date_gmt":"2024-11-07T16:11:24","guid":{"rendered":"https:\/\/pilluwear.com\/produkt\/engineer-unisex-premium-pullover\/"},"modified":"2024-11-07T17:15:38","modified_gmt":"2024-11-07T16:15:38","slug":"mernoek-unisex-premium-pulover","status":"publish","type":"product","link":"https:\/\/pilluwear.com\/hu\/termek\/mernoek-unisex-premium-pulover\/","title":{"rendered":"Engineer - Unisex pr\u00e9mium pul\u00f3ver"},"content":{"rendered":"<p>Klasszikus pul\u00f3verforma, bord\u00e1zott kerek nyakkiv\u00e1g\u00e1ssal, hossz\u00fa mandzsett\u00e1val \u00e9s lapos szeg\u00e9llyel. Kombin\u00e1lhatod, vagy viselheted \u00f6nmag\u00e1ban is a trendi streetwear megjelen\u00e9s\u00e9rt. A puha gyapj\u00fa belseje \u00e9s a k\u00e9nyelmes szab\u00e1s miatt a kedvenc mindennapi pul\u00f3vered lesz!<\/p>\n<p>- Fels\u0151 oldal 100% pamut<br \/>\n- 65% pamut, 35% poli\u00e9szter<br \/>\n- Charcoal Heather: 55% pamut, 45% poli\u00e9szter.<br \/>\n- Sz\u00f6vet s\u00falya: 288,2 g\/m\u00b2 (8,5 oz\/y\u00b2)<br \/>\n- Szorosan k\u00f6t\u00f6tt 3 v\u00e9g\u0171 gyapj\u00fa <br \/>\n- Oldalra varrott kialak\u00edt\u00e1s<br \/>\n- Saj\u00e1t k\u00f6t\u00e9s\u0171 folt a h\u00e1tulj\u00e1n<br \/>\n- Dupla varr\u00e1s\u00fa bord\u00e1zott gall\u00e9r, mandzsetta \u00e9s szeg\u00e9ly<br \/>\n- Pakiszt\u00e1ni \u00fcres <\/p>\n<p>Jogi nyilatkozat: Ez a pul\u00f3ver kicsire van v\u00e1gva. A t\u00f6k\u00e9letes illeszked\u00e9s \u00e9rdek\u00e9ben javasoljuk, hogy a szok\u00e1sos m\u00e9ret\u00e9n\u00e9l egy sz\u00e1mmal nagyobbat rendeljen.<\/p>\n<p>- Nyomonk\u00f6vethet\u0151s\u00e9g:<br \/>\n- Sz\u00f6v\u00e9s - Pakiszt\u00e1n<br \/>\n- Sz\u00ednez\u00e9s - Pakiszt\u00e1n<br \/>\n- Termel\u00e9s - Pakiszt\u00e1n<br \/>\n- 0 % \u00fajrahasznos\u00edtott poli\u00e9sztert tartalmaz<br \/>\n- 0 % vesz\u00e9lyes anyagot tartalmaz<\/p>","protected":false},"excerpt":{"rendered":"<p>Klasszikus pul\u00f3verforma, bord\u00e1zott kerek nyakkiv\u00e1g\u00e1ssal, hossz\u00fa mandzsett\u00e1val \u00e9s lapos szeg\u00e9llyel. Kombin\u00e1lhatod, vagy viselheted \u00f6nmag\u00e1ban is a trendi streetwear megjelen\u00e9s\u00e9rt. A puha gyapj\u00fa belseje \u00e9s a k\u00e9nyelmes szab\u00e1s miatt a kedvenc mindennapi pul\u00f3vered lesz! - Fels\u0151 100% pamut - 65% pamut, 35% poli\u00e9szter - Charcoal Heather: 55% pamut, 45% poli\u00e9szter - [...]<\/p>","protected":false},"featured_media":23519,"comment_status":"open","ping_status":"closed","template":"","meta":{"_uag_custom_page_level_css":"","_uf_show_specific_survey":0,"_uf_disable_surveys":false,"_themeisle_gutenberg_block_has_review":false},"product_brand":[],"product_cat":[122],"product_tag":[],"class_list":{"0":"post-23468","1":"product","2":"type-product","3":"status-publish","4":"has-post-thumbnail","6":"product_cat-kollektionen","7":"pa_farbe-carbon-grey","8":"pa_farbe-charcoal-heather","9":"pa_farbe-dusty-rose","10":"pa_farbe-navy-blazer","11":"pa_farbe-schwarz","12":"pa_farbe-team-royal","13":"pa_farbe-waldgruen","14":"pa_farbe-weiss","15":"pa_grosse-2xl","16":"pa_grosse-3xl","17":"pa_grosse-l","18":"pa_grosse-m","19":"pa_grosse-s","20":"pa_grosse-xl","22":"first","23":"instock","24":"taxable","25":"shipping-taxable","26":"purchasable","27":"product-type-variable"},"aioseo_notices":[],"uagb_featured_image_src":{"full":["https:\/\/i0.wp.com\/pilluwear.com\/wp-content\/uploads\/2024\/11\/unisex-premium-sweatshirt-forest-green-front-672ce68571011.jpg?fit=2000%2C2000&ssl=1",2000,2000,false],"thumbnail":["https:\/\/i0.wp.com\/pilluwear.com\/wp-content\/uploads\/2024\/11\/unisex-premium-sweatshirt-forest-green-front-672ce68571011.jpg?resize=150%2C150&ssl=1",150,150,true],"medium":["https:\/\/i0.wp.com\/pilluwear.com\/wp-content\/uploads\/2024\/11\/unisex-premium-sweatshirt-forest-green-front-672ce68571011.jpg?fit=300%2C300&ssl=1",300,300,true],"medium_large":["https:\/\/i0.wp.com\/pilluwear.com\/wp-content\/uploads\/2024\/11\/unisex-premium-sweatshirt-forest-green-front-672ce68571011.jpg?fit=768%2C768&ssl=1",768,768,true],"large":["https:\/\/i0.wp.com\/pilluwear.com\/wp-content\/uploads\/2024\/11\/unisex-premium-sweatshirt-forest-green-front-672ce68571011.jpg?fit=1024%2C1024&ssl=1",1024,1024,true],"1536x1536":["https:\/\/i0.wp.com\/pilluwear.com\/wp-content\/uploads\/2024\/11\/unisex-premium-sweatshirt-forest-green-front-672ce68571011.jpg?fit=1536%2C1536&ssl=1",1536,1536,true],"2048x2048":["https:\/\/i0.wp.com\/pilluwear.com\/wp-content\/uploads\/2024\/11\/unisex-premium-sweatshirt-forest-green-front-672ce68571011.jpg?fit=2000%2C2000&ssl=1",2000,2000,true],"trp-custom-language-flag":["https:\/\/i0.wp.com\/pilluwear.com\/wp-content\/uploads\/2024\/11\/unisex-premium-sweatshirt-forest-green-front-672ce68571011.jpg?fit=12%2C12&ssl=1",12,12,true],"woocommerce_thumbnail":["https:\/\/i0.wp.com\/pilluwear.com\/wp-content\/uploads\/2024\/11\/unisex-premium-sweatshirt-forest-green-front-672ce68571011.jpg?resize=300%2C300&ssl=1",300,300,true],"woocommerce_single":["https:\/\/i0.wp.com\/pilluwear.com\/wp-content\/uploads\/2024\/11\/unisex-premium-sweatshirt-forest-green-front-672ce68571011.jpg?fit=600%2C600&ssl=1",600,600,true],"woocommerce_gallery_thumbnail":["https:\/\/i0.wp.com\/pilluwear.com\/wp-content\/uploads\/2024\/11\/unisex-premium-sweatshirt-forest-green-front-672ce68571011.jpg?resize=100%2C100&ssl=1",100,100,true]},"uagb_author_info":{"display_name":"pilluwear.com","author_link":"https:\/\/pilluwear.com\/hu\/author\/"},"uagb_comment_info":0,"uagb_excerpt":"Die klassische Sweatshirtform mit geripptem Rundhalsausschnitt, langen \u00c4rmelb\u00fcndchen und einem flachen Saum. Du kannst es kombinieren oder als Einzelst\u00fcck f\u00fcr einen angesagten Streetwear-Look verwenden. Die weiche Fleece-Innenseite und die bequeme Passform machen es zu deinem Lieblingspulli im Alltag! \u2022 Oberseite 100% Baumwolle \u2022 65% Baumwolle, 35% Polyester \u2022 Charcoal Heather: 55% Baumwolle, 45% Polyester \u2022&hellip;","jetpack_sharing_enabled":true,"_links":{"self":[{"href":"https:\/\/pilluwear.com\/hu\/wp-json\/wp\/v2\/product\/23468","targetHints":{"allow":["GET"]}}],"collection":[{"href":"https:\/\/pilluwear.com\/hu\/wp-json\/wp\/v2\/product"}],"about":[{"href":"https:\/\/pilluwear.com\/hu\/wp-json\/wp\/v2\/types\/product"}],"replies":[{"embeddable":true,"href":"https:\/\/pilluwear.com\/hu\/wp-json\/wp\/v2\/comments?post=23468"}],"wp:featuredmedia":[{"embeddable":true,"href":"https:\/\/pilluwear.com\/hu\/wp-json\/wp\/v2\/media\/23519"}],"wp:attachment":[{"href":"https:\/\/pilluwear.com\/hu\/wp-json\/wp\/v2\/media?parent=23468"}],"wp:term":[{"taxonomy":"product_brand","embeddable":true,"href":"https:\/\/pilluwear.com\/hu\/wp-json\/wp\/v2\/product_brand?post=23468"},{"taxonomy":"product_cat","embeddable":true,"href":"https:\/\/pilluwear.com\/hu\/wp-json\/wp\/v2\/product_cat?post=23468"},{"taxonomy":"product_tag","embeddable":true,"href":"https:\/\/pilluwear.com\/hu\/wp-json\/wp\/v2\/product_tag?post=23468"}],"curies":[{"name":"wp","href":"https:\/\/api.w.org\/{rel}","templated":true}]}}