{"id":22876,"date":"2024-11-07T14:41:00","date_gmt":"2024-11-07T13:41:00","guid":{"rendered":"https:\/\/pilluwear.com\/produkt\/skier-unisex-bio-raglan-hoodie\/"},"modified":"2024-11-07T14:44:15","modified_gmt":"2024-11-07T13:44:15","slug":"skier-unisex-bio-raglan-hoodie","status":"publish","type":"product","link":"https:\/\/pilluwear.com\/hu\/termek\/skier-unisex-bio-raglan-hoodie\/","title":{"rendered":"Skier - Unisex organikus raglan kapucnis pul\u00f3ver"},"content":{"rendered":"<p>Ha van egy divatszab\u00e1ly, amit \u00e9rdemes megsz\u00edvlelned, az az, hogy nem kell fel\u00e1ldoznod a k\u00e9nyelmet a st\u00edlus\u00e9rt. Kombin\u00e1ld a szuperpuha uniszex organikus raglan kapucnis pul\u00f3vert egy p\u00e1r meleg\u00edt\u0151nadr\u00e1ggal egy alkalmi megjelen\u00e9shez, vagy dobd fel az \u00f6lt\u00f6z\u00e9ket egy szokny\u00e1val, t\u00falm\u00e9retezett bl\u00e9zerrel vagy klasszikus nadr\u00e1ggal. A kapucnis pul\u00f3ver sz\u00e1lcsiszolt belsej\u00e9nek k\u00f6sz\u00f6nhet\u0151en k\u00e9nyelmes \u00e9s otthonos viselet, \u00e9s a hidegebb napokon is melegen tart.<\/p>\n<p> - K\u00fcls\u0151 anyag: 100 % bio pamut<br \/>\n - Antracit sz\u00edn\u0171 kevert sz\u00f6vet 60 % pamutb\u00f3l \u00e9s 40 % \u00fajrahasznos\u00edtott poli\u00e9szterb\u0151l \u00e1ll.<br \/>\n - Bel\u00fcl minden sz\u00ednben: 80 % bio pamut, 20 % \u00fajrahasznos\u00edtott poli\u00e9szter.<br \/>\n - Kef\u00e9lt bels\u0151 sz\u00f6vet<br \/>\n - Norm\u00e1l illeszked\u00e9s<br \/>\n - Raglan ujjak<br \/>\n - Bord\u00e1zott mandzsetta \u00e9s bord\u00e1zott szeg\u00e9ly<br \/>\n - Zsin\u00f3r f\u00e9m f\u0171z\u0151lyukakkal \u00e9s dug\u00f3kkal<br \/>\n - Jersey bels\u0151 kapucni<br \/>\n - A nyers term\u00e9k Bangladesb\u0151l sz\u00e1rmazik<\/p>","protected":false},"excerpt":{"rendered":"<p>Ha van egy divatszab\u00e1ly, amit \u00e9rdemes megsz\u00edvlelned, az az, hogy nem kell fel\u00e1ldoznod a k\u00e9nyelmet a st\u00edlus\u00e9rt. Kombin\u00e1ld a szuperpuha, uniszex organikus raglan kapucnis pul\u00f3vert fut\u00f3cip\u0151vel egy alkalmi megjelen\u00e9shez, vagy dobd fel az \u00f6lt\u00f6z\u00e9kedet szokny\u00e1val, t\u00falm\u00e9retezett bl\u00e9zerrel vagy klasszikus nadr\u00e1ggal. A sz\u00e1lcsiszolt bels\u0151 r\u00e9sz [...]<\/p>","protected":false},"featured_media":22921,"comment_status":"open","ping_status":"closed","template":"","meta":{"_uag_custom_page_level_css":"","_uf_show_specific_survey":0,"_uf_disable_surveys":false,"_themeisle_gutenberg_block_has_review":false},"product_brand":[],"product_cat":[122,282],"product_tag":[],"class_list":{"0":"post-22876","1":"product","2":"type-product","3":"status-publish","4":"has-post-thumbnail","6":"product_cat-kollektionen","7":"product_cat-skier","8":"pa_farbe-bottle-green","9":"pa_farbe-burgundy","10":"pa_farbe-charcoal-melange","11":"pa_farbe-gebrannte-orange","12":"pa_farbe-schwarz","13":"pa_farbe-weiss","14":"pa_grosse-2xl","15":"pa_grosse-3xl","16":"pa_grosse-l","17":"pa_grosse-m","18":"pa_grosse-s","19":"pa_grosse-xl","20":"pa_grosse-xs","22":"first","23":"instock","24":"taxable","25":"shipping-taxable","26":"purchasable","27":"product-type-variable"},"aioseo_notices":[],"uagb_featured_image_src":{"full":["https:\/\/i0.wp.com\/pilluwear.com\/wp-content\/uploads\/2024\/11\/unisex-eco-raglan-hoodie-bottle-green-front-672cc16848fe5.jpg?fit=2000%2C2000&ssl=1",2000,2000,false],"thumbnail":["https:\/\/i0.wp.com\/pilluwear.com\/wp-content\/uploads\/2024\/11\/unisex-eco-raglan-hoodie-bottle-green-front-672cc16848fe5.jpg?resize=150%2C150&ssl=1",150,150,true],"medium":["https:\/\/i0.wp.com\/pilluwear.com\/wp-content\/uploads\/2024\/11\/unisex-eco-raglan-hoodie-bottle-green-front-672cc16848fe5.jpg?fit=300%2C300&ssl=1",300,300,true],"medium_large":["https:\/\/i0.wp.com\/pilluwear.com\/wp-content\/uploads\/2024\/11\/unisex-eco-raglan-hoodie-bottle-green-front-672cc16848fe5.jpg?fit=768%2C768&ssl=1",768,768,true],"large":["https:\/\/i0.wp.com\/pilluwear.com\/wp-content\/uploads\/2024\/11\/unisex-eco-raglan-hoodie-bottle-green-front-672cc16848fe5.jpg?fit=1024%2C1024&ssl=1",1024,1024,true],"1536x1536":["https:\/\/i0.wp.com\/pilluwear.com\/wp-content\/uploads\/2024\/11\/unisex-eco-raglan-hoodie-bottle-green-front-672cc16848fe5.jpg?fit=1536%2C1536&ssl=1",1536,1536,true],"2048x2048":["https:\/\/i0.wp.com\/pilluwear.com\/wp-content\/uploads\/2024\/11\/unisex-eco-raglan-hoodie-bottle-green-front-672cc16848fe5.jpg?fit=2000%2C2000&ssl=1",2000,2000,true],"trp-custom-language-flag":["https:\/\/i0.wp.com\/pilluwear.com\/wp-content\/uploads\/2024\/11\/unisex-eco-raglan-hoodie-bottle-green-front-672cc16848fe5.jpg?fit=12%2C12&ssl=1",12,12,true],"woocommerce_thumbnail":["https:\/\/i0.wp.com\/pilluwear.com\/wp-content\/uploads\/2024\/11\/unisex-eco-raglan-hoodie-bottle-green-front-672cc16848fe5.jpg?resize=300%2C300&ssl=1",300,300,true],"woocommerce_single":["https:\/\/i0.wp.com\/pilluwear.com\/wp-content\/uploads\/2024\/11\/unisex-eco-raglan-hoodie-bottle-green-front-672cc16848fe5.jpg?fit=600%2C600&ssl=1",600,600,true],"woocommerce_gallery_thumbnail":["https:\/\/i0.wp.com\/pilluwear.com\/wp-content\/uploads\/2024\/11\/unisex-eco-raglan-hoodie-bottle-green-front-672cc16848fe5.jpg?resize=100%2C100&ssl=1",100,100,true]},"uagb_author_info":{"display_name":"pilluwear.com","author_link":"https:\/\/pilluwear.com\/hu\/author\/"},"uagb_comment_info":0,"uagb_excerpt":"Wenn es eine Mode-Regel gibt, die man sich zu Herzen nehmen sollte, dann die, dass man dem Stil zuliebe nicht auf Komfort verzichten muss. Kombiniere den super-weichen Unisex Bio-Raglan-Hoodie mit einer Jogginghose f\u00fcr einen l\u00e4ssigen Look oder werte das Outfit mit einem Rock, einem Oversize Blazer oder einer klassischen Hose auf. Die angeraute Innenseite des&hellip;","jetpack_sharing_enabled":true,"_links":{"self":[{"href":"https:\/\/pilluwear.com\/hu\/wp-json\/wp\/v2\/product\/22876","targetHints":{"allow":["GET"]}}],"collection":[{"href":"https:\/\/pilluwear.com\/hu\/wp-json\/wp\/v2\/product"}],"about":[{"href":"https:\/\/pilluwear.com\/hu\/wp-json\/wp\/v2\/types\/product"}],"replies":[{"embeddable":true,"href":"https:\/\/pilluwear.com\/hu\/wp-json\/wp\/v2\/comments?post=22876"}],"wp:featuredmedia":[{"embeddable":true,"href":"https:\/\/pilluwear.com\/hu\/wp-json\/wp\/v2\/media\/22921"}],"wp:attachment":[{"href":"https:\/\/pilluwear.com\/hu\/wp-json\/wp\/v2\/media?parent=22876"}],"wp:term":[{"taxonomy":"product_brand","embeddable":true,"href":"https:\/\/pilluwear.com\/hu\/wp-json\/wp\/v2\/product_brand?post=22876"},{"taxonomy":"product_cat","embeddable":true,"href":"https:\/\/pilluwear.com\/hu\/wp-json\/wp\/v2\/product_cat?post=22876"},{"taxonomy":"product_tag","embeddable":true,"href":"https:\/\/pilluwear.com\/hu\/wp-json\/wp\/v2\/product_tag?post=22876"}],"curies":[{"name":"wp","href":"https:\/\/api.w.org\/{rel}","templated":true}]}}