{"id":22837,"date":"2024-11-07T14:38:36","date_gmt":"2024-11-07T13:38:36","guid":{"rendered":"https:\/\/pilluwear.com\/produkt\/skier-umweltfreundlicher-unisex-kapuzenpullover\/"},"modified":"2024-11-07T14:40:38","modified_gmt":"2024-11-07T13:40:38","slug":"sielo-koernyezetbarat-unisex-kapucnis-pulover","status":"publish","type":"product","link":"https:\/\/pilluwear.com\/hu\/termek\/sielo-koernyezetbarat-unisex-kapucnis-pulover\/","title":{"rendered":"Skier - K\u00f6rnyezetbar\u00e1t unisex kapucnis pul\u00f3ver"},"content":{"rendered":"<p>A klasszikus uniszex organikus kapucnis pul\u00f3ver j\u00f3 v\u00e9tel a k\u00f6rnyezettudatos divat szerelmeseinek, k\u00f6sz\u00f6nhet\u0151en az organikus anyagoknak. A k\u00e9nyelmes, norm\u00e1l szab\u00e1s\u00fa kapucnis pul\u00f3ver k\u00e9tr\u00e9teg\u0171 kapucnival, be\u00e1ll\u00edtott ujjakkal \u00e9s el\u00fcls\u0151 ersz\u00e9nyes zsebbel rendelkezik.<\/p>\n<p>- 100% Szerves pamut<br \/>\n- Sz\u00f6vet s\u00falya: 10,32 oz.\/yd.\u00b2 (350 g\/m\u00b2)<br \/>\n- Norm\u00e1l illeszked\u00e9s<br \/>\n- Be\u00e1ll\u00edtott h\u00fcvelyek<br \/>\n- Saj\u00e1t anyagb\u00f3l k\u00e9sz\u00fclt, k\u00e9tr\u00e9teg\u0171 kapucni<br \/>\n- El\u00fcls\u0151 zseb<br \/>\n- 1\u00d71 bord\u00e1zat az ujjak szeg\u00e9ly\u00e9n \u00e9s az als\u00f3 szeg\u00e9lyen.<br \/>\n- Egyt\u0171s z\u00e1r\u00f3varr\u00e1s a nyakkiv\u00e1g\u00e1sn\u00e1l \u00e9s a kapucni ny\u00edl\u00e1s\u00e1n\u00e1l<br \/>\n- F\u00e9m f\u0171z\u0151lyukak<br \/>\n- Bels\u0151 szalag a nyakban<br \/>\n- \u00d6nk\u00f6t\u00e9s\u0171 f\u00e9lhold a nyakban<br \/>\n- A k\u00f6rnyezetbar\u00e1t term\u00e9kek tan\u00fas\u00edtv\u00e1nyainak let\u00f6lt\u00e9se<br \/>\n- \u00dcres Bangladesb\u0151l<\/p>\n<p>A m\u00e9retek megfelelnek az amerikai piac kisebb m\u00e9ret\u00e9nek, ez\u00e9rt az amerikai v\u00e1s\u00e1rl\u00f3knak egy m\u00e9rettel nagyobbat kell rendelni\u00fck.<\/p>\n<p>- Nyomonk\u00f6vethet\u0151s\u00e9g:<br \/>\n- Sz\u00f6v\u00e9s - Banglades<br \/>\n- Fest\u00e9s - Banglades<br \/>\n- Termel\u00e9s - Banglades<br \/>\n- 100 % bio pamutb\u00f3l k\u00e9sz\u00fclt<br \/>\n- 0 % vesz\u00e9lyes anyagot tartalmaz<\/p>","protected":false},"excerpt":{"rendered":"<p>A klasszikus uniszex organikus kapucnis pul\u00f3ver j\u00f3 v\u00e9tel a k\u00f6rnyezettudatos divat szerelmeseinek, k\u00f6sz\u00f6nhet\u0151en az organikus anyagoknak. A k\u00e9nyelmes, norm\u00e1l szab\u00e1s\u00fa kapucnis pul\u00f3ver k\u00e9tr\u00e9teg\u0171 kapucnival, be\u00e1ll\u00edtott ujjakkal \u00e9s el\u00fcls\u0151 zsebbel rendelkezik. - 100% organikus pamut - Anyags\u00faly: 10,32 oz.\/yd.\u00b2 (350 g\/m\u00b2) - Szab\u00e1lyos szab\u00e1s - Be\u00e1ll\u00f3 ujjak - \u00d6n\u00e1ll\u00f3, k\u00e9tr\u00e9teg\u0171 kapucni - El\u00fcls\u0151 zseb - 1\u00d71 [...]<\/p>","protected":false},"featured_media":22860,"comment_status":"open","ping_status":"closed","template":"","meta":{"_uag_custom_page_level_css":"","_uf_show_specific_survey":0,"_uf_disable_surveys":false,"_themeisle_gutenberg_block_has_review":false},"product_brand":[],"product_cat":[122,282],"product_tag":[],"class_list":{"0":"post-22837","1":"product","2":"type-product","3":"status-publish","4":"has-post-thumbnail","6":"product_cat-kollektionen","7":"product_cat-skier","8":"pa_farbe-desert-dust","9":"pa_farbe-french-navy","10":"pa_farbe-schwarz","11":"pa_farbe-weiss","12":"pa_grosse-2xl","13":"pa_grosse-l","14":"pa_grosse-m","15":"pa_grosse-s","16":"pa_grosse-xl","18":"first","19":"instock","20":"taxable","21":"shipping-taxable","22":"purchasable","23":"product-type-variable"},"aioseo_notices":[],"uagb_featured_image_src":{"full":["https:\/\/i0.wp.com\/pilluwear.com\/wp-content\/uploads\/2024\/11\/unisex-essential-eco-hoodie-desert-dust-front-672cc115ce5b9.jpg?fit=2000%2C2000&ssl=1",2000,2000,false],"thumbnail":["https:\/\/i0.wp.com\/pilluwear.com\/wp-content\/uploads\/2024\/11\/unisex-essential-eco-hoodie-desert-dust-front-672cc115ce5b9.jpg?resize=150%2C150&ssl=1",150,150,true],"medium":["https:\/\/i0.wp.com\/pilluwear.com\/wp-content\/uploads\/2024\/11\/unisex-essential-eco-hoodie-desert-dust-front-672cc115ce5b9.jpg?fit=300%2C300&ssl=1",300,300,true],"medium_large":["https:\/\/i0.wp.com\/pilluwear.com\/wp-content\/uploads\/2024\/11\/unisex-essential-eco-hoodie-desert-dust-front-672cc115ce5b9.jpg?fit=768%2C768&ssl=1",768,768,true],"large":["https:\/\/i0.wp.com\/pilluwear.com\/wp-content\/uploads\/2024\/11\/unisex-essential-eco-hoodie-desert-dust-front-672cc115ce5b9.jpg?fit=1024%2C1024&ssl=1",1024,1024,true],"1536x1536":["https:\/\/i0.wp.com\/pilluwear.com\/wp-content\/uploads\/2024\/11\/unisex-essential-eco-hoodie-desert-dust-front-672cc115ce5b9.jpg?fit=1536%2C1536&ssl=1",1536,1536,true],"2048x2048":["https:\/\/i0.wp.com\/pilluwear.com\/wp-content\/uploads\/2024\/11\/unisex-essential-eco-hoodie-desert-dust-front-672cc115ce5b9.jpg?fit=2000%2C2000&ssl=1",2000,2000,true],"trp-custom-language-flag":["https:\/\/i0.wp.com\/pilluwear.com\/wp-content\/uploads\/2024\/11\/unisex-essential-eco-hoodie-desert-dust-front-672cc115ce5b9.jpg?fit=12%2C12&ssl=1",12,12,true],"woocommerce_thumbnail":["https:\/\/i0.wp.com\/pilluwear.com\/wp-content\/uploads\/2024\/11\/unisex-essential-eco-hoodie-desert-dust-front-672cc115ce5b9.jpg?resize=300%2C300&ssl=1",300,300,true],"woocommerce_single":["https:\/\/i0.wp.com\/pilluwear.com\/wp-content\/uploads\/2024\/11\/unisex-essential-eco-hoodie-desert-dust-front-672cc115ce5b9.jpg?fit=600%2C600&ssl=1",600,600,true],"woocommerce_gallery_thumbnail":["https:\/\/i0.wp.com\/pilluwear.com\/wp-content\/uploads\/2024\/11\/unisex-essential-eco-hoodie-desert-dust-front-672cc115ce5b9.jpg?resize=100%2C100&ssl=1",100,100,true]},"uagb_author_info":{"display_name":"pilluwear.com","author_link":"https:\/\/pilluwear.com\/hu\/author\/"},"uagb_comment_info":0,"uagb_excerpt":"Der Klassischer Unisex Bio-Hoodie ist dank seiner Bio-Materialien ein guter Kauf f\u00fcr umweltbewusste Modeliebhaber. Der bequeme Kapuzenpullover mit normaler Passform hat eine doppellagige Kapuze, angesetzte \u00c4rmel und eine Beuteltasche vorne. \u2022 100% Bio-Baumwolle \u2022 Stoffgewicht: 10,32 oz.\/yd.\u00b2 (350 g\/m\u00b2) \u2022 Normale Passform \u2022 Eingesetzte \u00c4rmel \u2022 Doppellagige Kapuze aus Eigengewebe \u2022 Beuteltasche vorne \u2022 1\u00d71&hellip;","jetpack_sharing_enabled":true,"_links":{"self":[{"href":"https:\/\/pilluwear.com\/hu\/wp-json\/wp\/v2\/product\/22837","targetHints":{"allow":["GET"]}}],"collection":[{"href":"https:\/\/pilluwear.com\/hu\/wp-json\/wp\/v2\/product"}],"about":[{"href":"https:\/\/pilluwear.com\/hu\/wp-json\/wp\/v2\/types\/product"}],"replies":[{"embeddable":true,"href":"https:\/\/pilluwear.com\/hu\/wp-json\/wp\/v2\/comments?post=22837"}],"wp:featuredmedia":[{"embeddable":true,"href":"https:\/\/pilluwear.com\/hu\/wp-json\/wp\/v2\/media\/22860"}],"wp:attachment":[{"href":"https:\/\/pilluwear.com\/hu\/wp-json\/wp\/v2\/media?parent=22837"}],"wp:term":[{"taxonomy":"product_brand","embeddable":true,"href":"https:\/\/pilluwear.com\/hu\/wp-json\/wp\/v2\/product_brand?post=22837"},{"taxonomy":"product_cat","embeddable":true,"href":"https:\/\/pilluwear.com\/hu\/wp-json\/wp\/v2\/product_cat?post=22837"},{"taxonomy":"product_tag","embeddable":true,"href":"https:\/\/pilluwear.com\/hu\/wp-json\/wp\/v2\/product_tag?post=22837"}],"curies":[{"name":"wp","href":"https:\/\/api.w.org\/{rel}","templated":true}]}}