{"id":22396,"date":"2024-11-07T14:15:00","date_gmt":"2024-11-07T13:15:00","guid":{"rendered":"https:\/\/pilluwear.com\/produkt\/cozy-companion-kurzaermeliges-unisex-t-shirt\/"},"modified":"2024-11-07T14:17:36","modified_gmt":"2024-11-07T13:17:36","slug":"cozy-companion-roevid-ujju-uniszex-polo","status":"publish","type":"product","link":"https:\/\/pilluwear.com\/hu\/termek\/cozy-companion-roevid-ujju-uniszex-polo\/","title":{"rendered":"Cozy Companion - r\u00f6vid ujj\u00fa uniszex p\u00f3l\u00f3"},"content":{"rendered":"<p>Most megtal\u00e1lta az ide\u00e1lis p\u00f3l\u00f3t a ruhat\u00e1r\u00e1ba. 100 % gy\u0171r\u0171sfon\u00e1s\u00fa pamutb\u00f3l k\u00e9sz\u00fclt, puha \u00e9s k\u00e9nyelmes viselet. A nyakkiv\u00e1g\u00e1son \u00e9s az ujjakon tal\u00e1lhat\u00f3 dupla varr\u00e1s m\u00e9g tart\u00f3sabb\u00e1 teszi a p\u00f3l\u00f3t, \u00e9s igazi szemet gy\u00f6ny\u00f6rk\u00f6dtet\u0151v\u00e9 teszi!  <\/p>\n<p>- 100 % gy\u0171r\u0171sfon\u00e1s\u00fa pamut<br \/>\n- A Sport Grey 90 % gy\u0171r\u0171sfon\u00e1s\u00fa pamutb\u00f3l, 10 % poli\u00e9szterb\u0151l k\u00e9sz\u00fclt.<br \/>\n- Dark Heather: 65 % poli\u00e9szter, 35 % pamut<br \/>\n- 4,5 oz\/yd\u00b2 (153 g\/m\u00b2)<br \/>\n- V\u00e1llt\u00f3l-v\u00e1llig tart\u00f3 szalagoz\u00e1s<br \/>\n- Negyed fordulat a k\u00f6z\u00e9pen l\u00e9v\u0151 gy\u0171r\u0151d\u00e9sek elker\u00fcl\u00e9se \u00e9rdek\u00e9ben<br \/>\n- Bangladesb\u0151l, Nicaragu\u00e1b\u00f3l, Hondurasb\u00f3l, a Dominikai K\u00f6zt\u00e1rsas\u00e1gb\u00f3l, Haitib\u0151l vagy Guatemal\u00e1b\u00f3l sz\u00e1rmaz\u00f3 nyers term\u00e9k.<\/p>","protected":false},"excerpt":{"rendered":"<p>Most megtal\u00e1lta az ide\u00e1lis p\u00f3l\u00f3t a ruhat\u00e1r\u00e1ba. 100 % gy\u0171r\u0171sfon\u00e1s\u00fa pamutb\u00f3l k\u00e9sz\u00fclt, puha \u00e9s k\u00e9nyelmes viselet. A nyakkiv\u00e1g\u00e1son \u00e9s az ujjakon tal\u00e1lhat\u00f3 dupla varr\u00e1s m\u00e9g tart\u00f3sabb\u00e1 teszi a p\u00f3l\u00f3t, \u00e9s igazi szemet gy\u00f6ny\u00f6rk\u00f6dtet\u0151v\u00e9 teszi! - 100 % gy\u0171r\u0171sfonott pamut - A Sport Grey 90 % gy\u0171r\u0171sfonott pamutb\u00f3l, 10 % [...]<\/p>","protected":false},"featured_media":22429,"comment_status":"open","ping_status":"closed","template":"","meta":{"_uag_custom_page_level_css":"","_uf_show_specific_survey":0,"_uf_disable_surveys":false,"_themeisle_gutenberg_block_has_review":false},"product_brand":[],"product_cat":[116,122],"product_tag":[],"class_list":{"0":"post-22396","1":"product","2":"type-product","3":"status-publish","4":"has-post-thumbnail","6":"product_cat-dog","7":"product_cat-kollektionen","8":"pa_farbe-dunkles-heather","9":"pa_farbe-navy","10":"pa_farbe-schwarz","11":"pa_farbe-sportgrau","12":"pa_farbe-weiss","13":"pa_grosse-2xl","14":"pa_grosse-3xl","15":"pa_grosse-l","16":"pa_grosse-m","17":"pa_grosse-s","18":"pa_grosse-xl","20":"first","21":"instock","22":"taxable","23":"shipping-taxable","24":"purchasable","25":"product-type-variable"},"aioseo_notices":[],"uagb_featured_image_src":{"full":["https:\/\/i0.wp.com\/pilluwear.com\/wp-content\/uploads\/2024\/11\/unisex-basic-softstyle-t-shirt-dark-heather-front-672cbb2dad547.jpg?fit=2000%2C2000&ssl=1",2000,2000,false],"thumbnail":["https:\/\/i0.wp.com\/pilluwear.com\/wp-content\/uploads\/2024\/11\/unisex-basic-softstyle-t-shirt-dark-heather-front-672cbb2dad547.jpg?resize=150%2C150&ssl=1",150,150,true],"medium":["https:\/\/i0.wp.com\/pilluwear.com\/wp-content\/uploads\/2024\/11\/unisex-basic-softstyle-t-shirt-dark-heather-front-672cbb2dad547.jpg?fit=300%2C300&ssl=1",300,300,true],"medium_large":["https:\/\/i0.wp.com\/pilluwear.com\/wp-content\/uploads\/2024\/11\/unisex-basic-softstyle-t-shirt-dark-heather-front-672cbb2dad547.jpg?fit=768%2C768&ssl=1",768,768,true],"large":["https:\/\/i0.wp.com\/pilluwear.com\/wp-content\/uploads\/2024\/11\/unisex-basic-softstyle-t-shirt-dark-heather-front-672cbb2dad547.jpg?fit=1024%2C1024&ssl=1",1024,1024,true],"1536x1536":["https:\/\/i0.wp.com\/pilluwear.com\/wp-content\/uploads\/2024\/11\/unisex-basic-softstyle-t-shirt-dark-heather-front-672cbb2dad547.jpg?fit=1536%2C1536&ssl=1",1536,1536,true],"2048x2048":["https:\/\/i0.wp.com\/pilluwear.com\/wp-content\/uploads\/2024\/11\/unisex-basic-softstyle-t-shirt-dark-heather-front-672cbb2dad547.jpg?fit=2000%2C2000&ssl=1",2000,2000,true],"trp-custom-language-flag":["https:\/\/i0.wp.com\/pilluwear.com\/wp-content\/uploads\/2024\/11\/unisex-basic-softstyle-t-shirt-dark-heather-front-672cbb2dad547.jpg?fit=12%2C12&ssl=1",12,12,true],"woocommerce_thumbnail":["https:\/\/i0.wp.com\/pilluwear.com\/wp-content\/uploads\/2024\/11\/unisex-basic-softstyle-t-shirt-dark-heather-front-672cbb2dad547.jpg?resize=300%2C300&ssl=1",300,300,true],"woocommerce_single":["https:\/\/i0.wp.com\/pilluwear.com\/wp-content\/uploads\/2024\/11\/unisex-basic-softstyle-t-shirt-dark-heather-front-672cbb2dad547.jpg?fit=600%2C600&ssl=1",600,600,true],"woocommerce_gallery_thumbnail":["https:\/\/i0.wp.com\/pilluwear.com\/wp-content\/uploads\/2024\/11\/unisex-basic-softstyle-t-shirt-dark-heather-front-672cbb2dad547.jpg?resize=100%2C100&ssl=1",100,100,true]},"uagb_author_info":{"display_name":"pilluwear.com","author_link":"https:\/\/pilluwear.com\/hu\/author\/"},"uagb_comment_info":0,"uagb_excerpt":"Du hast jetzt das ideale T-Shirt f\u00fcr deine Garderobe gefunden. Es besteht aus 100 % ringgesponnener Baumwolle und ist weich und angenehm zu tragen. Die Doppeln\u00e4hte am Halsausschnitt und an den \u00c4rmeln machen das Shirt noch langlebiger und zu einem echten Hingucker! \u2022 100\u00a0% ringgesponnene Baumwolle \u2022 Sport Grey besteht aus 90\u00a0% ringgesponnener Baumwolle, 10\u00a0%&hellip;","jetpack_sharing_enabled":true,"_links":{"self":[{"href":"https:\/\/pilluwear.com\/hu\/wp-json\/wp\/v2\/product\/22396","targetHints":{"allow":["GET"]}}],"collection":[{"href":"https:\/\/pilluwear.com\/hu\/wp-json\/wp\/v2\/product"}],"about":[{"href":"https:\/\/pilluwear.com\/hu\/wp-json\/wp\/v2\/types\/product"}],"replies":[{"embeddable":true,"href":"https:\/\/pilluwear.com\/hu\/wp-json\/wp\/v2\/comments?post=22396"}],"wp:featuredmedia":[{"embeddable":true,"href":"https:\/\/pilluwear.com\/hu\/wp-json\/wp\/v2\/media\/22429"}],"wp:attachment":[{"href":"https:\/\/pilluwear.com\/hu\/wp-json\/wp\/v2\/media?parent=22396"}],"wp:term":[{"taxonomy":"product_brand","embeddable":true,"href":"https:\/\/pilluwear.com\/hu\/wp-json\/wp\/v2\/product_brand?post=22396"},{"taxonomy":"product_cat","embeddable":true,"href":"https:\/\/pilluwear.com\/hu\/wp-json\/wp\/v2\/product_cat?post=22396"},{"taxonomy":"product_tag","embeddable":true,"href":"https:\/\/pilluwear.com\/hu\/wp-json\/wp\/v2\/product_tag?post=22396"}],"curies":[{"name":"wp","href":"https:\/\/api.w.org\/{rel}","templated":true}]}}