{"id":22127,"date":"2024-11-07T14:00:44","date_gmt":"2024-11-07T13:00:44","guid":{"rendered":"https:\/\/pilluwear.com\/produkt\/cozy-companion-unisex-kapuzenpullover\/"},"modified":"2024-11-07T14:08:22","modified_gmt":"2024-11-07T13:08:22","slug":"cozy-companion-uniszex-kapucnis-pulover","status":"publish","type":"product","link":"https:\/\/pilluwear.com\/hu\/termek\/cozy-companion-uniszex-kapucnis-pulover\/","title":{"rendered":"Cozy Companion - Uniszex kapucnis pul\u00f3ver"},"content":{"rendered":"<p>Mindenkinek sz\u00fcks\u00e9ge van egy k\u00e9nyelmes kapucnis pul\u00f3verre, amiben \u00f6sszeb\u00fajhat, ez\u00e9rt v\u00e1lasszon egy puha, eleg\u00e1ns \u00e9s st\u00edlusos darabot. T\u00f6k\u00e9letes v\u00e1laszt\u00e1s a h\u0171v\u00f6sebb est\u00e9kre!<\/p>\n<p>- 50 % el\u0151zsugor\u00edtott pamut, 50 % poli\u00e9szter<br \/>\n- Sz\u00f6vet s\u00falya: 271,25 g\/m\u00b2 (8,0 oz\/yd\u00b2)<br \/>\n- Leveg\u0151vel fonott fonal, puha tapint\u00e1s\u00fa \u00e9s alacsony csom\u00f3k\u00e9pz\u0151d\u00e9ssel.<br \/>\n- Dupla b\u00e9l\u00e9s\u0171 kapucni megfelel\u0151 h\u00faz\u00f3zsin\u00f3rral<br \/>\n- Negyedr\u00e9szben elford\u00edtott fels\u0151test a k\u00f6z\u00e9pen l\u00e9v\u0151 r\u00e1ncok elker\u00fcl\u00e9se \u00e9rdek\u00e9ben<br \/>\n- 1 \u00d7 1 sportos bord\u00e1zott mandzsetta \u00e9s der\u00e9kp\u00e1nt elaszt\u00e1nnal<br \/>\n- El\u00fcls\u0151 zseb<br \/>\n- Gall\u00e9r, v\u00e1llak, h\u00f3nalj, mandzsetta \u00e9s szeg\u00e9ly dupl\u00e1n varrott<br \/>\n- Bangladesb\u0151l, Nicaragu\u00e1b\u00f3l, Hondurasb\u00f3l vagy El Salvadorb\u00f3l sz\u00e1rmaz\u00f3 nyers term\u00e9k<\/p>\n<p>- Nyomonk\u00f6vethet\u0151s\u00e9g:<br \/>\n- K\u00f6t\u00e9s - Honduras, Banglades<br \/>\n- Fest\u00e9s - Honduras, Banglades<br \/>\n- Gy\u00e1rt\u00e1s - Nicaragua, Honduras, Banglades vagy El Salvador<br \/>\n- 0 % \u00fajrahasznos\u00edtott poli\u00e9sztert tartalmaz<br \/>\n- 0 % vesz\u00e9lyes anyagot tartalmaz<br \/>\n- Ez a term\u00e9k mos\u00e1s k\u00f6zben m\u0171anyag mikrosz\u00e1lakat bocs\u00e1t ki a k\u00f6rnyezetbe.<\/p>","protected":false},"excerpt":{"rendered":"<p>Mindenkinek sz\u00fcks\u00e9ge van egy k\u00e9nyelmes kapucnis pul\u00f3verre, amiben \u00f6sszeb\u00fajhat, ez\u00e9rt v\u00e1lasszon egyet, ami puha, eleg\u00e1ns \u00e9s st\u00edlusos. T\u00f6k\u00e9letes v\u00e1laszt\u00e1s a h\u0171v\u00f6sebb est\u00e9kre! - 50 % el\u0151zsugor\u00edtott pamut, 50 % poli\u00e9szter - Sz\u00f6vets\u00faly: 271,25 g\/m\u00b2 (8,0 oz\/yd\u00b2) - L\u00e9gsz\u00e1las fonal, puha k\u00e9zzel \u00e9s alacsony gubancol\u00f3d\u00e1ssal - Dupla b\u00e9l\u00e9s\u0171 [...]<\/p>","protected":false},"featured_media":22228,"comment_status":"open","ping_status":"closed","template":"","meta":{"_uag_custom_page_level_css":"","_uf_show_specific_survey":0,"_uf_disable_surveys":false,"_themeisle_gutenberg_block_has_review":false},"product_brand":[],"product_cat":[116,122],"product_tag":[],"class_list":{"0":"post-22127","1":"product","2":"type-product","3":"status-publish","4":"has-post-thumbnail","6":"product_cat-dog","7":"product_cat-kollektionen","8":"pa_farbe-dunkle-schokolade","9":"pa_farbe-dunkles-heather","10":"pa_farbe-heather-sport-dark-navy","11":"pa_farbe-hellblau","12":"pa_farbe-hellpink","13":"pa_farbe-indigoblau","14":"pa_farbe-irisches-gruen","15":"pa_farbe-kastanienbraun","16":"pa_farbe-militaergruen","17":"pa_farbe-navy","18":"pa_farbe-royal","19":"pa_farbe-sand","20":"pa_farbe-schwarz","21":"pa_farbe-sportgrau","22":"pa_farbe-weiss","23":"pa_grosse-2xl","24":"pa_grosse-3xl","25":"pa_grosse-4xl","26":"pa_grosse-l","27":"pa_grosse-m","28":"pa_grosse-s","29":"pa_grosse-xl","31":"first","32":"instock","33":"taxable","34":"shipping-taxable","35":"purchasable","36":"product-type-variable"},"aioseo_notices":[],"uagb_featured_image_src":{"full":["https:\/\/i0.wp.com\/pilluwear.com\/wp-content\/uploads\/2024\/11\/unisex-heavy-blend-hoodie-sport-grey-front-672cb9cc15f99.jpg?fit=2000%2C2000&ssl=1",2000,2000,false],"thumbnail":["https:\/\/i0.wp.com\/pilluwear.com\/wp-content\/uploads\/2024\/11\/unisex-heavy-blend-hoodie-sport-grey-front-672cb9cc15f99.jpg?resize=150%2C150&ssl=1",150,150,true],"medium":["https:\/\/i0.wp.com\/pilluwear.com\/wp-content\/uploads\/2024\/11\/unisex-heavy-blend-hoodie-sport-grey-front-672cb9cc15f99.jpg?fit=300%2C300&ssl=1",300,300,true],"medium_large":["https:\/\/i0.wp.com\/pilluwear.com\/wp-content\/uploads\/2024\/11\/unisex-heavy-blend-hoodie-sport-grey-front-672cb9cc15f99.jpg?fit=768%2C768&ssl=1",768,768,true],"large":["https:\/\/i0.wp.com\/pilluwear.com\/wp-content\/uploads\/2024\/11\/unisex-heavy-blend-hoodie-sport-grey-front-672cb9cc15f99.jpg?fit=1024%2C1024&ssl=1",1024,1024,true],"1536x1536":["https:\/\/i0.wp.com\/pilluwear.com\/wp-content\/uploads\/2024\/11\/unisex-heavy-blend-hoodie-sport-grey-front-672cb9cc15f99.jpg?fit=1536%2C1536&ssl=1",1536,1536,true],"2048x2048":["https:\/\/i0.wp.com\/pilluwear.com\/wp-content\/uploads\/2024\/11\/unisex-heavy-blend-hoodie-sport-grey-front-672cb9cc15f99.jpg?fit=2000%2C2000&ssl=1",2000,2000,true],"trp-custom-language-flag":["https:\/\/i0.wp.com\/pilluwear.com\/wp-content\/uploads\/2024\/11\/unisex-heavy-blend-hoodie-sport-grey-front-672cb9cc15f99.jpg?fit=12%2C12&ssl=1",12,12,true],"woocommerce_thumbnail":["https:\/\/i0.wp.com\/pilluwear.com\/wp-content\/uploads\/2024\/11\/unisex-heavy-blend-hoodie-sport-grey-front-672cb9cc15f99.jpg?resize=300%2C300&ssl=1",300,300,true],"woocommerce_single":["https:\/\/i0.wp.com\/pilluwear.com\/wp-content\/uploads\/2024\/11\/unisex-heavy-blend-hoodie-sport-grey-front-672cb9cc15f99.jpg?fit=600%2C600&ssl=1",600,600,true],"woocommerce_gallery_thumbnail":["https:\/\/i0.wp.com\/pilluwear.com\/wp-content\/uploads\/2024\/11\/unisex-heavy-blend-hoodie-sport-grey-front-672cb9cc15f99.jpg?resize=100%2C100&ssl=1",100,100,true]},"uagb_author_info":{"display_name":"pilluwear.com","author_link":"https:\/\/pilluwear.com\/hu\/author\/"},"uagb_comment_info":0,"uagb_excerpt":"Jeder braucht einen gem\u00fctlichen Hoodie, in den man sich einkuscheln kann, also entscheide dich f\u00fcr einen, der weich, glatt und stylisch ist. Er ist die perfekte Wahl f\u00fcr k\u00fchlere Abende! \u2022 50 % vorgeschrumpfte Baumwolle, 50\u00a0% Polyester \u2022 Stoffgewicht: 271,25 g\/m\u00b2 (8,0 oz\/yd\u00b2) \u2022 Luftgesponnenes Garn mit weichem Griff und geringer Kn\u00f6tchenbildung \u2022 Doppelt gef\u00fctterte&hellip;","jetpack_sharing_enabled":true,"_links":{"self":[{"href":"https:\/\/pilluwear.com\/hu\/wp-json\/wp\/v2\/product\/22127","targetHints":{"allow":["GET"]}}],"collection":[{"href":"https:\/\/pilluwear.com\/hu\/wp-json\/wp\/v2\/product"}],"about":[{"href":"https:\/\/pilluwear.com\/hu\/wp-json\/wp\/v2\/types\/product"}],"replies":[{"embeddable":true,"href":"https:\/\/pilluwear.com\/hu\/wp-json\/wp\/v2\/comments?post=22127"}],"wp:featuredmedia":[{"embeddable":true,"href":"https:\/\/pilluwear.com\/hu\/wp-json\/wp\/v2\/media\/22228"}],"wp:attachment":[{"href":"https:\/\/pilluwear.com\/hu\/wp-json\/wp\/v2\/media?parent=22127"}],"wp:term":[{"taxonomy":"product_brand","embeddable":true,"href":"https:\/\/pilluwear.com\/hu\/wp-json\/wp\/v2\/product_brand?post=22127"},{"taxonomy":"product_cat","embeddable":true,"href":"https:\/\/pilluwear.com\/hu\/wp-json\/wp\/v2\/product_cat?post=22127"},{"taxonomy":"product_tag","embeddable":true,"href":"https:\/\/pilluwear.com\/hu\/wp-json\/wp\/v2\/product_tag?post=22127"}],"curies":[{"name":"wp","href":"https:\/\/api.w.org\/{rel}","templated":true}]}}