{"id":20722,"date":"2024-05-30T13:59:02","date_gmt":"2024-05-30T11:59:02","guid":{"rendered":"https:\/\/pilluwear.com\/produkt\/music-lover-unisex-eco-sweatshirt\/"},"modified":"2024-05-30T14:00:04","modified_gmt":"2024-05-30T12:00:04","slug":"music-lover-unisex-eco-sweatshirt","status":"publish","type":"product","link":"https:\/\/pilluwear.com\/hu\/termek\/music-lover-unisex-eco-sweatshirt\/","title":{"rendered":"Music Lover - Unisex \u00f6ko pul\u00f3ver"},"content":{"rendered":"<p>Elevate your style with this unisex eco sweatshirt. The shirt has a chic, crisp look and will go great with both casual and more dressed up outfits. Made of organic cotton, this sweatshirt is durable, comfy, and extra soft.<\/p>\n<p>\u2022 100% organic ring-spun combed cotton<br \/>\n\u2022 Fabric weight: 350 g\/m\u00b2 (10.3 oz.\/yd.\u00b2)<br \/>\n\u2022 Regular fit<br \/>\n- Be\u00e1ll\u00edtott h\u00fcvelyek<br \/>\n\u2022 1\u00d71 rib at neck collar, sleeve hem, and bottom hem<br \/>\n\u2022 Double-needle topstitch at the neck collar, on the sleeves, and on the bottom hems<br \/>\n\u2022 Inside herringbone back neck tape<br \/>\n\u2022 Self-fabric half moon at back neck<br \/>\n- Bangladesb\u0151l sz\u00e1rmaz\u00f3 \u00fcres term\u00e9k<\/p>\n<p>A m\u00e9retek megfelelnek az amerikai piac kisebb m\u00e9ret\u00e9nek, ez\u00e9rt az amerikai v\u00e1s\u00e1rl\u00f3knak egy m\u00e9rettel nagyobbat kell rendelni\u00fck.<\/p>\n<p>Ez a term\u00e9k kifejezetten az \u00d6n sz\u00e1m\u00e1ra k\u00e9sz\u00fcl, amint leadja a megrendel\u00e9st, ez\u00e9rt kicsit tov\u00e1bb tart, mire kisz\u00e1ll\u00edtjuk \u00d6nnek. A term\u00e9kek ig\u00e9ny szerinti gy\u00e1rt\u00e1sa a nagy t\u00e9telben t\u00f6rt\u00e9n\u0151 gy\u00e1rt\u00e1s helyett seg\u00edt cs\u00f6kkenteni a t\u00faltermel\u00e9st, ez\u00e9rt k\u00f6sz\u00f6nj\u00fck, hogy \u00e1tgondolt v\u00e1s\u00e1rl\u00e1si d\u00f6nt\u00e9st hozt\u00e1l!<\/p>\n<p>- Nyomonk\u00f6vethet\u0151s\u00e9g:<br \/>\n&#8211; Weaving\u2014Bangladesh<br \/>\n&#8211; Dyeing\u2014Bangladesh<br \/>\n&#8211; Manufacturing\u2014Bangladesh<br \/>\n\u2022 Contains 15% recycled polyester<br \/>\n- 0% vesz\u00e9lyes anyagokat tartalmaz<\/p>","protected":false},"excerpt":{"rendered":"<p>Elevate your style with this unisex eco sweatshirt. The shirt has a chic, crisp look and will go great with both casual and more dressed up outfits. Made of organic cotton, this sweatshirt is durable, comfy, and extra soft. \u2022 100% organic ring-spun combed cotton \u2022 Fabric weight: 350 g\/m\u00b2 (10.3 oz.\/yd.\u00b2) \u2022 Regular fit [&hellip;]<\/p>","protected":false},"featured_media":20740,"comment_status":"open","ping_status":"closed","template":"","meta":{"_uag_custom_page_level_css":"","_uf_show_specific_survey":0,"_uf_disable_surveys":false,"_themeisle_gutenberg_block_has_review":false},"product_brand":[],"product_cat":[278,121],"product_tag":[],"class_list":{"0":"post-20722","1":"product","2":"type-product","3":"status-publish","4":"has-post-thumbnail","6":"product_cat-music-lover","7":"product_cat-pullover","8":"pa_size-2xl","9":"pa_size-l","10":"pa_size-m","11":"pa_size-s","12":"pa_size-xl","14":"first","15":"instock","16":"taxable","17":"shipping-taxable","18":"purchasable","19":"product-type-variable"},"aioseo_notices":[],"uagb_featured_image_src":{"full":["https:\/\/i0.wp.com\/pilluwear.com\/wp-content\/uploads\/2024\/05\/unisex-eco-sweatshirt-white-front-66586932b55c8.jpg?fit=2000%2C2000&ssl=1",2000,2000,false],"thumbnail":["https:\/\/i0.wp.com\/pilluwear.com\/wp-content\/uploads\/2024\/05\/unisex-eco-sweatshirt-white-front-66586932b55c8.jpg?resize=150%2C150&ssl=1",150,150,true],"medium":["https:\/\/i0.wp.com\/pilluwear.com\/wp-content\/uploads\/2024\/05\/unisex-eco-sweatshirt-white-front-66586932b55c8.jpg?fit=300%2C300&ssl=1",300,300,true],"medium_large":["https:\/\/i0.wp.com\/pilluwear.com\/wp-content\/uploads\/2024\/05\/unisex-eco-sweatshirt-white-front-66586932b55c8.jpg?fit=768%2C768&ssl=1",768,768,true],"large":["https:\/\/i0.wp.com\/pilluwear.com\/wp-content\/uploads\/2024\/05\/unisex-eco-sweatshirt-white-front-66586932b55c8.jpg?fit=1024%2C1024&ssl=1",1024,1024,true],"1536x1536":["https:\/\/i0.wp.com\/pilluwear.com\/wp-content\/uploads\/2024\/05\/unisex-eco-sweatshirt-white-front-66586932b55c8.jpg?fit=1536%2C1536&ssl=1",1536,1536,true],"2048x2048":["https:\/\/i0.wp.com\/pilluwear.com\/wp-content\/uploads\/2024\/05\/unisex-eco-sweatshirt-white-front-66586932b55c8.jpg?fit=2000%2C2000&ssl=1",2000,2000,true],"trp-custom-language-flag":["https:\/\/i0.wp.com\/pilluwear.com\/wp-content\/uploads\/2024\/05\/unisex-eco-sweatshirt-white-front-66586932b55c8.jpg?fit=12%2C12&ssl=1",12,12,true],"woocommerce_thumbnail":["https:\/\/i0.wp.com\/pilluwear.com\/wp-content\/uploads\/2024\/05\/unisex-eco-sweatshirt-white-front-66586932b55c8.jpg?resize=300%2C300&ssl=1",300,300,true],"woocommerce_single":["https:\/\/i0.wp.com\/pilluwear.com\/wp-content\/uploads\/2024\/05\/unisex-eco-sweatshirt-white-front-66586932b55c8.jpg?fit=600%2C600&ssl=1",600,600,true],"woocommerce_gallery_thumbnail":["https:\/\/i0.wp.com\/pilluwear.com\/wp-content\/uploads\/2024\/05\/unisex-eco-sweatshirt-white-front-66586932b55c8.jpg?resize=100%2C100&ssl=1",100,100,true]},"uagb_author_info":{"display_name":"pilluwear.com","author_link":"https:\/\/pilluwear.com\/hu\/author\/"},"uagb_comment_info":0,"uagb_excerpt":"Elevate your style with this unisex eco sweatshirt. The shirt has a chic, crisp look and will go great with both casual and more dressed up outfits. Made of organic cotton, this sweatshirt is durable, comfy, and extra soft. \u2022 100% organic ring-spun combed cotton \u2022 Fabric weight: 350 g\/m\u00b2 (10.3 oz.\/yd.\u00b2) \u2022 Regular fit&hellip;","jetpack_sharing_enabled":true,"_links":{"self":[{"href":"https:\/\/pilluwear.com\/hu\/wp-json\/wp\/v2\/product\/20722","targetHints":{"allow":["GET"]}}],"collection":[{"href":"https:\/\/pilluwear.com\/hu\/wp-json\/wp\/v2\/product"}],"about":[{"href":"https:\/\/pilluwear.com\/hu\/wp-json\/wp\/v2\/types\/product"}],"replies":[{"embeddable":true,"href":"https:\/\/pilluwear.com\/hu\/wp-json\/wp\/v2\/comments?post=20722"}],"wp:featuredmedia":[{"embeddable":true,"href":"https:\/\/pilluwear.com\/hu\/wp-json\/wp\/v2\/media\/20740"}],"wp:attachment":[{"href":"https:\/\/pilluwear.com\/hu\/wp-json\/wp\/v2\/media?parent=20722"}],"wp:term":[{"taxonomy":"product_brand","embeddable":true,"href":"https:\/\/pilluwear.com\/hu\/wp-json\/wp\/v2\/product_brand?post=20722"},{"taxonomy":"product_cat","embeddable":true,"href":"https:\/\/pilluwear.com\/hu\/wp-json\/wp\/v2\/product_cat?post=20722"},{"taxonomy":"product_tag","embeddable":true,"href":"https:\/\/pilluwear.com\/hu\/wp-json\/wp\/v2\/product_tag?post=20722"}],"curies":[{"name":"wp","href":"https:\/\/api.w.org\/{rel}","templated":true}]}}