{"id":19952,"date":"2024-05-29T16:34:53","date_gmt":"2024-05-29T14:34:53","guid":{"rendered":"https:\/\/pilluwear.com\/produkt\/unisex-organic-cotton-t-shirt\/"},"modified":"2024-05-29T16:38:45","modified_gmt":"2024-05-29T14:38:45","slug":"unisex-organikus-pamut-polo","status":"publish","type":"product","link":"https:\/\/pilluwear.com\/hu\/termek\/unisex-organikus-pamut-polo\/","title":{"rendered":"Unisex organikus pamut p\u00f3l\u00f3"},"content":{"rendered":"<p>Ez az 100% organikus gy\u0171r\u0171sfon\u00e1s\u00fa pamutb\u00f3l k\u00e9sz\u00fclt uniszex p\u00f3l\u00f3 teljesen k\u00f6telez\u0151 darab. Kiv\u00e1l\u00f3 min\u0151s\u00e9g\u0171, szuper k\u00e9nyelmes, \u00e9s ami a legjobb, k\u00f6rnyezetbar\u00e1t.<\/p>\n<p>- 100% organikus gy\u0171r\u0171sfon\u00e1s\u00fa pamut<br \/>\n- Sz\u00f6vet s\u00falya: 5,3 oz.\/yd.\u00b2 (180 g\/m\u00b2)<br \/>\n- Egyetlen mez<br \/>\n- K\u00f6zepes m\u00e9ret<br \/>\n- Be\u00e1ll\u00edtott h\u00fcvelyek<br \/>\n- 1 \u00d7 1 borda a gall\u00e9rn\u00e1l<br \/>\n- Sz\u00e9les dupla t\u0171s \u00f6lt\u00e9s az ujjakon \u00e9s az als\u00f3 szeg\u00e9lyeken<br \/>\n- \u00d6n\u00e1ll\u00f3 nyakszalag (bel\u00fcl, a nyak h\u00e1ts\u00f3 r\u00e9sz\u00e9n)<br \/>\n- Bangladesb\u0151l sz\u00e1rmaz\u00f3 \u00fcres term\u00e9k<\/p>\n<p>A m\u00e9retek megfelelnek az amerikai piac kisebb m\u00e9ret\u00e9nek, ez\u00e9rt az amerikai v\u00e1s\u00e1rl\u00f3knak egy m\u00e9rettel nagyobbat kell rendelni\u00fck.<\/p>\n<p>Ez a term\u00e9k kifejezetten az \u00d6n sz\u00e1m\u00e1ra k\u00e9sz\u00fcl, amint leadja a megrendel\u00e9st, ez\u00e9rt kicsit tov\u00e1bb tart, mire kisz\u00e1ll\u00edtjuk \u00d6nnek. A term\u00e9kek ig\u00e9ny szerinti gy\u00e1rt\u00e1sa a nagy t\u00e9telben t\u00f6rt\u00e9n\u0151 gy\u00e1rt\u00e1s helyett seg\u00edt cs\u00f6kkenteni a t\u00faltermel\u00e9st, ez\u00e9rt k\u00f6sz\u00f6nj\u00fck, hogy \u00e1tgondolt v\u00e1s\u00e1rl\u00e1si d\u00f6nt\u00e9st hozt\u00e1l!<\/p>","protected":false},"excerpt":{"rendered":"<p>Ez az 100% organikus gy\u0171r\u0171sfon\u00e1s\u00fa pamutb\u00f3l k\u00e9sz\u00fclt uniszex p\u00f3l\u00f3 teljesen k\u00f6telez\u0151 darab. Kiv\u00e1l\u00f3 min\u0151s\u00e9g\u0171, szuper k\u00e9nyelmes, \u00e9s ami a legjobb, k\u00f6rnyezetbar\u00e1t. - 100% organikus gy\u0171r\u0171sfon\u00e1s\u00fa pamut - Sz\u00f6vets\u00faly: 5,3 oz.\/yd.\u00b2 (180 g\/m\u00b2) - Single jersey - K\u00f6zepes szab\u00e1s - Be\u00e1ll\u00f3 ujjak - 1 \u00d7 1 borda a gall\u00e9rn\u00e1l - Sz\u00e9les, k\u00e9tt\u0171s fel\u00fclvarr\u00e1s a [...]<\/p>","protected":false},"featured_media":20029,"comment_status":"open","ping_status":"closed","template":"","meta":{"_uag_custom_page_level_css":"","_uf_show_specific_survey":0,"_uf_disable_surveys":false,"_themeisle_gutenberg_block_has_review":false},"product_brand":[],"product_cat":[122],"product_tag":[],"class_list":{"0":"post-19952","1":"product","2":"type-product","3":"status-publish","4":"has-post-thumbnail","6":"product_cat-kollektionen","7":"pa_size-2xl","8":"pa_size-3xl","9":"pa_size-l","10":"pa_size-m","11":"pa_size-s","12":"pa_size-xl","14":"first","15":"instock","16":"taxable","17":"shipping-taxable","18":"purchasable","19":"product-type-variable"},"aioseo_notices":[],"uagb_featured_image_src":{"full":["https:\/\/i0.wp.com\/pilluwear.com\/wp-content\/uploads\/2024\/05\/unisex-organic-cotton-t-shirt-black-front-66573c912d393.jpg?fit=2000%2C2000&ssl=1",2000,2000,false],"thumbnail":["https:\/\/i0.wp.com\/pilluwear.com\/wp-content\/uploads\/2024\/05\/unisex-organic-cotton-t-shirt-black-front-66573c912d393.jpg?resize=150%2C150&ssl=1",150,150,true],"medium":["https:\/\/i0.wp.com\/pilluwear.com\/wp-content\/uploads\/2024\/05\/unisex-organic-cotton-t-shirt-black-front-66573c912d393.jpg?fit=300%2C300&ssl=1",300,300,true],"medium_large":["https:\/\/i0.wp.com\/pilluwear.com\/wp-content\/uploads\/2024\/05\/unisex-organic-cotton-t-shirt-black-front-66573c912d393.jpg?fit=768%2C768&ssl=1",768,768,true],"large":["https:\/\/i0.wp.com\/pilluwear.com\/wp-content\/uploads\/2024\/05\/unisex-organic-cotton-t-shirt-black-front-66573c912d393.jpg?fit=1024%2C1024&ssl=1",1024,1024,true],"1536x1536":["https:\/\/i0.wp.com\/pilluwear.com\/wp-content\/uploads\/2024\/05\/unisex-organic-cotton-t-shirt-black-front-66573c912d393.jpg?fit=1536%2C1536&ssl=1",1536,1536,true],"2048x2048":["https:\/\/i0.wp.com\/pilluwear.com\/wp-content\/uploads\/2024\/05\/unisex-organic-cotton-t-shirt-black-front-66573c912d393.jpg?fit=2000%2C2000&ssl=1",2000,2000,true],"trp-custom-language-flag":["https:\/\/i0.wp.com\/pilluwear.com\/wp-content\/uploads\/2024\/05\/unisex-organic-cotton-t-shirt-black-front-66573c912d393.jpg?fit=12%2C12&ssl=1",12,12,true],"woocommerce_thumbnail":["https:\/\/i0.wp.com\/pilluwear.com\/wp-content\/uploads\/2024\/05\/unisex-organic-cotton-t-shirt-black-front-66573c912d393.jpg?resize=300%2C300&ssl=1",300,300,true],"woocommerce_single":["https:\/\/i0.wp.com\/pilluwear.com\/wp-content\/uploads\/2024\/05\/unisex-organic-cotton-t-shirt-black-front-66573c912d393.jpg?fit=600%2C600&ssl=1",600,600,true],"woocommerce_gallery_thumbnail":["https:\/\/i0.wp.com\/pilluwear.com\/wp-content\/uploads\/2024\/05\/unisex-organic-cotton-t-shirt-black-front-66573c912d393.jpg?resize=100%2C100&ssl=1",100,100,true]},"uagb_author_info":{"display_name":"pilluwear.com","author_link":"https:\/\/pilluwear.com\/hu\/author\/"},"uagb_comment_info":0,"uagb_excerpt":"Made from 100% organic ring-spun cotton, this unisex t-shirt is a total must-have. It&#8217;s high-quality, super comfy, and best of all\u2014eco-friendly. \u2022 100% organic ring-spun cotton \u2022 Fabric weight: 5.3 oz.\/yd.\u00b2 (180 g\/m\u00b2) \u2022 Single jersey \u2022 Medium fit \u2022 Set-in sleeves \u2022 1 \u00d7 1 rib at collar \u2022 Wide double-needle topstitch on the&hellip;","jetpack_sharing_enabled":true,"_links":{"self":[{"href":"https:\/\/pilluwear.com\/hu\/wp-json\/wp\/v2\/product\/19952","targetHints":{"allow":["GET"]}}],"collection":[{"href":"https:\/\/pilluwear.com\/hu\/wp-json\/wp\/v2\/product"}],"about":[{"href":"https:\/\/pilluwear.com\/hu\/wp-json\/wp\/v2\/types\/product"}],"replies":[{"embeddable":true,"href":"https:\/\/pilluwear.com\/hu\/wp-json\/wp\/v2\/comments?post=19952"}],"wp:featuredmedia":[{"embeddable":true,"href":"https:\/\/pilluwear.com\/hu\/wp-json\/wp\/v2\/media\/20029"}],"wp:attachment":[{"href":"https:\/\/pilluwear.com\/hu\/wp-json\/wp\/v2\/media?parent=19952"}],"wp:term":[{"taxonomy":"product_brand","embeddable":true,"href":"https:\/\/pilluwear.com\/hu\/wp-json\/wp\/v2\/product_brand?post=19952"},{"taxonomy":"product_cat","embeddable":true,"href":"https:\/\/pilluwear.com\/hu\/wp-json\/wp\/v2\/product_cat?post=19952"},{"taxonomy":"product_tag","embeddable":true,"href":"https:\/\/pilluwear.com\/hu\/wp-json\/wp\/v2\/product_tag?post=19952"}],"curies":[{"name":"wp","href":"https:\/\/api.w.org\/{rel}","templated":true}]}}