{"id":18708,"date":"2024-05-24T18:25:08","date_gmt":"2024-05-24T16:25:08","guid":{"rendered":"https:\/\/pilluwear.com\/produkt\/cuffed-beanie\/"},"modified":"2024-05-24T18:27:09","modified_gmt":"2024-05-24T16:27:09","slug":"mandzsettas-sapka","status":"publish","type":"product","link":"https:\/\/pilluwear.com\/hu\/termek\/mandzsettas-sapka\/","title":{"rendered":"Muffos sapka"},"content":{"rendered":"<p>Szorosan illeszked\u0151, form\u00e1s sapka. Nemcsak remek fejmeleg\u00edt\u0151 darab, hanem b\u00e1rki ruhat\u00e1r\u00e1nak alapvet\u0151 kieg\u00e9sz\u00edt\u0151je.<\/p>\n<p>- 100% Turbo akril<br \/>\n- 30 cm (12\u2033) hossz\u00fa<br \/>\n- Hipoallerg\u00e9n\u00a0<br \/>\n- Unisex st\u00edlus<br \/>\n- K\u00e9zzel moshat\u00f3<br \/>\n- Vietnamb\u00f3l, Bangladesb\u0151l vagy a Koreai K\u00f6zt\u00e1rsas\u00e1gb\u00f3l sz\u00e1rmaz\u00f3 \u00fcres term\u00e9k<\/p>\n<p>Ez a term\u00e9k kifejezetten az \u00d6n sz\u00e1m\u00e1ra k\u00e9sz\u00fcl, amint leadja a megrendel\u00e9st, ez\u00e9rt kicsit tov\u00e1bb tart, mire kisz\u00e1ll\u00edtjuk \u00d6nnek. A term\u00e9kek ig\u00e9ny szerinti gy\u00e1rt\u00e1sa a nagy t\u00e9telben t\u00f6rt\u00e9n\u0151 gy\u00e1rt\u00e1s helyett seg\u00edt cs\u00f6kkenteni a t\u00faltermel\u00e9st, ez\u00e9rt k\u00f6sz\u00f6nj\u00fck, hogy \u00e1tgondolt v\u00e1s\u00e1rl\u00e1si d\u00f6nt\u00e9st hozt\u00e1l!<\/p>\n<p>- Nyomonk\u00f6vethet\u0151s\u00e9g:<br \/>\n- Fest\u00e9s-Indon\u00e9zia<br \/>\n- Gy\u00e1rt\u00e1s - Koreai K\u00f6zt\u00e1rsas\u00e1g<br \/>\n- 0% \u00fajrahasznos\u00edtott poli\u00e9sztert tartalmaz.<br \/>\n- 0% vesz\u00e9lyes anyagokat tartalmaz<br \/>\n- Ez a term\u00e9k mos\u00e1s k\u00f6zben m\u0171anyag mikrosz\u00e1lakat bocs\u00e1t ki a k\u00f6rnyezetbe.<\/p>","protected":false},"excerpt":{"rendered":"<p>Szorosan illeszked\u0151, form\u00e1s sapka. Nemcsak remek fejmeleg\u00edt\u0151 darab, hanem b\u00e1rki ruhat\u00e1r\u00e1nak alapvet\u0151 kieg\u00e9sz\u00edt\u0151je. - 100% Turbo Akril - 12\u2033 (30 cm) hossz\u00fa - Hipoallerg\u00e9n - Unisex st\u00edlus - K\u00e9zzel moshat\u00f3 - Vietnamb\u00f3l, Bangladesb\u0151l vagy a Koreai K\u00f6zt\u00e1rsas\u00e1gb\u00f3l sz\u00e1rmaz\u00f3 \u00fcres term\u00e9k Ez a term\u00e9k kifejezetten az \u00d6n sz\u00e1m\u00e1ra k\u00e9sz\u00fclt [...]<\/p>","protected":false},"featured_media":18722,"comment_status":"open","ping_status":"closed","template":"","meta":{"_uag_custom_page_level_css":"","_uf_show_specific_survey":0,"_uf_disable_surveys":false,"_themeisle_gutenberg_block_has_review":false},"product_brand":[],"product_cat":[36,253],"product_tag":[],"class_list":{"0":"post-18708","1":"product","2":"type-product","3":"status-publish","4":"has-post-thumbnail","6":"product_cat-beany","7":"product_cat-biker","9":"first","10":"instock","11":"taxable","12":"shipping-taxable","13":"purchasable","14":"product-type-variable"},"aioseo_notices":[],"uagb_featured_image_src":{"full":["https:\/\/i0.wp.com\/pilluwear.com\/wp-content\/uploads\/2024\/05\/cuffed-beanie-black-front-6650bcd0e22cf.jpg?fit=2000%2C2000&ssl=1",2000,2000,false],"thumbnail":["https:\/\/i0.wp.com\/pilluwear.com\/wp-content\/uploads\/2024\/05\/cuffed-beanie-black-front-6650bcd0e22cf.jpg?resize=150%2C150&ssl=1",150,150,true],"medium":["https:\/\/i0.wp.com\/pilluwear.com\/wp-content\/uploads\/2024\/05\/cuffed-beanie-black-front-6650bcd0e22cf.jpg?fit=300%2C300&ssl=1",300,300,true],"medium_large":["https:\/\/i0.wp.com\/pilluwear.com\/wp-content\/uploads\/2024\/05\/cuffed-beanie-black-front-6650bcd0e22cf.jpg?fit=768%2C768&ssl=1",768,768,true],"large":["https:\/\/i0.wp.com\/pilluwear.com\/wp-content\/uploads\/2024\/05\/cuffed-beanie-black-front-6650bcd0e22cf.jpg?fit=1024%2C1024&ssl=1",1024,1024,true],"1536x1536":["https:\/\/i0.wp.com\/pilluwear.com\/wp-content\/uploads\/2024\/05\/cuffed-beanie-black-front-6650bcd0e22cf.jpg?fit=1536%2C1536&ssl=1",1536,1536,true],"2048x2048":["https:\/\/i0.wp.com\/pilluwear.com\/wp-content\/uploads\/2024\/05\/cuffed-beanie-black-front-6650bcd0e22cf.jpg?fit=2000%2C2000&ssl=1",2000,2000,true],"trp-custom-language-flag":["https:\/\/i0.wp.com\/pilluwear.com\/wp-content\/uploads\/2024\/05\/cuffed-beanie-black-front-6650bcd0e22cf.jpg?fit=12%2C12&ssl=1",12,12,true],"woocommerce_thumbnail":["https:\/\/i0.wp.com\/pilluwear.com\/wp-content\/uploads\/2024\/05\/cuffed-beanie-black-front-6650bcd0e22cf.jpg?resize=300%2C300&ssl=1",300,300,true],"woocommerce_single":["https:\/\/i0.wp.com\/pilluwear.com\/wp-content\/uploads\/2024\/05\/cuffed-beanie-black-front-6650bcd0e22cf.jpg?fit=600%2C600&ssl=1",600,600,true],"woocommerce_gallery_thumbnail":["https:\/\/i0.wp.com\/pilluwear.com\/wp-content\/uploads\/2024\/05\/cuffed-beanie-black-front-6650bcd0e22cf.jpg?resize=100%2C100&ssl=1",100,100,true]},"uagb_author_info":{"display_name":"pilluwear.com","author_link":"https:\/\/pilluwear.com\/hu\/author\/"},"uagb_comment_info":0,"uagb_excerpt":"A snug, form-fitting beanie. It&#8217;s not only a great head-warming piece but a staple accessory in anyone&#8217;s wardrobe. \u2022 100% Turbo Acrylic \u2022 12\u2033 (30 cm) in length \u2022 Hypoallergenic\u00a0 \u2022 Unisex style \u2022 Hand washable \u2022 Blank product sourced from Vietnam, Bangladesh or the Republic of Korea This product is made especially for you&hellip;","jetpack_sharing_enabled":true,"_links":{"self":[{"href":"https:\/\/pilluwear.com\/hu\/wp-json\/wp\/v2\/product\/18708","targetHints":{"allow":["GET"]}}],"collection":[{"href":"https:\/\/pilluwear.com\/hu\/wp-json\/wp\/v2\/product"}],"about":[{"href":"https:\/\/pilluwear.com\/hu\/wp-json\/wp\/v2\/types\/product"}],"replies":[{"embeddable":true,"href":"https:\/\/pilluwear.com\/hu\/wp-json\/wp\/v2\/comments?post=18708"}],"wp:featuredmedia":[{"embeddable":true,"href":"https:\/\/pilluwear.com\/hu\/wp-json\/wp\/v2\/media\/18722"}],"wp:attachment":[{"href":"https:\/\/pilluwear.com\/hu\/wp-json\/wp\/v2\/media?parent=18708"}],"wp:term":[{"taxonomy":"product_brand","embeddable":true,"href":"https:\/\/pilluwear.com\/hu\/wp-json\/wp\/v2\/product_brand?post=18708"},{"taxonomy":"product_cat","embeddable":true,"href":"https:\/\/pilluwear.com\/hu\/wp-json\/wp\/v2\/product_cat?post=18708"},{"taxonomy":"product_tag","embeddable":true,"href":"https:\/\/pilluwear.com\/hu\/wp-json\/wp\/v2\/product_tag?post=18708"}],"curies":[{"name":"wp","href":"https:\/\/api.w.org\/{rel}","templated":true}]}}