{"id":16854,"date":"2024-05-23T10:14:06","date_gmt":"2024-05-23T08:14:06","guid":{"rendered":"https:\/\/pilluwear.com\/produkt\/camper-umweltfreundlicher-unisex-kapuzenpullover\/"},"modified":"2025-01-03T14:36:34","modified_gmt":"2025-01-03T13:36:34","slug":"camper-koernyezetbarat-unisex-kapucnis-pulover","status":"publish","type":"product","link":"https:\/\/pilluwear.com\/hu\/termek\/camper-koernyezetbarat-unisex-kapucnis-pulover\/","title":{"rendered":"Camper - K\u00f6rnyezetbar\u00e1t unisex kapucnis pul\u00f3ver"},"content":{"rendered":"<p>A klasszikus uniszex organikus kapucnis pul\u00f3ver j\u00f3 v\u00e9tel a k\u00f6rnyezettudatos divat szerelmeseinek, k\u00f6sz\u00f6nhet\u0151en az organikus anyagoknak. A k\u00e9nyelmes, norm\u00e1l szab\u00e1s\u00fa kapucnis pul\u00f3ver k\u00e9tr\u00e9teg\u0171 kapucnival, be\u00e1ll\u00edtott ujjakkal \u00e9s el\u00fcls\u0151 ersz\u00e9nyes zsebbel rendelkezik.<\/p>\n<p>- 100% Szerves pamut<br \/>\n- Sz\u00f6vet s\u00falya: 10,32 oz.\/yd.\u00b2 (350 g\/m\u00b2)<br \/>\n- Norm\u00e1l illeszked\u00e9s<br \/>\n- Be\u00e1ll\u00edtott h\u00fcvelyek<br \/>\n- Saj\u00e1t anyagb\u00f3l k\u00e9sz\u00fclt, k\u00e9tr\u00e9teg\u0171 kapucni<br \/>\n- El\u00fcls\u0151 zseb<br \/>\n- 1\u00d71 bord\u00e1zat az ujjak szeg\u00e9ly\u00e9n \u00e9s az als\u00f3 szeg\u00e9lyen.<br \/>\n- Egyt\u0171s z\u00e1r\u00f3varr\u00e1s a nyakkiv\u00e1g\u00e1sn\u00e1l \u00e9s a kapucni ny\u00edl\u00e1s\u00e1n\u00e1l<br \/>\n- F\u00e9m f\u0171z\u0151lyukak<br \/>\n- Bels\u0151 szalag a nyakban<br \/>\n- \u00d6nk\u00f6t\u00e9s\u0171 f\u00e9lhold a nyakban<br \/>\n- A k\u00f6rnyezetbar\u00e1t term\u00e9kek tan\u00fas\u00edtv\u00e1nyainak let\u00f6lt\u00e9se<br \/>\n- \u00dcres Bangladesb\u0151l<\/p>\n<p>A m\u00e9retek megfelelnek az amerikai piac kisebb m\u00e9ret\u00e9nek, ez\u00e9rt az amerikai v\u00e1s\u00e1rl\u00f3knak egy m\u00e9rettel nagyobbat kell rendelni\u00fck.<\/p>\n<p>- Nyomonk\u00f6vethet\u0151s\u00e9g:<br \/>\n- Sz\u00f6v\u00e9s - Banglades<br \/>\n- Fest\u00e9s - Banglades<br \/>\n- Termel\u00e9s - Banglades<br \/>\n- 15 db % \u00fajrahasznos\u00edtott poli\u00e9sztert tartalmaz<br \/>\n- 0 % vesz\u00e9lyes anyagot tartalmaz<\/p>","protected":false},"excerpt":{"rendered":"<p>A klasszikus uniszex organikus kapucnis pul\u00f3ver j\u00f3 v\u00e9tel a k\u00f6rnyezettudatos divat szerelmeseinek, k\u00f6sz\u00f6nhet\u0151en az organikus anyagoknak. A k\u00e9nyelmes, norm\u00e1l szab\u00e1s\u00fa kapucnis pul\u00f3ver k\u00e9tr\u00e9teg\u0171 kapucnival, be\u00e1ll\u00edtott ujjakkal \u00e9s el\u00fcls\u0151 zsebbel rendelkezik. - 100% organikus pamut - Anyags\u00faly: 10,32 oz.\/yd.\u00b2 (350 g\/m\u00b2) - Szab\u00e1lyos szab\u00e1s - Be\u00e1ll\u00f3 ujjak - \u00d6n\u00e1ll\u00f3, k\u00e9tr\u00e9teg\u0171 kapucni - El\u00fcls\u0151 zseb - 1\u00d71 [...]<\/p>","protected":false},"featured_media":16877,"comment_status":"open","ping_status":"closed","template":"","meta":{"_uag_custom_page_level_css":"","_uf_show_specific_survey":0,"_uf_disable_surveys":false,"_themeisle_gutenberg_block_has_review":false},"product_brand":[],"product_cat":[111,34],"product_tag":[294,302,286,299,287,303,289,292,298,291,285,301,304,300,297,295,296,288,290,293],"class_list":{"0":"post-16854","1":"product","2":"type-product","3":"status-publish","4":"has-post-thumbnail","6":"product_cat-camper","7":"product_cat-hoodies","8":"product_tag-bedruckte-hoodies","9":"product_tag-bio-baumwolle","10":"product_tag-bio-mode","11":"product_tag-casual-streetwear","12":"product_tag-fair-fashion","13":"product_tag-faire-herstellung","14":"product_tag-gots-zertifiziert","15":"product_tag-hochwertige-hoodies","16":"product_tag-kapuzenpullover-fuer-maenner-und-frauen","17":"product_tag-minimalistisches-design","18":"product_tag-nachhaltige-kleidung","19":"product_tag-nachhaltige-streetwear","20":"product_tag-oekologisch","21":"product_tag-premium-qualitaet","22":"product_tag-recycelte-materialien","23":"product_tag-stickerei-pullover","24":"product_tag-umweltfreundliche-mode","25":"product_tag-unisex-kapuzenpullover","26":"product_tag-vegane-mode","27":"product_tag-weiche-kapuzenpullover","28":"pa_farbe-desert-dust","29":"pa_farbe-french-navy","30":"pa_farbe-schwarz","31":"pa_farbe-weiss","32":"pa_grosse-2xl","33":"pa_grosse-l","34":"pa_grosse-m","35":"pa_grosse-s","36":"pa_grosse-xl","38":"first","39":"instock","40":"taxable","41":"shipping-taxable","42":"purchasable","43":"product-type-variable"},"aioseo_notices":[],"uagb_featured_image_src":{"full":["https:\/\/i0.wp.com\/pilluwear.com\/wp-content\/uploads\/2024\/05\/unisex-essential-eco-hoodie-black-left-front-664efabb5aca0.jpg?fit=2000%2C2000&ssl=1",2000,2000,false],"thumbnail":["https:\/\/i0.wp.com\/pilluwear.com\/wp-content\/uploads\/2024\/05\/unisex-essential-eco-hoodie-black-left-front-664efabb5aca0.jpg?resize=150%2C150&ssl=1",150,150,true],"medium":["https:\/\/i0.wp.com\/pilluwear.com\/wp-content\/uploads\/2024\/05\/unisex-essential-eco-hoodie-black-left-front-664efabb5aca0.jpg?fit=300%2C300&ssl=1",300,300,true],"medium_large":["https:\/\/i0.wp.com\/pilluwear.com\/wp-content\/uploads\/2024\/05\/unisex-essential-eco-hoodie-black-left-front-664efabb5aca0.jpg?fit=768%2C768&ssl=1",768,768,true],"large":["https:\/\/i0.wp.com\/pilluwear.com\/wp-content\/uploads\/2024\/05\/unisex-essential-eco-hoodie-black-left-front-664efabb5aca0.jpg?fit=1024%2C1024&ssl=1",1024,1024,true],"1536x1536":["https:\/\/i0.wp.com\/pilluwear.com\/wp-content\/uploads\/2024\/05\/unisex-essential-eco-hoodie-black-left-front-664efabb5aca0.jpg?fit=1536%2C1536&ssl=1",1536,1536,true],"2048x2048":["https:\/\/i0.wp.com\/pilluwear.com\/wp-content\/uploads\/2024\/05\/unisex-essential-eco-hoodie-black-left-front-664efabb5aca0.jpg?fit=2000%2C2000&ssl=1",2000,2000,true],"trp-custom-language-flag":["https:\/\/i0.wp.com\/pilluwear.com\/wp-content\/uploads\/2024\/05\/unisex-essential-eco-hoodie-black-left-front-664efabb5aca0.jpg?fit=12%2C12&ssl=1",12,12,true],"woocommerce_thumbnail":["https:\/\/i0.wp.com\/pilluwear.com\/wp-content\/uploads\/2024\/05\/unisex-essential-eco-hoodie-black-left-front-664efabb5aca0.jpg?resize=300%2C300&ssl=1",300,300,true],"woocommerce_single":["https:\/\/i0.wp.com\/pilluwear.com\/wp-content\/uploads\/2024\/05\/unisex-essential-eco-hoodie-black-left-front-664efabb5aca0.jpg?fit=600%2C600&ssl=1",600,600,true],"woocommerce_gallery_thumbnail":["https:\/\/i0.wp.com\/pilluwear.com\/wp-content\/uploads\/2024\/05\/unisex-essential-eco-hoodie-black-left-front-664efabb5aca0.jpg?resize=100%2C100&ssl=1",100,100,true]},"uagb_author_info":{"display_name":"pilluwear.com","author_link":"https:\/\/pilluwear.com\/hu\/author\/"},"uagb_comment_info":0,"uagb_excerpt":"Der Klassischer Unisex Bio-Hoodie ist dank seiner Bio-Materialien ein guter Kauf f\u00fcr umweltbewusste Modeliebhaber. Der bequeme Kapuzenpullover mit normaler Passform hat eine doppellagige Kapuze, angesetzte \u00c4rmel und eine Beuteltasche vorne. \u2022 100% Bio-Baumwolle \u2022 Stoffgewicht: 10,32 oz.\/yd.\u00b2 (350 g\/m\u00b2) \u2022 Normale Passform \u2022 Eingesetzte \u00c4rmel \u2022 Doppellagige Kapuze aus Eigengewebe \u2022 Beuteltasche vorne \u2022 1\u00d71&hellip;","jetpack_sharing_enabled":true,"_links":{"self":[{"href":"https:\/\/pilluwear.com\/hu\/wp-json\/wp\/v2\/product\/16854","targetHints":{"allow":["GET"]}}],"collection":[{"href":"https:\/\/pilluwear.com\/hu\/wp-json\/wp\/v2\/product"}],"about":[{"href":"https:\/\/pilluwear.com\/hu\/wp-json\/wp\/v2\/types\/product"}],"replies":[{"embeddable":true,"href":"https:\/\/pilluwear.com\/hu\/wp-json\/wp\/v2\/comments?post=16854"}],"wp:featuredmedia":[{"embeddable":true,"href":"https:\/\/pilluwear.com\/hu\/wp-json\/wp\/v2\/media\/16877"}],"wp:attachment":[{"href":"https:\/\/pilluwear.com\/hu\/wp-json\/wp\/v2\/media?parent=16854"}],"wp:term":[{"taxonomy":"product_brand","embeddable":true,"href":"https:\/\/pilluwear.com\/hu\/wp-json\/wp\/v2\/product_brand?post=16854"},{"taxonomy":"product_cat","embeddable":true,"href":"https:\/\/pilluwear.com\/hu\/wp-json\/wp\/v2\/product_cat?post=16854"},{"taxonomy":"product_tag","embeddable":true,"href":"https:\/\/pilluwear.com\/hu\/wp-json\/wp\/v2\/product_tag?post=16854"}],"curies":[{"name":"wp","href":"https:\/\/api.w.org\/{rel}","templated":true}]}}