{"id":6145,"date":"2024-05-17T11:11:19","date_gmt":"2024-05-17T09:11:19","guid":{"rendered":"https:\/\/pilluwear.com\/datenschutzerklaerung-eu\/"},"modified":"2024-05-17T11:11:19","modified_gmt":"2024-05-17T09:11:19","slug":"adatvedelmi-nyilatkozat-eu","status":"publish","type":"page","link":"https:\/\/pilluwear.com\/hu\/adatvedelmi-nyilatkozat-eu\/","title":{"rendered":"Adatv\u00e9delmi szab\u00e1lyzat (EU)"},"content":{"rendered":"<!-- Legal document generated by Complianz | GDPR\/CCPA Cookie Consent https:\/\/wordpress.org\/plugins\/complianz-gdpr -->\n<div id=\"cmplz-document\" class=\"cmplz-document privacy-statement cmplz-document-eu\"><h2>1 C\u00e9l, adatok \u00e9s meg\u0151rz\u00e9si id\u0151szak<\/h2>Szem\u00e9lyes adatokat gy\u0171jthet\u00fcnk vagy kaphatunk \u00fczleti tev\u00e9kenys\u00e9g\u00fcnkkel kapcsolatos sz\u00e1mos c\u00e9lb\u00f3l, amelyek a k\u00f6vetkez\u0151k lehetnek: (kattintson a b\u0151v\u00edt\u00e9shez)<details class=\"cmplz-dropdown dropdown-privacy-statement\"><summary><div><h3>1.1 Kapcsolatfelv\u00e9tel - telefonon, lev\u00e9lben, e-mailben \u00e9s\/vagy webes \u0171rlapokon kereszt\u00fcl<\/h3><\/div><\/summary><p class=\"cmplz-subtitle\">Ebb\u0151l a c\u00e9lb\u00f3l a k\u00f6vetkez\u0151 adatokat haszn\u00e1ljuk:<\/p><p><ul><li>Kereszt- \u00e9s vezet\u00e9kn\u00e9v<\/li><li>Fi\u00f3kn\u00e9v vagy \u00e1ln\u00e9v<\/li><li>Lakc\u00edm vagy m\u00e1s fizikai c\u00edm, bele\u00e9rtve az utcanevet \u00e9s a v\u00e1ros vagy telep\u00fcl\u00e9s nev\u00e9t is.<\/li><li>Egy e-mail c\u00edm<\/li><li>Telefonsz\u00e1m<\/li><li>Sz\u00fclet\u00e9si d\u00e1tum<\/li><\/ul><\/p><p class=\"cmplz-subtitle\">Ezen adatok feldolgoz\u00e1s\u00e1nak alapja:<\/p><p><a target=\"_blank\" rel=\"noopener noreferrer nofollow\" href=\"https:\/\/cookiedatabase.org\/legal-bases\/#agreement\">Sz\u00fcks\u00e9ges egy olyan szerz\u0151d\u00e9s teljes\u00edt\u00e9s\u00e9hez vagy egy olyan szerz\u0151d\u00e9shez kapcsol\u00f3d\u00f3 el\u0151zetes elj\u00e1r\u00e1sokhoz, amelyben az \u00e9rintett f\u00e9lk\u00e9nt vesz r\u00e9szt. <\/a><\/p><p class=\"cmplz-subtitle\">Meg\u0151rz\u00e9si id\u0151szak<\/p><p>Ezeket az adatokat a szolg\u00e1ltat\u00e1s megsz\u00fcntet\u00e9s\u00e9ig meg\u0151rizz\u00fck.<\/p><\/details><details class=\"cmplz-dropdown dropdown-privacy-statement\"><summary><div><h3>1.2 Kifizet\u00e9sek<\/h3><\/div><\/summary><p class=\"cmplz-subtitle\">Ebb\u0151l a c\u00e9lb\u00f3l a k\u00f6vetkez\u0151 adatokat haszn\u00e1ljuk:<\/p><p><ul><li>Kereszt- \u00e9s vezet\u00e9kn\u00e9v<\/li><li>Lakc\u00edm vagy m\u00e1s fizikai c\u00edm, bele\u00e9rtve az utcanevet \u00e9s a v\u00e1ros vagy telep\u00fcl\u00e9s nev\u00e9t is.<\/li><li>Fi\u00f3kn\u00e9v vagy \u00e1ln\u00e9v<\/li><li>Egy e-mail c\u00edm<\/li><li>P\u00e9nz\u00fcgyi inform\u00e1ci\u00f3k, p\u00e9ld\u00e1ul banksz\u00e1mlasz\u00e1m vagy hitelk\u00e1rtya sz\u00e1ma<\/li><\/ul><\/p><p class=\"cmplz-subtitle\">Ezen adatok feldolgoz\u00e1s\u00e1nak alapja:<\/p><p><a target=\"_blank\" rel=\"noopener noreferrer nofollow\" href=\"https:\/\/cookiedatabase.org\/legal-bases\/#agreement\">Sz\u00fcks\u00e9ges egy olyan szerz\u0151d\u00e9s teljes\u00edt\u00e9s\u00e9hez vagy egy olyan szerz\u0151d\u00e9shez kapcsol\u00f3d\u00f3 el\u0151zetes elj\u00e1r\u00e1sokhoz, amelyben az \u00e9rintett f\u00e9lk\u00e9nt vesz r\u00e9szt. <\/a><\/p><p class=\"cmplz-subtitle\">Meg\u0151rz\u00e9si id\u0151szak<\/p><p>Ezeket az adatokat a szolg\u00e1ltat\u00e1s megsz\u00fcntet\u00e9s\u00e9ig meg\u0151rizz\u00fck.<\/p><\/details><details class=\"cmplz-dropdown dropdown-privacy-statement\"><summary><div><h3>1.3 Fi\u00f3k regisztr\u00e1l\u00e1sa<\/h3><\/div><\/summary><p class=\"cmplz-subtitle\">Ebb\u0151l a c\u00e9lb\u00f3l a k\u00f6vetkez\u0151 adatokat haszn\u00e1ljuk:<\/p><p><ul><li>Kereszt- \u00e9s vezet\u00e9kn\u00e9v<\/li><li>Fi\u00f3kn\u00e9v vagy \u00e1ln\u00e9v<\/li><li>Lakc\u00edm vagy m\u00e1s fizikai c\u00edm, bele\u00e9rtve az utcanevet \u00e9s a v\u00e1ros vagy telep\u00fcl\u00e9s nev\u00e9t is.<\/li><li>Egy e-mail c\u00edm<\/li><li>Telefonsz\u00e1m<\/li><li>P\u00e9nz\u00fcgyi inform\u00e1ci\u00f3k, p\u00e9ld\u00e1ul banksz\u00e1mlasz\u00e1m vagy hitelk\u00e1rtya sz\u00e1ma<\/li><li>IP-c\u00edm<\/li><\/ul><\/p><p class=\"cmplz-subtitle\">Ezen adatok feldolgoz\u00e1s\u00e1nak alapja:<\/p><p><a target=\"_blank\" rel=\"noopener noreferrer nofollow\" href=\"https:\/\/cookiedatabase.org\/legal-bases\/#agreement\">Sz\u00fcks\u00e9ges egy olyan szerz\u0151d\u00e9s teljes\u00edt\u00e9s\u00e9hez vagy egy olyan szerz\u0151d\u00e9shez kapcsol\u00f3d\u00f3 el\u0151zetes elj\u00e1r\u00e1sokhoz, amelyben az \u00e9rintett f\u00e9lk\u00e9nt vesz r\u00e9szt. <\/a><\/p><p class=\"cmplz-subtitle\">Meg\u0151rz\u00e9si id\u0151szak<\/p><p>Ezeket az adatokat a szolg\u00e1ltat\u00e1s megsz\u00fcntet\u00e9s\u00e9ig meg\u0151rizz\u00fck.<\/p><\/details><details class=\"cmplz-dropdown dropdown-privacy-statement\"><summary><div><h3>1.4 H\u00edrlevelek<\/h3><\/div><\/summary><p class=\"cmplz-subtitle\">Ebb\u0151l a c\u00e9lb\u00f3l a k\u00f6vetkez\u0151 adatokat haszn\u00e1ljuk:<\/p><p><ul><li>Kereszt- \u00e9s vezet\u00e9kn\u00e9v<\/li><li>Egy e-mail c\u00edm<\/li><\/ul><\/p><p class=\"cmplz-subtitle\">Ezen adatok feldolgoz\u00e1s\u00e1nak alapja:<\/p><p><a target=\"_blank\" rel=\"noopener noreferrer nofollow\" href=\"https:\/\/cookiedatabase.org\/legal-bases\/#agreement\">Sz\u00fcks\u00e9ges egy olyan szerz\u0151d\u00e9s teljes\u00edt\u00e9s\u00e9hez vagy egy olyan szerz\u0151d\u00e9shez kapcsol\u00f3d\u00f3 el\u0151zetes elj\u00e1r\u00e1sokhoz, amelyben az \u00e9rintett f\u00e9lk\u00e9nt vesz r\u00e9szt. <\/a><\/p><p class=\"cmplz-subtitle\">Meg\u0151rz\u00e9si id\u0151szak<\/p><p>Ezeket az adatokat a szolg\u00e1ltat\u00e1s megsz\u00fcntet\u00e9s\u00e9ig meg\u0151rizz\u00fck.<\/p><\/details><details class=\"cmplz-dropdown dropdown-privacy-statement\"><summary><div><h3>1.5 Az \u00fcgyf\u00e9l \u00e1ltal megv\u00e1s\u00e1rolni k\u00edv\u00e1nt vagy m\u00e1r megv\u00e1s\u00e1rolt szolg\u00e1ltat\u00e1sok vagy term\u00e9kek t\u00e1mogat\u00e1s\u00e1ra<\/h3><\/div><\/summary><p class=\"cmplz-subtitle\">Ebb\u0151l a c\u00e9lb\u00f3l a k\u00f6vetkez\u0151 adatokat haszn\u00e1ljuk:<\/p><p><ul><li>Kereszt- \u00e9s vezet\u00e9kn\u00e9v<\/li><li>Fi\u00f3kn\u00e9v vagy \u00e1ln\u00e9v<\/li><li>Lakc\u00edm vagy m\u00e1s fizikai c\u00edm, bele\u00e9rtve az utcanevet \u00e9s a v\u00e1ros vagy telep\u00fcl\u00e9s nev\u00e9t is.<\/li><li>Egy e-mail c\u00edm<\/li><li>Szex<\/li><li>P\u00e9nz\u00fcgyi inform\u00e1ci\u00f3k, p\u00e9ld\u00e1ul banksz\u00e1mlasz\u00e1m vagy hitelk\u00e1rtya sz\u00e1ma<\/li><\/ul><\/p><p class=\"cmplz-subtitle\">Ezen adatok feldolgoz\u00e1s\u00e1nak alapja:<\/p><p><a target=\"_blank\" rel=\"noopener noreferrer nofollow\" href=\"https:\/\/cookiedatabase.org\/legal-bases\/#agreement\">Sz\u00fcks\u00e9ges egy olyan szerz\u0151d\u00e9s teljes\u00edt\u00e9s\u00e9hez vagy egy olyan szerz\u0151d\u00e9shez kapcsol\u00f3d\u00f3 el\u0151zetes elj\u00e1r\u00e1sokhoz, amelyben az \u00e9rintett f\u00e9lk\u00e9nt vesz r\u00e9szt. <\/a><\/p><p class=\"cmplz-subtitle\">Meg\u0151rz\u00e9si id\u0151szak<\/p><p>Ezeket az adatokat a szolg\u00e1ltat\u00e1s megsz\u00fcntet\u00e9s\u00e9ig meg\u0151rizz\u00fck.<\/p><\/details><details class=\"cmplz-dropdown dropdown-privacy-statement\"><summary><div><h3>1.6 Statisztik\u00e1k \u00f6ssze\u00e1ll\u00edt\u00e1sa \u00e9s elemz\u00e9se a weboldal fejleszt\u00e9se \u00e9rdek\u00e9ben.<\/h3><\/div><\/summary><p class=\"cmplz-subtitle\">Ebb\u0151l a c\u00e9lb\u00f3l a k\u00f6vetkez\u0151 adatokat haszn\u00e1ljuk:<\/p><p><ul><li>Geolok\u00e1ci\u00f3s adatok<\/li><li>Kereskedelmi inform\u00e1ci\u00f3k, bele\u00e9rtve a megv\u00e1s\u00e1rolt, beszerzett vagy figyelembe vett szem\u00e9lyes vagyont\u00e1rgyakra, term\u00e9kekre vagy szolg\u00e1ltat\u00e1sokra vonatkoz\u00f3 feljegyz\u00e9seket is<\/li><li>IP-c\u00edm<\/li><\/ul><\/p><p class=\"cmplz-subtitle\">Ezen adatok feldolgoz\u00e1s\u00e1nak alapja:<\/p><p><a target=\"_blank\" rel=\"noopener noreferrer nofollow\" href=\"https:\/\/cookiedatabase.org\/legal-bases\/#consent\">A hozz\u00e1j\u00e1rul\u00e1s megad\u00e1sa eset\u00e9n.<\/a><\/p><p class=\"cmplz-subtitle\">Meg\u0151rz\u00e9si id\u0151szak<\/p><p>Ezeket az adatokat a szolg\u00e1ltat\u00e1s megsz\u00fcntet\u00e9s\u00e9ig meg\u0151rizz\u00fck.<\/p><\/details><details class=\"cmplz-dropdown dropdown-privacy-statement\"><summary><div><h3>1.7 Az adatok elad\u00e1sa vagy megoszt\u00e1sa harmadik f\u00e9llel<\/h3><\/div><\/summary><p class=\"cmplz-subtitle\">Ebb\u0151l a c\u00e9lb\u00f3l a k\u00f6vetkez\u0151 adatokat haszn\u00e1ljuk:<\/p><p><ul><li>Kereszt- \u00e9s vezet\u00e9kn\u00e9v<\/li><li>Lakc\u00edm vagy m\u00e1s fizikai c\u00edm, bele\u00e9rtve az utcanevet \u00e9s a v\u00e1ros vagy telep\u00fcl\u00e9s nev\u00e9t is.<\/li><li>Egy e-mail c\u00edm<\/li><li>P\u00e9nz\u00fcgyi inform\u00e1ci\u00f3k, p\u00e9ld\u00e1ul banksz\u00e1mlasz\u00e1m vagy hitelk\u00e1rtya sz\u00e1ma<\/li><li>Kereskedelmi inform\u00e1ci\u00f3k, bele\u00e9rtve a megv\u00e1s\u00e1rolt, beszerzett vagy figyelembe vett szem\u00e9lyes vagyont\u00e1rgyakra, term\u00e9kekre vagy szolg\u00e1ltat\u00e1sokra vonatkoz\u00f3 feljegyz\u00e9seket is<\/li><\/ul><\/p><p class=\"cmplz-subtitle\">Ezen adatok feldolgoz\u00e1s\u00e1nak alapja:<\/p><p><a target=\"_blank\" rel=\"noopener noreferrer nofollow\" href=\"https:\/\/cookiedatabase.org\/legal-bases\/#agreement\">Sz\u00fcks\u00e9ges egy olyan szerz\u0151d\u00e9s teljes\u00edt\u00e9s\u00e9hez vagy egy olyan szerz\u0151d\u00e9shez kapcsol\u00f3d\u00f3 el\u0151zetes elj\u00e1r\u00e1sokhoz, amelyben az \u00e9rintett f\u00e9lk\u00e9nt vesz r\u00e9szt. <\/a><\/p><p class=\"cmplz-subtitle\">Meg\u0151rz\u00e9si id\u0151szak<\/p><p>Ezeket az adatokat a szolg\u00e1ltat\u00e1s megsz\u0171n\u00e9sekor a k\u00f6vetkez\u0151 h\u00f3napokig \u0151rizz\u00fck meg: 6 h\u00f3nap.<\/p><\/details><details class=\"cmplz-dropdown dropdown-privacy-statement\"><summary><div><h3>1.8 Sz\u00e1ll\u00edt\u00e1sok<\/h3><\/div><\/summary><p class=\"cmplz-subtitle\">Ebb\u0151l a c\u00e9lb\u00f3l a k\u00f6vetkez\u0151 adatokat haszn\u00e1ljuk:<\/p><p><ul><li>Kereszt- \u00e9s vezet\u00e9kn\u00e9v<\/li><li>Lakc\u00edm vagy m\u00e1s fizikai c\u00edm, bele\u00e9rtve az utcanevet \u00e9s a v\u00e1ros vagy telep\u00fcl\u00e9s nev\u00e9t is.<\/li><li>Egy e-mail c\u00edm<\/li><li>Telefonsz\u00e1m<\/li><li>Kereskedelmi inform\u00e1ci\u00f3k, bele\u00e9rtve a megv\u00e1s\u00e1rolt, beszerzett vagy figyelembe vett szem\u00e9lyes vagyont\u00e1rgyakra, term\u00e9kekre vagy szolg\u00e1ltat\u00e1sokra vonatkoz\u00f3 feljegyz\u00e9seket is<\/li><\/ul><\/p><p class=\"cmplz-subtitle\">Ezen adatok feldolgoz\u00e1s\u00e1nak alapja:<\/p><p><a target=\"_blank\" rel=\"noopener noreferrer nofollow\" href=\"https:\/\/cookiedatabase.org\/legal-bases\/#agreement\">Sz\u00fcks\u00e9ges egy olyan szerz\u0151d\u00e9s teljes\u00edt\u00e9s\u00e9hez vagy egy olyan szerz\u0151d\u00e9shez kapcsol\u00f3d\u00f3 el\u0151zetes elj\u00e1r\u00e1sokhoz, amelyben az \u00e9rintett f\u00e9lk\u00e9nt vesz r\u00e9szt. <\/a><\/p><p class=\"cmplz-subtitle\">Meg\u0151rz\u00e9si id\u0151szak<\/p><p>Ezeket az adatokat a szolg\u00e1ltat\u00e1s megsz\u00fcntet\u00e9s\u00e9ig meg\u0151rizz\u00fck.<\/p><\/details><\/div>","protected":false},"excerpt":{"rendered":"","protected":false},"author":1,"featured_media":0,"parent":0,"menu_order":0,"comment_status":"closed","ping_status":"closed","template":"","meta":{"_uag_custom_page_level_css":"","_uf_show_specific_survey":0,"_uf_disable_surveys":false,"_themeisle_gutenberg_block_has_review":false,"footnotes":""},"class_list":["post-6145","page","type-page","status-publish","hentry"],"aioseo_notices":[],"uagb_featured_image_src":{"full":false,"thumbnail":false,"medium":false,"medium_large":false,"large":false,"1536x1536":false,"2048x2048":false,"trp-custom-language-flag":false,"woocommerce_thumbnail":false,"woocommerce_single":false,"woocommerce_gallery_thumbnail":false},"uagb_author_info":{"display_name":"pilluwear.com","author_link":"https:\/\/pilluwear.com\/hu\/author\/pilluwear-com\/"},"uagb_comment_info":0,"uagb_excerpt":null,"jetpack_sharing_enabled":true,"_links":{"self":[{"href":"https:\/\/pilluwear.com\/hu\/wp-json\/wp\/v2\/pages\/6145","targetHints":{"allow":["GET"]}}],"collection":[{"href":"https:\/\/pilluwear.com\/hu\/wp-json\/wp\/v2\/pages"}],"about":[{"href":"https:\/\/pilluwear.com\/hu\/wp-json\/wp\/v2\/types\/page"}],"author":[{"embeddable":true,"href":"https:\/\/pilluwear.com\/hu\/wp-json\/wp\/v2\/users\/1"}],"replies":[{"embeddable":true,"href":"https:\/\/pilluwear.com\/hu\/wp-json\/wp\/v2\/comments?post=6145"}],"version-history":[{"count":0,"href":"https:\/\/pilluwear.com\/hu\/wp-json\/wp\/v2\/pages\/6145\/revisions"}],"wp:attachment":[{"href":"https:\/\/pilluwear.com\/hu\/wp-json\/wp\/v2\/media?parent=6145"}],"curies":[{"name":"wp","href":"https:\/\/api.w.org\/{rel}","templated":true}]}}