{"id":6123,"date":"2024-05-17T09:15:49","date_gmt":"2024-05-17T07:15:49","guid":{"rendered":"https:\/\/pilluwear.com\/widerrufsbelehrung\/"},"modified":"2025-03-16T11:36:28","modified_gmt":"2025-03-16T10:36:28","slug":"lemondasi-szabalyzat","status":"publish","type":"page","link":"https:\/\/pilluwear.com\/hu\/lemondasi-szabalyzat\/","title":{"rendered":"Lemond\u00e1si szab\u00e1lyzat"},"content":{"rendered":"<h3>A fogyaszt\u00f3k el\u00e1ll\u00e1si joga<\/h3>\n<p>(Fogyaszt\u00f3nak min\u0151s\u00fcl minden olyan term\u00e9szetes szem\u00e9ly, aki t\u00falnyom\u00f3r\u00e9szt kereskedelmi, \u00fczleti vagy szakmai tev\u00e9kenys\u00e9g\u00e9n k\u00edv\u00fcl es\u0151 c\u00e9lb\u00f3l k\u00f6t jog\u00fcgyletet).<\/p>\n<h1>Lemond\u00e1si szab\u00e1lyzat<\/h1>\n<h3>El\u00e1ll\u00e1si jog<\/h3>\n<p>\u00d6nnek joga van tizenn\u00e9gy napon bel\u00fcl indokl\u00e1s n\u00e9lk\u00fcl felmondani a szerz\u0151d\u00e9st.<\/p>\n<p>A lemond\u00e1si hat\u00e1rid\u0151 a d\u00e1tumt\u00f3l sz\u00e1m\u00edtott tizenn\u00e9gy nap,<\/p>\n<ul>\n<li>amelyen \u00d6n vagy az \u00d6n \u00e1ltal megnevezett harmadik szem\u00e9ly, aki nem a fuvaroz\u00f3, birtokba vette vagy \u00e1tvette az \u00e1rut, felt\u00e9ve, hogy \u00d6n egy vagy t\u00f6bb \u00e1rut rendelt egyetlen megrendel\u00e9s r\u00e9szek\u00e9nt, \u00e9s ezeket egys\u00e9gesen sz\u00e1ll\u00edtj\u00e1k vagy fogj\u00e1k sz\u00e1ll\u00edtani, vagy<\/li>\n<li>amikor \u00d6n vagy az \u00d6n \u00e1ltal megnevezett harmadik szem\u00e9ly, aki nem a fuvaroz\u00f3, \u00e1tvette az utols\u00f3 \u00e1rut, felt\u00e9ve, hogy \u00d6n t\u00f6bb \u00e1rut rendelt egy rendel\u00e9s r\u00e9szek\u00e9nt, \u00e9s ezeket k\u00fcl\u00f6n-k\u00fcl\u00f6n sz\u00e1ll\u00edtj\u00e1k, vagy<\/li>\n<li>amikor \u00d6n vagy az \u00d6n \u00e1ltal megnevezett harmadik szem\u00e9ly, aki nem a fuvaroz\u00f3, \u00e1tvette az utols\u00f3 r\u00e9szsz\u00e1ll\u00edtm\u00e1nyt vagy az utols\u00f3 darabot, ha \u00d6n olyan \u00e1rut rendelt, amelyet t\u00f6bb r\u00e9szsz\u00e1ll\u00edtm\u00e1nyban vagy darabban sz\u00e1ll\u00edtanak, vagy<\/li>\n<li>amikor \u00d6n vagy az \u00d6n \u00e1ltal megnevezett harmadik szem\u00e9ly, aki nem a fuvaroz\u00f3, \u00e1tvette az els\u0151 \u00e1rut, felt\u00e9ve, hogy \u00d6n szerz\u0151d\u00e9st k\u00f6t\u00f6tt az \u00e1ruk meghat\u00e1rozott id\u0151n bel\u00fcli rendszeres sz\u00e1ll\u00edt\u00e1s\u00e1ra.<\/li>\n<\/ul>\n<p>\nAz el\u00e1ll\u00e1si jog gyakorl\u00e1s\u00e1hoz \u00d6nnek egy\u00e9rtelm\u0171 nyilatkozatban (pl. postai \u00faton k\u00fcld\u00f6tt lev\u00e9l, e-mail) kell t\u00e1j\u00e9koztatnia minket (pilluwear e.U, Handelskai 98a\/59, 1200 B\u00e9cs, Ausztria, telefonsz\u00e1m: +4367762418750, e-mail c\u00edm: ruslan@pilluwear.com) arr\u00f3l, hogy el k\u00edv\u00e1nja mondani a szerz\u0151d\u00e9st. Haszn\u00e1lhatja a mell\u00e9kelt felmond\u00e1si formanyomtatv\u00e1ny mint\u00e1j\u00e1t, de ez nem k\u00f6telez\u0151.<\/p>\n<p>A lemond\u00e1si hat\u00e1rid\u0151 betart\u00e1s\u00e1hoz elegend\u0151, ha a lemond\u00e1si hat\u00e1rid\u0151 lej\u00e1rta el\u0151tt elk\u00fcldi az \u00e9rtes\u00edt\u00e9st a lemond\u00e1si jog gyakorl\u00e1s\u00e1r\u00f3l.<\/p>\n<h3>A t\u00f6rl\u00e9s k\u00f6vetkezm\u00e9nyei<\/h3>\n<p>Ha \u00d6n el\u00e1ll a szerz\u0151d\u00e9st\u0151l, indokolatlan k\u00e9sedelem n\u00e9lk\u00fcl, de legk\u00e9s\u0151bb att\u00f3l a napt\u00f3l sz\u00e1m\u00edtott 14 napon bel\u00fcl, amikor \u00e9rtes\u00fclt\u00fcnk az \u00d6n el\u00e1ll\u00e1si d\u00f6nt\u00e9s\u00e9r\u0151l, visszafizetj\u00fck \u00d6nnek az \u00d6nt\u0151l kapott \u00f6sszes kifizet\u00e9st, bele\u00e9rtve a sz\u00e1ll\u00edt\u00e1si k\u00f6lts\u00e9geket is (kiv\u00e9ve az \u00d6n \u00e1ltalunk k\u00edn\u00e1lt legolcs\u00f3bb szabv\u00e1nyos sz\u00e1ll\u00edt\u00e1si m\u00f3dt\u00f3l elt\u00e9r\u0151 sz\u00e1ll\u00edt\u00e1si m\u00f3d v\u00e1laszt\u00e1sa miatt felmer\u00fcl\u0151 t\u00f6bbletk\u00f6lts\u00e9geket). A visszafizet\u00e9shez ugyanazt a fizet\u00e9si eszk\u00f6zt fogjuk haszn\u00e1lni, amelyet \u00d6n az eredeti tranzakci\u00f3 sor\u00e1n haszn\u00e1lt, kiv\u00e9ve, ha \u00d6nnel kifejezetten m\u00e1sk\u00e9pp \u00e1llapodtunk meg; a visszafizet\u00e9s\u00e9rt semmilyen esetben sem sz\u00e1m\u00edtunk fel \u00d6nnek semmilyen d\u00edjat.<\/p>\n<p>A visszat\u00e9r\u00edt\u00e9st megtagadhatjuk mindaddig, am\u00edg az \u00e1rut vissza nem kaptuk, vagy am\u00edg \u00d6n nem bizony\u00edtja, hogy az \u00e1rut visszak\u00fcldte, att\u00f3l f\u00fcgg\u0151en, hogy melyik a kor\u00e1bbi id\u0151pont.<\/p>\n<\/p>\n<p>Az \u00e1rut halad\u00e9ktalanul, de legk\u00e9s\u0151bb tizenn\u00e9gy napon bel\u00fcl, att\u00f3l a napt\u00f3l sz\u00e1m\u00edtva, amikor \u00d6n t\u00e1j\u00e9koztatott minket a szerz\u0151d\u00e9s felmond\u00e1s\u00e1r\u00f3l, vissza kell k\u00fcldenie vagy \u00e1t kell adnia a visszak\u00fcld\u00e9si c\u00edmk\u00e9n szerepl\u0151 c\u00edmre. A hat\u00e1rid\u0151 akkor teljes\u00fcl, ha \u00d6n a tizenn\u00e9gy napos hat\u00e1rid\u0151 lej\u00e1rta el\u0151tt elk\u00fcldi az \u00e1rut.<\/p>\n<\/p>\n<p>Az \u00e1ru visszak\u00fcld\u00e9s\u00e9nek k\u00f6lts\u00e9geit mi \u00e1lljuk. <\/p>\n<p>\u00d6nnek csak akkor kell megfizetnie az \u00e1ru \u00e9rt\u00e9kveszt\u00e9s\u00e9t, ha ez az \u00e9rt\u00e9kveszt\u00e9s az \u00e1ru olyan kezel\u00e9s\u00e9b\u0151l ad\u00f3dik, amely nem sz\u00fcks\u00e9ges az \u00e1ru \u00e1llapot\u00e1nak, tulajdons\u00e1gainak \u00e9s m\u0171k\u00f6d\u0151k\u00e9pess\u00e9g\u00e9nek ellen\u0151rz\u00e9s\u00e9hez.<\/p>\n<\/ul>\n<h2>Minta lemond\u00e1si \u0171rlap<\/h2>\n<p>(Ha fel k\u00edv\u00e1nja mondani a szerz\u0151d\u00e9st, k\u00e9rj\u00fck, t\u00f6ltse ki \u00e9s k\u00fcldje vissza ezt az \u0171rlapot).<\/p>\n<p>- A<\/p>\n<p>pilluwear e.U, Handelskai 98a\/59, 1200 B\u00e9cs, Ausztria, telefonsz\u00e1m: +4367762418750, e-mail c\u00edm: ruslan@pilluwear.com.<\/p>\n<p>- Ezennel felmondom\/lemondjuk (*) az \u00e1ltalam\/\u00f6nmagunk (*) \u00e1ltal az al\u00e1bbi \u00e1ruk (*) megv\u00e1s\u00e1rl\u00e1s\u00e1ra\/az al\u00e1bbi szolg\u00e1ltat\u00e1s (*) ny\u00fajt\u00e1s\u00e1ra k\u00f6t\u00f6tt szerz\u0151d\u00e9st.<\/p>\n<p>- Megrendeltem (*)\/megkaptam (*)<\/p>\n<p>- A fogyaszt\u00f3(k) neve<\/p>\n<p>- A fogyaszt\u00f3(k) c\u00edme<\/p>\n<p>- A fogyaszt\u00f3(k) al\u00e1\u00edr\u00e1sa (csak pap\u00edralap\u00fa \u00e9rtes\u00edt\u00e9s eset\u00e9n)<\/p>\n<p>- d\u00e1tum<\/p>\n<p>___________<br \/>\n(*) A megfelel\u0151t t\u00f6r\u00f6lni kell.<\/p>","protected":false},"excerpt":{"rendered":"<p>Widerrufsrecht f\u00fcr Verbraucher (Verbraucher ist jede nat\u00fcrliche Person, die ein Rechtsgesch\u00e4ft zu Zwecken abschlie\u00dft, die \u00fcberwiegend weder ihrer gewerblichen noch ihrer selbstst\u00e4ndigen beruflichen T\u00e4tigkeit zugerechnet werden kann.) Widerrufsbelehrung Widerrufsrecht Sie haben das Recht, binnen vierzehn Tagen ohne Angabe von Gr\u00fcnden diesen Vertrag zu widerrufen. Die Widerrufsfrist betr\u00e4gt vierzehn Tage ab dem Tag, an dem Sie [&hellip;]<\/p>","protected":false},"author":1,"featured_media":0,"parent":0,"menu_order":0,"comment_status":"closed","ping_status":"closed","template":"","meta":{"_uag_custom_page_level_css":"","_uf_show_specific_survey":0,"_uf_disable_surveys":false,"_themeisle_gutenberg_block_has_review":false,"footnotes":""},"class_list":["post-6123","page","type-page","status-publish","hentry"],"aioseo_notices":[],"uagb_featured_image_src":{"full":false,"thumbnail":false,"medium":false,"medium_large":false,"large":false,"1536x1536":false,"2048x2048":false,"trp-custom-language-flag":false,"woocommerce_thumbnail":false,"woocommerce_single":false,"woocommerce_gallery_thumbnail":false},"uagb_author_info":{"display_name":"pilluwear.com","author_link":"https:\/\/pilluwear.com\/hu\/author\/pilluwear-com\/"},"uagb_comment_info":0,"uagb_excerpt":"Widerrufsrecht f\u00fcr Verbraucher (Verbraucher ist jede nat\u00fcrliche Person, die ein Rechtsgesch\u00e4ft zu Zwecken abschlie\u00dft, die \u00fcberwiegend weder ihrer gewerblichen noch ihrer selbstst\u00e4ndigen beruflichen T\u00e4tigkeit zugerechnet werden kann.) Widerrufsbelehrung Widerrufsrecht Sie haben das Recht, binnen vierzehn Tagen ohne Angabe von Gr\u00fcnden diesen Vertrag zu widerrufen. Die Widerrufsfrist betr\u00e4gt vierzehn Tage ab dem Tag, an dem Sie&hellip;","jetpack_sharing_enabled":true,"_links":{"self":[{"href":"https:\/\/pilluwear.com\/hu\/wp-json\/wp\/v2\/pages\/6123","targetHints":{"allow":["GET"]}}],"collection":[{"href":"https:\/\/pilluwear.com\/hu\/wp-json\/wp\/v2\/pages"}],"about":[{"href":"https:\/\/pilluwear.com\/hu\/wp-json\/wp\/v2\/types\/page"}],"author":[{"embeddable":true,"href":"https:\/\/pilluwear.com\/hu\/wp-json\/wp\/v2\/users\/1"}],"replies":[{"embeddable":true,"href":"https:\/\/pilluwear.com\/hu\/wp-json\/wp\/v2\/comments?post=6123"}],"version-history":[{"count":2,"href":"https:\/\/pilluwear.com\/hu\/wp-json\/wp\/v2\/pages\/6123\/revisions"}],"predecessor-version":[{"id":23766,"href":"https:\/\/pilluwear.com\/hu\/wp-json\/wp\/v2\/pages\/6123\/revisions\/23766"}],"wp:attachment":[{"href":"https:\/\/pilluwear.com\/hu\/wp-json\/wp\/v2\/media?parent=6123"}],"curies":[{"name":"wp","href":"https:\/\/api.w.org\/{rel}","templated":true}]}}